{"id":340,"date":"2014-07-09T14:03:00","date_gmt":"2014-07-09T14:03:00","guid":{"rendered":"https:\/\/webs.uab.cat\/arnau\/corpus-alquimic-2\/"},"modified":"2024-08-14T12:56:10","modified_gmt":"2024-08-14T12:56:10","slug":"corpus-alquimic-2","status":"publish","type":"page","link":"https:\/\/webs.uab.cat\/arnau\/fr\/corpus-alquimic-2\/","title":{"rendered":"Le corpus alchimique pseudo-arnaldien"},"content":{"rendered":"\n<p>Les \u00e9crits appartenant au corpus alchimique pseudo-arnaldien transmis par la tradition manuscrite sont les suivants (Calvet) :<\/p>\n\n\n\n<ol class=\"wp-block-list\">\n<li><em>Cathena aurea<\/em>(\u00ab Cha\u00eene d&rsquo;or \u00bb) : il s&rsquo;agit tout d&rsquo;abord d&rsquo;une r\u00e9v\u00e9lation spirituelle qui laisse place \u00e0 un trait\u00e9 alchimique sur la th\u00e9orie du mercure seul.<\/li>\n\n\n\n<li><em>De aqua vitae simplici et composita<\/em> (\u00ab De l&rsquo;alcool simple et compos\u00e9 \u00bb) : l&rsquo;\u0153uvre traite de l&rsquo;application m\u00e9dicale de l&rsquo;alcool, avec recours \u00e0 l&rsquo;astrologie.<\/li>\n\n\n\n<li><em>Defloratio philosophorum<\/em> (\u00ab Floril\u00e8ge des philosophes \u00bb) : l&rsquo;\u0153uvre comprend une vision qui illustre les transformations du mercure et diff\u00e9rentes recettes alchimiques.<\/li>\n\n\n\n<li><em>De secretis naturae<\/em> (\u00ab Des secrets de la nature \u00bb) = <em>De philosophorum lapide<\/em> (\u00ab La pierre philosophale \u00bb) est un dialogue dans lequel un ma\u00eetre expose l&rsquo;\u0153uvre alchimique en analogie avec la mort et la r\u00e9surrection du Christ.<\/li>\n\n\n\n<li><em>De vita philosophorum<\/em> (\u00ab De la vie des philosophes \u00bb) : cette \u0153uvre traite de la r\u00e9v\u00e9lation de l&rsquo;\u00e9lixir comme rem\u00e8de universel de fabrication alchimique capable de r\u00e9tablir l&rsquo;\u00e9quilibre de la complexion humaine.<\/li>\n\n\n\n<li><em>Elucidarium<\/em> (\u00ab \u0152uvre illuminatrice \u00bb) : l&rsquo;\u0153uvre pr\u00e9tend offrir une exposition claire et abr\u00e9g\u00e9e des op\u00e9rations alchimiques.<\/li>\n\n\n\n<li><em>Epistola ad Iacobum de Toleto de sanguine humano distillato<\/em> (\u00ab \u00c9p\u00eetre \u00e0 Jacques de Tol\u00e8de sur la distillation du sang humain \u00bb) : elle explique comment distiller le sang humain et son application th\u00e9rapeutique.&nbsp;<\/li>\n\n\n\n<li><em>Epistola super alchimia ad regem Neapolitanum<\/em> (\u00ab \u00c9p\u00eetre sur l&rsquo;alchimie au roi de Naples \u00bb) : exposition claire et r\u00e9sum\u00e9e de l&rsquo;art de la transmutation alchimique adress\u00e9e au roi Robert de Naples.<\/li>\n\n\n\n<li><em>Flos florum<\/em> (\u00ab Fleur entre les fleurs \u00bb) = <em>Perfectum magisterium<\/em> (\u00ab Parfait magist\u00e8re \u00bb) \/ <em>Semita semitae<\/em> (Le Chemin du chemin) \/la partie pratique :&nbsp; <em>Practica ad quendam papam<\/em>(\u00ab Pratique adress\u00e9e \u00e0 un Pape \u00bb) : les diff\u00e9rents titres refl\u00e8tent diff\u00e9rentes versions qui ont circul\u00e9 sur la m\u00eame base textuelle.<\/li>\n\n\n\n<li><em>Novum lumen <\/em>(\u00ab Lumi\u00e8re nouvelle \u00bb) : l&rsquo;\u0153uvre explique diff\u00e9rentes \u00e9tapes de la transmutation alchimique, mais seulement jusqu&rsquo;\u00e0 aboutir \u00e0 une cendre qui pr\u00e9figure la pierre philosophale, mais sans y parvenir.<\/li>\n\n\n\n<li><em>Novum testamentum <\/em>(\u00ab Nouveau testament \u00bb) : l&rsquo;\u0153uvre traite de la pierre philosophale et de la transmutation m\u00e9tallique.<\/li>\n\n\n\n<li><em>Opus simplex<\/em> (\u00ab \u0152uvre simple \u00bb) : pratique alchimique qui reprend de nombreuses recettes.<\/li>\n\n\n\n<li><em>Phoenix<\/em> (\u00ab Ph\u00e9nix \u00bb) : l&rsquo;\u0153uvre est fond\u00e9e sur l&rsquo;affirmation que le mercure et le feu suffisent pour fabriquer de l&rsquo;argent et de l&rsquo;or. Elle s&rsquo;\u00e9tend sur les qualit\u00e9s m\u00e9dicinales de l&rsquo;\u00e9lixir.<\/li>\n\n\n\n<li><em>Quaestiones tam essentiales quam accidentales<\/em> (\u00ab Questions essentielles et accidentelles \u00bb) : une quarantaine de questions sur diff\u00e9rents aspects en lien avec l&rsquo;alchimie, tels que les m\u00e9taux, les pigments, la distillation&#8230;<\/li>\n\n\n\n<li><em>Rosa aurea(\u00ab Rose d&rsquo;or \u00bb) : <\/em>une pratique alchimique.<\/li>\n\n\n\n<li><em>Rosa novella <\/em>(\u00ab Rose pr\u00e9coce \u00bb) : l&rsquo;\u0153uvre r\u00e9sume les aspects pratiques du <em>Rosarius philosophorum<\/em>.<\/li>\n\n\n\n<li><em>Rosarius philosophorum<\/em> (\u00ab Rosier des philosophes \u00bb) : le principal texte du corpus, ax\u00e9 sur la production d&rsquo;\u00e9lixir au moyen de la pierre philosophale. Il est fond\u00e9 sur l&rsquo;id\u00e9e que l&rsquo;\u00e9lixir ne peut \u00eatre obtenu qu&rsquo;en imitant la nature, c&rsquo;est-\u00e0-dire, en revenant \u00e0 la substance de base des m\u00e9taux, le mercure-soufre. Il s&rsquo;agit de l&rsquo;un des aspects les plus originaux du double volet de l&rsquo;\u00e9lixir, valable tant pour transmuter les m\u00e9taux vils en nobles \u2013 or et argent purifi\u00e9s \u2013 que pour r\u00e9cup\u00e9rer et conserver la sant\u00e9 comme une m\u00e9decine universelle.<\/li>\n\n\n\n<li><em>Speculum alchimiae <\/em>(\u00ab Miroir de l&rsquo;alchimie \u00bb) : dialogue d&rsquo;un ma\u00eetre avec un disciple pour lui exposer le processus de l&rsquo;\u0153uvre alchimique.<\/li>\n\n\n\n<li><em>Testamentum<\/em> (\u00ab Testament \u00bb) : tr\u00e8s br\u00e8ve pratique alchimique.<\/li>\n\n\n\n<li><em>Tractatus parabolicus&nbsp;<\/em>(\u00ab Trait\u00e9 de paraboles \u00bb) : construit \u00e0 partir de citations bibliques, le trait\u00e9 pr\u00e9sente la transformation du mercure en or ou en argent en la rapprochant de la mort et de la r\u00e9surrection du Christ, annonc\u00e9es par les proph\u00e8tes de l&rsquo;Ancien Testament.<\/li>\n<\/ol>\n\n\n\n<p>D&rsquo;autres \u00e9crits attribu\u00e9s \u00e0 Arnau de Vilanova dans l&rsquo;imprimerie moderne sont :<\/p>\n\n\n\n<ol class=\"wp-block-list\" start=\"21\">\n<li><em>Experimenta<\/em> (\u00ab\u00a0Experiments\u00a0\u00bb),<\/li>\n\n\n\n<li><em>In Commentarios Hortulani expositio<\/em> (\u00ab Exposition sur les Commentaires de L&rsquo;Hortulan \u00bb).<\/li>\n\n\n\n<li><em>Opus de arte maiori<\/em> (\u00ab \u0152uvre d&rsquo;art majeur \u00bb).<\/li>\n\n\n\n<li><em>Recepta electuarii mirabilis praeservantis ab epidemia<\/em> (\u00ab Recette d&rsquo;un magnifique \u00e9lectuaire qui prot\u00e8ge de l&rsquo;\u00e9pid\u00e9mie \u00bb).<\/li>\n\n\n\n<li><em>Succosa carmina <\/em>(\u00ab Po\u00e8mes pr\u00e9cieux \u00bb).<\/li>\n<\/ol>\n\n\n<div class=\"wp-block-image\">\n<figure class=\"aligncenter size-large is-resized\"><img loading=\"lazy\" decoding=\"async\" width=\"770\" height=\"1024\" src=\"https:\/\/webs.uab.cat\/arnau\/wp-content\/uploads\/sites\/132\/2024\/06\/img-bn46492-1-770x1024.jpg\" alt=\"\" class=\"wp-image-1769\" style=\"width:440px;height:623px\" srcset=\"https:\/\/webs.uab.cat\/arnau\/wp-content\/uploads\/sites\/132\/2024\/06\/img-bn46492-1-770x1024.jpg 770w, https:\/\/webs.uab.cat\/arnau\/wp-content\/uploads\/sites\/132\/2024\/06\/img-bn46492-1-226x300.jpg 226w, https:\/\/webs.uab.cat\/arnau\/wp-content\/uploads\/sites\/132\/2024\/06\/img-bn46492-1-768x1022.jpg 768w, https:\/\/webs.uab.cat\/arnau\/wp-content\/uploads\/sites\/132\/2024\/06\/img-bn46492-1-1155x1536.jpg 1155w, https:\/\/webs.uab.cat\/arnau\/wp-content\/uploads\/sites\/132\/2024\/06\/img-bn46492-1-1540x2048.jpg 1540w, https:\/\/webs.uab.cat\/arnau\/wp-content\/uploads\/sites\/132\/2024\/06\/img-bn46492-1-1200x1596.jpg 1200w, https:\/\/webs.uab.cat\/arnau\/wp-content\/uploads\/sites\/132\/2024\/06\/img-bn46492-1.jpg 1708w\" sizes=\"auto, (max-width: 770px) 100vw, 770px\" \/><figcaption class=\"wp-element-caption\">Illustration :&nbsp;<em>De alchimia opuscula<\/em> (Frankfurt, 1550) est un des premiers recueils alchimiques imprim\u00e9s qui \u00e9ditent des \u0153uvres pseudo-arnaldiennes.&nbsp;(Origine : <a rel=\"noreferrer noopener\" href=\"https:\/\/commons.wikimedia.org\/wiki\/File:Title_page_De_Alchimia_opvscvla_complvra_vetervm_philosophorum_1550.jpg\" target=\"_blank\">Wikimedia<\/a>).<\/figcaption><\/figure>\n<\/div>\n\n\n<p><\/p>\n","protected":false},"excerpt":{"rendered":"<p>Les \u00e9crits appartenant au corpus alchimique pseudo-arnaldien transmis par la tradition manuscrite sont les suivants (Calvet) : D&rsquo;autres \u00e9crits attribu\u00e9s \u00e0 Arnau de Vilanova dans l&rsquo;imprimerie moderne sont :<\/p>\n","protected":false},"author":20,"featured_media":0,"parent":0,"menu_order":0,"comment_status":"closed","ping_status":"closed","template":"","meta":{"footnotes":""},"class_list":["post-340","page","type-page","status-publish","hentry"],"_links":{"self":[{"href":"https:\/\/webs.uab.cat\/arnau\/fr\/wp-json\/wp\/v2\/pages\/340","targetHints":{"allow":["GET"]}}],"collection":[{"href":"https:\/\/webs.uab.cat\/arnau\/fr\/wp-json\/wp\/v2\/pages"}],"about":[{"href":"https:\/\/webs.uab.cat\/arnau\/fr\/wp-json\/wp\/v2\/types\/page"}],"author":[{"embeddable":true,"href":"https:\/\/webs.uab.cat\/arnau\/fr\/wp-json\/wp\/v2\/users\/20"}],"replies":[{"embeddable":true,"href":"https:\/\/webs.uab.cat\/arnau\/fr\/wp-json\/wp\/v2\/comments?post=340"}],"version-history":[{"count":2,"href":"https:\/\/webs.uab.cat\/arnau\/fr\/wp-json\/wp\/v2\/pages\/340\/revisions"}],"predecessor-version":[{"id":1910,"href":"https:\/\/webs.uab.cat\/arnau\/fr\/wp-json\/wp\/v2\/pages\/340\/revisions\/1910"}],"wp:attachment":[{"href":"https:\/\/webs.uab.cat\/arnau\/fr\/wp-json\/wp\/v2\/media?parent=340"}],"curies":[{"name":"wp","href":"https:\/\/api.w.org\/{rel}","templated":true}]}}