{"id":341,"date":"2013-11-08T01:29:09","date_gmt":"2013-11-08T01:29:09","guid":{"rendered":"https:\/\/webs.uab.cat\/arnau\/pervivencia-2\/"},"modified":"2024-08-14T12:57:26","modified_gmt":"2024-08-14T12:57:26","slug":"pervivencia-2","status":"publish","type":"page","link":"https:\/\/webs.uab.cat\/arnau\/fr\/pervivencia-2\/","title":{"rendered":"Arnau de Vilanova \u00e0 travers les si\u00e8cles"},"content":{"rendered":"\n<p>La figure et l&rsquo;\u0153uvre d&rsquo;Arnau de Vilanova ont perdur\u00e9 \u00e0 l&rsquo;\u00e9poque m\u00e9di\u00e9vale et moderne, bien que souvent d\u00e9form\u00e9es par la l\u00e9gende qui tr\u00e8s vite entoura son nom et par les nombreuses \u0153uvres apocryphes qui lui furent attribu\u00e9es au fil des si\u00e8cles. Comment le <a href=\"mite\">mythe d&rsquo;Arnau<\/a> est-il n\u00e9 et s&rsquo;est-il d\u00e9velopp\u00e9 ? Pourquoi une autorit\u00e9 m\u00e9di\u00e9vale a-t-elle eu une diffusion si \u00e9tendue dans l&rsquo;<a href=\"impremta\">imprimerie de l&rsquo;\u00e9poque moderne<\/a>&nbsp;?<\/p>\n\n\n\n<div class=\"wp-block-columns is-layout-flex wp-container-core-columns-is-layout-9d6595d7 wp-block-columns-is-layout-flex\">\n<div class=\"wp-block-column is-layout-flow wp-block-column-is-layout-flow\">\n<figure class=\"wp-block-image size-full\"><img loading=\"lazy\" decoding=\"async\" width=\"426\" height=\"400\" src=\"https:\/\/webs.uab.cat\/arnau\/wp-content\/uploads\/sites\/132\/2016\/10\/AV.jpg\" alt=\"\" class=\"wp-image-679\" srcset=\"https:\/\/webs.uab.cat\/arnau\/wp-content\/uploads\/sites\/132\/2016\/10\/AV.jpg 426w, https:\/\/webs.uab.cat\/arnau\/wp-content\/uploads\/sites\/132\/2016\/10\/AV-300x282.jpg 300w\" sizes=\"auto, (max-width: 426px) 100vw, 426px\" \/><\/figure>\n<\/div>\n\n\n\n<div class=\"wp-block-column is-layout-flow wp-block-column-is-layout-flow\">\n<figure class=\"wp-block-image size-full\"><img loading=\"lazy\" decoding=\"async\" width=\"488\" height=\"640\" src=\"https:\/\/webs.uab.cat\/arnau\/wp-content\/uploads\/sites\/132\/2016\/10\/Arnaldus.jpg\" alt=\"\" class=\"wp-image-685\" srcset=\"https:\/\/webs.uab.cat\/arnau\/wp-content\/uploads\/sites\/132\/2016\/10\/Arnaldus.jpg 488w, https:\/\/webs.uab.cat\/arnau\/wp-content\/uploads\/sites\/132\/2016\/10\/Arnaldus-229x300.jpg 229w\" sizes=\"auto, (max-width: 488px) 100vw, 488px\" \/><\/figure>\n<\/div>\n<\/div>\n\n\n\n<p style=\"font-size:12px\">Illustrations :&nbsp;Deux repr\u00e9sentations d&rsquo;Arnau de Vilanova, qui montrent les deux tendances fondamentales dans l&rsquo;iconographie du ma\u00eetre tant au Moyen \u00c2ge qu&rsquo;\u00e0 l&rsquo;\u00e9poque moderne : l&rsquo;une comme professeur universitaire \u00e0 sa chaire dans <em>Le tr\u00e9sor des pauvres<\/em>, Lyon, Claude Nourry, 1527 (sup\u00e9rieur), l&rsquo;autre avec une apparence plus typique d&rsquo;un magicien ou d&rsquo;un alchimiste dans&nbsp;Isaac Bullart, <em>Academie des sciences&nbsp; et des arts, contenant les vies, et les eloges historiques des hommes illustres<\/em>, Amsterdam, D. Elzevier,&nbsp; 1682, vol. II, 65.<\/p>\n","protected":false},"excerpt":{"rendered":"<p>La figure et l&rsquo;\u0153uvre d&rsquo;Arnau de Vilanova ont perdur\u00e9 \u00e0 l&rsquo;\u00e9poque m\u00e9di\u00e9vale et moderne, bien que souvent d\u00e9form\u00e9es par la l\u00e9gende qui tr\u00e8s vite entoura son nom et par les nombreuses \u0153uvres apocryphes qui lui furent attribu\u00e9es au fil des si\u00e8cles. Comment le mythe d&rsquo;Arnau est-il n\u00e9 et s&rsquo;est-il d\u00e9velopp\u00e9 ? Pourquoi une autorit\u00e9 m\u00e9di\u00e9vale [&hellip;]<\/p>\n","protected":false},"author":20,"featured_media":0,"parent":0,"menu_order":0,"comment_status":"closed","ping_status":"closed","template":"","meta":{"footnotes":""},"class_list":["post-341","page","type-page","status-publish","hentry"],"_links":{"self":[{"href":"https:\/\/webs.uab.cat\/arnau\/fr\/wp-json\/wp\/v2\/pages\/341","targetHints":{"allow":["GET"]}}],"collection":[{"href":"https:\/\/webs.uab.cat\/arnau\/fr\/wp-json\/wp\/v2\/pages"}],"about":[{"href":"https:\/\/webs.uab.cat\/arnau\/fr\/wp-json\/wp\/v2\/types\/page"}],"author":[{"embeddable":true,"href":"https:\/\/webs.uab.cat\/arnau\/fr\/wp-json\/wp\/v2\/users\/20"}],"replies":[{"embeddable":true,"href":"https:\/\/webs.uab.cat\/arnau\/fr\/wp-json\/wp\/v2\/comments?post=341"}],"version-history":[{"count":2,"href":"https:\/\/webs.uab.cat\/arnau\/fr\/wp-json\/wp\/v2\/pages\/341\/revisions"}],"predecessor-version":[{"id":1911,"href":"https:\/\/webs.uab.cat\/arnau\/fr\/wp-json\/wp\/v2\/pages\/341\/revisions\/1911"}],"wp:attachment":[{"href":"https:\/\/webs.uab.cat\/arnau\/fr\/wp-json\/wp\/v2\/media?parent=341"}],"curies":[{"name":"wp","href":"https:\/\/api.w.org\/{rel}","templated":true}]}}