{"id":342,"date":"2013-11-27T11:43:02","date_gmt":"2013-11-27T11:43:02","guid":{"rendered":"https:\/\/webs.uab.cat\/arnau\/mite-2\/"},"modified":"2024-08-14T12:58:50","modified_gmt":"2024-08-14T12:58:50","slug":"mite-2","status":"publish","type":"page","link":"https:\/\/webs.uab.cat\/arnau\/fr\/mite-2\/","title":{"rendered":"Le mythe d&rsquo;Arnau de Vilanova"},"content":{"rendered":"\n<p>Un ensemble de diff\u00e9rents facteurs a contribu\u00e9 \u00e0 cr\u00e9er la l\u00e9gende d&rsquo;un Arnau de Vilanova expert en arts occultes. Le proph\u00e9tisme apocalyptique de certains de ses \u00e9crits a eu un r\u00f4le d\u00e9cisif, et en g\u00e9n\u00e9ral son h\u00e9t\u00e9rodoxie religieuse, qui l&rsquo;a amen\u00e9 \u00e0 avoir des d\u00e9m\u00eal\u00e9s avec l&rsquo;Inquisition de son vivant et \u00e0 la condamnation posthume de son \u0153uvre spirituelle. Une autre cause fut son int\u00e9r\u00eat pour l&rsquo;application m\u00e9dicale de l&rsquo;<a href=\"magia-astrologia\">astrologie et de la magie naturelle.<\/a>.<\/p>\n\n\n\n<p>Le mythe d&rsquo;Arnau de Vilanova, comme tous les mythes, s&rsquo;est cr\u00e9\u00e9 progressivement dans un processus complexe : il a commenc\u00e9 au XIVe si\u00e8cle et a culmin\u00e9 au XVIe si\u00e8cle. Tout au long des trois cents ans au cours desquels la l\u00e9gende arnaldienne s&rsquo;est d\u00e9velopp\u00e9e, trois principales traditions li\u00e9es aux arts occultes peuvent \u00eatre distingu\u00e9es : celle li\u00e9e \u00e0 la n\u00e9cromancie, celle li\u00e9e \u00e0 l&rsquo;alchimie et celle d\u00e9coulant du proph\u00e9tisme eschatologique. De plus, l&rsquo;image d&rsquo;un m\u00e9decin empirique, bien loin du gal\u00e9nisme qu&rsquo;il a profess\u00e9, a \u00e9galement souvent \u00e9t\u00e9 transmise.<\/p>\n\n\n<div class=\"wp-block-image\">\n<figure class=\"aligncenter size-full is-resized\"><img loading=\"lazy\" decoding=\"async\" width=\"304\" height=\"293\" src=\"https:\/\/webs.uab.cat\/arnau\/wp-content\/uploads\/sites\/132\/2016\/10\/llull-arnau.jpg\" alt=\"\" class=\"wp-image-499\" style=\"width:485px;height:467px\" srcset=\"https:\/\/webs.uab.cat\/arnau\/wp-content\/uploads\/sites\/132\/2016\/10\/llull-arnau.jpg 304w, https:\/\/webs.uab.cat\/arnau\/wp-content\/uploads\/sites\/132\/2016\/10\/llull-arnau-300x289.jpg 300w\" sizes=\"auto, (max-width: 304px) 100vw, 304px\" \/><figcaption class=\"wp-element-caption\">Ramon Llull (Raymond Lulle) et Arnau de Vilanova, disciple et ma\u00eetre d&rsquo;alchimie selon la l\u00e9gende, dans une miniature d&rsquo;un manuscrit alchimique pseudo-lullien, deuxi\u00e8me moiti\u00e9 du XVe s. (Florence, BNC, ms. B.R. 52, f. 237v). Origine : <a rel=\"noreferrer noopener\" href=\"http:\/\/www.sciencia.cat\/biblioteca\/edicions\/17alquimia.htm\" target=\"_blank\">Sciencia.cat<\/a>.<\/figcaption><\/figure>\n<\/div>\n\n\n<h2 class=\"wp-block-heading\">Arnau de Vilanova n\u00e9cromancien&nbsp;<\/h2>\n\n\n\n<p>Parmi les calomnies qui circulaient sur Arnau de Vilanova de son vivant, selon ce qu&rsquo;il d\u00e9nonce lui-m\u00eame dans l&rsquo;<em>Expos\u00e9 d&rsquo;Avignon<\/em> (1310), se trouvaient celles de n\u00e9cromancien et de sorcier. Par cons\u00e9quent, le mythe de ma\u00eetre des arts occultes semble \u00eatre n\u00e9 de l&rsquo;image d&rsquo;Arnau que lui donnaient les d\u00e9tracteurs contemporains de ses opinions religieuses. Les suspicions de complicit\u00e9 d&rsquo;Arnau dans le suppos\u00e9 empoisonnement du pape Beno\u00eet XI par le franciscain Bernard D\u00e9licieux, figurant dans les comptes rendus du proc\u00e8s contre lui (1319), ont d\u00fb contribuer \u00e0 cette r\u00e9putation. En r\u00e9alit\u00e9, toutes ces suspicions sont infond\u00e9es, puisque le pontife mourut de mort naturelle en 1304.<\/p>\n\n\n\n<h2 class=\"wp-block-heading\">Arnau de Vilanova alchimiste<\/h2>\n\n\n\n<p>Sa renomm\u00e9e d&rsquo;alchimiste, par laquelle il en est venu \u00e0 \u00eatre consid\u00e9r\u00e9 comme l&rsquo;un des auteurs essentiels de l&rsquo;alchimie m\u00e9di\u00e9vale, avec un important&nbsp;<a href=\"alquimia\">corpus alchimique<\/a> attribu\u00e9, fut tr\u00e8s pr\u00e9coce. Les trois \u00e9v\u00e8nements suivants peuvent \u00eatre distingu\u00e9s :<\/p>\n\n\n\n<ul class=\"wp-block-list\">\n<li>Au milieu du XIVe si\u00e8cle, le canoniste Giovanni Andrea d\u00e9clare qu&rsquo;Arnau de Vilanova est parvenu \u00e0 fabriquer des tiges d&rsquo;or.<\/li>\n\n\n\n<li>\u00c0 la fin du XIVe si\u00e8cle, ma\u00eetre Arnau de Vilanova appara\u00eet comme un prototype d&rsquo;alchimiste dans l&rsquo;un des&nbsp; <a href=\"http:\/\/en.wikisource.org\/wiki\/The_Canterbury_Tales\/The_Canon%27s_Yeoman%27s_Prologue_and_Tale\">Contes de Canterbury<\/a> de Chaucer.<\/li>\n\n\n\n<li>La l\u00e9gende dit aussi que <a href=\"http:\/\/quisestlullus.narpan.net\/2_pseudo.html\">Ramon Llull (Raymond Lulle)<\/a>, \u00e0 qui un corpus alchimique est \u00e9galement attribu\u00e9 \u00e0 tort, aurait \u00e9t\u00e9 converti \u00e0 la v\u00e9rit\u00e9 de l&rsquo;alchimie apr\u00e8s avoir rencontr\u00e9 Arnau.<\/li>\n\n\n\n<li>Outre la fabrication d&rsquo;or, l&rsquo;autre grande r\u00e9alisation alchimique l\u00e9gendaire d&rsquo;Arnau de Vilanova serait la cr\u00e9ation d&rsquo;un homme artificiel ou homoncule. Le th\u00e9ologien Alonso Tostado (1400 1455) narre l&rsquo;\u00e9pisode selon lequel Arnau cr\u00e9e un \u00eatre humain artificiel dans un verre, mais il n&rsquo;ose pas achever cette cr\u00e9ation de peur d&rsquo;\u00eatre per\u00e7u comme un usurpateur du pouvoir de Dieu.<\/li>\n<\/ul>\n\n\n\n<h2 class=\"wp-block-heading\">Arnau de Vilanova proph\u00e8te<\/h2>\n\n\n\n<p>Assur\u00e9ment, l&rsquo;apport spirituel d&rsquo;Arnau de Vilanova qui a laiss\u00e9 l&#8217;empreinte la plus durable sont ses&nbsp;<a href=\"http:\/\/grupsderecerca.uab.cat\/arnau\/profeta\">proph\u00e9ties apocalyptiques<\/a>, en raison du scandale qu&rsquo;elles ont repr\u00e9sent\u00e9 et parce qu&rsquo;elles \u00e9taient faciles \u00e0 ridiculiser. En revanche, son message principal, qui \u00e9tait la n\u00e9cessit\u00e9 de r\u00e9former l&rsquo;\u00c9glise, tomba dans l&rsquo;oubli. Cette distorsion parvient \u00e0 son apog\u00e9e lorsque, vers 1500, Jean Pic de la Mirandole et, avec lui, Symphorien Champier le raillent pour avoir pr\u00e9dit l&rsquo;arriv\u00e9e de l&rsquo;Ant\u00e9christ et la fin du monde qui n&rsquo;ont jamais eu lieu et attribuent au proph\u00e9tisme arnaldien une base astrologique qui n&rsquo;a aucun fondement.<\/p>\n\n\n\n<h2 class=\"wp-block-heading\">Arnau de Vilanova magicien<\/h2>\n\n\n\n<p>Les trois traditions ont converg\u00e9 \u00e0 la Renaissance en une image d&rsquo;Arnau de Vilanova arch\u00e9type de m\u00e9decin-magicien qui ma\u00eetrisait un large \u00e9ventail de connaissances \u2013 m\u00e9decine, th\u00e9ologie, philosophie, astrologie, magie et alchimie \u2013 et de langues \u2013 latin, grec, arabe et h\u00e9breu \u2013, non seulement parce qu&rsquo;une telle personne correspondait \u00e0 l&rsquo;id\u00e9al n\u00e9o-platonique du savant complet, mais aussi parce que la plus grande capacit\u00e9 de diffusion de l&rsquo;imprimerie a facilit\u00e9 l&rsquo;acc\u00e8s aux textes qui transmettaient les diff\u00e9rentes traditions et \u00e0 l&rsquo;ensemble du corpus arnaldien. \u00c0 l&rsquo;\u00e9poque moderne, Arnau de Vilanova est devenu une personne encens\u00e9e ou d\u00e9nigr\u00e9e dans les controverses entre partisans et critiques de la magie, de l&rsquo;astrologie, de l&rsquo;alchimie et du paracelsisme.<br>&nbsp;<\/p>\n","protected":false},"excerpt":{"rendered":"<p>Un ensemble de diff\u00e9rents facteurs a contribu\u00e9 \u00e0 cr\u00e9er la l\u00e9gende d&rsquo;un Arnau de Vilanova expert en arts occultes. Le proph\u00e9tisme apocalyptique de certains de ses \u00e9crits a eu un r\u00f4le d\u00e9cisif, et en g\u00e9n\u00e9ral son h\u00e9t\u00e9rodoxie religieuse, qui l&rsquo;a amen\u00e9 \u00e0 avoir des d\u00e9m\u00eal\u00e9s avec l&rsquo;Inquisition de son vivant et \u00e0 la condamnation posthume [&hellip;]<\/p>\n","protected":false},"author":20,"featured_media":0,"parent":0,"menu_order":0,"comment_status":"closed","ping_status":"closed","template":"","meta":{"footnotes":""},"class_list":["post-342","page","type-page","status-publish","hentry"],"_links":{"self":[{"href":"https:\/\/webs.uab.cat\/arnau\/fr\/wp-json\/wp\/v2\/pages\/342","targetHints":{"allow":["GET"]}}],"collection":[{"href":"https:\/\/webs.uab.cat\/arnau\/fr\/wp-json\/wp\/v2\/pages"}],"about":[{"href":"https:\/\/webs.uab.cat\/arnau\/fr\/wp-json\/wp\/v2\/types\/page"}],"author":[{"embeddable":true,"href":"https:\/\/webs.uab.cat\/arnau\/fr\/wp-json\/wp\/v2\/users\/20"}],"replies":[{"embeddable":true,"href":"https:\/\/webs.uab.cat\/arnau\/fr\/wp-json\/wp\/v2\/comments?post=342"}],"version-history":[{"count":2,"href":"https:\/\/webs.uab.cat\/arnau\/fr\/wp-json\/wp\/v2\/pages\/342\/revisions"}],"predecessor-version":[{"id":1912,"href":"https:\/\/webs.uab.cat\/arnau\/fr\/wp-json\/wp\/v2\/pages\/342\/revisions\/1912"}],"wp:attachment":[{"href":"https:\/\/webs.uab.cat\/arnau\/fr\/wp-json\/wp\/v2\/media?parent=342"}],"curies":[{"name":"wp","href":"https:\/\/api.w.org\/{rel}","templated":true}]}}