{"id":346,"date":"2010-01-21T13:43:18","date_gmt":"2010-01-21T13:43:18","guid":{"rendered":"https:\/\/webs.uab.cat\/arnau\/inici-2\/"},"modified":"2024-01-09T18:39:04","modified_gmt":"2024-01-09T18:39:04","slug":"inici-2","status":"publish","type":"page","link":"https:\/\/webs.uab.cat\/arnau\/fr\/","title":{"rendered":"Accueil"},"content":{"rendered":"<p>Bienvenue sur le site internet du projet de recherche <strong>Arnau DB. Corpus num\u00e9rique d&rsquo;Arnau de Vilanova<\/strong>. Conform\u00e9ment aux objectifs du <a href=\"projecte\">projet<\/a> actuel, le pr\u00e9sent site internet sert quatre principaux objectifs :<\/p>\n<ul>\n<li>Nous voulons fournir au grand public <a href=\"arnaudevilanova\">une vision rigoureuse et \u00e0 jour du m\u00e9decin et r\u00e9formateur religieux<\/a> Arnau de Vilanova (Arnaud de Villeneuve) loin de la perception d\u00e9form\u00e9e encore trop r\u00e9pandue de nos jours.<\/li>\n<li>Au fur et \u00e0 mesure de sa mise en \u0153uvre, il permet l&rsquo;acc\u00e8s, par le grand public et notamment les chercheurs, \u00e0 la <a href=\"database\">base de donn\u00e9es<\/a> que notre \u00e9quipe \u00e9labore actuellement \u00e0 partir de manuscrits, d&rsquo;imprim\u00e9s modernes, de documents et de bibliographie secondaire relative \u00e0 Arnau de Vilanova, ainsi qu&rsquo;au corpus de textes m\u00e9dicaux, spirituels et alchimiques qui ont circul\u00e9 sous son nom.<\/li>\n<li>Nous divulguons les <a href=\"novetats\">nouveaut\u00e9s<\/a> relatives aux \u00e9tudes sur Arnau de Vilanova.<\/li>\n<li>Nous proposons des informations publiques sur notre projet, y compris la recherche, les activit\u00e9s ou les publications connexes.<\/li>\n<\/ul>\n\n\n<figure class=\"wp-block-image size-full\"><img loading=\"lazy\" decoding=\"async\" width=\"374\" height=\"413\" src=\"https:\/\/webs.uab.cat\/arnau\/wp-content\/uploads\/sites\/132\/2016\/10\/arnaut2.jpg\" alt=\"\" class=\"wp-image-469\" srcset=\"https:\/\/webs.uab.cat\/arnau\/wp-content\/uploads\/sites\/132\/2016\/10\/arnaut2.jpg 374w, https:\/\/webs.uab.cat\/arnau\/wp-content\/uploads\/sites\/132\/2016\/10\/arnaut2-272x300.jpg 272w\" sizes=\"auto, (max-width: 374px) 100vw, 374px\" \/><figcaption class=\"wp-element-caption\">Illustration : le roi Robert de Naples dicte le trait\u00e9 d&rsquo;agronomie de Bertrand Boysset \u00e0 Arnau de Vilanova. Carpentras, Biblioth\u00e8que municipal, ms. 327, f. 23r. Origine : Portet, Pierre, <a rel=\"noreferrer noopener\" href=\"http:\/\/lamop.univ-paris1.fr\/sites\/arpenteur\/edition\/Index.htm\" target=\"_blank\">Bertrand Boysset (Arles, 1355-1415): la vie et les oeuvres techniques d&rsquo;un arpenteur m\u00e9di\u00e9val<\/a>.<\/figcaption><\/figure>\n","protected":false},"excerpt":{"rendered":"<p>Bienvenue sur le site internet du projet de recherche Arnau DB. Corpus num\u00e9rique d&rsquo;Arnau de Vilanova. Conform\u00e9ment aux objectifs du projet actuel, le pr\u00e9sent site internet sert quatre principaux objectifs : Nous voulons fournir au grand public une vision rigoureuse et \u00e0 jour du m\u00e9decin et r\u00e9formateur religieux Arnau de Vilanova (Arnaud de Villeneuve) loin [&hellip;]<\/p>\n","protected":false},"author":20,"featured_media":0,"parent":0,"menu_order":0,"comment_status":"closed","ping_status":"closed","template":"","meta":{"footnotes":""},"class_list":["post-346","page","type-page","status-publish","hentry"],"_links":{"self":[{"href":"https:\/\/webs.uab.cat\/arnau\/fr\/wp-json\/wp\/v2\/pages\/346","targetHints":{"allow":["GET"]}}],"collection":[{"href":"https:\/\/webs.uab.cat\/arnau\/fr\/wp-json\/wp\/v2\/pages"}],"about":[{"href":"https:\/\/webs.uab.cat\/arnau\/fr\/wp-json\/wp\/v2\/types\/page"}],"author":[{"embeddable":true,"href":"https:\/\/webs.uab.cat\/arnau\/fr\/wp-json\/wp\/v2\/users\/20"}],"replies":[{"embeddable":true,"href":"https:\/\/webs.uab.cat\/arnau\/fr\/wp-json\/wp\/v2\/comments?post=346"}],"version-history":[{"count":1,"href":"https:\/\/webs.uab.cat\/arnau\/fr\/wp-json\/wp\/v2\/pages\/346\/revisions"}],"predecessor-version":[{"id":1642,"href":"https:\/\/webs.uab.cat\/arnau\/fr\/wp-json\/wp\/v2\/pages\/346\/revisions\/1642"}],"wp:attachment":[{"href":"https:\/\/webs.uab.cat\/arnau\/fr\/wp-json\/wp\/v2\/media?parent=346"}],"curies":[{"name":"wp","href":"https:\/\/api.w.org\/{rel}","templated":true}]}}