{"id":350,"date":"2013-11-08T01:22:20","date_gmt":"2013-11-08T01:22:20","guid":{"rendered":"https:\/\/webs.uab.cat\/arnau\/vida-2\/"},"modified":"2023-12-30T00:16:10","modified_gmt":"2023-12-30T00:16:10","slug":"vida-2","status":"publish","type":"page","link":"https:\/\/webs.uab.cat\/arnau\/it\/arnaudevilanova-2\/vida-2\/","title":{"rendered":"La vita di Arnau de Vilanova"},"content":{"rendered":"\n<p><a href=\"origens\">Le origini e la giovent\u00f9<\/a> sono sconosciute, ma esistono numerosi dettagli della sua vita da quando \u00e8 diventato <a href=\"montpeller\">medico di corte<\/a>. La sua attivit\u00e0 di medico di re e papi, il suo impegno per <a href=\"profeta\">avvertire della venuta dell\u2019Anticristo<\/a> e per <a href=\"reforma\">riformare la Chiesa<\/a> nonch\u00e9 i suoi servizi in veste di diplomatico, lo hanno portato a viaggiare in gran parte dell\u2019Europa occidentale.<\/p>\n\n\n\n<figure class=\"wp-block-image size-large\"><img loading=\"lazy\" decoding=\"async\" width=\"1024\" height=\"812\" src=\"https:\/\/webs.uab.cat\/arnau\/wp-content\/uploads\/sites\/132\/2017\/08\/mapaven-1024x812.jpg\" alt=\"\" class=\"wp-image-260\" srcset=\"https:\/\/webs.uab.cat\/arnau\/wp-content\/uploads\/sites\/132\/2017\/08\/mapaven-1024x812.jpg 1024w, https:\/\/webs.uab.cat\/arnau\/wp-content\/uploads\/sites\/132\/2017\/08\/mapaven-300x238.jpg 300w, https:\/\/webs.uab.cat\/arnau\/wp-content\/uploads\/sites\/132\/2017\/08\/mapaven-768x609.jpg 768w, https:\/\/webs.uab.cat\/arnau\/wp-content\/uploads\/sites\/132\/2017\/08\/mapaven.jpg 1057w\" sizes=\"auto, (max-width: 1024px) 100vw, 1024px\" \/><\/figure>\n","protected":false},"excerpt":{"rendered":"<p>Le origini e la giovent\u00f9 sono sconosciute, ma esistono numerosi dettagli della sua vita da quando \u00e8 diventato medico di corte. La sua attivit\u00e0 di medico di re e papi, il suo impegno per avvertire della venuta dell\u2019Anticristo e per riformare la Chiesa nonch\u00e9 i suoi servizi in veste di diplomatico, lo hanno portato a [&hellip;]<\/p>\n","protected":false},"author":20,"featured_media":0,"parent":349,"menu_order":0,"comment_status":"closed","ping_status":"closed","template":"","meta":{"footnotes":""},"class_list":["post-350","page","type-page","status-publish","hentry"],"_links":{"self":[{"href":"https:\/\/webs.uab.cat\/arnau\/it\/wp-json\/wp\/v2\/pages\/350","targetHints":{"allow":["GET"]}}],"collection":[{"href":"https:\/\/webs.uab.cat\/arnau\/it\/wp-json\/wp\/v2\/pages"}],"about":[{"href":"https:\/\/webs.uab.cat\/arnau\/it\/wp-json\/wp\/v2\/types\/page"}],"author":[{"embeddable":true,"href":"https:\/\/webs.uab.cat\/arnau\/it\/wp-json\/wp\/v2\/users\/20"}],"replies":[{"embeddable":true,"href":"https:\/\/webs.uab.cat\/arnau\/it\/wp-json\/wp\/v2\/comments?post=350"}],"version-history":[{"count":3,"href":"https:\/\/webs.uab.cat\/arnau\/it\/wp-json\/wp\/v2\/pages\/350\/revisions"}],"predecessor-version":[{"id":1611,"href":"https:\/\/webs.uab.cat\/arnau\/it\/wp-json\/wp\/v2\/pages\/350\/revisions\/1611"}],"up":[{"embeddable":true,"href":"https:\/\/webs.uab.cat\/arnau\/it\/wp-json\/wp\/v2\/pages\/349"}],"wp:attachment":[{"href":"https:\/\/webs.uab.cat\/arnau\/it\/wp-json\/wp\/v2\/media?parent=350"}],"curies":[{"name":"wp","href":"https:\/\/api.w.org\/{rel}","templated":true}]}}