{"id":351,"date":"2013-11-10T21:54:16","date_gmt":"2013-11-10T21:54:16","guid":{"rendered":"https:\/\/webs.uab.cat\/arnau\/origens-2\/"},"modified":"2024-09-20T13:36:55","modified_gmt":"2024-09-20T13:36:55","slug":"origens-2","status":"publish","type":"page","link":"https:\/\/webs.uab.cat\/arnau\/it\/origens-2\/","title":{"rendered":"Le origini, dall\u2019anonimato alla polemica"},"content":{"rendered":"\n<p>Arnau de Vilanova \u00e8 nato intorno al 1240. Il suo luogo di nascita \u00e8 stato oggetto di discussione fin dal medioevo: Valencia, Catalogna, il Languedoc e la Provenza lo hanno rivendicato come loro figlio per secoli. Oggi non ci sono dubbi che fosse originario di uno dei regni della corona di Aragona, visto che le testimonianze contemporanee gli danno l\u2019appellativo di \u201ccatalano\u201d. La documentazione conservata mostra stretti legami di Arnau con la citt\u00e0 di Valencia e, quindi, questo \u00e8 il suo luogo di origine pi\u00f9 probabile, nonostante una fonte successiva gli dia i natali a Villanueva de Jiloca, nel regno di Aragona.<\/p>\n\n\n\n<p>Dei primi anni della sua vita non sappiamo granch\u00e9. Secondo quanto lui stesso dice, sembra che abbia iniziato i suoi studi in un convento di Domenicani. Fu ammesso allo stato clericale (ordini minori) nella diocesi di Valencia, come dimostra il fatto che il Papa Clemente V lo nomini &#8220;clerico della diocesi di Valencia&#8221;. \u00c8 probabile che dagli arabi che restavano nel regno abbia imparato la lingua. A partire dal 1260 inizia a studiare medicina a Montpellier fino ad ottenere i titolo di <em>magister<\/em>. Approfitta del suo soggiorno a Montpellier per frequentare un semestre di teologia presso il convento dei Domenicani di questa citt\u00e0. Qui conosce sua moglie, Agn\u00e8s Blasi, con la quale avrebbe avuto una figlia, Maria.<\/p>\n\n\n\n<figure class=\"wp-block-image size-full\"><img loading=\"lazy\" decoding=\"async\" width=\"596\" height=\"324\" src=\"https:\/\/webs.uab.cat\/arnau\/wp-content\/uploads\/sites\/132\/2016\/10\/valencia.jpg\" alt=\"\" class=\"wp-image-626\" srcset=\"https:\/\/webs.uab.cat\/arnau\/wp-content\/uploads\/sites\/132\/2016\/10\/valencia.jpg 596w, https:\/\/webs.uab.cat\/arnau\/wp-content\/uploads\/sites\/132\/2016\/10\/valencia-300x163.jpg 300w\" sizes=\"auto, (max-width: 596px) 100vw, 596px\" \/><\/figure>\n\n\n\n<p class=\"has-small-font-size\">Illustrazione: Entrata di Giacomo I a Valencia dopo la conquista, pittura muraria del castello di Alca\u00f1iz. Arnau probabilmente cresce nella Valencia appena conquistata dagli arabi. <a href=\"http:\/\/harcajmv.blogspot.com.es\/2012\/07\/els-codis-juridics-de-la-corona-darago.html\" target=\"_blank\" rel=\"noreferrer noopener\">Harca.org<\/a><\/p>\n","protected":false},"excerpt":{"rendered":"<p>Arnau de Vilanova \u00e8 nato intorno al 1240. Il suo luogo di nascita \u00e8 stato oggetto di discussione fin dal medioevo: Valencia, Catalogna, il Languedoc e la Provenza lo hanno rivendicato come loro figlio per secoli. Oggi non ci sono dubbi che fosse originario di uno dei regni della corona di Aragona, visto che le [&hellip;]<\/p>\n","protected":false},"author":20,"featured_media":0,"parent":0,"menu_order":0,"comment_status":"closed","ping_status":"closed","template":"","meta":{"footnotes":""},"class_list":["post-351","page","type-page","status-publish","hentry"],"_links":{"self":[{"href":"https:\/\/webs.uab.cat\/arnau\/it\/wp-json\/wp\/v2\/pages\/351","targetHints":{"allow":["GET"]}}],"collection":[{"href":"https:\/\/webs.uab.cat\/arnau\/it\/wp-json\/wp\/v2\/pages"}],"about":[{"href":"https:\/\/webs.uab.cat\/arnau\/it\/wp-json\/wp\/v2\/types\/page"}],"author":[{"embeddable":true,"href":"https:\/\/webs.uab.cat\/arnau\/it\/wp-json\/wp\/v2\/users\/20"}],"replies":[{"embeddable":true,"href":"https:\/\/webs.uab.cat\/arnau\/it\/wp-json\/wp\/v2\/comments?post=351"}],"version-history":[{"count":7,"href":"https:\/\/webs.uab.cat\/arnau\/it\/wp-json\/wp\/v2\/pages\/351\/revisions"}],"predecessor-version":[{"id":2032,"href":"https:\/\/webs.uab.cat\/arnau\/it\/wp-json\/wp\/v2\/pages\/351\/revisions\/2032"}],"wp:attachment":[{"href":"https:\/\/webs.uab.cat\/arnau\/it\/wp-json\/wp\/v2\/media?parent=351"}],"curies":[{"name":"wp","href":"https:\/\/api.w.org\/{rel}","templated":true}]}}