{"id":353,"date":"2013-11-10T22:05:36","date_gmt":"2013-11-10T22:05:36","guid":{"rendered":"https:\/\/webs.uab.cat\/arnau\/profeta-2\/"},"modified":"2024-01-09T00:04:57","modified_gmt":"2024-01-09T00:04:57","slug":"profeta-2","status":"publish","type":"page","link":"https:\/\/webs.uab.cat\/arnau\/it\/profeta-2\/","title":{"rendered":"Sentinella dell\u2019Anticristo"},"content":{"rendered":"\n<p>A Montpellier, durante questi anni, influenzato dalle idee delle correnti riformiste \u2013i francescani spirituali guidati da P\u00e8ire Joan Oliu-, con i quali entra in contatto, e stimolato da una profonda esperienza religiosa, Arnau de Vilanova scrive le sue <a href=\"http:\/\/grupsderecerca.uab.cat\/arnau\/preespiritual\">prime opere teologiche<\/a>.<\/p>\n\n\n\n<p>Almeno dal 1297, Arnau de Vilanova, nonostante risieda a Montpellier, \u00e8 medico di Giacomo II e, dopo il suo matrimonio con Bianca d&#8217;Angi\u00f2, si prende cura anche della sua salute e di quella dei loro figli. Successivamente il re lo nomina suo consigliere e gli incarica varie missioni. Cos\u00ec, nel 1299 \u00e8 mandato a Parigi per negoziare con Filippo il Bello la restituzione della Valle di Aran. Arnau de Vilanova approfitta del suo soggiorno a Parigi per divulgare nella Facolt\u00e0 di Teologia <a href=\"http:\/\/grupsderecerca.uab.cat\/arnau\/espiritualescatologic\">idee apocalittiche<\/a>, ed \u00e8 denunciato dai teologi all\u2019Ordinario. Di conseguenza, inizi\u00f2 un processo inquisitorio e Arnau de Vilanova dovette passare alcuni giorni in carcere. Fu scarcerato solo dopo aver pagato un\u2019elevata cauzione. I fatti di Parigi, segneranno i successivi anni della sua vita. Il 1301 Arnau si reca alla corte papale di Anagni e alla fine il processo inquisitorio fu interrotto dal pontefice Bonifacio VIII: disapprov\u00f2 l\u2019opera di Arnau de Vilanova, lo detenne e lo fece abiurare, ma ridusse la gravit\u00e0 delle proposte apocalittiche arnaldiane affermando che si trattava di semplici speculazioni accademiche (<em>dicta scholastica<\/em>). Gli consiglia di dedicarsi alla medicina e di lasciare perdere la teologia. Il fatto \u00e8 che Bonifacio VIII, che soffriva di coliche renali acute, era molto interessato al sapere medico di Arnau de Vilanova. Divent\u00f2 il medico principale del Papa e lo liber\u00f2 dal dolore con una cura che comprendeva un sigillo astrologico e che gli scrisse in un opuscolo che oggi \u00e8 andato perduto.<\/p>\n\n\n\n<p>I fatti di Parigi sono state solo le prime scaramucce di una polemica che sarebbe durata fino al 1305. Alcuni professori parigini reagirono positivamente (come Jean Quidort), altri negativamente (come P\u00e8ire Cros) all&#8217;annuncio dell\u2019imminente venuta dell\u2019Anticristo annunciata da Arnau de Vilanova. Dopo i teologi parigini, prendono l\u2019iniziativa i domenicani: Bernat de Puigcerc\u00f3s (Girona, 1302-1303), Joan Vigor\u00f3s (Marsiglia, 1304) o Mart\u00edn de Ateca (Barcellona, 1304-1305). Scambiano con Arnau de Vilanova opere di qualsiasi tipo, denunce, controdenunce che presentano alle autorit\u00e0 ecclesiastiche. Per Arnau sono anni di trambusto, inquietudine, di paura. Per evitare di essere criticato o che siano tergiversate le sue affermazioni, confessa pubblicamente il suo pensiero davanti ai vescovi e agli abati della Tarraconense (Lleida, 1303) e il re Giacomo II (Barcellona, 1305) e presenta le sue opere ai Papi (Benedetto XI, Clemente V). La polemica \u00e8 chiusa (almeno temporaneamente, dopo la morte di Arnau si riapre), quando Arnau de Vilanova presenta tutte le sue opere <em>de evangelica veritate<\/em> scritte fino al 1305 al Papa e Clemente V affida alla Santa Sede lo studio e l\u2019esame di queste opere. Che in questo periodo il re Giacomo II stesse dalla parte di Arnau de Vilanova, lo dimostra il fatto che, quando l\u2019inquisitore di Valencia, Guillamo de Cotlliure, scomunic\u00f2 Gombau de Piles per possedere libri di Arnau de Vilanova, il re dichiar\u00f2 che anche lui li possedeva e li leggeva.<\/p>\n\n\n\n<figure class=\"wp-block-image size-full\"><img loading=\"lazy\" decoding=\"async\" width=\"453\" height=\"500\" src=\"https:\/\/webs.uab.cat\/arnau\/wp-content\/uploads\/sites\/132\/2016\/10\/bonifatius.jpg\" alt=\"\" class=\"wp-image-428\" srcset=\"https:\/\/webs.uab.cat\/arnau\/wp-content\/uploads\/sites\/132\/2016\/10\/bonifatius.jpg 453w, https:\/\/webs.uab.cat\/arnau\/wp-content\/uploads\/sites\/132\/2016\/10\/bonifatius-272x300.jpg 272w\" sizes=\"auto, (max-width: 453px) 100vw, 453px\" \/><figcaption class=\"wp-element-caption\">Illustrazione: Papa Bonifacio VIII, affresco di Giotto (c. 1300) nella Basilica de San Giovanni in Laterano, Roma (foto: <a rel=\"noreferrer noopener\" href=\"http:\/\/www.flickr.com\/photos\/sebastiagiralt\/7040384607\" target=\"_blank\">SG<\/a>).<\/figcaption><\/figure>\n","protected":false},"excerpt":{"rendered":"<p>A Montpellier, durante questi anni, influenzato dalle idee delle correnti riformiste \u2013i francescani spirituali guidati da P\u00e8ire Joan Oliu-, con i quali entra in contatto, e stimolato da una profonda esperienza religiosa, Arnau de Vilanova scrive le sue prime opere teologiche. Almeno dal 1297, Arnau de Vilanova, nonostante risieda a Montpellier, \u00e8 medico di Giacomo [&hellip;]<\/p>\n","protected":false},"author":20,"featured_media":0,"parent":0,"menu_order":0,"comment_status":"closed","ping_status":"closed","template":"","meta":{"footnotes":""},"class_list":["post-353","page","type-page","status-publish","hentry"],"_links":{"self":[{"href":"https:\/\/webs.uab.cat\/arnau\/it\/wp-json\/wp\/v2\/pages\/353","targetHints":{"allow":["GET"]}}],"collection":[{"href":"https:\/\/webs.uab.cat\/arnau\/it\/wp-json\/wp\/v2\/pages"}],"about":[{"href":"https:\/\/webs.uab.cat\/arnau\/it\/wp-json\/wp\/v2\/types\/page"}],"author":[{"embeddable":true,"href":"https:\/\/webs.uab.cat\/arnau\/it\/wp-json\/wp\/v2\/users\/20"}],"replies":[{"embeddable":true,"href":"https:\/\/webs.uab.cat\/arnau\/it\/wp-json\/wp\/v2\/comments?post=353"}],"version-history":[{"count":2,"href":"https:\/\/webs.uab.cat\/arnau\/it\/wp-json\/wp\/v2\/pages\/353\/revisions"}],"predecessor-version":[{"id":1629,"href":"https:\/\/webs.uab.cat\/arnau\/it\/wp-json\/wp\/v2\/pages\/353\/revisions\/1629"}],"wp:attachment":[{"href":"https:\/\/webs.uab.cat\/arnau\/it\/wp-json\/wp\/v2\/media?parent=353"}],"curies":[{"name":"wp","href":"https:\/\/api.w.org\/{rel}","templated":true}]}}