{"id":354,"date":"2013-11-10T22:06:52","date_gmt":"2013-11-10T22:06:52","guid":{"rendered":"https:\/\/webs.uab.cat\/arnau\/reforma-2\/"},"modified":"2024-01-09T00:12:53","modified_gmt":"2024-01-09T00:12:53","slug":"reforma-2","status":"publish","type":"page","link":"https:\/\/webs.uab.cat\/arnau\/it\/reforma-2\/","title":{"rendered":"La battaglia per la riforma della Cristianit\u00e0"},"content":{"rendered":"\n<p>Gli ultimi anni (1305-1311) della vita di Arnau de Vilanova sono agitati, sono anni di continui viaggi. Lo troviamo a Barcellona, come ad Avignone, in Sicilia, a Napoli o ad Almeria. Trova il tempo sia per curare pazienti che re catalani, Clemente V o il re Carlo di Napoli e per dedicarsi a scrivere opere di medicina, compreso alcune delle pi\u00f9 importanti come il <em>Regimen sanitatis ad regem Aragonum<\/em>, per la cura della salute del re Giacomo o lo <em>Speculum medicinae<\/em>, un\u2019ambiziosa sintesi teorica. Le sue attivit\u00e0 diplomatiche, di rappresentanza tra i re Giacomo di Aragona, Federico di Sicilia e il Papa lo mettono in un primo piano politico. Concepisce un programma di riforma della Cristianit\u00e0 che devono essere promosse dai suddetti re con l\u2019aiuto della Santa Sede. Federico di Sicilia ne \u00e8 entusiasta, ma le massime autorit\u00e0 ecclesiastiche ne sono invidiosi e Giacomo II non ne \u00e8 convinto. Alla fine, in occasione dell\u2019esposizione che Arnau fa ad Avignone davanti al Papa e ai cardinali, re Giacomo gli chiede spiegazioni. Arnau si presenta ad Almeria, citt\u00e0 che il re con le sue truppe stava mettendo sotto assedio, per dargliele, ma il re diffida dell\u2019atteggiamento di Arnau de Vilanova e gli toglie l\u2019amicizia. Di questo periodo sono le sue migliori opere spirituali: alcune sono dei consigli a beghini, a Federico di Sicilia e altre sui temi pi\u00f9 disparati. Federico decide di applicare il programma riformista di Arnau de Vilanova in Sicilia e trasforma alcune raccomandazioni della Informaci\u00f3 espiritual negli articoli costituzionali del suo regno. Arnau mette bocca nelle grandi questione del momento, come ad esempio la questione dei templari o nella controversia intorno ai francescani spirituali, e addirittura, nell\u2019ambito dei suoi programmi di riforma, cerca di chiedere il titolo di re di Gerusalemme, cui titolare era il re di Napoli, per Federico di Sicilia.<\/p>\n\n\n\n<p>Arnau de Vilanova morir\u00e0 a inizio settembre del 1311 durante un viaggio in mare, vicino alle coste di Genova. Nel 1305 aveva fatto testamento, completato con un codicillo del 1308. Non si sa esattamente dove riposi, ma nel suo testamento aveva comunicato la sua volont\u00e0 di essere sepolto nella chiesa del luogo dove sarebbe morto.<\/p>\n\n\n\n<p>L\u20198 novembre 1316, Jofre de Cru\u00eflles, preposto dell\u2019arcivescovo di Tarragona in sede vacante, e Joan de Llotger, pubblicano solennemente una sentenza che condanna numerose tesi teologiche estratte da varie opere e vieta il possesso e la lettura delle opere arnaldiane.<\/p>\n\n\n\n<figure class=\"wp-block-image size-full\"><img loading=\"lazy\" decoding=\"async\" width=\"372\" height=\"351\" src=\"https:\/\/webs.uab.cat\/arnau\/wp-content\/uploads\/sites\/132\/2016\/10\/Jaume_II.jpg\" alt=\"\" class=\"wp-image-692\" srcset=\"https:\/\/webs.uab.cat\/arnau\/wp-content\/uploads\/sites\/132\/2016\/10\/Jaume_II.jpg 372w, https:\/\/webs.uab.cat\/arnau\/wp-content\/uploads\/sites\/132\/2016\/10\/Jaume_II-300x283.jpg 300w\" sizes=\"auto, (max-width: 372px) 100vw, 372px\" \/><figcaption class=\"wp-element-caption\">Illustrazione: Giacomo II, mentre presiede le Corti di Barcellona, il <em>Libro Verde<\/em> di Barcellona. (Origine: <a href=\"http:\/\/commons.wikimedia.org\/wiki\/File:Jaume_II.jpg\">Wikimedia<\/a>). La stretta e lunga relazione come medico, diplomatico e consulente di Arnau de Vilanova con Giacomo II si tronc\u00f2 verso la fine della sua vita.<\/figcaption><\/figure>\n","protected":false},"excerpt":{"rendered":"<p>Gli ultimi anni (1305-1311) della vita di Arnau de Vilanova sono agitati, sono anni di continui viaggi. Lo troviamo a Barcellona, come ad Avignone, in Sicilia, a Napoli o ad Almeria. Trova il tempo sia per curare pazienti che re catalani, Clemente V o il re Carlo di Napoli e per dedicarsi a scrivere opere [&hellip;]<\/p>\n","protected":false},"author":20,"featured_media":0,"parent":0,"menu_order":0,"comment_status":"closed","ping_status":"closed","template":"","meta":{"footnotes":""},"class_list":["post-354","page","type-page","status-publish","hentry"],"_links":{"self":[{"href":"https:\/\/webs.uab.cat\/arnau\/it\/wp-json\/wp\/v2\/pages\/354","targetHints":{"allow":["GET"]}}],"collection":[{"href":"https:\/\/webs.uab.cat\/arnau\/it\/wp-json\/wp\/v2\/pages"}],"about":[{"href":"https:\/\/webs.uab.cat\/arnau\/it\/wp-json\/wp\/v2\/types\/page"}],"author":[{"embeddable":true,"href":"https:\/\/webs.uab.cat\/arnau\/it\/wp-json\/wp\/v2\/users\/20"}],"replies":[{"embeddable":true,"href":"https:\/\/webs.uab.cat\/arnau\/it\/wp-json\/wp\/v2\/comments?post=354"}],"version-history":[{"count":2,"href":"https:\/\/webs.uab.cat\/arnau\/it\/wp-json\/wp\/v2\/pages\/354\/revisions"}],"predecessor-version":[{"id":1635,"href":"https:\/\/webs.uab.cat\/arnau\/it\/wp-json\/wp\/v2\/pages\/354\/revisions\/1635"}],"wp:attachment":[{"href":"https:\/\/webs.uab.cat\/arnau\/it\/wp-json\/wp\/v2\/media?parent=354"}],"curies":[{"name":"wp","href":"https:\/\/api.w.org\/{rel}","templated":true}]}}