{"id":356,"date":"2013-11-13T00:43:32","date_gmt":"2013-11-13T00:43:32","guid":{"rendered":"https:\/\/webs.uab.cat\/arnau\/pensament\/"},"modified":"2024-09-18T13:30:46","modified_gmt":"2024-09-18T13:30:46","slug":"pensament","status":"publish","type":"page","link":"https:\/\/webs.uab.cat\/arnau\/it\/pensament\/","title":{"rendered":"Pensiero spirituale"},"content":{"rendered":"\n<p>Le idee teologiche di Arnau de Vilanova evolvono durante tutta la sua vita. Si era interessato alla teologia, aveva perfino frequentato qualche corso presso la scuola dei domenicani di Montpellier e aveva studiato con Ramon Mart\u00ed a Barcellona, ma il suo interesse non era andato oltre. Quando Arnau scrive la sua prima opera teologica ha pi\u00f9 di cinquant\u2019anni. Lui stesso spiega di aver avuto una profonda esperienza spirituale. A partire da questo momento le preoccupazioni religiose e le conseguenze derivanti da queste passano in un primo piano nella sua vita.<\/p>\n\n\n\n<p>Nell\u2019evoluzione del pensiero religioso di Arnau possiamo stabilire quattro fasi:<\/p>\n\n\n\n<ol class=\"wp-block-list\">\n<li><a href=\"preespiritual\">Prespirituale<\/a>,<\/li>\n\n\n\n<li><a href=\"protoespiritual\">Protospirituale<\/a>,<\/li>\n\n\n\n<li><a href=\"espiritualescatologica\">Spirituale-escatologica<\/a>,<\/li>\n\n\n\n<li><a href=\"propiament-espiritual\">Propriamente spirituale<\/a>.<\/li>\n<\/ol>\n\n\n\n<figure class=\"wp-block-image size-full is-resized\"><img loading=\"lazy\" decoding=\"async\" width=\"638\" height=\"480\" src=\"https:\/\/webs.uab.cat\/arnau\/wp-content\/uploads\/sites\/132\/2016\/10\/Pugio.png\" alt=\"\" class=\"wp-image-578\" style=\"aspect-ratio:1.3288973384030418;width:590px;height:auto\" srcset=\"https:\/\/webs.uab.cat\/arnau\/wp-content\/uploads\/sites\/132\/2016\/10\/Pugio.png 638w, https:\/\/webs.uab.cat\/arnau\/wp-content\/uploads\/sites\/132\/2016\/10\/Pugio-300x226.png 300w\" sizes=\"auto, (max-width: 638px) 100vw, 638px\" \/><figcaption class=\"wp-element-caption\">Illustrazione: <em>Pugio fidei<\/em>,l&#8217;opera principale di Ramon Mart\u00ed, con la quale si form\u00f2 Arnau, Leipzig 1687. Proced\u00e8ncia: <a href=\"http:\/\/commons.wikimedia.org\/wiki\/File:Pugio.png\">Wikimedia<\/a>.<\/figcaption><\/figure>\n\n\n\n<p><\/p>\n","protected":false},"excerpt":{"rendered":"<p>Le idee teologiche di Arnau de Vilanova evolvono durante tutta la sua vita. Si era interessato alla teologia, aveva perfino frequentato qualche corso presso la scuola dei domenicani di Montpellier e aveva studiato con Ramon Mart\u00ed a Barcellona, ma il suo interesse non era andato oltre. Quando Arnau scrive la sua prima opera teologica ha [&hellip;]<\/p>\n","protected":false},"author":20,"featured_media":0,"parent":0,"menu_order":0,"comment_status":"closed","ping_status":"closed","template":"","meta":{"footnotes":""},"class_list":["post-356","page","type-page","status-publish","hentry"],"_links":{"self":[{"href":"https:\/\/webs.uab.cat\/arnau\/it\/wp-json\/wp\/v2\/pages\/356","targetHints":{"allow":["GET"]}}],"collection":[{"href":"https:\/\/webs.uab.cat\/arnau\/it\/wp-json\/wp\/v2\/pages"}],"about":[{"href":"https:\/\/webs.uab.cat\/arnau\/it\/wp-json\/wp\/v2\/types\/page"}],"author":[{"embeddable":true,"href":"https:\/\/webs.uab.cat\/arnau\/it\/wp-json\/wp\/v2\/users\/20"}],"replies":[{"embeddable":true,"href":"https:\/\/webs.uab.cat\/arnau\/it\/wp-json\/wp\/v2\/comments?post=356"}],"version-history":[{"count":2,"href":"https:\/\/webs.uab.cat\/arnau\/it\/wp-json\/wp\/v2\/pages\/356\/revisions"}],"predecessor-version":[{"id":1955,"href":"https:\/\/webs.uab.cat\/arnau\/it\/wp-json\/wp\/v2\/pages\/356\/revisions\/1955"}],"wp:attachment":[{"href":"https:\/\/webs.uab.cat\/arnau\/it\/wp-json\/wp\/v2\/media?parent=356"}],"curies":[{"name":"wp","href":"https:\/\/api.w.org\/{rel}","templated":true}]}}