{"id":357,"date":"2013-11-17T12:01:53","date_gmt":"2013-11-17T12:01:53","guid":{"rendered":"https:\/\/webs.uab.cat\/arnau\/preespiritual-2\/"},"modified":"2024-09-18T13:31:35","modified_gmt":"2024-09-18T13:31:35","slug":"preespiritual-2","status":"publish","type":"page","link":"https:\/\/webs.uab.cat\/arnau\/it\/preespiritual-2\/","title":{"rendered":"Prespirituale  (c. 1292)"},"content":{"rendered":"\n<p>\u00c8 una fase breve, che comprende solamente due opere (cf. opere, n\u00ba. 1 e 2) scritta a poco tempo di distanza. Arnau de Vilanova \u00e8 convinto che tutta la creazione, la storia e la Bibbia siano pieni di mistero e senso occulto che progressivamente Dio sveler\u00e0. Precisamente, Arnau si sente chiamato a decifrare il senso occulto nelle lettere dell\u2019alfabeto e applicarlo ai nomi di Dio. Nella Bibbia non c\u2019\u00e8 assolutamente niente di casuale, qualsiasi elemento, le lettere, il modo con cui sono scritte, il loro suono, hanno una profonda ragione di essere. Alcuni studiosi credettero che le premesse di questo progetto iniziale di Arnau potevano essere ritrovate nella cabala ebraica, ma l\u2019edizione critica di queste opere ha chiarito che il punto di partenza di Arnau \u00e8 l\u2019opera De semine Scripturarum. I nomi di Dio, bene interpretati rilevano gi\u00e0 la sua essenza, la sua Trinit\u00e0.<\/p>\n\n\n<div class=\"wp-block-image\">\n<figure class=\"aligncenter size-full is-resized\"><img loading=\"lazy\" decoding=\"async\" width=\"285\" height=\"376\" src=\"https:\/\/webs.uab.cat\/arnau\/wp-content\/uploads\/sites\/132\/2016\/10\/barberini31r.JPG\" alt=\"\" class=\"wp-image-572\" style=\"width:435px;height:574px\" srcset=\"https:\/\/webs.uab.cat\/arnau\/wp-content\/uploads\/sites\/132\/2016\/10\/barberini31r.JPG 285w, https:\/\/webs.uab.cat\/arnau\/wp-content\/uploads\/sites\/132\/2016\/10\/barberini31r-227x300.jpg 227w\" sizes=\"auto, (max-width: 285px) 100vw, 285px\" \/><figcaption class=\"wp-element-caption\">Il\u00b7lustraci\u00f3: Alfabets hebreu, grec. llat\u00ed i \u00e0rab, <em>Libre de puritats<\/em>, s. XV, Vatic\u00e0, BAV, ms. Barb. Lat. 3589, f. 31r<\/figcaption><\/figure>\n<\/div>","protected":false},"excerpt":{"rendered":"<p>\u00c8 una fase breve, che comprende solamente due opere (cf. opere, n\u00ba. 1 e 2) scritta a poco tempo di distanza. Arnau de Vilanova \u00e8 convinto che tutta la creazione, la storia e la Bibbia siano pieni di mistero e senso occulto che progressivamente Dio sveler\u00e0. Precisamente, Arnau si sente chiamato a decifrare il senso [&hellip;]<\/p>\n","protected":false},"author":20,"featured_media":0,"parent":0,"menu_order":0,"comment_status":"closed","ping_status":"closed","template":"","meta":{"footnotes":""},"class_list":["post-357","page","type-page","status-publish","hentry"],"_links":{"self":[{"href":"https:\/\/webs.uab.cat\/arnau\/it\/wp-json\/wp\/v2\/pages\/357","targetHints":{"allow":["GET"]}}],"collection":[{"href":"https:\/\/webs.uab.cat\/arnau\/it\/wp-json\/wp\/v2\/pages"}],"about":[{"href":"https:\/\/webs.uab.cat\/arnau\/it\/wp-json\/wp\/v2\/types\/page"}],"author":[{"embeddable":true,"href":"https:\/\/webs.uab.cat\/arnau\/it\/wp-json\/wp\/v2\/users\/20"}],"replies":[{"embeddable":true,"href":"https:\/\/webs.uab.cat\/arnau\/it\/wp-json\/wp\/v2\/comments?post=357"}],"version-history":[{"count":2,"href":"https:\/\/webs.uab.cat\/arnau\/it\/wp-json\/wp\/v2\/pages\/357\/revisions"}],"predecessor-version":[{"id":1956,"href":"https:\/\/webs.uab.cat\/arnau\/it\/wp-json\/wp\/v2\/pages\/357\/revisions\/1956"}],"wp:attachment":[{"href":"https:\/\/webs.uab.cat\/arnau\/it\/wp-json\/wp\/v2\/media?parent=357"}],"curies":[{"name":"wp","href":"https:\/\/api.w.org\/{rel}","templated":true}]}}