{"id":359,"date":"2013-11-21T13:56:32","date_gmt":"2013-11-21T13:56:32","guid":{"rendered":"https:\/\/webs.uab.cat\/arnau\/crediti-e-utilizzo\/"},"modified":"2022-08-22T07:33:51","modified_gmt":"2022-08-22T07:33:51","slug":"crediti-e-utilizzo","status":"publish","type":"page","link":"https:\/\/webs.uab.cat\/arnau\/it\/crediti-e-utilizzo\/","title":{"rendered":"Crediti e utilizzo"},"content":{"rendered":"\n<p>Il presente sito web e il database ivi contenuto \u00e8 pubblicato sotto la licenza <a href=\"http:\/\/creativecommons.org\/licenses\/by-nc-nd\/3.0\/deed.ca\" target=\"_blank\" rel=\"noopener\">Creative Commons<\/a>. Di conseguenza, \u00e8 consentita la riproduzione totale o parziale e la comunicazione pubblica del suo contenuto, purch\u00e9 non avvenga con finalit\u00e0 commerciale e purch\u00e9 sia riconosciuta la paternit\u00e0 dell\u2019opera originale. Tuttavia, non \u00e8 consentita la creazione di opere derivanti dal suo contenuto. L\u2019uso delle immagini provenienti da altre fonti (indicate) \u00e8 disciplinato dalle norme dei rispettivi luoghi di origine.<\/p>\n\n\n\n<figure class=\"wp-block-image\"><a href=\"http:\/\/creativecommons.org\/licenses\/by-nc-nd\/3.0\/deed.ca\" target=\"_self\" rel=\"noopener\"><img decoding=\"async\" src=\"http:\/\/pagines.uab.cat\/methodos\/sites\/pagines.uab.cat.methodos\/files\/cc.png\" alt=\"cc\"\/><\/a><\/figure>\n\n\n\n<p>\u00c8 possibile citare la presentazione di Arnau de Vilanova qui contenuta nel seguente modo:<\/p>\n\n\n\n<p>Sebasti\u00e0 Giralt &#8211; Jaume Mensa, &#8220;Chi \u00e8 Arnau de Vilanova&#8221;, in <em>Arnau DB. Corpus digital d&#8217;Arnau de Vilanova<\/em>, Universitat Aut\u00f2noma de Barcelona (2013-2019) &lt; <a href=\"http:\/\/grupsderecerca.uab.cat\/arnau\/it\/node\/342\">http:\/\/grupsderecerca.uab.cat\/arnau<\/a> &gt; [data di consultazione].<\/p>\n\n\n\n<p>\u00c8 possibile citare la database di Arnau de Vilanova nel seguente modo:<\/p>\n\n\n\n<p>Sebasti\u00e0 Giralt &#8211; Jaume Mensa (coord.), &#8220;Arnau DB&#8221;, in <em>Arnau DB. Corpus digital d&#8217;Arnau de Vilanova<\/em>, Universitat Aut\u00f2noma de Barcelona (2013-2019) &lt; <a href=\"http:\/\/grupsderecerca.uab.cat\/arnau\/arnaudb\">http:\/\/grupsderecerca.uab.cat\/arnau\/arnaudb<\/a> &gt; [data di consultazione].<\/p>\n\n\n<div class=\"wp-block-image\">\n<figure class=\"aligncenter\"><img loading=\"lazy\" decoding=\"async\" width=\"420\" height=\"325\" src=\"https:\/\/webs.uab.cat\/arnau\/wp-content\/uploads\/sites\/132\/2013\/11\/copista.jpg\" alt=\"copista.jpg\" class=\"wp-image-117\" srcset=\"https:\/\/webs.uab.cat\/arnau\/wp-content\/uploads\/sites\/132\/2013\/11\/copista.jpg 420w, https:\/\/webs.uab.cat\/arnau\/wp-content\/uploads\/sites\/132\/2013\/11\/copista-300x232.jpg 300w\" sizes=\"auto, (max-width: 420px) 100vw, 420px\" \/><figcaption>Illustrazione: Jean Mi\u00e9lot, segretario e copista del duca Filippo il Bello di Borgogna, nel suo scriptorium. Miracles de Notre Dame, Biblioth\u00e8que nationale de France, Fr 9198 (despr\u00e9s de 1456), f.19 (Origine: <a rel=\"noreferrer noopener\" href=\"http:\/\/commons.wikimedia.org\/wiki\/File:Escribano.jpg\" target=\"_blank\">Wikimedia<\/a>).<\/figcaption><\/figure>\n<\/div>\n\n\n<p><\/p>\n","protected":false},"excerpt":{"rendered":"<p>Il presente sito web e il database ivi contenuto \u00e8 pubblicato sotto la licenza Creative Commons. Di conseguenza, \u00e8 consentita la riproduzione totale o parziale e la comunicazione pubblica del suo contenuto, purch\u00e9 non avvenga con finalit\u00e0 commerciale e purch\u00e9 sia riconosciuta la paternit\u00e0 dell\u2019opera originale. Tuttavia, non \u00e8 consentita la creazione di opere derivanti [&hellip;]<\/p>\n","protected":false},"author":20,"featured_media":0,"parent":0,"menu_order":0,"comment_status":"closed","ping_status":"closed","template":"","meta":{"footnotes":""},"class_list":["post-359","page","type-page","status-publish","hentry"],"_links":{"self":[{"href":"https:\/\/webs.uab.cat\/arnau\/it\/wp-json\/wp\/v2\/pages\/359","targetHints":{"allow":["GET"]}}],"collection":[{"href":"https:\/\/webs.uab.cat\/arnau\/it\/wp-json\/wp\/v2\/pages"}],"about":[{"href":"https:\/\/webs.uab.cat\/arnau\/it\/wp-json\/wp\/v2\/types\/page"}],"author":[{"embeddable":true,"href":"https:\/\/webs.uab.cat\/arnau\/it\/wp-json\/wp\/v2\/users\/20"}],"replies":[{"embeddable":true,"href":"https:\/\/webs.uab.cat\/arnau\/it\/wp-json\/wp\/v2\/comments?post=359"}],"version-history":[{"count":1,"href":"https:\/\/webs.uab.cat\/arnau\/it\/wp-json\/wp\/v2\/pages\/359\/revisions"}],"predecessor-version":[{"id":1595,"href":"https:\/\/webs.uab.cat\/arnau\/it\/wp-json\/wp\/v2\/pages\/359\/revisions\/1595"}],"wp:attachment":[{"href":"https:\/\/webs.uab.cat\/arnau\/it\/wp-json\/wp\/v2\/media?parent=359"}],"curies":[{"name":"wp","href":"https:\/\/api.w.org\/{rel}","templated":true}]}}