{"id":364,"date":"2013-11-08T01:29:09","date_gmt":"2013-11-08T01:29:09","guid":{"rendered":"https:\/\/webs.uab.cat\/arnau\/pervivencia-2\/"},"modified":"2024-09-18T14:27:46","modified_gmt":"2024-09-18T14:27:46","slug":"pervivencia-2","status":"publish","type":"page","link":"https:\/\/webs.uab.cat\/arnau\/it\/pervivencia-2\/","title":{"rendered":"Arnau attraverso i secoli"},"content":{"rendered":"\n<p>La figura e l\u2019opera di Arnau de Vilanova perdurarono durante il medioevo e l\u2019et\u00e0 moderna, anche se spesso deformate dalla leggenda che presto circond\u00f2 il suo nome e dai numerosi scritti apocrifi che gli vennero attribuiti nel corso dei secoli. Come nacque e si svilupp\u00f2 il <a href=\"mite\">mito di Arnau<\/a>? Perch\u00e9 un\u2019autorit\u00e0 medievale ebbe una diffusione cos\u00ec estesa nella <a href=\"impremta\">stampa moderna<\/a>?<\/p>\n\n\n\n<div class=\"wp-block-columns is-layout-flex wp-container-core-columns-is-layout-9d6595d7 wp-block-columns-is-layout-flex\">\n<div class=\"wp-block-column is-layout-flow wp-block-column-is-layout-flow\">\n<figure class=\"wp-block-image size-full\"><img loading=\"lazy\" decoding=\"async\" width=\"426\" height=\"400\" src=\"https:\/\/webs.uab.cat\/arnau\/wp-content\/uploads\/sites\/132\/2016\/10\/AV.jpg\" alt=\"\" class=\"wp-image-680\" srcset=\"https:\/\/webs.uab.cat\/arnau\/wp-content\/uploads\/sites\/132\/2016\/10\/AV.jpg 426w, https:\/\/webs.uab.cat\/arnau\/wp-content\/uploads\/sites\/132\/2016\/10\/AV-300x282.jpg 300w\" sizes=\"auto, (max-width: 426px) 100vw, 426px\" \/><\/figure>\n<\/div>\n\n\n\n<div class=\"wp-block-column is-layout-flow wp-block-column-is-layout-flow\">\n<figure class=\"wp-block-image size-full is-resized\"><img loading=\"lazy\" decoding=\"async\" width=\"488\" height=\"640\" src=\"https:\/\/webs.uab.cat\/arnau\/wp-content\/uploads\/sites\/132\/2016\/10\/Arnaldus.jpg\" alt=\"\" class=\"wp-image-686\" style=\"width:302px;height:auto\" srcset=\"https:\/\/webs.uab.cat\/arnau\/wp-content\/uploads\/sites\/132\/2016\/10\/Arnaldus.jpg 488w, https:\/\/webs.uab.cat\/arnau\/wp-content\/uploads\/sites\/132\/2016\/10\/Arnaldus-229x300.jpg 229w\" sizes=\"auto, (max-width: 488px) 100vw, 488px\" \/><\/figure>\n<\/div>\n<\/div>\n\n\n\n<p style=\"font-size:12px\">Illustrazioni: Due rappresentazioni di Arnau de Vilanova, che mostrano le due tendenze fondamentali nell\u2019iconografia del maestro sia nel medioevo che in epoca moderna: una come professore universitario nella sua cattedra, <em>Le tr\u00e9sor des pauvres<\/em>, Lione, Claude Nourry, 1527 (superior), l\u2019altra con un aspetto pi\u00f9 consono a un mago o un alchimista, in Isaac Bullart, <em>Academie des sciences&nbsp; <\/em><em>et des arts, contenant les vies, et les eloges historiques des hommes illustres<\/em>, Amsterdam, D. Elzevier,&nbsp; 1682, vol. II, 65.<\/p>\n","protected":false},"excerpt":{"rendered":"<p>La figura e l\u2019opera di Arnau de Vilanova perdurarono durante il medioevo e l\u2019et\u00e0 moderna, anche se spesso deformate dalla leggenda che presto circond\u00f2 il suo nome e dai numerosi scritti apocrifi che gli vennero attribuiti nel corso dei secoli. Come nacque e si svilupp\u00f2 il mito di Arnau? Perch\u00e9 un\u2019autorit\u00e0 medievale ebbe una diffusione [&hellip;]<\/p>\n","protected":false},"author":20,"featured_media":0,"parent":0,"menu_order":0,"comment_status":"closed","ping_status":"closed","template":"","meta":{"footnotes":""},"class_list":["post-364","page","type-page","status-publish","hentry"],"_links":{"self":[{"href":"https:\/\/webs.uab.cat\/arnau\/it\/wp-json\/wp\/v2\/pages\/364","targetHints":{"allow":["GET"]}}],"collection":[{"href":"https:\/\/webs.uab.cat\/arnau\/it\/wp-json\/wp\/v2\/pages"}],"about":[{"href":"https:\/\/webs.uab.cat\/arnau\/it\/wp-json\/wp\/v2\/types\/page"}],"author":[{"embeddable":true,"href":"https:\/\/webs.uab.cat\/arnau\/it\/wp-json\/wp\/v2\/users\/20"}],"replies":[{"embeddable":true,"href":"https:\/\/webs.uab.cat\/arnau\/it\/wp-json\/wp\/v2\/comments?post=364"}],"version-history":[{"count":2,"href":"https:\/\/webs.uab.cat\/arnau\/it\/wp-json\/wp\/v2\/pages\/364\/revisions"}],"predecessor-version":[{"id":1974,"href":"https:\/\/webs.uab.cat\/arnau\/it\/wp-json\/wp\/v2\/pages\/364\/revisions\/1974"}],"wp:attachment":[{"href":"https:\/\/webs.uab.cat\/arnau\/it\/wp-json\/wp\/v2\/media?parent=364"}],"curies":[{"name":"wp","href":"https:\/\/api.w.org\/{rel}","templated":true}]}}