{"id":367,"date":"2013-11-17T12:09:59","date_gmt":"2013-11-17T12:09:59","guid":{"rendered":"https:\/\/webs.uab.cat\/arnau\/espiritualescatologic-2\/"},"modified":"2024-09-18T13:33:14","modified_gmt":"2024-09-18T13:33:14","slug":"espiritualescatologic-2","status":"publish","type":"page","link":"https:\/\/webs.uab.cat\/arnau\/it\/espiritualescatologic-2\/","title":{"rendered":"Spirituale-scatologica (1297-1305)"},"content":{"rendered":"\n<p>La divulgazione a Parigi delle previsioni escatologiche di Arnau de Vilanova d\u00e0 inizio a una nuova fase, quella spirituale-escatologica. Lo spiritualismo si sviluppa verso nuove direzioni, forse si radicalizza, ma il protagonismo di questi anni ricade principalmente nei calcoli apocalittici. Repliche e controrepliche, obiezioni e risposte alle obiezioni fanno scivolare la polemica tra Arnau e i teologi professionisti (prima i professori di Parigi, dopo i domenicani) verso il terreno personale. Le tesi di base che Arnau difende in numerose opere di questa fase (n\u00ba. 5-32) sono le seguenti:<\/p>\n\n\n\n<ol class=\"wp-block-list\">\n<li>\u00c8 conveniente per la Chiesa conoscere il tempo della venuta dell\u2019Anticristo;<\/li>\n\n\n\n<li>la Bibbia permette di stabilire il tempo della venuta dell\u2019Anticristo;<\/li>\n\n\n\n<li>le condizioni che permettono di scoprirlo, sono, innanzitutto, che lo <em> speculator<\/em> non ricerchi nelle Scritture per mera curiosit\u00e0, bens\u00ec spinto da un\u2019illuminazione divina.<\/li>\n<\/ol>\n\n\n\n<p>Effettivamente, Ges\u00f9 Cristo, incalzato dagli Apostoli sulla fine dei tempi, d\u00e0 una traccia: &#8220;quando vedrete l\u2019abominio della desolazione&#8221; annunciata dal profeta Daniele, che il lettore lo intenda&#8221; (Mt. XXIV,15). Cosa dice quindi, il profeta Daniele dell\u2019\u201cabominio della desolazione\u201d?. Leggiamo in Daniele XII,11: &#8220;Dall\u2019abolizione del sacrificio perpetuo fino all\u2019abominio della desolazione passeranno 1290 giorni&#8221;. Per &#8220;Sacrificio&#8221; qui si intende il sacrificio dell\u2019Antico Testamento l'&#8221;abolizione&#8221; del sacrificio \u00e8 la data in cui il popolo di Israele non potette pi\u00f9 celebrarlo, precisamente per la diaspora provocata dalla distruzione del Tempio (70). Se sommiamo, quindi, i 1290 giorni, vale a dire &#8220;anni&#8221; (Ez. IV,6b: &#8220;giorni per anni ti dar\u00f2\u201d), a quella data otteniamo che l\u2019&#8221;abominio della desolazione&#8221;, vale a dire l&#8217;Anticristo, si manifester\u00e0 a met\u00e0 nel XIV secolo. E non si pu\u00f2 dire, come fanno i teologi, che Ges\u00f9 Cristo avesse negato la conoscenza di questo tempo quando disse: &#8220;Non \u00e8 cosa vostra conoscere i tempi e i momenti che il Padre ha riservato al suo potere&#8221;, perch\u00e9 i tempi che il Padre ha riservato al suo potere sono solo il giorno e l\u2019ora (Mc XIII,32). Inoltre, &#8220;non \u00e8 cosa vostra&#8221; significa &#8220;per le proprie capacit\u00e0 naturali&#8221; e quindi non dice niente della conoscenza per rivelazione. Questa frase era rivolta, inoltre, agli Apostoli che, certamente, non dovevano conoscere la fine dei tempi, perch\u00e9 non avrebbero dovuto viverla, ma s\u00ec che che questa conoscenza \u00e8 necessaria per i cristiani che vivono nella prossimit\u00e0 di quel tempo. Se ci\u00f2 non bastasse, in realt\u00e0 l\u2019affermazione di Ges\u00f9 di Nazaret non \u00e8 la risposta alla domanda della fine dei tempi, ma alla domanda: &#8220;Quando ristabilirai il Regno di Israele?&#8221; (Ac I,6). Atti I,7, ben interpretato, non nega in alcun modo la possibilit\u00e0 di conoscere il tempo dell\u2019Anticristo.<\/p>\n\n\n\n<p>La dinamica della polemica porta alla discussione fino ad altri tempi: se gli angeli siano o meno gli unici messaggeri della rivelazione, il numero di anni trascorsi dal tempo di Adamo e la venuto di Cristo, il valore teologico delle rivelazioni profetiche (Arnau de Vilanova le considera &#8220;quasi-parole di Dio&#8221;), la corretta interpretazione della teologia della storia di Agostino D\u2019Ippona o della <em>Glossa ordinaria<\/em>.<\/p>\n\n\n\n<p>E se l\u2019Anticristo sta per arrivare, \u00e8 necessario prevedere una strategia che permetta di riconoscerlo. I membri dell\u2019Anticristo, che Arnau identifica con i suoi avversari, stanno gi\u00e0 agendo, gli stanno preparando la strada. Arnau scrive alcune opere per smascherarli e denunciarli presso le autorit\u00e0 competenti. La polemica escatologica si riveste di un carattere profetico. \u00c8 necessario prepararsi per una \u201cguerra spirituale&#8221;: il Papa dovrebbe dichiarare che l\u2019Anticristo \u00e8 gi\u00e0 nato, riformare il cristianesimo (ordini clericali, ordini mendicanti e ordini claustrali) e invitare i pagani, scismatici e infedeli a convertirsi al cristianesimo.<\/p>\n\n\n\n<p>Questa fase rappresenta in realt\u00e0 una lunga parentesi nella vita di Arnau de Vilanova.<\/p>\n\n\n<div class=\"wp-block-image\">\n<figure class=\"aligncenter size-full is-resized\"><img loading=\"lazy\" decoding=\"async\" width=\"325\" height=\"600\" src=\"https:\/\/webs.uab.cat\/arnau\/wp-content\/uploads\/sites\/132\/2016\/10\/Sant-Miquel-Anticrist.jpg\" alt=\"\" class=\"wp-image-542\" style=\"aspect-ratio:0.541927409261577;width:390px;height:auto\" srcset=\"https:\/\/webs.uab.cat\/arnau\/wp-content\/uploads\/sites\/132\/2016\/10\/Sant-Miquel-Anticrist.jpg 325w, https:\/\/webs.uab.cat\/arnau\/wp-content\/uploads\/sites\/132\/2016\/10\/Sant-Miquel-Anticrist-163x300.jpg 163w\" sizes=\"auto, (max-width: 325px) 100vw, 325px\" \/><figcaption class=\"wp-element-caption\">Illustrazione: San Michele vence l&#8217;Anticristo, Jaume Huguet (1455-1460), MNAC, Barcelona. Origine: <a href=\"http:\/\/commons.wikimedia.org\/wiki\/File:JaumeHuguet-RetauleSantMiquel-6571.jpg\">Wikimedia<\/a>.<\/figcaption><\/figure>\n<\/div>\n\n\n<p><\/p>\n","protected":false},"excerpt":{"rendered":"<p>La divulgazione a Parigi delle previsioni escatologiche di Arnau de Vilanova d\u00e0 inizio a una nuova fase, quella spirituale-escatologica. Lo spiritualismo si sviluppa verso nuove direzioni, forse si radicalizza, ma il protagonismo di questi anni ricade principalmente nei calcoli apocalittici. Repliche e controrepliche, obiezioni e risposte alle obiezioni fanno scivolare la polemica tra Arnau e [&hellip;]<\/p>\n","protected":false},"author":20,"featured_media":0,"parent":0,"menu_order":0,"comment_status":"closed","ping_status":"closed","template":"","meta":{"footnotes":""},"class_list":["post-367","page","type-page","status-publish","hentry"],"_links":{"self":[{"href":"https:\/\/webs.uab.cat\/arnau\/it\/wp-json\/wp\/v2\/pages\/367","targetHints":{"allow":["GET"]}}],"collection":[{"href":"https:\/\/webs.uab.cat\/arnau\/it\/wp-json\/wp\/v2\/pages"}],"about":[{"href":"https:\/\/webs.uab.cat\/arnau\/it\/wp-json\/wp\/v2\/types\/page"}],"author":[{"embeddable":true,"href":"https:\/\/webs.uab.cat\/arnau\/it\/wp-json\/wp\/v2\/users\/20"}],"replies":[{"embeddable":true,"href":"https:\/\/webs.uab.cat\/arnau\/it\/wp-json\/wp\/v2\/comments?post=367"}],"version-history":[{"count":2,"href":"https:\/\/webs.uab.cat\/arnau\/it\/wp-json\/wp\/v2\/pages\/367\/revisions"}],"predecessor-version":[{"id":1958,"href":"https:\/\/webs.uab.cat\/arnau\/it\/wp-json\/wp\/v2\/pages\/367\/revisions\/1958"}],"wp:attachment":[{"href":"https:\/\/webs.uab.cat\/arnau\/it\/wp-json\/wp\/v2\/media?parent=367"}],"curies":[{"name":"wp","href":"https:\/\/api.w.org\/{rel}","templated":true}]}}