{"id":368,"date":"2013-11-17T02:53:58","date_gmt":"2013-11-17T02:53:58","guid":{"rendered":"https:\/\/webs.uab.cat\/arnau\/galenisme-2\/"},"modified":"2024-09-18T13:40:58","modified_gmt":"2024-09-18T13:40:58","slug":"galenisme-2","status":"publish","type":"page","link":"https:\/\/webs.uab.cat\/arnau\/it\/galenisme-2\/","title":{"rendered":"Il galenismo"},"content":{"rendered":"\n<p>Arnau de Vilanova fu il principale artefice nell\u2019Universit\u00e0 di Montpellier del movimento che, nell\u2019Europa latina della fine del XII secolo favor\u00ec un grande rinnovamento degli studi e della pratica medica mediante l\u2019apparizione delle opere di Galeno e del galenismo arabo sconosciute fino ad allora in Occidente. Tutto ci\u00f2 \u00e8 stato denominato \u201cil \u201cnuovo Galeno\u201d (Garc\u00eda-Ballester).<\/p>\n\n\n\n<p>Galeno, medico greco nato a Pergamo e che esercit\u00f2 la professione a Roma (129-210\/216 d.C.), elabor\u00f2 una sintesi medica basata sulla tradizione ippocratica, su Aristotele e su altri autori, cos\u00ec come sulla propria esperienza clinica e di ricerca. La sua vastissima opera fu la base del galenismo, un movimento iniziato nell\u2019antichit\u00e0 tarda, che fu sistematizzato e trasmesso sotto forma di dottrina unificata. Il galenismo divent\u00f2 la corrente dominante della medicina colta fino al XVII secolo. Il galenismo si basava sul principio filosofico secondo cui nella natura ci sono quattro qualit\u00e0 \u2013 caldo, freddo, secco e umido\u2013, cui combinazione genera, nel corpo umano, ai quattro umori \u2013sangue, flemma, bile nera e bile gialla. La maggior parte delle malattie sorgono dallo squilibrio della quantit\u00e0, della proporzione o delle qualit\u00e0 degli umori. Quindi la missione del medico \u00e8 restituire l\u2019equilibrio perduto con i mezzi a sua disposizione. Per prima cosa ricorre alla dieta, intesa come regime di vita: regola non solo l\u2019alimentazione del paziente, ma anche tutte le sue attivit\u00e0 giornaliere \u2013luogo dove vivere, lavoro, esercizio, bagni, sonno, ecc.\u2013; dopodich\u00e9 si serve di tutta un\u2019ampia e complessa gamma di farmaci principalmente a base vegetale e solo come ultima risorsa, alla chirurgia. Un\u2019altra indicazione terapeutica molto frequente \u00e8 il salasso o flebotomia.<\/p>\n\n\n\n<p>Con la caduta dell\u2019Impero romano d\u2019occidente il sapere medico antico decadde in occidente e si conservarono solo rudimenti nei monasteri. Invece il galenismo persistette nel mondo bizantino. Da Costantinopoli furono esiliati per eresia nel V secolo i nestoriani, prima nella siriana Edese e pi\u00f9 tardi nella persiana Gundi\u0161apur, citt\u00e0 nelle quali furono tradotti al siriano e al persiano i trattati greci nelle varie scienze. Quando nel VII secolo i musulmani conquistarono tutto il Medio Oriente, le scienze greche, con influenze orientali, passarono all\u2019Islam tradotte in arabo. Cos\u00ec, nell\u2019ambiente cosmopolita e tollerante di Bagdad fiorirono le scienze in lingua araba. Ma gli intellettuali arabi non si limitarono a trasmettere le conoscenze degli antichi, ma spesso le ampliavano con il proprio contributo. In medicina furono elaborate grandi sintesi come il Canone di Avicenna o il Colliget di Averro\u00e8, che avranno una grande influenza in Occidente.<\/p>\n\n\n\n<figure class=\"wp-block-image size-large is-resized\"><img loading=\"lazy\" decoding=\"async\" width=\"1024\" height=\"598\" src=\"https:\/\/webs.uab.cat\/arnau\/wp-content\/uploads\/sites\/132\/2016\/10\/map-translations-1024x598.jpg\" alt=\"\" class=\"wp-image-799\" style=\"width:652px;height:auto\" srcset=\"https:\/\/webs.uab.cat\/arnau\/wp-content\/uploads\/sites\/132\/2016\/10\/map-translations-1024x598.jpg 1024w, https:\/\/webs.uab.cat\/arnau\/wp-content\/uploads\/sites\/132\/2016\/10\/map-translations-300x175.jpg 300w, https:\/\/webs.uab.cat\/arnau\/wp-content\/uploads\/sites\/132\/2016\/10\/map-translations-768x448.jpg 768w, https:\/\/webs.uab.cat\/arnau\/wp-content\/uploads\/sites\/132\/2016\/10\/map-translations.jpg 1055w\" sizes=\"auto, (max-width: 1024px) 100vw, 1024px\" \/><\/figure>\n\n\n\n<p>Le vie di trasmissioni delle scienze antiche -filosofia naturale, medicina, matematica, astronomia, astrologia- nell\u2019Europa latina furono la penisola italiana e quella iberica per la loro vicinanza al mondo arabo. L\u2019Italia, inoltre, benefici\u00f2 del suo contatto con i bizantini. Nella penisola iberica l\u2019assimilazione sistematica delle scienze greco-arabe ebbe luogo a Toledo, dove nel XII secolo intellettuali cristiani tradussero Aristotele, Galeno e i grandi medici arabi dall\u2019arabo al latino, con l\u2019aiuto di ebrei e mozarabi. L\u2019attivit\u00e0 di traduzione dall\u2019arabo fu realizzata anche in altri posti come la Valle dell&#8217;Ebro, Barcellona o Montpellier. Con il tempo, le scienze greco-arabe si diffusero in tutta Europa attraverso le universit\u00e0, che sorsero a partire dalla fine del XII secolo. In questi nuovi centri di insegnamento tutti gli studi erano impartiti su una base aristotelica, e la medicina trov\u00f2 un suo luogo, grazie alla quale sarebbe entrata nel sistema delle scienze scolastiche e avrebbe migliorato il suo prestigio sociale.<\/p>\n\n\n\n<div class=\"wp-block-columns is-layout-flex wp-container-core-columns-is-layout-9d6595d7 wp-block-columns-is-layout-flex\">\n<div class=\"wp-block-column is-layout-flow wp-block-column-is-layout-flow\" style=\"flex-basis:66.66%\">\n<figure class=\"wp-block-image size-full is-resized\"><img loading=\"lazy\" decoding=\"async\" width=\"450\" height=\"612\" src=\"https:\/\/webs.uab.cat\/arnau\/wp-content\/uploads\/sites\/132\/2016\/10\/canon_avicenna.jpg\" alt=\"\" class=\"wp-image-620\" style=\"width:365px;height:auto\" srcset=\"https:\/\/webs.uab.cat\/arnau\/wp-content\/uploads\/sites\/132\/2016\/10\/canon_avicenna.jpg 450w, https:\/\/webs.uab.cat\/arnau\/wp-content\/uploads\/sites\/132\/2016\/10\/canon_avicenna-221x300.jpg 221w\" sizes=\"auto, (max-width: 450px) 100vw, 450px\" \/><figcaption class=\"wp-element-caption\">Illustrazione: Foglio di una versione ebrea del <em>Canon<\/em> di Avicenna con delle scene di diverse terapeutiche (s. XV), Biblioteca Universitaria, Bolonya, ms. 2197.<\/figcaption><\/figure>\n<\/div>\n\n\n\n<div class=\"wp-block-column is-layout-flow wp-block-column-is-layout-flow\" style=\"flex-basis:33.33%\">\n<figure class=\"wp-block-image size-full is-resized\"><img loading=\"lazy\" decoding=\"async\" width=\"349\" height=\"304\" src=\"https:\/\/webs.uab.cat\/arnau\/wp-content\/uploads\/sites\/132\/2016\/10\/elements_qualitats.png\" alt=\"\" class=\"wp-image-781\" style=\"width:265px;height:auto\" title=\"Elements - qualitats\" srcset=\"https:\/\/webs.uab.cat\/arnau\/wp-content\/uploads\/sites\/132\/2016\/10\/elements_qualitats.png 349w, https:\/\/webs.uab.cat\/arnau\/wp-content\/uploads\/sites\/132\/2016\/10\/elements_qualitats-300x261.png 300w\" sizes=\"auto, (max-width: 349px) 100vw, 349px\" \/><figcaption class=\"wp-element-caption\">I quatro elementi e le qualit\u00e0.<\/figcaption><\/figure>\n<\/div>\n<\/div>\n","protected":false},"excerpt":{"rendered":"<p>Arnau de Vilanova fu il principale artefice nell\u2019Universit\u00e0 di Montpellier del movimento che, nell\u2019Europa latina della fine del XII secolo favor\u00ec un grande rinnovamento degli studi e della pratica medica mediante l\u2019apparizione delle opere di Galeno e del galenismo arabo sconosciute fino ad allora in Occidente. Tutto ci\u00f2 \u00e8 stato denominato \u201cil \u201cnuovo Galeno\u201d (Garc\u00eda-Ballester). [&hellip;]<\/p>\n","protected":false},"author":20,"featured_media":0,"parent":0,"menu_order":0,"comment_status":"closed","ping_status":"closed","template":"","meta":{"footnotes":""},"class_list":["post-368","page","type-page","status-publish","hentry"],"_links":{"self":[{"href":"https:\/\/webs.uab.cat\/arnau\/it\/wp-json\/wp\/v2\/pages\/368","targetHints":{"allow":["GET"]}}],"collection":[{"href":"https:\/\/webs.uab.cat\/arnau\/it\/wp-json\/wp\/v2\/pages"}],"about":[{"href":"https:\/\/webs.uab.cat\/arnau\/it\/wp-json\/wp\/v2\/types\/page"}],"author":[{"embeddable":true,"href":"https:\/\/webs.uab.cat\/arnau\/it\/wp-json\/wp\/v2\/users\/20"}],"replies":[{"embeddable":true,"href":"https:\/\/webs.uab.cat\/arnau\/it\/wp-json\/wp\/v2\/comments?post=368"}],"version-history":[{"count":3,"href":"https:\/\/webs.uab.cat\/arnau\/it\/wp-json\/wp\/v2\/pages\/368\/revisions"}],"predecessor-version":[{"id":1964,"href":"https:\/\/webs.uab.cat\/arnau\/it\/wp-json\/wp\/v2\/pages\/368\/revisions\/1964"}],"wp:attachment":[{"href":"https:\/\/webs.uab.cat\/arnau\/it\/wp-json\/wp\/v2\/media?parent=368"}],"curies":[{"name":"wp","href":"https:\/\/api.w.org\/{rel}","templated":true}]}}