{"id":371,"date":"2013-11-17T02:57:55","date_gmt":"2013-11-17T02:57:55","guid":{"rendered":"https:\/\/webs.uab.cat\/arnau\/magia-astrologia-2\/"},"modified":"2024-09-18T13:49:37","modified_gmt":"2024-09-18T13:49:37","slug":"magia-astrologia-2","status":"publish","type":"page","link":"https:\/\/webs.uab.cat\/arnau\/it\/magia-astrologia-2\/","title":{"rendered":"Magia naturale e astrologia"},"content":{"rendered":"\n<p>Per secoli il nome di Arnau de Vilanova \u00e8 stato associato alle pi\u00f9 svariate arti occulte, che erano arrivate con le <a href=\"galenisme\">scienze grecoaraba<\/a> &#8211;la magia, la negromanzia, l&#8217;astrologia, <a href=\"http:\/\/grupsderecerca.uab.cat\/arnau\/alquimia\">l&#8217;alchimia<\/a>, l&#8217;oniromanzia- fino a diventare una <a href=\"http:\/\/grupsderecerca.uab.cat\/arnau\/mite\">figura di maestro occultista<\/a>, mentre gli venivano <a href=\"http:\/\/grupsderecerca.uab.cat\/arnau\/en\/apocrifs\" target=\"_self\" rel=\"noopener\">attribuite a caso numerose opere<\/a> appartenenti a queste discipline. Insomma, cosa c\u2019\u00e8 di vero dietro questa fama? La verit\u00e0 \u00e8 che Arnau fu uno degli autori promotori del processo di razionalizzazione e incorporazione alla medicina galenista bassomedievale di processi terapeutici provenienti dalla magia naturale e dall\u2019astrologia.<\/p>\n\n\n\n<p>Infatti, in alcuni dei suoi trattati teorici sviluppa il concetto di<em> proprietas<\/em>, che denomina anche \u201cvirt\u00f9 occulta\u201d perch\u00e9 n\u00e9 le sue cause n\u00e9 i suoi effetti possono essere pienamente compresi dalla ragione umana, in contrapposizione alle qualit\u00e0 complessionali, prevedibili dalla ragione, e prende come esempio gli effetti di una calamita. Di conseguenza, in alcuni dei suoi scritti di medicina pratica consiglia rimedi di questo tipo, come applicare le zampe di una rana, di una tartaruga o un\u2019anguilla ai piedi per calmare il dolore della podagra.<\/p>\n\n\n\n<p>A partire dal 1300 risulta che Arnau inizia a usare alcune terapie basate sull\u2019astrologia. In particolare, oltre ad evitare condizioni avverse quando si pratica il salasso, consiglia di applicare sigilli o medaglie astrologiche sugli arti affetti dal dolore, come fece per liberare dalle coliche renali Papa Bonifacio. Entrambe le indicazioni si basano sulla melotesia zodiacale, secondo la quale ogni parte del corpo umano \u00e8 influenzata da un segno zodiacale.<\/p>\n\n\n\n<p>Erano rimedi molto particolari a quel tempo e ancor di pi\u00f9 oggi. Ma \u00e8 importante far notare che questo tipo di rimedi erano molto secondari nella medicina di Arnau: la maggior parte delle sue misure terapeutiche non si basano sull\u2019astrologia e sulla magia bens\u00ec sulla dieta e sui farmaci composti a base complessionale. In conclusione, l\u2019interesse di Arnau per l\u2019occulto non super\u00f2 mai i limiti pi\u00f9 o meno tollerati dall\u2019\u00e9lite intellettuale del suo tempo, coerente con l\u2019attacco sistematico alle basi intellettuali della negromanzia contenuta nel <em>De reprobacione nigromantice ficcionis<\/em>.<\/p>\n\n\n<div class=\"wp-block-image\">\n<figure class=\"aligncenter size-full is-resized\"><img loading=\"lazy\" decoding=\"async\" width=\"400\" height=\"599\" src=\"https:\/\/webs.uab.cat\/arnau\/wp-content\/uploads\/sites\/132\/2016\/10\/400px-Astrological_signs_and_human_body_parts_14th_century-wp.jpg\" alt=\"\" class=\"wp-image-404\" style=\"width:360px;height:auto\" srcset=\"https:\/\/webs.uab.cat\/arnau\/wp-content\/uploads\/sites\/132\/2016\/10\/400px-Astrological_signs_and_human_body_parts_14th_century-wp.jpg 400w, https:\/\/webs.uab.cat\/arnau\/wp-content\/uploads\/sites\/132\/2016\/10\/400px-Astrological_signs_and_human_body_parts_14th_century-wp-200x300.jpg 200w\" sizes=\"auto, (max-width: 400px) 100vw, 400px\" \/><figcaption class=\"wp-element-caption\">Illustrazione: <em>Homo astrologicus<\/em> che illustra i punti per realizzare un salasso in un manoscritto ebraico che comprende un estratto del <em>De iudiciis astronomiae<\/em>.&nbsp; (MS Par\u00eds, Biblioth\u00e8que Nationale , H\u00e9breu 1182, f. 264v). Origine: <a href=\"Astrological_signs_and_human_body_parts_14th_century.jpg\">Wikimedia<\/a>.<\/figcaption><\/figure>\n<\/div>","protected":false},"excerpt":{"rendered":"<p>Per secoli il nome di Arnau de Vilanova \u00e8 stato associato alle pi\u00f9 svariate arti occulte, che erano arrivate con le scienze grecoaraba &#8211;la magia, la negromanzia, l&#8217;astrologia, l&#8217;alchimia, l&#8217;oniromanzia- fino a diventare una figura di maestro occultista, mentre gli venivano attribuite a caso numerose opere appartenenti a queste discipline. Insomma, cosa c\u2019\u00e8 di vero [&hellip;]<\/p>\n","protected":false},"author":20,"featured_media":0,"parent":0,"menu_order":0,"comment_status":"closed","ping_status":"closed","template":"","meta":{"footnotes":""},"class_list":["post-371","page","type-page","status-publish","hentry"],"_links":{"self":[{"href":"https:\/\/webs.uab.cat\/arnau\/it\/wp-json\/wp\/v2\/pages\/371","targetHints":{"allow":["GET"]}}],"collection":[{"href":"https:\/\/webs.uab.cat\/arnau\/it\/wp-json\/wp\/v2\/pages"}],"about":[{"href":"https:\/\/webs.uab.cat\/arnau\/it\/wp-json\/wp\/v2\/types\/page"}],"author":[{"embeddable":true,"href":"https:\/\/webs.uab.cat\/arnau\/it\/wp-json\/wp\/v2\/users\/20"}],"replies":[{"embeddable":true,"href":"https:\/\/webs.uab.cat\/arnau\/it\/wp-json\/wp\/v2\/comments?post=371"}],"version-history":[{"count":2,"href":"https:\/\/webs.uab.cat\/arnau\/it\/wp-json\/wp\/v2\/pages\/371\/revisions"}],"predecessor-version":[{"id":1970,"href":"https:\/\/webs.uab.cat\/arnau\/it\/wp-json\/wp\/v2\/pages\/371\/revisions\/1970"}],"wp:attachment":[{"href":"https:\/\/webs.uab.cat\/arnau\/it\/wp-json\/wp\/v2\/media?parent=371"}],"curies":[{"name":"wp","href":"https:\/\/api.w.org\/{rel}","templated":true}]}}