{"id":373,"date":"2013-11-27T11:43:02","date_gmt":"2013-11-27T11:43:02","guid":{"rendered":"https:\/\/webs.uab.cat\/arnau\/mite-2\/"},"modified":"2024-09-18T14:29:09","modified_gmt":"2024-09-18T14:29:09","slug":"mite-2","status":"publish","type":"page","link":"https:\/\/webs.uab.cat\/arnau\/it\/mite-2\/","title":{"rendered":"Il mito di  Arnau de Vilanova"},"content":{"rendered":"\n<p>Un insieme di fattori diversi ha contribuito a creare la leggenda di un Arnau de Vilanova esperto nelle arti occulte. Ebbe un ruolo decisivo il profetismo apocalittico di alcuni dei suoi scritti spirituali, e in generale la sua eterodossia religiosa, che gli provoc\u00f2 conflitti con l\u2019Inquisizione in vita e la condanna postuma della sua opera spirituale. Un\u2019altra causa \u00e8 stato il suo interesse per l\u2019applicazione medica dell\u2019<a href=\"magia-astrologia\">astrologia e la magia naturale<\/a>.<\/p>\n\n\n\n<p>Il mito di Arnau, come tutti i miti, si form\u00f2 progressivamente in un processo complesso: inizi\u00f2 nel XIV secolo e arriv\u00f2 al suo apice nel XVI secolo. Durante i trecento anni in cui si svilupp\u00f2 la leggenda arnaldiana si possono distinguere tre tradizioni principali legate alle arti occulte: quella legata alla negromanzia, quella alchemica e quella derivata dal profetismo escatologico. Inoltre, viene trasmessa spesso l\u2019immagine di un medico empirico, lontano dal galenismo che profess\u00f2.<\/p>\n\n\n<div class=\"wp-block-image\">\n<figure class=\"aligncenter size-full is-resized\"><img loading=\"lazy\" decoding=\"async\" width=\"304\" height=\"293\" src=\"https:\/\/webs.uab.cat\/arnau\/wp-content\/uploads\/sites\/132\/2016\/10\/llull-arnau.jpg\" alt=\"\" class=\"wp-image-500\" style=\"width:471px;height:454px\" srcset=\"https:\/\/webs.uab.cat\/arnau\/wp-content\/uploads\/sites\/132\/2016\/10\/llull-arnau.jpg 304w, https:\/\/webs.uab.cat\/arnau\/wp-content\/uploads\/sites\/132\/2016\/10\/llull-arnau-300x289.jpg 300w\" sizes=\"auto, (max-width: 304px) 100vw, 304px\" \/><figcaption class=\"wp-element-caption\">Raimondo Lullo e Arnau de Vilanova, discepolo e maestro di alchimia secondo la leggenda, in una miniatura di un manoscritto alchemico \u201cpseudolulliale\u201d, seconda met\u00e0 del XV secolo.(Firenze, BNC, ms. B.R. 52, f. 237v). Origine: <a rel=\"noreferrer noopener\" href=\"http:\/\/www.sciencia.cat\/biblioteca\/edicions\/17alquimia.htm\" target=\"_blank\">Sciencia.cat<\/a>.<\/figcaption><\/figure>\n<\/div>\n\n\n<h2 class=\"wp-block-heading\">Arnau negromante<\/h2>\n\n\n\n<p>Tra le calunnie che circolarono sul conto di Arnau gi\u00e0 in vita, come lui stesso denuncia nel <em>Raonament d&#8217;Aviny\u00f3<\/em> (1310) c\u2019erano quelle di negromante e stregone. Pertanto il mito che lo ritrae come maestro delle arti occulte sembra avere origine nell\u2019immagine distorta di Arnau che davano i detrattori coetanei delle sue opinioni religiose. A questa fama dovettero contribuire i sospetti di complicit\u00e0 di Arnau nel presunto avvelenamento del Papa Benedetto XI da parte del francescano Bernat Delici\u00f3s, riportati negli atti del processo contro di lui (1319). In realt\u00e0, tutti i sospetti sono infondati, poich\u00e9 la morte del pontefice, nel 1304, avvenne per cause naturali.<\/p>\n\n\n\n<h2 class=\"wp-block-heading\">Arnau alchimista<\/h2>\n\n\n\n<p>La sua fama di alchimista, grazie alla quale arriv\u00f2 ad essere considerato uno degli autori fondamentali dell\u2019alchimia medievale, con un esteso <a href=\"alquimia\">corpus alchemico<\/a> attribuito, fu molto precoce. Si possono indicare i seguenti fatti:<\/p>\n\n\n\n<ul class=\"wp-block-list\">\n<li>A met\u00e0 del XIV secolo il canonista Giovanni d&#8217;Andrea fa notare che Arnau era riuscito a fabbricare delle bacchette d\u2019oro.<\/li>\n\n\n\n<li>Alla fine del XIV secolo il maestro Arnau appare come il prototipo dell\u2019alchimista in uno dei <a href=\"http:\/\/en.wikisource.org\/wiki\/The_Canterbury_Tales\/The_Canon%27s_Yeoman%27s_Prologue_and_Tale\">Racconti di Canterbury<\/a> di Chaucer.<\/li>\n\n\n\n<li>La leggenda dice anche che <a href=\"http:\/\/quisestlullus.narpan.net\/2_pseudo.html\">Ramon Llull<\/a>, a cui si attribuisce falsamente un corpus alchemico, si sarebbe convertito alla verit\u00e0 dell\u2019alchimia dopo il suo incontro con Arnau.<\/li>\n\n\n\n<li>Oltre alla produzione dell\u2019oro, l\u2019altra grande trovata alchemica leggendaria di Arnau sarebbe stata la creazione di un uomo artificiale od omuncolo. Il teologo Alonso de Madrigal, il \u201cTostado\u201d (1400 1455), narra l&#8217;episodio nel quale Arnau crea un essere umano artificiale in un bicchiere ma non ha il coraggio di portare la creazione fino alla fine per la paura di essere visto come un usurpatore del potere di Dio.<\/li>\n<\/ul>\n\n\n\n<h2 class=\"wp-block-heading\">Arnau profeta<\/h2>\n\n\n\n<p>Senza dubbio la parte del contributo spirituale di Arnau che lascer\u00e0 una memoria pi\u00f9 duratura sono le sue <a href=\"http:\/\/grupsderecerca.uab.cat\/arnau\/profeta\">profezie apocalittiche<\/a>, per lo scandalo che hanno rappresentato e perch\u00e9 erano facili da ridicolizzare, e invece si \u00e8 dimenticato il principio del suo messaggio: la necessit\u00e0 di riformare la Chiesa. Questa distorsione arriva al suo massimo quando, verso il 1500, Giovanni Pico della Mirandola e, con lui, Symphorien Champier, lo schernisce per aver predetto una venuta dell\u2019Anticristo e una fine del mondo che non arriv\u00f2 e attribuiscono al profetismo arnaldiano una base astrologica che non ha alcun fondamento..<\/p>\n\n\n\n<h2 class=\"wp-block-heading\">Arnau mago<\/h2>\n\n\n\n<p>Le tre tradizioni convergono nel rinascimento in un\u2019immagine di Arnau archetipica del medico-mago che dominava un\u2019ampia variet\u00e0 di saperi -medicina, teologia, filosofia, astrologia, magia e alchimia- e di lingue &#8211; latino, greco, arabo ed ebraico-, non solo perch\u00e9 una figura cos\u00ec rispecchiava alla perfezione l\u2019ideale neoplatonico del saggio completo, ma anche perch\u00e9 la maggior capacit\u00e0 di diffusione della stampa agevol\u00f2 l\u2019accesso ai testi trasmessi dalle varie tradizioni e all\u2019insieme del corpus arnaldiano. In epoca moderna Arnau divenne un personaggio elogiato o ingiurato nelle controverse tra i partitari e i critici della magia, dell\u2019astrologia, dell\u2019alchimia e del paracelsismo.<\/p>\n","protected":false},"excerpt":{"rendered":"<p>Un insieme di fattori diversi ha contribuito a creare la leggenda di un Arnau de Vilanova esperto nelle arti occulte. Ebbe un ruolo decisivo il profetismo apocalittico di alcuni dei suoi scritti spirituali, e in generale la sua eterodossia religiosa, che gli provoc\u00f2 conflitti con l\u2019Inquisizione in vita e la condanna postuma della sua opera [&hellip;]<\/p>\n","protected":false},"author":20,"featured_media":0,"parent":0,"menu_order":0,"comment_status":"closed","ping_status":"closed","template":"","meta":{"footnotes":""},"class_list":["post-373","page","type-page","status-publish","hentry"],"_links":{"self":[{"href":"https:\/\/webs.uab.cat\/arnau\/it\/wp-json\/wp\/v2\/pages\/373","targetHints":{"allow":["GET"]}}],"collection":[{"href":"https:\/\/webs.uab.cat\/arnau\/it\/wp-json\/wp\/v2\/pages"}],"about":[{"href":"https:\/\/webs.uab.cat\/arnau\/it\/wp-json\/wp\/v2\/types\/page"}],"author":[{"embeddable":true,"href":"https:\/\/webs.uab.cat\/arnau\/it\/wp-json\/wp\/v2\/users\/20"}],"replies":[{"embeddable":true,"href":"https:\/\/webs.uab.cat\/arnau\/it\/wp-json\/wp\/v2\/comments?post=373"}],"version-history":[{"count":2,"href":"https:\/\/webs.uab.cat\/arnau\/it\/wp-json\/wp\/v2\/pages\/373\/revisions"}],"predecessor-version":[{"id":1975,"href":"https:\/\/webs.uab.cat\/arnau\/it\/wp-json\/wp\/v2\/pages\/373\/revisions\/1975"}],"wp:attachment":[{"href":"https:\/\/webs.uab.cat\/arnau\/it\/wp-json\/wp\/v2\/media?parent=373"}],"curies":[{"name":"wp","href":"https:\/\/api.w.org\/{rel}","templated":true}]}}