{"id":374,"date":"2013-11-27T19:34:56","date_gmt":"2013-11-27T19:34:56","guid":{"rendered":"https:\/\/webs.uab.cat\/arnau\/impremta-2\/"},"modified":"2024-09-18T14:31:05","modified_gmt":"2024-09-18T14:31:05","slug":"impremta-2","status":"publish","type":"page","link":"https:\/\/webs.uab.cat\/arnau\/it\/impremta-2\/","title":{"rendered":"Arnau nella stampa moderna"},"content":{"rendered":"\n<p>Molti degli <a href=\"medica\">scritti medici <\/a> ed <a href=\"alquimia\">alchemici<\/a> attribuiti ad Arnau, autentici o<a href=\"apocrifs\">apocrifi<\/a>, ebbero una grande diffusione attraverso la copia manoscritta durante il XIV e il XV secolo, secondo quanto dimostrato dall\u2019elevato numero di esemplari conservati in biblioteche di tutta Europa. Con l\u2019introduzione della stampa che segna l\u2018ingresso nell\u2019et\u00e0 moderna, non diminu\u00ec la diffusione del corpus arnaldiano, anzi, numerose opere attribuite ad Arnau, autentiche o meno, furono stampate dal 1470 fino al 1800 in tutta Europa, da Siviglia a Cracovia, da Londra a Salerno.<\/p>\n\n\n\n<ul class=\"wp-block-list\">\n<li>otto edizioni generali dal 1504 al 1586 che raccolgono pi\u00f9 di sessanta opere in totale.<\/li>\n\n\n\n<li>Molti scritti furono stampati in edizioni speciali, antologie e volumi miscellanei medici ed alchemici.<\/li>\n\n\n\n<li>Furono pubblicate anche versioni in tedesco, inglese, spagnolo, francese, italiano e olandese.<\/li>\n<\/ul>\n\n\n\n<p>Cos\u2019\u00e8 che giustifica questo successo nel rinascimento, un\u2019epoca in cui la tendenza dominante era il ritorno ai classici? Si spiega con diversi fattori: la figura di Arnau era arrivata ad essere poliedrica per la sua <a href=\"mite\">leggenda<\/a> e la variet\u00e0 del vasto corpus di opere che gli venivano attribuite, in modo che le varie correnti della medicina e della filosofia naturale del rinascimento trovano quello che interessa a ciascuno. Il primo periodo di auge si verifica tra il 1480 e il 1520, corrispondente all\u2019epoca nella quale la stampa si nutre in gran misura di materiali medievali. Ma nel caso di Arnau si avvicinano non solo i settori pi\u00f9 conservatori ancorati al <a href=\"galenisme\">galenismo<\/a> arabo-latino e legati soprattutto allo establishment universitario, che apprezzano particolarmente la sua medicina <a href=\"practica\">pratica<\/a>, bens\u00ec anche medici e pensatori influenzati dal neoplatonismo come Marsilio Ficino o Agrippa von Nettesheim, attratti in particolare dall\u2019aspetto esoterico ed empirico di una parte del corpus arnaldiano. Dall\u2019altra parte, la traduzione nelle lingue vernacole guadagnava terreno, favorite dall\u2019opera igienica arnaldiana, che si fa strada tra i lettori interessati alla cura della salute.<\/p>\n\n\n\n<p>Dall\u2019altra parte, gli indici inquisitoriali dei libri proibiti vietavano di pubblicare <a href=\"espiritual\" target=\"_blank\" rel=\"noopener\">Arnau spirituale<\/a>. Quindi, solo su territorio protestante si poteva stampare un\u2019opera teologica sua, l\u2019<em>Interpretatio de visionibus in somniis<\/em>, l\u2019unica stampata in epoca moderna pi\u00f9 volte tra il 1562 e il 1672. La falsit\u00e0 del clero \u00e8 sottomessa a un\u2019incisiva critica e si invoca la riforma della Chiesa. Per questo il teologo luterano Matthias Flacius Illyricus la incluse nel suo <em>Catalogus testium veritatis<\/em>, nella quale cercava precedenti della Riforma nel corso dei secoli, particolarmente le testimonianze che intaccavano la reputazione del papato.<\/p>\n\n\n\n<p>Anche in ambito protestante, soprattutto durate la seconda met\u00e0 del XVI secolo, si osserva una forte rivalutazione del <a href=\"alquimia\" target=\"_blank\" rel=\"noopener\">corpus alchemico pseudoarnaldiano<\/a>. Il ritorno del nome di Arnau si iscrive all\u2019interno di un movimento con epicentro nelle tipografie di Basilea che cercano di divulgare il corpus alchemico medievale, come un complemento alla diffusione del paracelsismo dopo che lo stesso Paracelso era stato influenzato dal corpus attribuito ad Arnau e da altre autorit\u00e0 alchemiche medievali. \u00c8 ironico il fatto che Arnau, difensore ad oltranza dell\u2019<a href=\"autoritats\">introduzione di Galeno<\/a> nell\u2019Universit\u00e0, sia rivendicato nel rinascimento dagli empiristi, parecelsisti e iatrochimici come un precursore nella lotta contro il galensimo imperante all\u2019interno delle universit\u00e0.<\/p>\n\n\n<div class=\"wp-block-image\">\n<figure class=\"aligncenter size-full is-resized\"><img loading=\"lazy\" decoding=\"async\" width=\"356\" height=\"550\" src=\"https:\/\/webs.uab.cat\/arnau\/wp-content\/uploads\/sites\/132\/2016\/10\/weintractat.jpg\" alt=\"\" class=\"wp-image-596\" style=\"aspect-ratio:0.647594278283485;width:418px;height:auto\" srcset=\"https:\/\/webs.uab.cat\/arnau\/wp-content\/uploads\/sites\/132\/2016\/10\/weintractat.jpg 356w, https:\/\/webs.uab.cat\/arnau\/wp-content\/uploads\/sites\/132\/2016\/10\/weintractat-194x300.jpg 194w\" sizes=\"auto, (max-width: 356px) 100vw, 356px\" \/><figcaption class=\"wp-element-caption\">Illustrazione:&nbsp;<em>Tractat von Bereytung der Weine<\/em>, Strasburgo 1512, Adattamento tedesco di Wilhelm von Hirnkofen del <em>De vinis<\/em>attribuito ad Arnau. Questa versione \u00e8 un vero e proprio successo editoriale della stampa originale.<\/figcaption><\/figure>\n<\/div>\n\n\n<p><\/p>\n","protected":false},"excerpt":{"rendered":"<p>Molti degli scritti medici ed alchemici attribuiti ad Arnau, autentici oapocrifi, ebbero una grande diffusione attraverso la copia manoscritta durante il XIV e il XV secolo, secondo quanto dimostrato dall\u2019elevato numero di esemplari conservati in biblioteche di tutta Europa. Con l\u2019introduzione della stampa che segna l\u2018ingresso nell\u2019et\u00e0 moderna, non diminu\u00ec la diffusione del corpus arnaldiano, [&hellip;]<\/p>\n","protected":false},"author":20,"featured_media":0,"parent":0,"menu_order":0,"comment_status":"closed","ping_status":"closed","template":"","meta":{"footnotes":""},"class_list":["post-374","page","type-page","status-publish","hentry"],"_links":{"self":[{"href":"https:\/\/webs.uab.cat\/arnau\/it\/wp-json\/wp\/v2\/pages\/374","targetHints":{"allow":["GET"]}}],"collection":[{"href":"https:\/\/webs.uab.cat\/arnau\/it\/wp-json\/wp\/v2\/pages"}],"about":[{"href":"https:\/\/webs.uab.cat\/arnau\/it\/wp-json\/wp\/v2\/types\/page"}],"author":[{"embeddable":true,"href":"https:\/\/webs.uab.cat\/arnau\/it\/wp-json\/wp\/v2\/users\/20"}],"replies":[{"embeddable":true,"href":"https:\/\/webs.uab.cat\/arnau\/it\/wp-json\/wp\/v2\/comments?post=374"}],"version-history":[{"count":2,"href":"https:\/\/webs.uab.cat\/arnau\/it\/wp-json\/wp\/v2\/pages\/374\/revisions"}],"predecessor-version":[{"id":1977,"href":"https:\/\/webs.uab.cat\/arnau\/it\/wp-json\/wp\/v2\/pages\/374\/revisions\/1977"}],"wp:attachment":[{"href":"https:\/\/webs.uab.cat\/arnau\/it\/wp-json\/wp\/v2\/media?parent=374"}],"curies":[{"name":"wp","href":"https:\/\/api.w.org\/{rel}","templated":true}]}}