{"id":379,"date":"2013-11-11T23:18:23","date_gmt":"2013-11-11T23:18:23","guid":{"rendered":"https:\/\/webs.uab.cat\/arnau\/practica-2\/"},"modified":"2024-09-18T13:17:13","modified_gmt":"2024-09-18T13:17:13","slug":"practica-2","status":"publish","type":"page","link":"https:\/\/webs.uab.cat\/arnau\/it\/practica-2\/","title":{"rendered":"Medicina pratica"},"content":{"rendered":"\n<ol class=\"wp-block-list\" start=\"25\">\n<li><em>Regimen sanitatis ad regem Aragonum<\/em> (\u201cRegime sanitario per il re d\u2019Aragona\u201d, 1305-1308): \u00e8 un regime di vita per preservare la salute del re Giacomo II, adattato alla costituzione individuale e alle condizioni fisiche e quotidiane del re fino al punto di aggiungere un capitolo dedicato alle emorroidi di cui soffriva. Contiene consigli di igiene sui fattori che condizionano la salute. Il luogo dove installare la corte, l\u2019esercizio fisico, il bagno, il mangiare, il bere e le emozioni. Nonostante si tratti di un regime specifico per una persona, arriv\u00f2 ad essere, grazie al suo stile semplice, chiaro e coinciso, comprensibile ai profani, il testo pi\u00f9 popolare e diffuso di Arnau, come testimoniano i numerosissimi manoscritti che lo contengono in tutta Europa e le traduzioni in catalano e in ebraico. La prima traduzione, in catalano, fu incaricata dalla regina Bianca al chirurgo Berenguer de Sarriera nel 1310. Ci sono testimonianze di quattro traduzioni medievali in ebraico e una moderna in spagnolo, di Jer\u00f3nimo de Mondrag\u00f3n (1610).<\/li>\n\n\n\n<li><em>Regimen Almariae<\/em> (\u201cRegime di Almeria\u201d) o (\u201cRegime di coloro che seguono gli accampamenti\u201d) \u00e8 un brevissimo opuscolo che forse \u00e8 il primo trattato medievale che consiglia le misure di igiene e salute per gli eserciti in campagna. Fu scritto nel 1310 in occasione della crociata di Giacomo II ad Almeria, ma, redatto durante il viaggio fino alla citt\u00e0, fu consegnato una volta concluso l\u2019assedio.<\/li>\n\n\n\n<li><em>Practica summaria<\/em> (\u201cPratica sommaria\u201d) \u00e8 un breve compendio dei trattamenti per trentuno malattie frequenti, venti ordinate seguendo l\u2019ordine convenzionale dalla testa ai piedi, e undici per febbre e altri sintomi non localizzati in un organo specifico. Redatto in modo molto sintetico, con uno stile semplice e diretto, nonostante la sua modesta ambizione, \u00e8 probabilmente l\u2019opera pi\u00f9 completa per conoscere la medicina pratica di Arnau che \u00e8 giunta fino a noi. \u00c8 possibile che sia stata tradotta in catalano in vita dall\u2019autore. Alcuni dei manoscritti che trasmettono questa opera contengono una dedica al priore di San Baudilio de Nimes, mentre altre sono indirizzate, in modo meno credibile, a Clemente V.<\/li>\n\n\n\n<li><em>Pars operativa<\/em> o <em>De parte operativa<\/em> (\u201cParte operativa\u201d) costituisce un compendio di pratica medica, come complemento del teorico <em>Speculum medicinae<\/em>. Doveva essere generale, ordinato dalla testa ai piedi, ma rest\u00f2 incompleto con la morte dell\u2019autore. Ci \u00e8 giunta solo l\u2019introduzione, che offre una riflessione sulla natura della medicina e il rapporto tra un segnale e la malattia, e la prima parte, dedicata alle malattie mentali. Seguendo l\u2019ortodossia galenica, le malattie psichiche sono attribuite ad alterazioni organiche.<\/li>\n\n\n\n<li>Il <em>Regimen podagrae<\/em> (\u201cTrattamento della podagra\u201d) \u00e8 un primo esempio del genere del <em>consilium<\/em> o trattamento specifico rivolto a una persona determinata, in questo caso a un malato di podagra. Tra molte misure dietetiche e farmacologiche, ci sono alcune indicazioni astrologiche per il salasso e alcuni rimedi basati sulla magia naturale.<\/li>\n<\/ol>\n\n\n\n<figure class=\"wp-block-image size-full is-resized\"><img loading=\"lazy\" decoding=\"async\" width=\"500\" height=\"656\" src=\"https:\/\/webs.uab.cat\/arnau\/wp-content\/uploads\/sites\/132\/2016\/10\/casadebanys.jpg\" alt=\"\" class=\"wp-image-554\" style=\"aspect-ratio:0.7620087336244541;width:447px;height:auto\" srcset=\"https:\/\/webs.uab.cat\/arnau\/wp-content\/uploads\/sites\/132\/2016\/10\/casadebanys.jpg 500w, https:\/\/webs.uab.cat\/arnau\/wp-content\/uploads\/sites\/132\/2016\/10\/casadebanys-229x300.jpg 229w\" sizes=\"auto, (max-width: 500px) 100vw, 500px\" \/><figcaption class=\"wp-element-caption\">Illustrazione: I regimi sanitari disciplinavano lo stile di vita dei pazienti benestanti, non solo negli aspetti come l\u2019alimentazione ma anche il bagno, il sesso e i piaceri che potevano avere effetti positivi sullo stato d\u2019animo, come la musica o l\u2019attivit\u00e0 sociale. Stanza da bagno secondo una miniatura.<em> Facta et dicta memorabilia<\/em> di Valerio Massimo (f. 244), c. 1470, Staatsbibliothek, Berlino-Preussischer Kulturbesitz (Depot Breslau 2). Origine: <a rel=\"noreferrer noopener\" href=\"http:\/\/wtfarthistory.com\/post\/21782521659\/medieval-bathhouses\" target=\"_blank\">WTF Art History<\/a>.<\/figcaption><\/figure>\n\n\n\n<p><\/p>\n","protected":false},"excerpt":{"rendered":"","protected":false},"author":20,"featured_media":0,"parent":0,"menu_order":0,"comment_status":"closed","ping_status":"closed","template":"","meta":{"footnotes":""},"class_list":["post-379","page","type-page","status-publish","hentry"],"_links":{"self":[{"href":"https:\/\/webs.uab.cat\/arnau\/it\/wp-json\/wp\/v2\/pages\/379","targetHints":{"allow":["GET"]}}],"collection":[{"href":"https:\/\/webs.uab.cat\/arnau\/it\/wp-json\/wp\/v2\/pages"}],"about":[{"href":"https:\/\/webs.uab.cat\/arnau\/it\/wp-json\/wp\/v2\/types\/page"}],"author":[{"embeddable":true,"href":"https:\/\/webs.uab.cat\/arnau\/it\/wp-json\/wp\/v2\/users\/20"}],"replies":[{"embeddable":true,"href":"https:\/\/webs.uab.cat\/arnau\/it\/wp-json\/wp\/v2\/comments?post=379"}],"version-history":[{"count":2,"href":"https:\/\/webs.uab.cat\/arnau\/it\/wp-json\/wp\/v2\/pages\/379\/revisions"}],"predecessor-version":[{"id":1945,"href":"https:\/\/webs.uab.cat\/arnau\/it\/wp-json\/wp\/v2\/pages\/379\/revisions\/1945"}],"wp:attachment":[{"href":"https:\/\/webs.uab.cat\/arnau\/it\/wp-json\/wp\/v2\/media?parent=379"}],"curies":[{"name":"wp","href":"https:\/\/api.w.org\/{rel}","templated":true}]}}