{"id":384,"date":"2013-11-10T07:59:12","date_gmt":"2013-11-10T07:59:12","guid":{"rendered":"https:\/\/webs.uab.cat\/arnau\/catalana-2\/"},"modified":"2024-09-18T13:27:02","modified_gmt":"2024-09-18T13:27:02","slug":"catalana-2","status":"publish","type":"page","link":"https:\/\/webs.uab.cat\/arnau\/it\/catalana-2\/","title":{"rendered":"Opere, documenti ed epistole in catalano"},"content":{"rendered":"\n<ol class=\"wp-block-list\" start=\"41\">\n<li><em>Protesta al just\u00edcia de Val\u00e8ncia<\/em> (\u201cProtesta alla magistratura di Valencia\u201d, Valencia, 20 aprile 1300): documento relativo a una lite contro Berenguer Mercer.<\/li>\n\n\n\n<li><em>Confessi\u00f3 de Barcelona <\/em>(\u201cConfessione di Barcellona\u201d Barcellona, 11 luglio 1305): confessione delle tesi profetico-apocalittiche, in senso lato, letta nel Palazzo reale davanti al re Giacomo II e una distinta assemblea. In base ai testi biblici (Daniele XII, 11, Atti I, 7) e alle rivelazioni speciali (<em>Insurgent gentes, Cirillo\u2026<\/em>), Arnau de Vilanova argomenta che \u00e8 possibile, utile e necessario conoscere i tempi della venuta (imminente) dell&#8217;Anticristo. La parte dedicata ai falsi religiosi \u00e8 una traduzione della <em>Confessio Ilerdensis<\/em>.<\/li>\n\n\n\n<li><em>Lli\u00e7\u00f3 de Narbona<\/em> (\u201cLezione di Narbona\u201d tra l\u2019estate del 1305 e la fine del 1308; forse tra il 1\u00ba maggio e il 27 ottobre 1308): letta a Narbona, Arnau de Vilanova espone un programma spirituale per i beghini. Contrappone il cristianesimo superficiale e di convenienza dei suoi tempi alla fermezza e alla convinzione dei beghini, che portano inciso nel loro cuore il fondamento della fede: l\u2019opera e la dottrina di Ges\u00f9 Cristo.<\/li>\n\n\n\n<li><em>A la reina Blanca d&#8217;Anjou<\/em> (\u201cAlla Regina Bianca d\u2019Angi\u00f2\u201d, Avignone, estate 1309): Arnau informa la regina Bianca di alcune pratiche realizzate.<\/li>\n\n\n\n<li><em>Raonament d&#8217;Aviny\u00f3<\/em> (\u201cRagionamento di Avignone\u201d Almeria, gennaio 1310): Arnau rende conto al re Giacomo delle richieste fatte ad Avignone davanti al Papa e ai cardinali sul programma di riforma. Nel <em>Raonament<\/em> Arnau de Vilanova espone che come un \u00absoldato\u00bb di Cristo ha annunciato che il mondo finir\u00e0 nel XIV secolo, che il popolo cristiano \u00e8 di fatti il pi\u00f9 falso, e che la causa di ci\u00f2 \u00e8 il cattivo esempio dei prelati, dei principi e dei religiosi in genere. Come lettera a Giacomo II e Federico di Sicilia, Arnau dichiara che Dio gli ha ispirati a guidare un programma per promuovere la verit\u00e0 del cristianesimo e che che hanno iniziato ad attuarlo.<\/li>\n\n\n\n<li><em>Alia informatio beguinorum <\/em>(\u201cAltre informazioni sui beghini\u201d dopo la primavera del 1310): \u00e8 una difesa e giustificazione delle opzioni di vita dei beghini davanti a una possibile (o reale) indagine inquisitoriale: la mendicit\u00e0, la povert\u00e0 radicale, la rinuncia alla propriet\u00e0, l\u2019amore di Dio e il disprezzo del mondo, l\u2019emarginazione sociale, il rifiuto della scienza umana.<\/li>\n\n\n\n<li><em>Al rei Jaume II<\/em> (\u201cAl re Giacomo II\u201d Marsiglia, 17 giugno 1310): Arnau informa il Giacomo II sulle azioni realizzate.<\/li>\n\n\n\n<li><em>Informaci\u00f3 espiritual<\/em> (\u201cInformazioni spirituali\u201d probabilmente, Messina, estate 1310): Arnau informa il re Federico III di Sicilia di quello che deve fare come re e come cristiano. Come re cristiano, Federico deve promuovere la verit\u00e0 del cristianesimo. Se il re implementa tali proposte sar\u00e0 un bene per tutti. Di fatti le <em>Constituciones Regni Trinacriae <\/em>(n\u00ba. 38) si ispirano ad alcuni consigli arnaldiani della <em> Informaci\u00f3 espiritual<\/em>.<\/li>\n<\/ol>\n\n\n\n<figure class=\"wp-block-image size-full is-resized\"><img loading=\"lazy\" decoding=\"async\" width=\"550\" height=\"359\" src=\"https:\/\/webs.uab.cat\/arnau\/wp-content\/uploads\/sites\/132\/2016\/10\/geschi-beginen-gr.jpg\" alt=\"\" class=\"wp-image-560\" style=\"aspect-ratio:1.5295404814004376;width:555px;height:auto\" srcset=\"https:\/\/webs.uab.cat\/arnau\/wp-content\/uploads\/sites\/132\/2016\/10\/geschi-beginen-gr.jpg 550w, https:\/\/webs.uab.cat\/arnau\/wp-content\/uploads\/sites\/132\/2016\/10\/geschi-beginen-gr-300x196.jpg 300w\" sizes=\"auto, (max-width: 550px) 100vw, 550px\" \/><figcaption class=\"wp-element-caption\">Illustrazione: Comunit\u00e0 di beghine di Gand. Origine: <a rel=\"noreferrer noopener\" href=\"http:\/\/www.cellitinnen-osa.de\" target=\"_blank\">Genossenschaft der Cellitinnen<\/a>.<\/figcaption><\/figure>\n","protected":false},"excerpt":{"rendered":"","protected":false},"author":20,"featured_media":0,"parent":0,"menu_order":0,"comment_status":"closed","ping_status":"closed","template":"","meta":{"footnotes":""},"class_list":["post-384","page","type-page","status-publish","hentry"],"_links":{"self":[{"href":"https:\/\/webs.uab.cat\/arnau\/it\/wp-json\/wp\/v2\/pages\/384","targetHints":{"allow":["GET"]}}],"collection":[{"href":"https:\/\/webs.uab.cat\/arnau\/it\/wp-json\/wp\/v2\/pages"}],"about":[{"href":"https:\/\/webs.uab.cat\/arnau\/it\/wp-json\/wp\/v2\/types\/page"}],"author":[{"embeddable":true,"href":"https:\/\/webs.uab.cat\/arnau\/it\/wp-json\/wp\/v2\/users\/20"}],"replies":[{"embeddable":true,"href":"https:\/\/webs.uab.cat\/arnau\/it\/wp-json\/wp\/v2\/comments?post=384"}],"version-history":[{"count":2,"href":"https:\/\/webs.uab.cat\/arnau\/it\/wp-json\/wp\/v2\/pages\/384\/revisions"}],"predecessor-version":[{"id":1951,"href":"https:\/\/webs.uab.cat\/arnau\/it\/wp-json\/wp\/v2\/pages\/384\/revisions\/1951"}],"wp:attachment":[{"href":"https:\/\/webs.uab.cat\/arnau\/it\/wp-json\/wp\/v2\/media?parent=384"}],"curies":[{"name":"wp","href":"https:\/\/api.w.org\/{rel}","templated":true}]}}