{"id":101,"date":"2013-11-17T02:57:55","date_gmt":"2013-11-17T02:57:55","guid":{"rendered":"https:\/\/webs.uab.cat\/arnau\/magia-astrologia\/"},"modified":"2024-06-10T12:50:58","modified_gmt":"2024-06-10T12:50:58","slug":"magia-astrologia","status":"publish","type":"page","link":"https:\/\/webs.uab.cat\/arnau\/magia-astrologia\/","title":{"rendered":"M\u00e0gia natural i astrologia"},"content":{"rendered":"\n<p>Durant segles el nom d&#8217;Arnau de Vilanova s&#8217;ha vinculat a les m\u00e9s variades arts ocultes, que havien arribat amb les <a href=\"galenisme\">ci\u00e8ncies grecoar\u00e0bigues<\/a> -la m\u00e0gia, la nigrom\u00e0ncia, l&#8217;astrologia, <a href=\"http:\/\/grupsderecerca.uab.cat\/arnau\/alquimia\">l&#8217;alqu\u00edmia<\/a>, l&#8217;onirom\u00e0ncia- fins a esdevenir una <a href=\"http:\/\/grupsderecerca.uab.cat\/arnau\/mite\">figura arquet\u00edpica de mestre ocultista<\/a>, alhora que li eren <a href=\"http:\/\/grupsderecerca.uab.cat\/arnau\/en\/apocrifs\" target=\"_self\" rel=\"noopener\">atribu\u00efdes esp\u00fariament nombroses obres<\/a> pertanyents a aquestes disciplines. Ara b\u00e9, qu\u00e8 hi ha de veritat en aquesta fama? La veritat \u00e9s que Arnau va ser un dels autors que van encap\u00e7alar el proc\u00e9s de racionalitzar i incorporar a la medicina galenista baixmedieval procediments terap\u00e8utics provinents de la m\u00e0gia natural i de l&#8217;astrologia.<\/p>\n\n\n\n<p>En efecte, algunes dels seus tractats te\u00f2rics desenvolupa el concepte de<em> proprietas<\/em>, que tamb\u00e9 anomena \u201cvirtut oculta\u201d perqu\u00e8 ni les seves causes ni els seus efectes poden ser plenament entesos per la ra\u00f3 humana, en contraposici\u00f3 a les qualitats complexionals, previsibles per la ra\u00f3, i posa com a exemple els efectes d&#8217;un imant. En conseq\u00fc\u00e8ncia, en alguns dels seus escrits de medicina pr\u00e0ctica aconsella remeis d&#8217;aquesta mena, com ara aplicar les potes una granota d&#8217;una tortuga o un \u00e0guila i sobre els peus per calmar el dolor del poagre.<\/p>\n\n\n\n<p>A partir de 1300 consta que Arnau va comen\u00e7ar a utilitzar algunes mesures terap\u00e8utiques basades en l&#8217;astrologia. En concret adverteix que cal evitar condicions astrol\u00f2giques adverses a l&#8217;hora de practicar la sagnia i recomana aplicar segelles o medalles astrol\u00f2giques sobre els membres afectats de dolor, com va fer per alliberar el Papa Bonifaci del dolor provocat pel seu mal de pedra. Totes dues indicacions es basen en la melot\u00e8sia zodiacal, segons la qual cada part del cos hum\u00e0 cau sota la influ\u00e8ncia d&#8217;un signe del zod\u00edac.<\/p>\n\n\n\n<p>Eren recursos molt cridaners en la seva \u00e8poca i encara m\u00e9s avui dia. Per\u00f2 \u00e9s important advertir que aquesta mena de recursos eren for\u00e7a minoritaris en la medicina d&#8217;Arnau: la gran majoria de les seves mesures terap\u00e8utiques no estan basats en l&#8217;astrologia i la m\u00e0gia sin\u00f3 en la dieta i els medicaments compostos de base complexional. En conclusi\u00f3, l&#8217;inter\u00e8s d&#8217;Arnau per l&#8217;ocult no va traspassar els l\u00edmits m\u00e9s o menys tolerats per l&#8217;elit intel\u00b7lectual del seu temps, coherentment amb l&#8217;atac sistem\u00e0tic a les bases intel\u00b7lectuals de la nigrom\u00e0ncia contingut en el <em>De reprobacione nigromantice ficcionis<\/em>.<\/p>\n\n\n<figure class=\"wp-block-image size-full is-resized\"><img loading=\"lazy\" decoding=\"async\" width=\"400\" height=\"599\" class=\"wp-image-401\" style=\"width: 481px;height: 720px\" src=\"https:\/\/webs.uab.cat\/arnau\/wp-content\/uploads\/sites\/132\/2016\/10\/400px-Astrological_signs_and_human_body_parts_14th_century-wp.jpg\" alt=\"\" srcset=\"https:\/\/webs.uab.cat\/arnau\/wp-content\/uploads\/sites\/132\/2016\/10\/400px-Astrological_signs_and_human_body_parts_14th_century-wp.jpg 400w, https:\/\/webs.uab.cat\/arnau\/wp-content\/uploads\/sites\/132\/2016\/10\/400px-Astrological_signs_and_human_body_parts_14th_century-wp-200x300.jpg 200w\" sizes=\"auto, (max-width: 400px) 100vw, 400px\" \/>\n<figcaption class=\"wp-element-caption\">Il\u00b7lustraci\u00f3: <em>Homo astrologicus<\/em> que il\u00b7lustra els punts per realitzar la sagnia en un manuscrit hebreu que inclou un extracte del De iudiciis astronomiae (MS Par\u00eds, Biblioth\u00e8que Nationale , H\u00e9breu 1182, f. 264v). Proced\u00e8ncia: <a href=\"https:\/\/webs.uab.cat\/arnau\/wp-admin\/Astrological_signs_and_human_body_parts_14th_century.jpg\">Wikimedia<\/a>.<\/figcaption>\n<\/figure>\n\n\n<p><\/p>\n","protected":false},"excerpt":{"rendered":"<p>Durant segles el nom d&#8217;Arnau de Vilanova s&#8217;ha vinculat a les m\u00e9s variades arts ocultes, que havien arribat amb les ci\u00e8ncies grecoar\u00e0bigues -la m\u00e0gia, la nigrom\u00e0ncia, l&#8217;astrologia, l&#8217;alqu\u00edmia, l&#8217;onirom\u00e0ncia- fins a esdevenir una figura arquet\u00edpica de mestre ocultista, alhora que li eren atribu\u00efdes esp\u00fariament nombroses obres pertanyents a aquestes disciplines. Ara b\u00e9, qu\u00e8 hi ha [&hellip;]<\/p>\n","protected":false},"author":20,"featured_media":0,"parent":0,"menu_order":0,"comment_status":"closed","ping_status":"closed","template":"","meta":{"footnotes":""},"class_list":["post-101","page","type-page","status-publish","hentry"],"_links":{"self":[{"href":"https:\/\/webs.uab.cat\/arnau\/wp-json\/wp\/v2\/pages\/101","targetHints":{"allow":["GET"]}}],"collection":[{"href":"https:\/\/webs.uab.cat\/arnau\/wp-json\/wp\/v2\/pages"}],"about":[{"href":"https:\/\/webs.uab.cat\/arnau\/wp-json\/wp\/v2\/types\/page"}],"author":[{"embeddable":true,"href":"https:\/\/webs.uab.cat\/arnau\/wp-json\/wp\/v2\/users\/20"}],"replies":[{"embeddable":true,"href":"https:\/\/webs.uab.cat\/arnau\/wp-json\/wp\/v2\/comments?post=101"}],"version-history":[{"count":3,"href":"https:\/\/webs.uab.cat\/arnau\/wp-json\/wp\/v2\/pages\/101\/revisions"}],"predecessor-version":[{"id":1798,"href":"https:\/\/webs.uab.cat\/arnau\/wp-json\/wp\/v2\/pages\/101\/revisions\/1798"}],"wp:attachment":[{"href":"https:\/\/webs.uab.cat\/arnau\/wp-json\/wp\/v2\/media?parent=101"}],"curies":[{"name":"wp","href":"https:\/\/api.w.org\/{rel}","templated":true}]}}