{"id":102,"date":"2013-11-17T12:01:53","date_gmt":"2013-11-17T12:01:53","guid":{"rendered":"https:\/\/webs.uab.cat\/arnau\/preespiritual\/"},"modified":"2024-06-04T15:09:25","modified_gmt":"2024-06-04T15:09:25","slug":"preespiritual","status":"publish","type":"page","link":"https:\/\/webs.uab.cat\/arnau\/preespiritual\/","title":{"rendered":"Preespiritual  (c. 1292)"},"content":{"rendered":"\n<p>\u00c9s una etapa breu, que compr\u00e8n \u00fanicament dues obres (cf. obres, n\u00fam. 1 i 2) escrites amb poc temps de difer\u00e8ncia. Arnau de Vilanova est\u00e0 conven\u00e7ut que tota la creaci\u00f3, la hist\u00f2ria i la B\u00edblia estan plenes de misteris i sentits ocults que progressivament D\u00e9u anir\u00e0 desvelant. Precisament, Arnau se sent cridat a desxifrar el sentit amagat en les lletres de l&#8217;alfabet i d&#8217;aplicar-lo als noms de D\u00e9u. En la B\u00edblia no hi ha absolutament res en va, qualsevol element, les lletres, la manera com s&#8217;escriuen, el seu so, t\u00e9 una ra\u00f3 profunda de ser. Alguns estudiosos varen creure que els antecedents d&#8217;aquest projecte inicial d&#8217;Arnau es podien trobar en la c\u00e0bala jueva, per\u00f2 l&#8217;edici\u00f3 cr\u00edtica d&#8217;aquestes obres ha deixat clar que el punt de partida d&#8217;Arnau \u00e9s l&#8217;obra <em>De semine Scripturarum<\/em>. Els noms de D\u00e9u, ben interpretats ja manifesten la seva ess\u00e8ncia, la seva Trinitat.<\/p>\n\n\n<div class=\"wp-block-image\">\n<figure class=\"aligncenter size-full is-resized\"><img loading=\"lazy\" decoding=\"async\" width=\"285\" height=\"376\" src=\"https:\/\/webs.uab.cat\/arnau\/wp-content\/uploads\/sites\/132\/2016\/10\/barberini31r.JPG\" alt=\"\" class=\"wp-image-569\" style=\"aspect-ratio:0.7573529411764706;width:412px;height:auto\" srcset=\"https:\/\/webs.uab.cat\/arnau\/wp-content\/uploads\/sites\/132\/2016\/10\/barberini31r.JPG 285w, https:\/\/webs.uab.cat\/arnau\/wp-content\/uploads\/sites\/132\/2016\/10\/barberini31r-227x300.jpg 227w\" sizes=\"auto, (max-width: 285px) 100vw, 285px\" \/><figcaption class=\"wp-element-caption\">Il\u00b7lustraci\u00f3: Alfabets hebreu, grec. llat\u00ed i \u00e0rab, <em>Libre de puritats<\/em>, s. XV, Vatic\u00e0, BAV, ms. Barb. Lat. 3589, f. 31r<\/figcaption><\/figure>\n<\/div>\n\n\n<p><\/p>\n","protected":false},"excerpt":{"rendered":"<p>\u00c9s una etapa breu, que compr\u00e8n \u00fanicament dues obres (cf. obres, n\u00fam. 1 i 2) escrites amb poc temps de difer\u00e8ncia. Arnau de Vilanova est\u00e0 conven\u00e7ut que tota la creaci\u00f3, la hist\u00f2ria i la B\u00edblia estan plenes de misteris i sentits ocults que progressivament D\u00e9u anir\u00e0 desvelant. Precisament, Arnau se sent cridat a desxifrar el [&hellip;]<\/p>\n","protected":false},"author":20,"featured_media":0,"parent":0,"menu_order":0,"comment_status":"closed","ping_status":"closed","template":"","meta":{"footnotes":""},"class_list":["post-102","page","type-page","status-publish","hentry"],"_links":{"self":[{"href":"https:\/\/webs.uab.cat\/arnau\/wp-json\/wp\/v2\/pages\/102","targetHints":{"allow":["GET"]}}],"collection":[{"href":"https:\/\/webs.uab.cat\/arnau\/wp-json\/wp\/v2\/pages"}],"about":[{"href":"https:\/\/webs.uab.cat\/arnau\/wp-json\/wp\/v2\/types\/page"}],"author":[{"embeddable":true,"href":"https:\/\/webs.uab.cat\/arnau\/wp-json\/wp\/v2\/users\/20"}],"replies":[{"embeddable":true,"href":"https:\/\/webs.uab.cat\/arnau\/wp-json\/wp\/v2\/comments?post=102"}],"version-history":[{"count":3,"href":"https:\/\/webs.uab.cat\/arnau\/wp-json\/wp\/v2\/pages\/102\/revisions"}],"predecessor-version":[{"id":1740,"href":"https:\/\/webs.uab.cat\/arnau\/wp-json\/wp\/v2\/pages\/102\/revisions\/1740"}],"wp:attachment":[{"href":"https:\/\/webs.uab.cat\/arnau\/wp-json\/wp\/v2\/media?parent=102"}],"curies":[{"name":"wp","href":"https:\/\/api.w.org\/{rel}","templated":true}]}}