{"id":103,"date":"2013-11-17T12:05:01","date_gmt":"2013-11-17T12:05:01","guid":{"rendered":"https:\/\/webs.uab.cat\/arnau\/protoespiritual\/"},"modified":"2024-06-10T12:45:49","modified_gmt":"2024-06-10T12:45:49","slug":"protoespiritual","status":"publish","type":"page","link":"https:\/\/webs.uab.cat\/arnau\/protoespiritual\/","title":{"rendered":"Protoespiritual (c. 1292-1295)"},"content":{"rendered":"\n<p>Qui sap si m\u00e9s o menys influ\u00eft per l&#8217;espiritualisme de P\u00e8ire Joan (Oliu), mestre Arnau va abandonar el projecte anterior i estableix les bases d&#8217;un espiritualisme que s&#8217;anir\u00e0 desenvolupant posteriorment. Aquesta etapa tamb\u00e9 \u00e9s formada per dues obres (n\u00fam. 3 i 4). El fonament d&#8217;aquest primer espiritualisme seria una primera versi\u00f3 de la \u00abveritat de cristianisme\u00bb. La realitat sensible, afirma Arnau en el <em>De prudentia<\/em>, pot ser considerada des d&#8217;un triple punt de vista: segons all\u00f2 que \u00e9s per ella mateixa (aix\u00ed ho fa el fil\u00f2sof natural); segons les raons de la seva entitat, \u00e9s a dir, en refer\u00e8ncia a la seva causa intel\u00b7ligible (metaf\u00edsic) i, finalment, com a causades per la seva Causa Primera (fidel). El &#8220;veritable fidel&#8221;&nbsp; nom\u00e9s considera la realitat f\u00edsica com l&#8217;inici d&#8217;un cam\u00ed espiritual vers D\u00e9u. L&#8217;espiritualisme d&#8217;Arnau \u00e9s en aquesta etapa &#8220;moderat&#8221;. Arnau esdev\u00e9 a partir d&#8217;aquest moment un \u00abcompany de cam\u00ed\u00bb (Manselli) dels franciscans espirituals: P\u00e8ire Joan, Angelo Clareno, Ubertino da Casale, Hug de Balma.<\/p>\n\n\n<figure class=\"wp-block-image aligncenter size-full is-resized\"><img loading=\"lazy\" decoding=\"async\" width=\"208\" height=\"437\" class=\"wp-image-581\" style=\"width: 325px;height: 683px\" src=\"https:\/\/webs.uab.cat\/arnau\/wp-content\/uploads\/sites\/132\/2016\/10\/franciscans.jpg\" alt=\"\" srcset=\"https:\/\/webs.uab.cat\/arnau\/wp-content\/uploads\/sites\/132\/2016\/10\/franciscans.jpg 208w, https:\/\/webs.uab.cat\/arnau\/wp-content\/uploads\/sites\/132\/2016\/10\/franciscans-143x300.jpg 143w\" sizes=\"auto, (max-width: 208px) 100vw, 208px\" \/>\n<figcaption class=\"wp-element-caption\">Il\u00b7lustraci\u00f3: franciscans.<\/figcaption>\n<\/figure>\n\n\n<p><\/p>\n","protected":false},"excerpt":{"rendered":"<p>Qui sap si m\u00e9s o menys influ\u00eft per l&#8217;espiritualisme de P\u00e8ire Joan (Oliu), mestre Arnau va abandonar el projecte anterior i estableix les bases d&#8217;un espiritualisme que s&#8217;anir\u00e0 desenvolupant posteriorment. Aquesta etapa tamb\u00e9 \u00e9s formada per dues obres (n\u00fam. 3 i 4). El fonament d&#8217;aquest primer espiritualisme seria una primera versi\u00f3 de la \u00abveritat de [&hellip;]<\/p>\n","protected":false},"author":20,"featured_media":0,"parent":0,"menu_order":0,"comment_status":"closed","ping_status":"closed","template":"","meta":{"footnotes":""},"class_list":["post-103","page","type-page","status-publish","hentry"],"_links":{"self":[{"href":"https:\/\/webs.uab.cat\/arnau\/wp-json\/wp\/v2\/pages\/103","targetHints":{"allow":["GET"]}}],"collection":[{"href":"https:\/\/webs.uab.cat\/arnau\/wp-json\/wp\/v2\/pages"}],"about":[{"href":"https:\/\/webs.uab.cat\/arnau\/wp-json\/wp\/v2\/types\/page"}],"author":[{"embeddable":true,"href":"https:\/\/webs.uab.cat\/arnau\/wp-json\/wp\/v2\/users\/20"}],"replies":[{"embeddable":true,"href":"https:\/\/webs.uab.cat\/arnau\/wp-json\/wp\/v2\/comments?post=103"}],"version-history":[{"count":3,"href":"https:\/\/webs.uab.cat\/arnau\/wp-json\/wp\/v2\/pages\/103\/revisions"}],"predecessor-version":[{"id":1792,"href":"https:\/\/webs.uab.cat\/arnau\/wp-json\/wp\/v2\/pages\/103\/revisions\/1792"}],"wp:attachment":[{"href":"https:\/\/webs.uab.cat\/arnau\/wp-json\/wp\/v2\/media?parent=103"}],"curies":[{"name":"wp","href":"https:\/\/api.w.org\/{rel}","templated":true}]}}