{"id":111,"date":"2013-11-18T18:01:46","date_gmt":"2013-11-18T18:01:46","guid":{"rendered":"https:\/\/webs.uab.cat\/arnau\/database\/"},"modified":"2025-07-18T11:56:13","modified_gmt":"2025-07-18T11:56:13","slug":"database","status":"publish","type":"page","link":"https:\/\/webs.uab.cat\/arnau\/database\/","title":{"rendered":"Base de dades"},"content":{"rendered":"\n<p>Base de dades sobre Arnau de Vilanova que inclour\u00e0 les obres del corpus arnaldi\u00e0 (tant les aut\u00e8ntiques com les ap\u00f2crifes), els manuscrits, els impresos d&#8217;\u00e8poca moderna, els documents i la bibliografia secund\u00e0ria referent a aquest autor, el seu context i la seva tradici\u00f3. Ja es poden consultar els apartats de bibliografia, obres i documents, malgrat que s\u00f3n objecte d&#8217;un proc\u00e9s d&#8217;actualitzaci\u00f3 constant.<\/p>\n\n\n\n<h2 class=\"wp-block-heading\">NARPAN DB<\/h2>\n\n\n\n<h2 class=\"wp-block-heading\">Cerca per ID<\/h2>\n\n\n\n<p>Exemples d&#8217;ID<\/p>\n\n\n\n<p>Arnau DB op4487 [consulta]: obra<br>Arnau DB ms230 [consulta]: manuscrit<br>Arnau DB imp245 [consulta]: impr\u00e8s<br>Arnau DB doc233 [consulta]: document<br>Arnau DB nom40 [consulta]: persona<br>Arnau DB bib26313 [consulta]: bibliografia<\/p>\n\n\n\n<h2 class=\"wp-block-heading\">Cerca per seccions<\/h2>\n\n\n\n<p><a href=\"http:\/\/db.narpan.net\/cerca_arnau.php?form=biblio\">Bibliografia<\/a> | <a href=\"http:\/\/db.narpan.net\/cerca_arnau.php?form=obres\">Obres<\/a> | <a href=\"https:\/\/db.narpan.net\/cerca_arnau.php?form=docs\">Documents<\/a><\/p>\n\n\n\n<p><\/p>\n\n\n\n<h2 class=\"wp-block-heading\">Mostra de la bibliografia:<\/h2>\n\n\n\n<ul class=\"wp-block-list\">\n<li>Mat\u00e8ria: <a href=\"http:\/\/db.narpan.net\/cerca_arnau.php?form=biblio&amp;sb=Vilanova%2C+Arnau+de\" target=\"_blank\" rel=\"noopener\">Arnau de Vilanova<\/a><\/li>\n\n\n\n<li>Mat\u00e8ria: <a href=\"http:\/\/db.narpan.net\/cerca_arnau.php?form=biblio&amp;sb=Pseudo-Arnau+de+Vilanova\" target=\"_blank\" rel=\"noopener\"> Pseudo-Arnau de Vilanova<\/a><\/li>\n<\/ul>\n\n\n\n<h2 class=\"wp-block-heading\">Documents:<\/h2>\n\n\n\n<ul class=\"wp-block-list\">\n<li><a href=\"https:\/\/db.narpan.net\/cerca_arnau.php?form=docs&amp;submit=all\">Llista completa<\/a>&nbsp;<\/li>\n\n\n\n<li><a href=\"https:\/\/db.narpan.net\/cerca_arnau.php?form=docs&amp;submit=persones\">Persones relacionades<\/a><\/li>\n<\/ul>\n\n\n\n<figure class=\"wp-block-image is-resized\"><img loading=\"lazy\" decoding=\"async\" width=\"256\" height=\"359\" src=\"https:\/\/webs.uab.cat\/arnau\/wp-content\/uploads\/sites\/132\/2013\/11\/escriva.jpg\" alt=\"escriva.jpg\" class=\"wp-image-106\" style=\"aspect-ratio:0.713265306122449;width:305px;height:auto\" srcset=\"https:\/\/webs.uab.cat\/arnau\/wp-content\/uploads\/sites\/132\/2013\/11\/escriva.jpg 256w, https:\/\/webs.uab.cat\/arnau\/wp-content\/uploads\/sites\/132\/2013\/11\/escriva-214x300.jpg 214w\" sizes=\"auto, (max-width: 256px) 100vw, 256px\" \/><figcaption class=\"wp-element-caption\">Il\u00b7lustraci\u00f3: escriv\u00e0, ms. Biblioteca de la mesquita de Solim\u00e0 (S\u00fcleimaniye Camii), Istambul, 1287 (Proced\u00e8ncia: <a rel=\"noreferrer noopener\" href=\"https:\/\/commons.wikimedia.org\/wiki\/File:Irakischer_Maler_von_1287_002.jpg\" target=\"_blank\">Wikimedia<\/a>).<\/figcaption><\/figure>\n","protected":false},"excerpt":{"rendered":"<p>Base de dades sobre Arnau de Vilanova que inclour\u00e0 les obres del corpus arnaldi\u00e0 (tant les aut\u00e8ntiques com les ap\u00f2crifes), els manuscrits, els impresos d&#8217;\u00e8poca moderna, els documents i la bibliografia secund\u00e0ria referent a aquest autor, el seu context i la seva tradici\u00f3. Ja es poden consultar els apartats de bibliografia, obres i documents, malgrat [&hellip;]<\/p>\n","protected":false},"author":20,"featured_media":0,"parent":0,"menu_order":0,"comment_status":"closed","ping_status":"closed","template":"","meta":{"footnotes":""},"class_list":["post-111","page","type-page","status-publish","hentry"],"_links":{"self":[{"href":"https:\/\/webs.uab.cat\/arnau\/wp-json\/wp\/v2\/pages\/111","targetHints":{"allow":["GET"]}}],"collection":[{"href":"https:\/\/webs.uab.cat\/arnau\/wp-json\/wp\/v2\/pages"}],"about":[{"href":"https:\/\/webs.uab.cat\/arnau\/wp-json\/wp\/v2\/types\/page"}],"author":[{"embeddable":true,"href":"https:\/\/webs.uab.cat\/arnau\/wp-json\/wp\/v2\/users\/20"}],"replies":[{"embeddable":true,"href":"https:\/\/webs.uab.cat\/arnau\/wp-json\/wp\/v2\/comments?post=111"}],"version-history":[{"count":6,"href":"https:\/\/webs.uab.cat\/arnau\/wp-json\/wp\/v2\/pages\/111\/revisions"}],"predecessor-version":[{"id":2154,"href":"https:\/\/webs.uab.cat\/arnau\/wp-json\/wp\/v2\/pages\/111\/revisions\/2154"}],"wp:attachment":[{"href":"https:\/\/webs.uab.cat\/arnau\/wp-json\/wp\/v2\/media?parent=111"}],"curies":[{"name":"wp","href":"https:\/\/api.w.org\/{rel}","templated":true}]}}