{"id":118,"date":"2013-11-21T13:56:32","date_gmt":"2013-11-21T13:56:32","guid":{"rendered":"https:\/\/webs.uab.cat\/arnau\/credits\/"},"modified":"2024-08-07T13:22:14","modified_gmt":"2024-08-07T13:22:14","slug":"credits","status":"publish","type":"page","link":"https:\/\/webs.uab.cat\/arnau\/credits\/","title":{"rendered":"Cr\u00e8dits i utilitzaci\u00f3"},"content":{"rendered":"\n<p>Aquest web i la base de dades que hi est\u00e0 associada es publiquen sota la llic\u00e8ncia <a href=\"http:\/\/creativecommons.org\/licenses\/by-nc-nd\/3.0\/deed.ca\" target=\"_blank\" rel=\"noopener\">Creative Commons<\/a>. Per tant, es permet la reproducci\u00f3 total o parcial i la comunicaci\u00f3 p\u00fablica dels seus continguts, sempre que no sigui amb finalitats comercials, i sempre que es reconegui l&#8217;autoria de l&#8217;obra original. En canvi, no es permet la creaci\u00f3 d&#8217;obres derivades dels seus continguts. L&#8217;\u00fas de les imatges provinents d&#8217;altres or\u00edgens (indicats) es regeix pels criteris dels respectius llocs originals.<\/p>\n\n\n\n<figure class=\"wp-block-image size-large is-resized\"><img loading=\"lazy\" decoding=\"async\" width=\"1024\" height=\"1024\" src=\"https:\/\/webs.uab.cat\/arnau\/wp-content\/uploads\/sites\/132\/2024\/06\/1200px-Creative_commons_25px_version.svg_-1024x1024.png\" alt=\"\" class=\"wp-image-1708\" style=\"width:74px;height:auto\" srcset=\"https:\/\/webs.uab.cat\/arnau\/wp-content\/uploads\/sites\/132\/2024\/06\/1200px-Creative_commons_25px_version.svg_-1024x1024.png 1024w, https:\/\/webs.uab.cat\/arnau\/wp-content\/uploads\/sites\/132\/2024\/06\/1200px-Creative_commons_25px_version.svg_-300x300.png 300w, https:\/\/webs.uab.cat\/arnau\/wp-content\/uploads\/sites\/132\/2024\/06\/1200px-Creative_commons_25px_version.svg_-150x150.png 150w, https:\/\/webs.uab.cat\/arnau\/wp-content\/uploads\/sites\/132\/2024\/06\/1200px-Creative_commons_25px_version.svg_-768x768.png 768w, https:\/\/webs.uab.cat\/arnau\/wp-content\/uploads\/sites\/132\/2024\/06\/1200px-Creative_commons_25px_version.svg_.png 1200w\" sizes=\"auto, (max-width: 1024px) 100vw, 1024px\" \/><\/figure>\n\n\n\n<p>Podeu citar la presentaci\u00f3 d&#8217;Arnau de Vilanova aqu\u00ed continguda de la manera seg\u00fcent:<\/p>\n\n\n\n<p>Sebasti\u00e0 Giralt &#8211; Jaume Mensa, &#8220;Qui \u00e9s Arnau de Vilanova&#8221;, dins <em>Arnau DB. Corpus digital d&#8217;Arnau de Vilanova<\/em>, Universitat Aut\u00f2noma de Barcelona (2013-2018) &lt; <a href=\"http:\/\/webs.uab.cat\/arnau\">http:\/\/webs.uab.cat\/arnau<\/a> &gt; [data de consulta].<\/p>\n\n\n\n<p>Podeu citar la base de dades d&#8217;Arnau de Vilanova associada a aquest web de la manera seg\u00fcent:<\/p>\n\n\n\n<p>Sebasti\u00e0 Giralt &#8211; Jaume Mensa (coord.), &#8220;Arnau DB&#8221;, dins <em>Arnau DB. Corpus digital d&#8217;Arnau de Vilanova<\/em>, Universitat Aut\u00f2noma de Barcelona (2013-2018) &lt; <a href=\"http:\/\/webs.uab.cat\/arnau\/arnaudb\">http:\/\/webs.uab.cat\/arnau\/arnaudb<\/a> &gt; [data de consulta].<\/p>\n\n\n\n<figure class=\"wp-block-image is-resized\"><img loading=\"lazy\" decoding=\"async\" width=\"420\" height=\"325\" src=\"https:\/\/webs.uab.cat\/arnau\/wp-content\/uploads\/sites\/132\/2013\/11\/copista.jpg\" alt=\"copista.jpg\" class=\"wp-image-113\" style=\"aspect-ratio:1.2925925925925925;width:558px;height:auto\" srcset=\"https:\/\/webs.uab.cat\/arnau\/wp-content\/uploads\/sites\/132\/2013\/11\/copista.jpg 420w, https:\/\/webs.uab.cat\/arnau\/wp-content\/uploads\/sites\/132\/2013\/11\/copista-300x232.jpg 300w\" sizes=\"auto, (max-width: 420px) 100vw, 420px\" \/><figcaption class=\"wp-element-caption\">Il\u00b7lustraci\u00f3: Jean Mi\u00e9lot, secretari i copista del duc Felip el Bo de Borgonya, en el seu scriptorium, dins Miracles de Notre Dame, Biblioth\u00e8que nationale de France, Fr 9198 (despr\u00e9s de 1456), f.19 (Proced\u00e8ncia: <a rel=\"noreferrer noopener\" href=\"http:\/\/commons.wikimedia.org\/wiki\/File:Escribano.jpg\" target=\"_blank\">Wikimedia<\/a>).<\/figcaption><\/figure>\n","protected":false},"excerpt":{"rendered":"<p>Aquest web i la base de dades que hi est\u00e0 associada es publiquen sota la llic\u00e8ncia Creative Commons. Per tant, es permet la reproducci\u00f3 total o parcial i la comunicaci\u00f3 p\u00fablica dels seus continguts, sempre que no sigui amb finalitats comercials, i sempre que es reconegui l&#8217;autoria de l&#8217;obra original. En canvi, no es permet [&hellip;]<\/p>\n","protected":false},"author":20,"featured_media":0,"parent":0,"menu_order":0,"comment_status":"closed","ping_status":"closed","template":"","meta":{"footnotes":""},"class_list":["post-118","page","type-page","status-publish","hentry"],"_links":{"self":[{"href":"https:\/\/webs.uab.cat\/arnau\/wp-json\/wp\/v2\/pages\/118","targetHints":{"allow":["GET"]}}],"collection":[{"href":"https:\/\/webs.uab.cat\/arnau\/wp-json\/wp\/v2\/pages"}],"about":[{"href":"https:\/\/webs.uab.cat\/arnau\/wp-json\/wp\/v2\/types\/page"}],"author":[{"embeddable":true,"href":"https:\/\/webs.uab.cat\/arnau\/wp-json\/wp\/v2\/users\/20"}],"replies":[{"embeddable":true,"href":"https:\/\/webs.uab.cat\/arnau\/wp-json\/wp\/v2\/comments?post=118"}],"version-history":[{"count":4,"href":"https:\/\/webs.uab.cat\/arnau\/wp-json\/wp\/v2\/pages\/118\/revisions"}],"predecessor-version":[{"id":1829,"href":"https:\/\/webs.uab.cat\/arnau\/wp-json\/wp\/v2\/pages\/118\/revisions\/1829"}],"wp:attachment":[{"href":"https:\/\/webs.uab.cat\/arnau\/wp-json\/wp\/v2\/media?parent=118"}],"curies":[{"name":"wp","href":"https:\/\/api.w.org\/{rel}","templated":true}]}}