{"id":119,"date":"2013-11-21T14:13:59","date_gmt":"2013-11-21T14:13:59","guid":{"rendered":"https:\/\/webs.uab.cat\/arnau\/arnaudevilanova\/"},"modified":"2024-06-03T15:06:26","modified_gmt":"2024-06-03T15:06:26","slug":"arnaudevilanova","status":"publish","type":"page","link":"https:\/\/webs.uab.cat\/arnau\/arnaudevilanova\/","title":{"rendered":"Qui \u00e9s Arnau de Vilanova"},"content":{"rendered":"\n<p>Arnau de Vilanova \u00e9s sens dubte un dels personatges m\u00e9s atractius de la nostra hist\u00f2ria, tant pels seus propis m\u00e8rits com pels trets que li ha conferit la posteritat. Va ser un dels metges m\u00e9s destacats de la seva \u00e8poca per la seva obra, la seva doc\u00e8ncia universit\u00e0ria i la seva activitat professional. Tamb\u00e9 va ser un te\u00f2leg controvertit, blasmat i perseguit pels te\u00f2legs professionals per\u00f2 apreciat i seguit pels corrents m\u00e9s reformistes. Els reis i els papes de l&#8217;\u00e8poca es disputaven els seus serveis m\u00e8dics i li encomanaven missions diplom\u00e0tiques. Despr\u00e9s de la seva mort, una sent\u00e8ncia eclesi\u00e0stica va condemnar algunes de les seves tesis teol\u00f2giques, que van anar quedant enterrades en l&#8217;oblit. En canvi, la seva fama de metge no va parar de cr\u00e9ixer amb el temps i la seva figura es va anar envoltant d&#8217;una llegenda. Avui dia encara perviu aquesta imatge llegend\u00e0ria d&#8217;Arnau de Vilanova formada a partir de la deformaci\u00f3 del seu record i els nombrosos escrits que se li van atribuir falsament: massa sovint se&#8217;n segueix reproduint la visi\u00f3 tradicional com a alquimista, astr\u00f2leg, metge emp\u00edric o introductor de la destil\u00b7laci\u00f3 de l&#8217;alcohol, malgrat que la recerca de les \u00faltimes d\u00e8cades ha desmentit totes aquestes falsedats i ens ha retornat la seva personalitat hist\u00f2rica. En aquestes p\u00e0gines pretenem oferir una visi\u00f3 sobre la figura i obra, breu per\u00f2 rigorosa i actualitzada d&#8217;acord amb la recerca recent, amb la intenci\u00f3 de contribuir a donar-la a con\u00e8ixer lliure de l&#8217;embolcall m\u00edtic amb qu\u00e8 l&#8217;ha cobert la posteritat.<\/p>\n\n\n\n<p>&#8220;Qui \u00e9s Arnau de Vilanova&#8221; (2013) ha estat elaborat per Sebasti\u00e0 Giralt (medicina, alqu\u00edmia, perviv\u00e8ncia) i Jaume Mensa (biografia, cronologia i teologia).<\/p>\n\n\n\n<figure class=\"wp-block-gallery has-nested-images columns-default is-cropped wp-block-gallery-1 is-layout-flex wp-block-gallery-is-layout-flex\">\n<figure class=\"wp-block-image size-large\"><img loading=\"lazy\" decoding=\"async\" width=\"210\" height=\"300\" data-id=\"647\" src=\"https:\/\/webs.uab.cat\/arnau\/wp-content\/uploads\/sites\/132\/2016\/10\/pere.jpg\" alt=\"\" class=\"wp-image-647\" \/><figcaption class=\"wp-element-caption\"> Pere II, rei d&#8217;Arag\u00f3<\/figcaption><\/figure>\n\n\n\n<figure class=\"wp-block-image size-large\"><img loading=\"lazy\" decoding=\"async\" width=\"200\" height=\"304\" data-id=\"629\" src=\"https:\/\/webs.uab.cat\/arnau\/wp-content\/uploads\/sites\/132\/2016\/10\/Alfons2.gif\" alt=\"\" class=\"wp-image-629\" \/><figcaption class=\"wp-element-caption\">Alfons II, rei d&#8217;Arag\u00f3<\/figcaption><\/figure>\n\n\n\n<figure class=\"wp-block-image size-large\"><img loading=\"lazy\" decoding=\"async\" width=\"161\" height=\"277\" data-id=\"653\" src=\"https:\/\/webs.uab.cat\/arnau\/wp-content\/uploads\/sites\/132\/2016\/10\/Jaume2.gif\" alt=\"\" class=\"wp-image-653\" \/><figcaption class=\"wp-element-caption\">Jaume II, rei d&#8217;Arag\u00f3<\/figcaption><\/figure>\n\n\n\n<figure class=\"wp-block-image size-large\"><img loading=\"lazy\" decoding=\"async\" width=\"202\" height=\"331\" data-id=\"491\" src=\"https:\/\/webs.uab.cat\/arnau\/wp-content\/uploads\/sites\/132\/2016\/10\/FredericIII.jpg\" alt=\"\" class=\"wp-image-491\" srcset=\"https:\/\/webs.uab.cat\/arnau\/wp-content\/uploads\/sites\/132\/2016\/10\/FredericIII.jpg 202w, https:\/\/webs.uab.cat\/arnau\/wp-content\/uploads\/sites\/132\/2016\/10\/FredericIII-183x300.jpg 183w\" sizes=\"auto, (max-width: 202px) 100vw, 202px\" \/><figcaption class=\"wp-element-caption\">Frederic III, rei de Sic\u00edlia<\/figcaption><\/figure>\n\n\n\n<figure class=\"wp-block-image size-large\"><img loading=\"lazy\" decoding=\"async\" width=\"207\" height=\"300\" data-id=\"635\" src=\"https:\/\/webs.uab.cat\/arnau\/wp-content\/uploads\/sites\/132\/2016\/10\/Blanca.png\" alt=\"\" class=\"wp-image-635\" \/><figcaption class=\"wp-element-caption\">Blanca d&#8217;Anjou, reina d&#8217;Arag\u00f3<\/figcaption><\/figure>\n\n\n\n<figure class=\"wp-block-image size-large\"><img loading=\"lazy\" decoding=\"async\" width=\"195\" height=\"376\" data-id=\"641\" src=\"https:\/\/webs.uab.cat\/arnau\/wp-content\/uploads\/sites\/132\/2016\/10\/carles.jpg\" alt=\"\" class=\"wp-image-641\" srcset=\"https:\/\/webs.uab.cat\/arnau\/wp-content\/uploads\/sites\/132\/2016\/10\/carles.jpg 195w, https:\/\/webs.uab.cat\/arnau\/wp-content\/uploads\/sites\/132\/2016\/10\/carles-156x300.jpg 156w\" sizes=\"auto, (max-width: 195px) 100vw, 195px\" \/><figcaption class=\"wp-element-caption\">Carles II, rei de N\u00e0pols<\/figcaption><\/figure>\n\n\n\n<figure class=\"wp-block-image size-large\"><img loading=\"lazy\" decoding=\"async\" width=\"200\" height=\"464\" data-id=\"665\" src=\"https:\/\/webs.uab.cat\/arnau\/wp-content\/uploads\/sites\/132\/2016\/10\/Bonifaci_VIII.jpg\" alt=\"\" class=\"wp-image-665\" srcset=\"https:\/\/webs.uab.cat\/arnau\/wp-content\/uploads\/sites\/132\/2016\/10\/Bonifaci_VIII.jpg 200w, https:\/\/webs.uab.cat\/arnau\/wp-content\/uploads\/sites\/132\/2016\/10\/Bonifaci_VIII-129x300.jpg 129w\" sizes=\"auto, (max-width: 200px) 100vw, 200px\" \/><figcaption class=\"wp-element-caption\">El Papa Bonifaci VIII<\/figcaption><\/figure>\n\n\n\n<figure class=\"wp-block-image size-large\"><img loading=\"lazy\" decoding=\"async\" width=\"202\" height=\"380\" data-id=\"659\" src=\"https:\/\/webs.uab.cat\/arnau\/wp-content\/uploads\/sites\/132\/2016\/10\/clement5.jpg\" alt=\"\" class=\"wp-image-659\" srcset=\"https:\/\/webs.uab.cat\/arnau\/wp-content\/uploads\/sites\/132\/2016\/10\/clement5.jpg 202w, https:\/\/webs.uab.cat\/arnau\/wp-content\/uploads\/sites\/132\/2016\/10\/clement5-159x300.jpg 159w\" sizes=\"auto, (max-width: 202px) 100vw, 202px\" \/><figcaption class=\"wp-element-caption\">El Papa Climent V<\/figcaption><\/figure>\n<figcaption class=\"blocks-gallery-caption wp-element-caption\"><p><span style=\"font-size:x-small\">\u00a0Il\u00b7lustracions:\u00a0 Reis i papes que van ser pacients d&#8217;Arnau de Vilanova (proced\u00e8ncia: <a href=\"https:\/\/commons.wikimedia.org\">Wikimedia<\/a>).<\/span><\/p><\/figcaption><\/figure>\n\n\n\n<p><span style=\"font-size: x-small\"><\/span><\/p>\n","protected":false},"excerpt":{"rendered":"<p>Arnau de Vilanova \u00e9s sens dubte un dels personatges m\u00e9s atractius de la nostra hist\u00f2ria, tant pels seus propis m\u00e8rits com pels trets que li ha conferit la posteritat. Va ser un dels metges m\u00e9s destacats de la seva \u00e8poca per la seva obra, la seva doc\u00e8ncia universit\u00e0ria i la seva activitat professional. Tamb\u00e9 va [&hellip;]<\/p>\n","protected":false},"author":20,"featured_media":0,"parent":0,"menu_order":0,"comment_status":"closed","ping_status":"closed","template":"","meta":{"footnotes":""},"class_list":["post-119","page","type-page","status-publish","hentry"],"_links":{"self":[{"href":"https:\/\/webs.uab.cat\/arnau\/wp-json\/wp\/v2\/pages\/119","targetHints":{"allow":["GET"]}}],"collection":[{"href":"https:\/\/webs.uab.cat\/arnau\/wp-json\/wp\/v2\/pages"}],"about":[{"href":"https:\/\/webs.uab.cat\/arnau\/wp-json\/wp\/v2\/types\/page"}],"author":[{"embeddable":true,"href":"https:\/\/webs.uab.cat\/arnau\/wp-json\/wp\/v2\/users\/20"}],"replies":[{"embeddable":true,"href":"https:\/\/webs.uab.cat\/arnau\/wp-json\/wp\/v2\/comments?post=119"}],"version-history":[{"count":4,"href":"https:\/\/webs.uab.cat\/arnau\/wp-json\/wp\/v2\/pages\/119\/revisions"}],"predecessor-version":[{"id":1719,"href":"https:\/\/webs.uab.cat\/arnau\/wp-json\/wp\/v2\/pages\/119\/revisions\/1719"}],"wp:attachment":[{"href":"https:\/\/webs.uab.cat\/arnau\/wp-json\/wp\/v2\/media?parent=119"}],"curies":[{"name":"wp","href":"https:\/\/api.w.org\/{rel}","templated":true}]}}