{"id":120,"date":"2013-11-21T14:57:16","date_gmt":"2013-11-21T14:57:16","guid":{"rendered":"https:\/\/webs.uab.cat\/arnau\/bibliografia\/"},"modified":"2024-10-04T23:10:47","modified_gmt":"2024-10-04T23:10:47","slug":"bibliografia","status":"publish","type":"page","link":"https:\/\/webs.uab.cat\/arnau\/bibliografia\/","title":{"rendered":"Bibliografia fonamental"},"content":{"rendered":"\n<h2 class=\"wp-block-heading\">1. Edici\u00f3 de les obres d&#8217;Arnau de Vilanova i del corpus arnaldi\u00e0<\/h2>\n\n\n\n<p>Nota: a m\u00e9s de les incloses aqu\u00ed se n&#8217;han publicat algunes edicions en articles dispersos.<\/p>\n\n\n<div class=\"wp-block-image\">\n<figure class=\"aligncenter size-full is-resized\"><img loading=\"lazy\" decoding=\"async\" width=\"222\" height=\"294\" src=\"https:\/\/webs.uab.cat\/arnau\/wp-content\/uploads\/sites\/132\/2016\/10\/ArnauNuremberg.jpg\" alt=\"\" class=\"wp-image-708\" style=\"width:333px;height:441px\" \/><figcaption class=\"wp-element-caption\">Il\u00b7lustraci\u00f3: Gravat de la not\u00edcia biogr\u00e0fica sobre Arnau del <em>Liber Chronicarum<\/em> de Hartmann Schedel, Nuremberg 1493, f. 224r (Proced\u00e8ncia: <a href=\"https:\/\/grupsderecerca.uab.cat\/arnau\/commons.wikimedia.org\/wiki\/File:Nuremberg_Chronicle_f_224r_2.jpg\">Wikimedia<\/a>).<\/figcaption><\/figure>\n<\/div>\n\n\n<h3 class=\"wp-block-heading\"><strong>1.1. Obra m\u00e8dica<\/strong><\/h3>\n\n\n\n<p><a href=\"http:\/\/www.imf.csic.es\/web\/esp\/dptos\/pspa-AVOMO.asp\" target=\"_blank\" rel=\"noreferrer noopener\"><em>Arnaldi de Villanova Opera Medica Omnia<\/em><\/a>\u00a0 (<em>AVOMO<\/em>), Barcelona, <a href=\"http:\/\/www.publicacions.ub.edu\/articulos.aspx?modo=c&amp;fam=ARNALDI%20DE%20VILLANOVA%20OPERA%20MEDICA%20OMNIA\" target=\"_blank\" rel=\"noreferrer noopener\">Universitat de Barcelona<\/a>&#8211;<a href=\"http:\/\/www.fundacionoguera.com\/publicacions.asp?idc=8\" target=\"_blank\" rel=\"noreferrer noopener\">Fundaci\u00f3 Noguera<\/a>. Volums publicats:<br>II. <em>Aphorismi de gradibus<\/em>, ed. M.R. McVaugh (1975).<br>III. <em>De amore heroico \/ De dosi tyriacalium medicinarum<\/em>, ed. M.R. McVaugh (1985).<br>IV. <em>De consideracionibus operis medicine sive de flebotomia<\/em>, ed. L. Demaitre i P. Gil-Sotres (1988).<br>V.1. <em>De intencione medicorum<\/em>, ed. M.R. McVaugh (2000).<br>V.2. <em>Tractatus de humido radicali<\/em>, ed. M.R. McVaugh, C. Crisciani i G. Ferrari (2010). <a href=\"http:\/\/www.fundacionoguera.com\/libros\/DE%20HUMIDO%20RADICALI_web.pdf\" target=\"_blank\" rel=\"noreferrer noopener\">PDF accessible<\/a>.<br>VI.1. <em>Medicationis parabole<\/em>, ed. J.A. Paniagua \/ <em>Pirq\u00e9 Arnau de Vilanova<\/em>, ed. L. Ferre i E. Feliu (1990).<br>VI.2. <em>Commentum in quasdam parabolas et alias aphorismorum series<\/em>, ed. J.A. Paniagua i P. Gil-Sotres (1993).<br>VII.1. <em>Epistola de reprobacione nigromantice ficcionis (De improbatione maleficiorum)<\/em>, ed. S. Giralt (2005). <a href=\"http:\/\/www.fundacionoguera.com\/libros\/Arnaldi%20VII.1.pdf\" target=\"_blank\" rel=\"noreferrer noopener\">PDF accessible<\/a>.<br><em>VIII: De parte operativa,<\/em> ed. F. Salm\u00f3n i M. R. McVaugh (eds.).                    X.1. <em>Regimen sanitatis ad regem Aragonum<\/em>, ed. L. Garc\u00eda-Ballester, M.R. McVaugh i P. Gil-Sotres (1996).<br>X.2. <em>Regimen Almarie<\/em>, ed. M.R. McVaugh i L. Cifuentes (1998).<br>XI. <em>De esu carnium<\/em>, ed. D. Bazell (1999).<br>XIII. <em>Speculum medicine<\/em>, ed. M.R. McVaugh (2018).<br>XIV. <em>Expositio super aphorismo Hippocratis<\/em> In morbis minus &#8211; <em>Repetitio super aphorismo Hippocratis<\/em> Vita brevis, ed. M.R. McVaugh i F. Salm\u00f3n (2014).<br>XV. <em>Commentum supra tractatum Galieni de malicia complexionis diverse<\/em>, ed. L. Garc\u00eda-Ballester i E. S\u00e1nchez Salor \/ <em>Doctrina Galieni de interioribus<\/em>, ed. R. Durling (1985).<br>XVI. <em>Translatio libri Galieni de rigore et tremore et iectigatione et spasmo<\/em>, ed. M.R. McVaugh (1981).<br>XVII. <em>Translatio libri Albuzale de medicinis simplicibus<\/em>, ed. A. Labarta, J. Mart\u00ednez G\u00e1zquez, M.R. McVaugh, D. Jacquart i L. Cifuentes (2004). <a href=\"http:\/\/fundacionoguera.com\/libros\/ARNAU%20XVII%2004.pdf\" target=\"_blank\" rel=\"noreferrer noopener\">PDF accessible<\/a>.<\/p>\n\n\n\n<h3 class=\"wp-block-heading\"><strong>1.2. Obra espiritual<\/strong><\/h3>\n\n\n\n<p><a href=\"http:\/\/publicacions.iec.cat\/X.do?moduleName=coleccions_bibliografiques&amp;subModuleName=&amp;method=start&amp;LIST.ID=COLLECCIONS_CATALOGRAFIQUES&amp;idColleccio=3210\" target=\"_blank\" rel=\"noreferrer noopener\"><em>Arnaldi de Villanova Opera Theologica Omnia<\/em><\/a> (<em>AVOThO<\/em>), Barcelona, Institut d&#8217;Estudis Catalans &#8211; Facultat de Teologia de Catalunya &#8211; Scuola Superiore di Studi Medievali e Francescani de Roma. Volums publicats:<br>III. <em>Introductio in librum [Ioachim] De semine scripturarum<\/em> \/ <em>Allocutio super significatione nominis Tetragrammaton<\/em>, ed. J. Perarnau (2004).<br>IV. <em>Alphabetum catholicorum ad inclitum dominum regem Aragonum pro filiis erudiendis in elementis catholicae fidei \/ Tractatus de prudentia catholicorum scolarium<\/em>, ed. J. Perarnau (2007).<br>V: <em>Tractatus de tempore adventus Antichristi. Ipsius et aliorum scripta coaeva<\/em>, ed. J. Perarnau (2014).<br><em>XII: Antidotum contra venenum effusum per fratrem Martinum de Atheca, praedicatorem ; Praesentatio facta Burdegaliae,<\/em> ed. J. Mensa.<br>XIV: <em>Interpretatio de visionibus in somniis dominorum Iacobi secundi, regis Aragonum, et Friderici tertii, regis Siciliae, eius fratris<\/em>. ed. J. Mensa (2019).<\/p>\n\n\n\n<p><em>Obres catalanes. Volum I: Escrits religiosos<\/em>, not\u00edcia preliminar i edici\u00f3 de Miquel Batllori; pr\u00f2leg de Joaquim Carreras i Artau, Barcelona, Barcino (Els Nostres Cl\u00e0ssics, A 56), 1947.<\/p>\n\n\n\n<p><em>L&#8217;<\/em>Alia Informatio Beguinorum, ed. J. Perarnau, Barcelona, Facultat de Teologia de Barcelona (Studia, Textus, Subsidia, 2), 1978.<\/p>\n\n\n\n<p><em>Arnaldi de Villanova Tractatus octo in graecum sermonem versi: Petropolitanus graecus 113<\/em>, ed. J. Nadal, Barcelona, Institut d&#8217;Estudis Catalans (Corpus philosophorum Medii Aevi. Scripta spiritualia, 2), 2002.<\/p>\n\n\n\n<p><em>Arnau de Vilanova a Lleida. La Confessio Ilerdensis. Estudi, edici\u00f3 i traducci\u00f3.<\/em><br>J. Mensa, Lleida, Edicions i Publicacions de la Universitat de Lleida, 2023<\/p>\n\n\n\n<h3 class=\"wp-block-heading\"><strong>1.3. Corpus alqu\u00edmic pseudoarnaldi\u00e0<\/strong><\/h3>\n\n\n\n<p>Calvet, <em>Les \u0153uvres alchimiques<\/em> (citat a l&#8217;apartat 3), cont\u00e9 l&#8217;edici\u00f3 dels principals tractats alqu\u00edmics falsament atribu\u00efts a Arnau, molts d&#8217;ells acompanyats de traducci\u00f3 francesa.<\/p>\n\n\n\n<h2 class=\"wp-block-heading\">2. Traduccions<\/h2>\n\n\n\n<ul class=\"wp-block-list\">\n<li>Arnau de Vilanova, <em>Regiment de sanitat per al rei d&#8217;Arag\u00f3 &#8211; Aforismes de la mem\u00f2ria<\/em>, edici\u00f3 cr\u00edtica d&#8217;Ant\u00f2nia Carr\u00e9, Barcelona, Universitat de Barcelona, 2017.<\/li>\n\n\n\n<li>Arnau de Vilanova, <em>Obres catalanes. Volum II: Escrits m\u00e8dics<\/em>, not\u00edcia preliminar i edici\u00f3 de Miquel Batllori; pr\u00f2leg de Joaquim Carreras i Artau, Barcelona, Barcino (Els Nostres Cl\u00e0ssics, A 56), 1947.<\/li>\n\n\n\n<li>Arnau de Vilanova, <em>La prud\u00e8ncia de l&#8217;escolar cat\u00f2lic i altres escrits<\/em>, introducci\u00f3 de Jaume Mensa i Valls, traducci\u00f3 de Jordi Ravent\u00f3s, Barcelona, Proa (Cl\u00e0ssics del Cristianisme), 2002.<\/li>\n\n\n\n<li>Arnau de Vilanova,<em> Tractat sobre l&#8217;amor heroic<\/em>, introducci\u00f3 i text llat\u00ed de Michael McVaugh, traducci\u00f3 i notes de Sebasti\u00e0 Giralt, Barcelona, Barcino (Biblioteca Barcino, 7), 2011.<\/li>\n\n\n\n<li>[Arnaud de Villeneuve], <em>Le Livre des vins,<\/em> traducci\u00f3 francesa, prefaci i notes de Patrick Gifreu, Perpiny\u00e0, \u00c9ditions de la Merci, 2011.<\/li>\n\n\n\n<li>Arnau de Vilanova, <em>\u00dcber den Antichrist und die Reform der Christenheit<\/em>, Fidora, Alexander (trad.), Berl\u00edn-M\u00fcnster-Viena-Zuric-Londres, LIT Verlag (Katalanische Literatur des Mittelalters), 2015.<\/li>\n\n\n\n<li>Canteins, Jean, <em>Arnau de Villeneuve I: Un \u00ab spirituel \u00bb soup\u00e7onn\u00e9 d&#8217;h\u00e9r\u00e9sie (avec traduction d&#8217;\u00e9crits catalans)<\/em>, Par\u00eds, Les Belles Lettres (L&#8217;\u00c2ne d&#8217;or, 49), 2015.<\/li>\n<\/ul>\n\n\n\n<h2 class=\"wp-block-heading\">3. Bibliografia secund\u00e0ria<\/h2>\n\n\n\n<ul class=\"wp-block-list\">\n<li>Batllori, Miquel, <em>Arnau de Vilanova i l&#8217;arnaldisme<\/em>, pr\u00f2leg de Giuseppe Tavani, Val\u00e8ncia, Tres i Quatre (Obra completa, 3), 1994.<\/li>\n\n\n\n<li>Calvet, Antoine, <em>Les \u0153uvres alchimiques attribu\u00e9es \u00e0 Arnaud de Villeneuve: grand \u0153uvre, m\u00e9decine et proph\u00e9tie au Moyen-\u00c2ge<\/em>, pr\u00e9face de Sebasti\u00e0 Giralt, Par\u00eds &#8211; Mil\u00e0, S.\u00c9.H.A. &#8211; Arch\u00e8 (Textes et travaux de Chrysop\u0153ia, 11), 2011.<\/li>\n\n\n\n<li>Garc\u00eda Ballester, Luis, <em>Galen and Galenism: Theory and Medical Practice from Antiquity to the European Renaissance<\/em>, ed. per Jon Arrizabalaga, Montserrat Cabr\u00e9, Llu\u00eds Cifuentes i Fernando Salm\u00f3n, Aldershot, Ashgate Variorum (Variorum Collected Studies Series, CS710), 2002.<\/li>\n\n\n\n<li>Giralt, Sebasti\u00e0, <em>Arnau de Vilanova en la impremta renaixentista<\/em>, Manresa, Col\u00b7legi Oficial de Metges de Barcelona (Publicacions de l&#8217;Arxiu Hist\u00f2ric de les Ci\u00e8ncies de la Salut), 2002.<\/li>\n\n\n\n<li>Giralt, Sebasti\u00e0, &#8220;The Legend of Arnau de Vilanova, from the Middle Ages to the Early Modern Times&#8221;, dins: Paravicini Bagliani, Agostino (ed.), <em>The Medieval Legends of Philosophers and Scholars<\/em>, Flor\u00e8ncia, SISMEL &#8211; Edizioni del Galluzzo (Micrologus: Natura, Scienze e Societ\u00e0 Medievali, 21), 2013, pp. 411-444.<\/li>\n\n\n\n<li>Giralt,&nbsp;&nbsp; &nbsp;Sebasti\u00e0 &#8211; Grau, Sergi &#8211; Mensa, Jaume, <a rel=\"noreferrer noopener\" href=\"http:\/\/www.raco.cat\/index.php\/Msr\/issue\/view\/25946\/showToc\" target=\"_blank\">Dossier tem\u00e0tic: Arnau de Vilanova i la ci\u00e8ncia medieval<\/a>, 16 (2017), <em>Mot so razo<\/em>, pp. 37-70.<\/li>\n\n\n\n<li>Grau Torras, Sergi, <em>Les transformacions d\u2019Arist\u00f2til. Filosofia natural i medicina a Montpeller: el cas d\u2019Arnau de Vilanova (c. 1240-1311)<\/em>, Barcelona, Institut d\u2019Estudis Catalans, 2020.<\/li>\n\n\n\n<li>McVaugh, Michael R., &#8220;Arnau de Vilanova&#8221;, dins: Vernet, Joan &#8211; Par\u00e9s, Ramon (eds.), <em>La ci\u00e8ncia en la hist\u00f2ria dels Pa\u00efsos Catalans<\/em>, Val\u00e8ncia, Institut d&#8217;Estudis Catalans &#8211; Universitat de Val\u00e8ncia, 2004, vol. 1 (<em>Dels \u00e0rabs al Renaixement<\/em>), pp. 443-453.<\/li>\n\n\n\n<li>McVaugh, Michael R., <em>Medicine before the Plague: Practitionners and their Patients in the Crown of Aragon (1285-1345)<\/em>, Cambridge, Cambridge University Press (Cambridge Studies in the History of Medicine), 1993.<\/li>\n\n\n\n<li>Mensa i Valls, Jaume, <em>Arnau de Vilanova<\/em>, Barcelona, Rafael Dalmau (Episodis de la hist\u00f2ria, 313), 1997.<\/li>\n\n\n\n<li>Mensa i Valls, Jaume, <em>Les raons d&#8217;un anunci apocal\u00edptic. La pol\u00e8mica escatol\u00f2gica entre Arnau de Vilanova i els fil\u00f2sofs i te\u00f2legs professionals (1297-1305): an\u00e0lisi dels arguments i de les argumentacions<\/em>, Barcelona, Facultat de Teologia de Catalunya (Col\u00b7lect\u00e0nia Sant Paci\u00e0, 61), 1998.<\/li>\n\n\n\n<li>Mensa, Jaume &#8211; Puig, Jaume de &#8211; Giralt, Sebasti\u00e0 &#8211; Arrizabalaga, Jon (eds.), <em>La recepci\u00f3 de l\u2019obra d\u2019Arnau de Vilanova. Actes de la \u00abIV Trobada Internacional d\u2019Estudis sobre Arnau de Vilanova\u00bb,<\/em> Institut d\u2019Estudis Catalans \u2013 Universitat Aut\u00f2noma de Barcelona \u2013 Ateneu Universitari Sant Paci\u00e0, Barcelona, 2022.<\/li>\n\n\n\n<li>Paniagua, Juan Antonio, <em>Studia arnaldiana: trabajos en torno a la obra m\u00e9dica de Arnau de Vilanova, c. 1240-1311<\/em>, Barcelona, Fundaci\u00f3n Uriach 1838, 1994.<\/li>\n\n\n\n<li>Paniagua, Juan Antonio, &#8220;Vilanova, Arnau de&#8221;, dins: Anes, Gonzalo &#8211; Aldea, Quint\u00edn, i Olmedo, Jaime (dir.), <em>Diccionario biogr\u00e1fico espa\u00f1ol<\/em>, Madrid, Real Academia de la Historia, 2009 &#8211; 2013. <a href=\"http:\/\/dbe.rah.es\/biografias\/7998\/arnau-de-vilanova\">Accessible online<\/a>.<\/li>\n\n\n\n<li>Pantano, Giuseppe (ed.), <em>Arnaldo da Villanova e la Sicilia. I Convegno Internazionale in memoria di Alessandro Musco (Montalbano Elicona, 7-9 maggio 2015)<\/em>, Palermo, Officina di Studi Medievali (Biblioteca dell&#8217;Officina di Studi Medievali, 20), 2017.<\/li>\n\n\n\n<li>Perarnau, Josep (ed.), <em>Actes de la I Trobada Internacional d&#8217;Estudis sobre Arnau de Vilanova<\/em>, Barcelona, Institut d&#8217;Estudis Catalans (Treballs de la Secci\u00f3 de Filosofia i Ci\u00e8ncies Socials, 18-19), 1995, 2 vols. <a rel=\"noreferrer noopener\" href=\"http:\/\/www.raco.cat\/index.php\/ArxiuTextos\/issue\/view\/17639\/showToc\" target=\"_blank\">PDF accessible<\/a>.<\/li>\n\n\n\n<li>Perarnau, Josep (ed.), <em>Actes de la II Trobada Internacional d&#8217;Estudis sobre Arnau de Vilanova<\/em>, Barcelona, Institut d&#8217;Estudis Catalans (Treballs de la Secci\u00f3 de Filosofia i Ci\u00e8ncies Socials, 30), 2005. <a rel=\"noreferrer noopener\" href=\"http:\/\/www.raco.cat\/index.php\/ArxiuTextos\/issue\/view\/11811\/showToc\" target=\"_blank\">PDF accessible<\/a>.<\/li>\n\n\n\n<li>Perarnau, Josep (ed.), <em>Actes de la III Trobada Internacional d&#8217;Estudis sobre Arnau de Vilanova<\/em>, Barcelona, Institut d&#8217;Estudis Catalans (Treballs de la Secci\u00f3 de Filosofia i Ci\u00e8ncies Socials, 46), 2014. <a rel=\"noreferrer noopener\" href=\"http:\/\/publicacions.iec.cat\/PopulaFitxa.do?moduleName=cataleg&amp;subModuleName=&amp;idCatalogacio=21728\" target=\"_blank\">PDF accessible<\/a>.<\/li>\n\n\n\n<li>Salm\u00f3n, Fernando, &#8220;Arnald of Vilanova&#8221;, dins: Bynum, William F. &#8211; Bynum, Helen (eds.), <em>Dictionary of Medical Biography<\/em>, Westport, Conn. &#8211; Londres, Greenwood Press, 2006, vol. I, pp. 126-130.<\/li>\n\n\n\n<li>Santi, Francesco, <em>Arnau de Vilanova: l&#8217;obra espiritual<\/em>, Val\u00e8ncia, Diputaci\u00f3 Provincial, 1987.<\/li>\n\n\n\n<li>Ziegler, Joseph, <em>Medicine and Religion c. 1300: The Case of Arnau de Vilanova<\/em>, Oxford, Clarendon Press, 1998.<\/li>\n<\/ul>\n","protected":false},"excerpt":{"rendered":"<p>1. Edici\u00f3 de les obres d&#8217;Arnau de Vilanova i del corpus arnaldi\u00e0 Nota: a m\u00e9s de les incloses aqu\u00ed se n&#8217;han publicat algunes edicions en articles dispersos. 1.1. Obra m\u00e8dica Arnaldi de Villanova Opera Medica Omnia\u00a0 (AVOMO), Barcelona, Universitat de Barcelona&#8211;Fundaci\u00f3 Noguera. Volums publicats:II. Aphorismi de gradibus, ed. M.R. McVaugh (1975).III. De amore heroico \/ [&hellip;]<\/p>\n","protected":false},"author":20,"featured_media":0,"parent":0,"menu_order":0,"comment_status":"closed","ping_status":"closed","template":"","meta":{"footnotes":""},"class_list":["post-120","page","type-page","status-publish","hentry"],"_links":{"self":[{"href":"https:\/\/webs.uab.cat\/arnau\/wp-json\/wp\/v2\/pages\/120","targetHints":{"allow":["GET"]}}],"collection":[{"href":"https:\/\/webs.uab.cat\/arnau\/wp-json\/wp\/v2\/pages"}],"about":[{"href":"https:\/\/webs.uab.cat\/arnau\/wp-json\/wp\/v2\/types\/page"}],"author":[{"embeddable":true,"href":"https:\/\/webs.uab.cat\/arnau\/wp-json\/wp\/v2\/users\/20"}],"replies":[{"embeddable":true,"href":"https:\/\/webs.uab.cat\/arnau\/wp-json\/wp\/v2\/comments?post=120"}],"version-history":[{"count":3,"href":"https:\/\/webs.uab.cat\/arnau\/wp-json\/wp\/v2\/pages\/120\/revisions"}],"predecessor-version":[{"id":2110,"href":"https:\/\/webs.uab.cat\/arnau\/wp-json\/wp\/v2\/pages\/120\/revisions\/2110"}],"wp:attachment":[{"href":"https:\/\/webs.uab.cat\/arnau\/wp-json\/wp\/v2\/media?parent=120"}],"curies":[{"name":"wp","href":"https:\/\/api.w.org\/{rel}","templated":true}]}}