{"id":121,"date":"2013-11-21T15:17:33","date_gmt":"2013-11-21T15:17:33","guid":{"rendered":"https:\/\/webs.uab.cat\/arnau\/alquimia\/"},"modified":"2024-06-04T15:37:06","modified_gmt":"2024-06-04T15:37:06","slug":"alquimia","status":"publish","type":"page","link":"https:\/\/webs.uab.cat\/arnau\/alquimia\/","title":{"rendered":"Arnau de Vilanova va ser alquimista?"},"content":{"rendered":"\n<p>Arnau de Vilanova \u00e9s un dels grans noms de l\u2019alqu\u00edmia medieval tant per la seva <a href=\"mite\">fama llegend\u00e0ria<\/a> com pel nombre i import\u00e0ncia de les obres alqu\u00edmiques posades sota la seva autoritat. En efecte, una vintena d\u2019escrits formen el <a href=\"corpus-alquimic\">corpus alqu\u00edmic<\/a> que li va ser atribu\u00eft durant l\u2019edat mitjana i que constitueix un dels dos m\u00e9s extensos, al costat de l&#8217;esp\u00fariament adscrit a <a rel=\"noopener\" href=\"http:\/\/quisestlullus.narpan.net\/2_pseudo.html\" target=\"_blank\">Ramon Llull<\/a>. Per\u00f2, realment <a href=\"alquimista\">Arnau va experimentar i escriure sobre alqu\u00edmia<\/a>?<\/p>\n\n\n\n<div class=\"wp-block-columns is-layout-flex wp-container-core-columns-is-layout-9d6595d7 wp-block-columns-is-layout-flex\">\n<div class=\"wp-block-column is-layout-flow wp-block-column-is-layout-flow\">\n<figure class=\"wp-block-image size-full is-resized\"><img loading=\"lazy\" decoding=\"async\" width=\"848\" height=\"901\" src=\"https:\/\/webs.uab.cat\/arnau\/wp-content\/uploads\/sites\/132\/2024\/06\/22_1453.jpg\" alt=\"\" class=\"wp-image-1755\" style=\"width:333px;height:auto\" title=\"Nortons Ordinall\" srcset=\"https:\/\/webs.uab.cat\/arnau\/wp-content\/uploads\/sites\/132\/2024\/06\/22_1453.jpg 848w, https:\/\/webs.uab.cat\/arnau\/wp-content\/uploads\/sites\/132\/2024\/06\/22_1453-282x300.jpg 282w, https:\/\/webs.uab.cat\/arnau\/wp-content\/uploads\/sites\/132\/2024\/06\/22_1453-768x816.jpg 768w\" sizes=\"auto, (max-width: 848px) 100vw, 848px\" \/><\/figure>\n<\/div>\n\n\n\n<div class=\"wp-block-column is-layout-flow wp-block-column-is-layout-flow\">\n<figure class=\"wp-block-image size-full\"><img loading=\"lazy\" decoding=\"async\" width=\"338\" height=\"478\" src=\"https:\/\/webs.uab.cat\/arnau\/wp-content\/uploads\/sites\/132\/2016\/10\/4alquimistes.jpg\" alt=\"\" class=\"wp-image-760\" srcset=\"https:\/\/webs.uab.cat\/arnau\/wp-content\/uploads\/sites\/132\/2016\/10\/4alquimistes.jpg 338w, https:\/\/webs.uab.cat\/arnau\/wp-content\/uploads\/sites\/132\/2016\/10\/4alquimistes-212x300.jpg 212w\" sizes=\"auto, (max-width: 338px) 100vw, 338px\" \/><\/figure>\n<\/div>\n<\/div>\n\n\n\n<p style=\"font-size:13px\">Il\u00b7lustracions: una miniatura medieval transformada en un gravat modern. Els quatre grans alquimistes: Geber, Arnau, Raz\u00e9s i Hermes, en una miniatura medieval del <em>The Ordinall of Alchemy<\/em> de Thomas Norton (MS British Library Add. 10302, c. 1477) i en un gravat impr\u00e8s dins el <em>Theatrum Chemicum Britannicum<\/em> d&#8217;Elias Ashmole, Londres 1652, p. 44.<\/p>\n","protected":false},"excerpt":{"rendered":"<p>Arnau de Vilanova \u00e9s un dels grans noms de l\u2019alqu\u00edmia medieval tant per la seva fama llegend\u00e0ria com pel nombre i import\u00e0ncia de les obres alqu\u00edmiques posades sota la seva autoritat. En efecte, una vintena d\u2019escrits formen el corpus alqu\u00edmic que li va ser atribu\u00eft durant l\u2019edat mitjana i que constitueix un dels dos m\u00e9s [&hellip;]<\/p>\n","protected":false},"author":20,"featured_media":0,"parent":0,"menu_order":0,"comment_status":"closed","ping_status":"closed","template":"","meta":{"footnotes":""},"class_list":["post-121","page","type-page","status-publish","hentry"],"_links":{"self":[{"href":"https:\/\/webs.uab.cat\/arnau\/wp-json\/wp\/v2\/pages\/121","targetHints":{"allow":["GET"]}}],"collection":[{"href":"https:\/\/webs.uab.cat\/arnau\/wp-json\/wp\/v2\/pages"}],"about":[{"href":"https:\/\/webs.uab.cat\/arnau\/wp-json\/wp\/v2\/types\/page"}],"author":[{"embeddable":true,"href":"https:\/\/webs.uab.cat\/arnau\/wp-json\/wp\/v2\/users\/20"}],"replies":[{"embeddable":true,"href":"https:\/\/webs.uab.cat\/arnau\/wp-json\/wp\/v2\/comments?post=121"}],"version-history":[{"count":3,"href":"https:\/\/webs.uab.cat\/arnau\/wp-json\/wp\/v2\/pages\/121\/revisions"}],"predecessor-version":[{"id":1760,"href":"https:\/\/webs.uab.cat\/arnau\/wp-json\/wp\/v2\/pages\/121\/revisions\/1760"}],"wp:attachment":[{"href":"https:\/\/webs.uab.cat\/arnau\/wp-json\/wp\/v2\/media?parent=121"}],"curies":[{"name":"wp","href":"https:\/\/api.w.org\/{rel}","templated":true}]}}