{"id":198,"date":"2012-04-14T00:25:11","date_gmt":"2012-04-14T00:25:11","guid":{"rendered":"https:\/\/webs.uab.cat\/arnau\/equip\/"},"modified":"2024-12-11T23:46:59","modified_gmt":"2024-12-11T23:46:59","slug":"equip","status":"publish","type":"page","link":"https:\/\/webs.uab.cat\/arnau\/equip\/","title":{"rendered":"Equip"},"content":{"rendered":"\n<p>A l&#8217;<a href=\"https:\/\/webs.uab.cat\/arnau\/ca\/projectes\/\" data-type=\"page\" data-id=\"29\">actual projecte<\/a> participen els investigadors seg\u00fcents:<\/p>\n\n\n\n<h2 class=\"wp-block-heading\">Membres:<\/h2>\n\n\n\n<p><\/p>\n\n\n\n<p><strong>Jaume Mensa Valls<\/strong> (Investigador principal)<\/p>\n\n\n\n<p>Professor titular de Filosofia a la Universitat Aut\u00f2noma de Barcelona. Format en Filosofia, Teologia i paleografia-arxiv\u00edstica, va realitzar la seva tesi sobre &#8220;La pol\u00e8mica escatol\u00f2gica entre Arnau de Vilanova i els te\u00f2legs professionals&#8221; (1993). Des d&#8217;aleshores la seva recerca s&#8217;ha centrat en l&#8217;obra espiritual d&#8217;Arnau de Vilanova, a m\u00e9s de dedicar diversos estudis a les obres espirituals arnaldianes d&#8217;autoria dubtosa. Recentment ha estat guardonat amb el XXI Premi Joan Maragall, atorgat per la Fundaci\u00f3 Joan Maragall, pel seu estudi <a href=\"http:\/\/www.fundaciojoanmaragall.org\/publicacions_2.php?id_publicacio=194&amp;id_menu=219&amp;id_cat=1\" target=\"_blank\" rel=\"noopener\"><em>Arnau de Vilanova i els teories medievals de l&#8217;amor<\/em><\/a>. M\u00e9s informaci\u00f3 en el seu <a href=\"http:\/\/gent.uab.cat\/jmensa\" target=\"_blank\" rel=\"noopener\">web personal<\/a>.<\/p>\n\n\n\n<p><strong>Sebasti\u00e0 Giralt <\/strong><\/p>\n\n\n\n<p>Professor agregat de Filologia llatina a la Universitat Aut\u00f2noma de Barcelona. La seva activitat investigadora s&#8217;ha centrat en la medicina, la m\u00e0gia i l&#8217;astrologia medievals. La seva principal l\u00ednia de recerca ha estat el corpus m\u00e8dic d&#8217;Arnau de Vilanova, de qui ha estudiat escrits de medicina pr\u00e0ctica i d&#8217;arts ocultes, aix\u00ed com la perviv\u00e8ncia en l&#8217;era moderna. D&#8217;altra banda, t\u00e9 una \u00e0mplia experi\u00e8ncia en l&#8217;elaboraci\u00f3 de materials en l\u00ednia per a la did\u00e0ctica i la divulgaci\u00f3, especialment amb la creaci\u00f3 del portal <a href=\"\/\/www.xtec.cat\/%7Esgiralt\" target=\"_blank\" rel=\"noopener\">Labyrinthus<\/a>. M\u00e9s informaci\u00f3 en el seu <a href=\"http:\/\/pagines.uab.cat\/sebastiagiralt\/\" target=\"_blank\" rel=\"noopener\">web personal<\/a>.<\/p>\n\n\n\n<p><strong>Sergi Grau Torras<\/strong><\/p>\n\n\n\n<p>Llicenciat en Hist\u00f2ria (UAB), M\u00e0ster en Hist\u00f2ria de la Ci\u00e8ncia (UAB-UB), i doctor en Filosofia, ha realitzat la tesi de doctorat sobre la influ\u00e8ncia d&#8217;Arist\u00f2til en la medicina i la filosofia natural d\u2019Arnau de Vilanova. Tamb\u00e9 s\u2019ha dedicat a la recerca d\u2019heretgies medievals com els c\u00e0tars i els valdesos. Investigador Vinculat a la UAB, adscrit a l\u2019<a href=\"http:\/\/centresderecerca.uab.cat\/iem\/\" target=\"_blank\" rel=\"noopener\">Institut d\u2019Estudis Medievals<\/a>&nbsp;de la UAB, \u00e9s encarregat de recerca i de desenvolupament de projectes a la <a href=\"http:\/\/www.fundaciocima.org\" target=\"_blank\" rel=\"noopener\">Fundaci\u00f3 Centre Internacional de M\u00fasica Antiga<\/a>, dirigida per Jordi Savall. M\u00e9s informaci\u00f3 en el seu <a href=\"http:\/\/www.sergigrau.net\" target=\"_blank\" rel=\"noopener\">web personal<\/a>.<\/p>\n\n\n\n<p><strong>Maria Cabr\u00e9<\/strong><\/p>\n\n\n\n<p>Investigadora predoctorial. Graduada en Filosofia i M\u00e0ster en estudis medievals (paleografia, codicologia i filosofia medieval), ha realitzat la seva tesi sobre el te\u00f2leg Antoni Andreu.<\/p>\n\n\n\n<p><strong>Jordi Bossoms<\/strong><\/p>\n\n\n\n<p>Graduat en Estudis Cl\u00e0ssics i m\u00e0ster en Hist\u00f2ria de la seva ci\u00e8ncia. Est\u00e0 realitzant la seva tesi titulada: \u201cSobre les malalties agudes: estudi i edici\u00f3 del conjunt d\u2019obres atribu\u00efdes a Arnau de Vilanova basades en el Regimen acutorum d\u2019Hip\u00f2crates\u201d <\/p>\n\n\n\n<hr class=\"wp-block-separator has-alpha-channel-opacity\" \/>\n\n\n\n<p>A m\u00e9s, a l&#8217;<a href=\"https:\/\/webs.uab.cat\/arnau\/ca\/projectes#projecte2012\" data-type=\"page\">anterior projecte<\/a> van participar els investigadors seg\u00fcents:<\/p>\n\n\n\n<p><strong>Michael R. McVaugh<\/strong>.<\/p>\n\n\n\n<p>Un dels estudiosos internacionals m\u00e9s prestigiosos de la medicina medieval, actualment professor em\u00e8rit de la University of North Carolina. Des de la seva tesi doctoral (1965) s&#8217;ha dedicat, entre altres aspectes, de la medicina dels segles XIII i XIV especialment en l&#8217;entorn proper a Arnau de Vilanova (Montpeller i la Corona d&#8217;Arag\u00f3), a l&#8217;edici\u00f3 cr\u00edtica i l&#8217;estudi de les obres arnaldianes, sobretot en el marc dels <a href=\"http:\/\/www.imf.csic.es\/web\/esp\/dptos\/pspa-AVOMO.asp\" target=\"_blank\" rel=\"noopener\"><em>Arnaldi de Villanova Opera Medica Omnia<\/em><\/a> (AVOMO), al comit\u00e8 editorial del qual pertany dels seu inici el 1975 fins actualitat. Ha elaborat, en solitari o en col\u00b7laboraci\u00f3 amb altres investigadors, set dels volums publicats dels AVOMO, un en premsa i ara n&#8217;est\u00e0 preparant uns altres dos. M\u00e9s informaci\u00f3 en el seu <a href=\"http:\/\/history.unc.edu\/people\/emeriti-faculty\/mcvaugh.html\" target=\"_blank\" rel=\"noopener\">web personal<\/a>.<\/p>\n\n\n\n<p><strong>Francesco Santi<\/strong><\/p>\n\n\n\n<p>Graduat en filosofia amb una tesi de llicenciatura titulada <em>Arnaldo da Villanova e l\u2019Expositio super Apocalypsim<\/em>, publicada en catal\u00e0 (1987) i doctor en Hist\u00f2ria medieval, ha estat catedr\u00e0tic a les Universitats del Salento, de Lecce i de Cassino. Entre les seves nombroses publicacions sobre filosofia i cultura religiosa medievals t\u00e9 destacades aportacions al pensament espiritual d&#8217;Arnau de Vilanova. Ha editat obres de Ramon Llull (<a href=\"http:\/\/www.brepols.net\/Pages\/ShowProduct.aspx?prod_id=IS-9782503048314-1\" target=\"_blank\" rel=\"noopener\">Corpus Christianorum, Continuatio Medievalis, 183<\/a>). Membre del Consell d&#8217;Administraci\u00f3 de la <a href=\"http:\/\/www.sismelfirenze.it\" target=\"_blank\" rel=\"noopener\">SISMEL<\/a>, de la qual actualment \u00e9s director, i de la <a href=\"http:\/\/www.fefonlus.it\" target=\"_blank\" rel=\"noopener\">Fondazione Franceschini<\/a>, ha supervisat la creaci\u00f3 de les <a href=\"http:\/\/www.sismelfirenze.it\/index.php\/it\/repertori\" target=\"_blank\" rel=\"noopener\">bases de dades<\/a> de totes dues institucions, ocupant-se de les problem\u00e0tiques metodol\u00f2giques derivades de les aplicacions de la Inform\u00e0tica a les fonts liter\u00e0ries. Entre els projectes de recerca en qu\u00e8 ha participat ha estat responsable nacional d&#8217;un PRIN dedicat al repertori d&#8217;autors i textos llatins medievals i responsable local d&#8217;un FIRB dedicat a la base de dades del manuscrit medieval.<\/p>\n\n\n\n<h2 class=\"wp-block-heading\">Col\u00b7laboradors cient\u00edfics:<\/h2>\n\n\n\n<p><strong>Antoine Calvet<\/strong> (Par\u00eds)<\/p>\n\n\n\n<p>Sens dubte el millor coneixedor del corpus alqu\u00edmic pseudoarnaldi\u00e0. Doctor per la Universit\u00e9 de Paris-Sorbonne (1995), el seu darrer extens estudi (<em><a href=\"http:\/\/www.editionsarche.com\/PBSCProduct.asp?ItmID=8761761\" target=\"_blank\" rel=\"noopener\">Les \u0153uvres alchimiques attribu\u00e9es \u00e0 Arnaud de Villeneuve<\/a><\/em>, Par\u00eds-Mil\u00e0, 2011) recull, revisa i amplia les seves investigacions sistem\u00e0tiques sobre el conjunt de l&#8217;alqu\u00edmia falsament atribu\u00efda a Arnau de Vilanova. .<\/p>\n\n\n\n<p><strong>Josep Alany\u00e0<\/strong><\/p>\n\n\n\n<p>Director de l&#8217;Arxiu de la Catedral de Tortosa i del Arxiu Dioces\u00e0 de Tortosa. Format en filosofia, teologia i filologia, \u00e9s arxiver i historiador, Ha publicat nombrosos estudis documentals, incloent-hi llibres, articles i comunicacions, sobretot centrats en la hist\u00f2ria local de Tortosa i els territoris ve\u00efns a l&#8217;Edat Mitjana.<\/p>\n\n\n\n<p><strong>Barbara Scavizzi<\/strong><\/p>\n\n\n\n<p>Doctora per la SISMEL amb la tesi <em>Il tractatus epistolarum christini di Arnaldo di Villanova<\/em>. <em>Edizione critica <\/em>(2009), dirigida per Francesco Santi, ha estat col\u00b7laboradora cient\u00edfica a la <a href=\"http:\/\/www.sismelfirenze.it\/\" target=\"_blank\" rel=\"noopener\">SISMEL<\/a> per a les bases de dades bibliogr\u00e0fiques de <a href=\"http:\/\/www.sismelfirenze.it\/index.php\/it\/repertori\/itemlist\/category\/66-medioevo-latino-mel\" target=\"_blank\" rel=\"noopener\"><em>Medioevo latino<\/em><\/a> i <a href=\"http:\/\/www.sismelfirenze.it\/index.php\/it\/repertori\/itemlist\/category\/68-compendium-auctorum-calma\" target=\"_blank\" rel=\"noopener\"><em>Compendium Auctorum Latinorum Maedii Aevi -C.A.L.M.A<\/em><\/a>.<\/p>\n\n\n\n<h2 class=\"wp-block-heading\">Altres col\u00b7laboradors:<\/h2>\n\n\n\n<p><strong>Miquel Hern\u00e0ndez <\/strong><\/p>\n\n\n\n<p>Creaci\u00f3 i manteniment de les bases de dades.<\/p>\n\n\n\n<p><strong>Jordi Bossoms<\/strong><\/p>\n\n\n\n<p>Estudiant d&#8217;Estudis Cl\u00e0ssics, UAB (2018-2019).<\/p>\n\n\n\n<p><strong>Mireia Subirana Brecha<\/strong><\/p>\n\n\n\n<p>Estudiant de Pr\u00e0ctiques Externes d&#8217;Estudis Cl\u00e0ssics, UAB (setembre 2014-gener 2015).<\/p>\n\n\n\n<p><strong>Cristina S\u00e1ez Gonz\u00e1lez<\/strong><\/p>\n\n\n\n<p>Estudiant de Pr\u00e0ctiques Externes d&#8217;Estudis Cl\u00e0ssics, UAB (setembre 2014-gener 2015).<\/p>\n\n\n\n<p><strong>Luis Gonz\u00e1lez M\u00e9rida<\/strong><\/p>\n\n\n\n<p>Becari de col\u00b7laboraci\u00f3 del Departament de Filosofia de la UAB (gener 2014 &#8211; 2014).<\/p>\n\n\n\n<p><strong>Carlos-Sebasti\u00e0 Delgado<\/strong><\/p>\n\n\n\n<p>Becari de col\u00b7laboraci\u00f3 del Departament de Filosofia de la UAB (gener 2013 &#8211; juny 2013).<\/p>\n\n\n\n<figure class=\"wp-block-image is-resized\"><img loading=\"lazy\" decoding=\"async\" width=\"602\" height=\"421\" src=\"https:\/\/webs.uab.cat\/arnau\/wp-content\/uploads\/sites\/132\/2013\/11\/cronica.jpg\" alt=\"cronica.jpg\" class=\"wp-image-194\" style=\"aspect-ratio:1.4309278350515464;width:645px;height:auto\" srcset=\"https:\/\/webs.uab.cat\/arnau\/wp-content\/uploads\/sites\/132\/2013\/11\/cronica.jpg 602w, https:\/\/webs.uab.cat\/arnau\/wp-content\/uploads\/sites\/132\/2013\/11\/cronica-300x210.jpg 300w\" sizes=\"auto, (max-width: 602px) 100vw, 602px\" \/><figcaption class=\"wp-element-caption\">Il\u00b7lustraci\u00f3: Pere el Gran, ferit lluitant contra els francesos el 1285,&nbsp;Giovanni Villani,<em>&nbsp;Nuova cronica<\/em>,&nbsp;ms. Vatic\u00e0, BAV, Chigiano L VIII 296, f.137v. Aquest va ser el primer rei de qui Arnau va ser metge(Proced\u00e8ncia:&nbsp;<a rel=\"noreferrer noopener\" href=\"https:\/\/ca.wikipedia.org\/wiki\/Fitxer:Nuova_cronica._f.137v.jpg\" target=\"_blank\">Wikimedia<\/a>).<\/figcaption><\/figure>\n\n\n\n<p><\/p>\n","protected":false},"excerpt":{"rendered":"<p>A l&#8217;actual projecte participen els investigadors seg\u00fcents: Membres: Jaume Mensa Valls (Investigador principal) Professor titular de Filosofia a la Universitat Aut\u00f2noma de Barcelona. Format en Filosofia, Teologia i paleografia-arxiv\u00edstica, va realitzar la seva tesi sobre &#8220;La pol\u00e8mica escatol\u00f2gica entre Arnau de Vilanova i els te\u00f2legs professionals&#8221; (1993). Des d&#8217;aleshores la seva recerca s&#8217;ha centrat en [&hellip;]<\/p>\n","protected":false},"author":20,"featured_media":0,"parent":0,"menu_order":0,"comment_status":"closed","ping_status":"closed","template":"","meta":{"footnotes":""},"class_list":["post-198","page","type-page","status-publish","hentry"],"_links":{"self":[{"href":"https:\/\/webs.uab.cat\/arnau\/wp-json\/wp\/v2\/pages\/198","targetHints":{"allow":["GET"]}}],"collection":[{"href":"https:\/\/webs.uab.cat\/arnau\/wp-json\/wp\/v2\/pages"}],"about":[{"href":"https:\/\/webs.uab.cat\/arnau\/wp-json\/wp\/v2\/types\/page"}],"author":[{"embeddable":true,"href":"https:\/\/webs.uab.cat\/arnau\/wp-json\/wp\/v2\/users\/20"}],"replies":[{"embeddable":true,"href":"https:\/\/webs.uab.cat\/arnau\/wp-json\/wp\/v2\/comments?post=198"}],"version-history":[{"count":4,"href":"https:\/\/webs.uab.cat\/arnau\/wp-json\/wp\/v2\/pages\/198\/revisions"}],"predecessor-version":[{"id":2121,"href":"https:\/\/webs.uab.cat\/arnau\/wp-json\/wp\/v2\/pages\/198\/revisions\/2121"}],"wp:attachment":[{"href":"https:\/\/webs.uab.cat\/arnau\/wp-json\/wp\/v2\/media?parent=198"}],"curies":[{"name":"wp","href":"https:\/\/api.w.org\/{rel}","templated":true}]}}