{"id":201,"date":"2013-11-26T18:33:11","date_gmt":"2013-11-26T18:33:11","guid":{"rendered":"https:\/\/webs.uab.cat\/arnau\/problematiques\/"},"modified":"2024-06-10T12:41:47","modified_gmt":"2024-06-10T12:41:47","slug":"problematiques","status":"publish","type":"page","link":"https:\/\/webs.uab.cat\/arnau\/problematiques\/","title":{"rendered":"Obres d&#8217;autoria problem\u00e0tica"},"content":{"rendered":"\n<ol class=\"wp-block-list\" start=\"78\">\n<li><em>Tractatus quidam in quo respondetur obiectionibus quae fiebant contra tractatum Arnaldi De adventu Antichristi <\/em>(&#8220;Tractat en qu\u00e8 es responen les objeccions que es feien contra el tractat&nbsp;<em>Sobre la vinguda de l&#8217;Anticrist<\/em> d&#8217;Arnau de Vilanova&#8221;, segurament despr\u00e9s de 1310): aquest tractat \u00e9s an\u00f2nim en l&#8217;\u00fanic manuscrit que l&#8217;ha conservat. No \u00e9s citat en cap llista de les obres arnaldianes feta pel mateix Arnau ni \u00e9s citada en cap obra seva. El <em>Tractatus<\/em> defensa Arnau de Vilanova de les objeccions que els seus adversaris havien fet no \u00fanicament contra el <em>De adventu<\/em> com diu el t\u00edtol, sin\u00f3 contra altres obres. Algunes de les objeccions les trobem documentades en el <em>Contra divinatores et sompniatores<\/em> d&#8217;Agostino Trionfo (1310). L&#8217;autor se serveix de textos aut\u00e8ntics d&#8217;Arnau. Hi ha una clara alteritat entre l&#8217;autor-narrador i Arnau (<em>denuntians<\/em>).<\/li>\n\n\n\n<li><em>Expositio super XXIV capitulum Matthaei <\/em>(&#8220;Exposici\u00f3 del cap\u00edtol XXIV de Mateu&#8221;): l&#8217;\u00fanic manuscrit que ha conservat l&#8217;<em>Expositio<\/em> l&#8217;atribueix a Arnau de Vilanova, per\u00f2 no \u00e9s esmentada en cap llista de les elaborades pel mateix Arnau ni \u00e9s citada en cap altra obra. \u00c9s un comentari exeg\u00e8tic al cap\u00edtol XXIV de l&#8217;Evangeli de Mateu.<\/li>\n\n\n\n<li><em>Conflictus iudaeorum <\/em>(&#8220;El conflicte amb els jueus&#8221;):&nbsp;l&#8217;obra \u00e9s an\u00f2nima, per\u00f2 \u00e9s copiada immediatament despr\u00e9s d&#8217;una obra arnaldiana en l&#8217;\u00fanica c\u00f2pia manuscrita coneguda. El <em>Conflictus<\/em> \u00e9s una proposta d&#8217;un rei feta mitjan\u00e7ant un intermediari a un cap d&#8217;una comunitat jueva convidant-lo a la conversi\u00f3. Arnau de Vilanova va recomanar a Frederic de Sic\u00edlia una proposta com aquesta i en consta per altres testimonis hist\u00f2rics que realment la va fer. Si aquesta obra result\u00e9s \u00e9sser d&#8217;Arnau, tamb\u00e9 ho seria la <em>Prima propositio de conflicto iudaeorum <\/em>(&#8220;Primera proposici\u00f3 sobre el conflicte amb els jueus&#8221;), ara per ara perduda.<\/li>\n\n\n\n<li><em>Tractatus contra passagium ad partes ultramarinas <\/em>(&#8220;Tractat&nbsp;contra la travessia a ultramar&#8221;):&nbsp;l&#8217;opuscle tamb\u00e9 \u00e9s an\u00f2nim, per\u00f2 el trobem entre obres arnaldianes en l&#8217;\u00fanic manuscrit que l&#8217;ha conservat. L&#8217;autor d&#8217;aquest tractat, dirigit a un rei, argumenta que no hi havia les condicions espirituals necess\u00e0ries per tal que una croada que hom intentava de portar a terme fos un \u00e8xit. Cal assegurar abans aquestes condicions (zel, capteniment i obres evang\u00e8liques).<\/li>\n\n\n\n<li><em>Expositio Apocalypsis<\/em> (&#8220;Exposici\u00f3 de l&#8217;Apocalipsi&#8221;, Sant V\u00edctor de Marsella, 1306). Extens comentari a l&#8217;Apocalipsi, paraula per paraula. Fou editada a nom d&#8217;Arnau de Vilanova. Els manuscrits m\u00e9s antics (coneguts quan l&#8217;edici\u00f3 ja estava pr\u00e0cticament enllestida) no atribueixen, per\u00f2, l&#8217;obra a Arnau de Vilanova. L&#8217;autor se serveix de la divisi\u00f3 trinit\u00e0ria de la hist\u00f2ria, de Joaquim de Fiore, no nom\u00e9s no utilitzada en les obres aut\u00e8ntiques d&#8217;Arnau, sin\u00f3 expl\u00edcitament negada. Sembla que l&#8217;autor podria \u00e9sser un monjo (Hug de Nevers?) de Sant V\u00edctor de Marsella.<\/li>\n<\/ol>\n\n\n<figure class=\"wp-block-image size-full is-resized\"><img loading=\"lazy\" decoding=\"async\" width=\"410\" height=\"512\" class=\"wp-image-545\" style=\"width: 494px;height: 617px\" src=\"https:\/\/webs.uab.cat\/arnau\/wp-content\/uploads\/sites\/132\/2016\/10\/BambergApocalypse31v.jpg\" alt=\"\" srcset=\"https:\/\/webs.uab.cat\/arnau\/wp-content\/uploads\/sites\/132\/2016\/10\/BambergApocalypse31v.jpg 410w, https:\/\/webs.uab.cat\/arnau\/wp-content\/uploads\/sites\/132\/2016\/10\/BambergApocalypse31v-240x300.jpg 240w\" sizes=\"auto, (max-width: 410px) 100vw, 410px\" \/>\n<figcaption class=\"wp-element-caption\">Il\u00b7lustraci\u00f3: Apocalipsi de Bamberg, f. 31v, Bamberg, Staatsbibliothek, MS A. II. 42. Proced\u00e8ncia: <a href=\"https:\/\/commons.wikimedia.org\/wiki\/File:BambergApocalypseFolio031vDragonPursuingWomanInWilderness.JPG\" target=\"_blank\" rel=\"noreferrer noopener\">Wikimedia<\/a>.<\/figcaption>\n<\/figure>","protected":false},"excerpt":{"rendered":"<p>Il\u00b7lustraci\u00f3: Apocalipsi de Bamberg, f. 31v, Bamberg, Staatsbibliothek, MS A. II. 42. Proced\u00e8ncia: Wikimedia.<\/p>\n","protected":false},"author":20,"featured_media":0,"parent":0,"menu_order":0,"comment_status":"closed","ping_status":"closed","template":"","meta":{"footnotes":""},"class_list":["post-201","page","type-page","status-publish","hentry"],"_links":{"self":[{"href":"https:\/\/webs.uab.cat\/arnau\/wp-json\/wp\/v2\/pages\/201","targetHints":{"allow":["GET"]}}],"collection":[{"href":"https:\/\/webs.uab.cat\/arnau\/wp-json\/wp\/v2\/pages"}],"about":[{"href":"https:\/\/webs.uab.cat\/arnau\/wp-json\/wp\/v2\/types\/page"}],"author":[{"embeddable":true,"href":"https:\/\/webs.uab.cat\/arnau\/wp-json\/wp\/v2\/users\/20"}],"replies":[{"embeddable":true,"href":"https:\/\/webs.uab.cat\/arnau\/wp-json\/wp\/v2\/comments?post=201"}],"version-history":[{"count":3,"href":"https:\/\/webs.uab.cat\/arnau\/wp-json\/wp\/v2\/pages\/201\/revisions"}],"predecessor-version":[{"id":1790,"href":"https:\/\/webs.uab.cat\/arnau\/wp-json\/wp\/v2\/pages\/201\/revisions\/1790"}],"wp:attachment":[{"href":"https:\/\/webs.uab.cat\/arnau\/wp-json\/wp\/v2\/media?parent=201"}],"curies":[{"name":"wp","href":"https:\/\/api.w.org\/{rel}","templated":true}]}}