{"id":240,"date":"2014-07-09T13:59:37","date_gmt":"2014-07-09T13:59:37","guid":{"rendered":"https:\/\/webs.uab.cat\/arnau\/alquimista\/"},"modified":"2024-06-10T12:52:03","modified_gmt":"2024-06-10T12:52:03","slug":"alquimista","status":"publish","type":"page","link":"https:\/\/webs.uab.cat\/arnau\/alquimista\/","title":{"rendered":"Un fals alquimista"},"content":{"rendered":"\n<p>El debat sobre si va ser fonamentada la gran <a href=\"mite\">fama d&#8217;alquimista<\/a> que va tenir Arnau de Vilanova ha durat segles, per\u00f2 en l&#8217;actualitat els estudiosos estan d&#8217;acord a considerar totalment falsa la dedicaci\u00f3 d\u2019Arnau a l\u2019alqu\u00edmia. Les raons en contra s\u00f3n concloents:<\/p>\n\n\n\n<ul class=\"wp-block-list\">\n<li>Els seus <a href=\"medica\">escrits m\u00e8dics<\/a> no demostren m\u00e9s que un inter\u00e8s i uns coneixements superficials en l&#8217;alqu\u00edmia, i, si es t\u00e9 en compte que una bona part del corpus alqu\u00edmic pseudoarnaldi\u00e0 t\u00e9 una orientaci\u00f3 m\u00e8dica, la separaci\u00f3 tallant entre totes dues activitats seria inexplicable.<\/li>\n\n\n\n<li>La dedicaci\u00f3 a l\u2019alqu\u00edmia d\u2019Arnau no est\u00e0 documentada per cap text coetani ni per l\u2019inventari de llibres trobats a la seva mort.<\/li>\n\n\n\n<li>Els estils i metodologies de les obres m\u00e8diques i alqu\u00edmiques s\u00f3n totalment diverses.<\/li>\n\n\n\n<li>Les tradicions manuscrites del corpus m\u00e8dic i l&#8217;alqu\u00edmic es presenten ben diferenciades.<\/li>\n\n\n\n<li>L\u2019an\u00e0lisi particular de la transmissi\u00f3 textual dels <a href=\"corpus-alquimic-pseudoarnaldia\">escrits alqu\u00edmics del corpus arnaldi\u00e0<\/a> ha anat revelant el car\u00e0cter ap\u00f2crif de cadascun d&#8217;ells.<\/li>\n<\/ul>\n\n\n\n<p>La recerca, doncs, s\u2019encamina cap a les causes de l\u2019atribuci\u00f3 d\u2019un vessant alqu\u00edmic del mestre, an\u00e0loga a la del corpus pseudolul\u00b7li\u00e0: les principals claus apuntades fins ara (Calvet i Pereira) han estat la investigaci\u00f3 farmacol\u00f2gica d\u2019Arnau, el profetisme escatol\u00f2gic i el cristocentrisme dels seus tractats espirituals, la seva fama de nigromant, la recerca de la prolongaci\u00f3 de la vida i l\u2019or potable a la cort pontif\u00edcia, aix\u00ed com la possible activitat alqu\u00edmica de personatges del seu entorn proper (deixebles, seguidors, secretaris i familiars). Una altra hip\u00f2tesi \u00e9s que l\u2019origen de l\u2019atribuci\u00f3 seria una confusi\u00f3 amb l\u2019alquimista occit\u00e0 Perarnau de Vilanova, que hauria estat l\u2019autor del primer nucli del corpus alqu\u00edmic arnaldi\u00e0 (Rodr\u00edguez Guerrero).<\/p>\n\n\n\n<p>El cas de Pseudo-Arnau no \u00e9s \u00fanic: de fet, l&#8217;alqu\u00edmia era un saber que tendia per regla general a la falsa autoria concentrant els seus textos sota l\u2019autoritat de grans noms de les ci\u00e8ncies antigues i medievals: el m\u00edtic Hermes Trismegist, Arist\u00f2til, Roger Bacon, Albert Magne o Ramon Llull. Sens dubte les condemnes i el descr\u00e8dit sobre aquest saber van dur els autors reals a l\u2019anonimat o a la pseudoepigrafia durant molt de temps. I amb l\u2019atribuci\u00f3 a les figures intel\u00b7lectuals m\u00e9s encimbellades guanyaven prestigi i la validesa intel\u00b7lectual per als seus escrits i per a una art marginada i posada en q\u00fcesti\u00f3 pel pensament ortodox.<\/p>\n\n\n<figure class=\"wp-block-image size-full is-resized\"><img loading=\"lazy\" decoding=\"async\" width=\"462\" height=\"701\" class=\"wp-image-599\" style=\"width: 435px;height: 660px\" src=\"https:\/\/webs.uab.cat\/arnau\/wp-content\/uploads\/sites\/132\/2016\/10\/gesner.jpg\" alt=\"\" srcset=\"https:\/\/webs.uab.cat\/arnau\/wp-content\/uploads\/sites\/132\/2016\/10\/gesner.jpg 462w, https:\/\/webs.uab.cat\/arnau\/wp-content\/uploads\/sites\/132\/2016\/10\/gesner-198x300.jpg 198w\" sizes=\"auto, (max-width: 462px) 100vw, 462px\" \/>\n<figcaption class=\"wp-element-caption\">Il\u00b7lustraci\u00f3:<em>The practise of the new and old physicke<\/em> (Londres 1599), centrat en els remeis destil\u00b7lats, inclou la versi\u00f3 anglesa de l&#8217;<em>Epistola de sanguine humano distillato <\/em>pseudoarnaldiana.<\/figcaption>\n<\/figure>\n\n\n<p><\/p>\n","protected":false},"excerpt":{"rendered":"<p>El debat sobre si va ser fonamentada la gran fama d&#8217;alquimista que va tenir Arnau de Vilanova ha durat segles, per\u00f2 en l&#8217;actualitat els estudiosos estan d&#8217;acord a considerar totalment falsa la dedicaci\u00f3 d\u2019Arnau a l\u2019alqu\u00edmia. Les raons en contra s\u00f3n concloents: La recerca, doncs, s\u2019encamina cap a les causes de l\u2019atribuci\u00f3 d\u2019un vessant alqu\u00edmic [&hellip;]<\/p>\n","protected":false},"author":20,"featured_media":0,"parent":0,"menu_order":0,"comment_status":"closed","ping_status":"closed","template":"","meta":{"footnotes":""},"class_list":["post-240","page","type-page","status-publish","hentry"],"_links":{"self":[{"href":"https:\/\/webs.uab.cat\/arnau\/wp-json\/wp\/v2\/pages\/240","targetHints":{"allow":["GET"]}}],"collection":[{"href":"https:\/\/webs.uab.cat\/arnau\/wp-json\/wp\/v2\/pages"}],"about":[{"href":"https:\/\/webs.uab.cat\/arnau\/wp-json\/wp\/v2\/types\/page"}],"author":[{"embeddable":true,"href":"https:\/\/webs.uab.cat\/arnau\/wp-json\/wp\/v2\/users\/20"}],"replies":[{"embeddable":true,"href":"https:\/\/webs.uab.cat\/arnau\/wp-json\/wp\/v2\/comments?post=240"}],"version-history":[{"count":3,"href":"https:\/\/webs.uab.cat\/arnau\/wp-json\/wp\/v2\/pages\/240\/revisions"}],"predecessor-version":[{"id":1799,"href":"https:\/\/webs.uab.cat\/arnau\/wp-json\/wp\/v2\/pages\/240\/revisions\/1799"}],"wp:attachment":[{"href":"https:\/\/webs.uab.cat\/arnau\/wp-json\/wp\/v2\/media?parent=240"}],"curies":[{"name":"wp","href":"https:\/\/api.w.org\/{rel}","templated":true}]}}