{"id":28,"date":"2009-05-25T13:20:37","date_gmt":"2009-05-25T13:20:37","guid":{"rendered":"https:\/\/webs.uab.cat\/arnau\/recerca\/"},"modified":"2024-06-10T12:28:21","modified_gmt":"2024-06-10T12:28:21","slug":"recerca","status":"publish","type":"page","link":"https:\/\/webs.uab.cat\/arnau\/recerca\/","title":{"rendered":"L\u00ednies de recerca"},"content":{"rendered":"\n<p>D&#8217;acord amb el <a href=\"projectes\">projecte actual<\/a> les l\u00ednies d&#8217;investigaci\u00f3 de l&#8217;equip per al quadrienni 2015-2108 s\u00f3n les seg\u00fcents :<\/p>\n\n\n\n<p>1 . Desenvolupament del corpus digital d&#8217;Arnau de Vilanova amb bases de dades sobre:<\/p>\n\n\n\n<ul class=\"wp-block-list\">\n<li>Obres del corpus arnaldi\u00e0 i pseudo-arnaldi\u00e0.<\/li>\n\n\n\n<li>Manuscrits i edicions impreses modernes del corpus.<\/li>\n\n\n\n<li>Documents arxiv\u00edstics sobre la vida i l&#8217;obra d&#8217;Arnau de Vilanova.<\/li>\n\n\n\n<li>Edicions contempor\u00e0nies d&#8217;escrits d&#8217;Arnau i pseudo-Arnau i bibliografia secund\u00e0ria.<\/li>\n<\/ul>\n\n\n\n<p>3 . Altres iniciatives d&#8217;investigaci\u00f3 paral\u00b7leles:<\/p>\n\n\n\n<ul class=\"wp-block-list\">\n<li>Edici\u00f3 i estudi de la <em>Interpretatio de visionibus in somnis <\/em>d&#8217;Arnau de Vilanova.<\/li>\n\n\n\n<li>An\u00e0lisi de la influ\u00e8ncia d&#8217;Arist\u00f2til en l&#8217;obra cient\u00edfica d&#8217;Arnau de Vilanova.<\/li>\n\n\n\n<li>Estudi de la recepci\u00f3 de les obres m\u00e8diques d&#8217;Arnau de Vilanova en l&#8217;era moderna.<\/li>\n\n\n\n<li>Estudi de la figura i l&#8217;obra de l&#8217;escotista Antoni Andreu.<\/li>\n\n\n\n<li>An\u00e0lisi de la biografia i l&#8217;obra de Bartomeu de Tresbens, metge i astr\u00f2leg del rei Pere el Cerimoni\u00f3s.<\/li>\n<\/ul>\n\n\n\n<p>4 . Divulgaci\u00f3:<\/p>\n\n\n\n<ul class=\"wp-block-list\">\n<li>Ampliaci\u00f3 a d&#8217;altres lleng\u00fces de la <a href=\"quiesarnau\">presentaci\u00f3<\/a> multiling\u00fce de la biografia, obra i posteritat d&#8217;Arnau de Vilanova en el lloc web.<\/li>\n<\/ul>\n\n\n\n<figure class=\"wp-block-image is-resized\"><img loading=\"lazy\" decoding=\"async\" width=\"384\" height=\"664\" src=\"https:\/\/webs.uab.cat\/arnau\/wp-content\/uploads\/sites\/132\/2009\/05\/nazari.gif\" alt=\"nazari.gif\" class=\"wp-image-23\" style=\"width:323px;height:auto\" \/><figcaption class=\"wp-element-caption\">Il\u00b7lustraci\u00f3: Drac o Gallina del segon somni, Gravat de Giovan Battista Nazari, <em>Della Tramutatione Metallica Sogni Tre<\/em>, Brescia, 1564, f. 28v. Aquest llibre inclou la versi\u00f3 italiana alguns tractats alqu\u00edmics pseudoarnaldians.<\/figcaption><\/figure>\n\n\n\n<p><\/p>\n\n\n\n<hr class=\"wp-block-separator has-alpha-channel-opacity\" \/>\n\n\n\n<p>D&#8217;acord amb el <a href=\"projectes#projecte2012\">primer projecte<\/a> les l\u00ednies d&#8217;investigaci\u00f3 de l&#8217;equip per al trienni 2012-2014 eren les seg\u00fcents:<\/p>\n\n\n\n<p>1 . Creaci\u00f3 i desenvolupament del corpus digital d&#8217;Arnau de Vilanova amb bases de dades sobre:<\/p>\n\n\n\n<ul class=\"wp-block-list\">\n<li>Obres del corpus arnaldi\u00e0 i pseudo-arnaldi\u00e0.<\/li>\n\n\n\n<li>Manuscrits i edicions impreses modernes del corpus.<\/li>\n\n\n\n<li>Documents arxiv\u00edstics sobre la vida i l&#8217;obra d&#8217;Arnau de Vilanova.<\/li>\n\n\n\n<li>Edicions contempor\u00e0nies d&#8217;escrits d&#8217;Arnau i pseudo-Arnau i bibliografia secund\u00e0ria.<\/li>\n<\/ul>\n\n\n\n<p>2 . Espai de trobada per a la investigaci\u00f3 i l&#8217;estudi sobre Arnau de Vilanova:<\/p>\n\n\n\n<ul class=\"wp-block-list\">\n<li>Creaci\u00f3 d&#8217;un lloc web centrat en Arnau de Vilanova on siguin accessibles <a href=\"database\">les bases de dades<\/a> .<\/li>\n<\/ul>\n\n\n\n<p>3 . Altres iniciatives d&#8217;investigaci\u00f3 paral\u00b7leles:<\/p>\n\n\n\n<ul class=\"wp-block-list\">\n<li>La tradici\u00f3 manuscrita del corpus arnaldi\u00e0: cat\u00e0leg i descripci\u00f3 dels manuscrits.<\/li>\n\n\n\n<li>Inici de l&#8217;edici\u00f3 cr\u00edtica de les obres de Girona i Lleida d&#8217;Arnau de Vilanova .<\/li>\n\n\n\n<li>Les edicions impreses en l&#8217;\u00e8poca moderna de l&#8217;obra m\u00e8dica d&#8217;Arnau de Vilanova .<\/li>\n\n\n\n<li>Recopilaci\u00f3 i revisi\u00f3 dels documents arxiv\u00edstics sobre Arnau de Vilanova .<\/li>\n<\/ul>\n\n\n\n<p>4 . Divulgaci\u00f3:<\/p>\n\n\n\n<ul class=\"wp-block-list\">\n<li><a href=\"quiesarnau\">Presentaci\u00f3<\/a> multiling\u00fce de la biografia, obra i posteritat d&#8217;Arnau de Vilanova en el lloc web (catal\u00e0, castell\u00e0 i angl\u00e8s).<\/li>\n<\/ul>\n","protected":false},"excerpt":{"rendered":"<p>D&#8217;acord amb el projecte actual les l\u00ednies d&#8217;investigaci\u00f3 de l&#8217;equip per al quadrienni 2015-2108 s\u00f3n les seg\u00fcents : 1 . Desenvolupament del corpus digital d&#8217;Arnau de Vilanova amb bases de dades sobre: 3 . Altres iniciatives d&#8217;investigaci\u00f3 paral\u00b7leles: 4 . Divulgaci\u00f3: D&#8217;acord amb el primer projecte les l\u00ednies d&#8217;investigaci\u00f3 de l&#8217;equip per al trienni 2012-2014 [&hellip;]<\/p>\n","protected":false},"author":20,"featured_media":0,"parent":0,"menu_order":0,"comment_status":"closed","ping_status":"closed","template":"","meta":{"footnotes":""},"class_list":["post-28","page","type-page","status-publish","hentry"],"_links":{"self":[{"href":"https:\/\/webs.uab.cat\/arnau\/wp-json\/wp\/v2\/pages\/28","targetHints":{"allow":["GET"]}}],"collection":[{"href":"https:\/\/webs.uab.cat\/arnau\/wp-json\/wp\/v2\/pages"}],"about":[{"href":"https:\/\/webs.uab.cat\/arnau\/wp-json\/wp\/v2\/types\/page"}],"author":[{"embeddable":true,"href":"https:\/\/webs.uab.cat\/arnau\/wp-json\/wp\/v2\/users\/20"}],"replies":[{"embeddable":true,"href":"https:\/\/webs.uab.cat\/arnau\/wp-json\/wp\/v2\/comments?post=28"}],"version-history":[{"count":2,"href":"https:\/\/webs.uab.cat\/arnau\/wp-json\/wp\/v2\/pages\/28\/revisions"}],"predecessor-version":[{"id":1779,"href":"https:\/\/webs.uab.cat\/arnau\/wp-json\/wp\/v2\/pages\/28\/revisions\/1779"}],"wp:attachment":[{"href":"https:\/\/webs.uab.cat\/arnau\/wp-json\/wp\/v2\/media?parent=28"}],"curies":[{"name":"wp","href":"https:\/\/api.w.org\/{rel}","templated":true}]}}