{"id":29,"date":"2009-05-25T13:22:03","date_gmt":"2009-05-25T13:22:03","guid":{"rendered":"https:\/\/webs.uab.cat\/arnau\/projectes\/"},"modified":"2022-08-09T08:15:49","modified_gmt":"2022-08-09T08:15:49","slug":"projectes","status":"publish","type":"page","link":"https:\/\/webs.uab.cat\/arnau\/projectes\/","title":{"rendered":"Projectes R+D"},"content":{"rendered":"\n<h2 class=\"wp-block-heading\">Dades del projecte&nbsp;(2019-2023)<\/h2>\n\n\n\n<ul class=\"wp-block-list\"><li><strong>T\u00edtol: <\/strong>Arnau de Vilanova Digital (Arnau DB)<\/li><li><strong>Refer\u00e8ncia:<\/strong> PID2019-104308GB-I00<\/li><li><strong>Entitat finan\u00e7adora:<\/strong> Ministerio de Ciencia, innovaci\u00f3n y universidades.<\/li><\/ul>\n\n\n\n<ul class=\"wp-block-list\"><li><strong>Durada:<\/strong> 2019-2023<\/li><li><strong>Investigador principal: <\/strong><a rel=\"noreferrer noopener\" href=\"http:\/\/gent.uab.cat\/jmensa\/\" target=\"_blank\">Jaume Mensa Valls<\/a> (Universitat Aut\u00f2noma de Barcelona)<\/li><li><strong>Altres membres:\u00a0<\/strong><a rel=\"noreferrer noopener\" href=\"http:\/\/pagines.uab.cat\/sebastiagiralt\/\" target=\"_blank\">Sebasti\u00e0 Giralt Soler<\/a> (Universitat Aut\u00f2noma de Barcelona)<\/li><li><strong>Equip de treball<\/strong><ul><li><a rel=\"noreferrer noopener\" href=\"http:\/\/www.sergigrau.net\" target=\"_blank\">Sergi Grau Torras<\/a> (Fundaci\u00f3 Centre Internacional de M\u00fasica Antiga &#8211; Universitat Aut\u00f2noma de Barcelona)<\/li><li>Maria Cabr\u00e9 Duran (Investigadora predoctoral, UAB).<\/li><li>Jordi Bossoms i Costa<\/li><li>Joseph Zigler<\/li><\/ul><\/li><li><strong>Col\u00b7laboradors:<\/strong> Ramon Guijosa Calder\u00f3 (becari de col\u00b7laboraci\u00f3 del Departament de Filosofia de la UAB, 2020).<\/li><li><strong>Seu:<\/strong> Departament de Ci\u00e8ncies de l&#8217;Antiguitat i l&#8217;Edat Mitjana, Facultat de Lletres, Universitat Aut\u00f2noma de Barcelona<\/li><li><strong>Objectius:<\/strong> <ul><li>1. Desenvolupament del corpus digital d\u2019Arnau de Vilanova (Arnau DB), una base de dades amb informaci\u00f3 b\u00e0sica (manuscrits, documents, edicions modernes i actuals, bibliografia secund\u00e0ria, novetats de la investigaci\u00f3) sobre l\u2019autor i la seva obra.<\/li><li>2. Preparar una edici\u00f3 cr\u00edtica de les seg\u00fcents obres no publicades d\u2019Arnau de Vilanova:a) <em>Antidotum contra venenum effussum per fratrem Martinum de Atheca<\/em>.b) La <em>Praesentatio facta Burdegaliae<\/em>.<\/li><li>3. Preparar una edici\u00f3 cr\u00edtica de l\u2019obra d\u2019Arnau de Vilanova: <em>Practica summaria<\/em>.<\/li><li>4. Estudiar com es desenvoluparen les diferents q\u00fcestions mediques des de Mitjans del segle XIII fins a principis del segle XIV, i la contribuci\u00f3 d\u2019Arnau de Vilanova en el seu desenvolupament.<\/li><li>5. Edici\u00f3 i estudi d\u2019obres breus d\u2019Arnau de Vilanova basades en l\u2019hipocr\u00e0tic <em>De regimine acutorum<\/em>.<\/li><\/ul><\/li><\/ul>\n\n\n\n<h2 class=\"wp-block-heading\">Dades del projecte coordinat (2015-2019)<\/h2>\n\n\n\n<ul class=\"wp-block-list\"><li><strong>T\u00edtol: <\/strong>&#8221; Corpus digital de Arnau de Vilanova:filosofia y ciencia en la Corona de Arag\u00f3n (siglos XIII-XIV)&#8221;<\/li><li><strong>Refer\u00e8ncia:<\/strong> FFI2014-53050-C5-2-P<\/li><li><strong>Entitat finan\u00e7adora:<\/strong> Ministerio de Econom\u00eda y Competitividad (MINECO)<\/li><\/ul>\n\n\n\n<ul class=\"wp-block-list\"><li><strong>Durada:<\/strong> 2015-2019<\/li><li><strong>Investigador principal: <\/strong><a rel=\"noreferrer noopener\" href=\"http:\/\/pagines.uab.cat\/sebastiagiralt\/\" target=\"_blank\">Sebasti\u00e0 Giralt Soler<\/a> (Universitat Aut\u00f2noma de Barcelona)<\/li><li><strong>Altres membres:<\/strong><a rel=\"noreferrer noopener\" href=\"http:\/\/gent.uab.cat\/jmensa\/\" target=\"_blank\"> Jaume Mensa Valls<\/a> (Universitat Aut\u00f2noma de Barcelona)<\/li><li><strong>Equip de treball<\/strong><ul><li><a rel=\"noreferrer noopener\" href=\"http:\/\/www.sergigrau.net\" target=\"_blank\">Sergi Grau Torras<\/a> (Fundaci\u00f3 Centre Internacional de M\u00fasica Antiga &#8211; Universitat Aut\u00f2noma de Barcelona)<\/li><li>Maria Cabr\u00e9 Duran (Investigadora predoctoral, UAB).<\/li><\/ul><\/li><li><strong>Col\u00b7laboradors:<\/strong> Miquel Hern\u00e0ndez (creaci\u00f3 i manteniment de les bases de dades)Jordi Bellmunt (becari de col\u00b7laboraci\u00f3 del Departament de Filosofia de la UAB, 2017).<\/li><li><strong>Seu:<\/strong> Departament de Ci\u00e8ncies de l&#8217;Antiguitat i l&#8217;Edat Mitjana, Facultat de Lletres, Universitat Aut\u00f2noma de Barcelona<\/li><li><strong>Objectius:<\/strong> <ul><li>1. Desenvolupament d&#8217;una base de dades sobre Arnau de Vilanova (Arnau DB), que proporcioni informaci\u00f3 b\u00e0sica (manuscrits, documents, edicions modernes i actuals, bibliografia secund\u00e0ria, novetats de la recerca) sobre l&#8217;autor i la seva obra.<\/li><li>2. Edici\u00f3 i estudi de la <em>Interpretatio de visionibus in somnis <\/em>d&#8217;Arnau de Vilanova.<\/li><li>3. An\u00e0lisi de la influ\u00e8ncia d&#8217;Arist\u00f2til en l&#8217;obra cient\u00edfica d&#8217;Arnau de Vilanova.<\/li><li>4. Estudi de la recepci\u00f3 de les obres m\u00e8diques d&#8217;Arnau de Vilanova en l&#8217;era moderna.<\/li><li>5. Estudi de la figura i l&#8217;obra de l&#8217;escotista Antoni Andreu.<\/li><li>6. An\u00e0lisi de la biografia i l&#8217;obra de Bartomeu de Tresbens, metge i astr\u00f2leg de Pere el Cerimoni\u00f3s.<\/li><\/ul><\/li><\/ul>\n\n\n\n<h2 class=\"wp-block-heading\">Dades del projecte coordinat (2012-2014) <\/h2>\n\n\n\n<ul class=\"wp-block-list\"><li><strong>T\u00edtol: <\/strong>&#8220;Corpus digital de la ci\u00e8ncia medieval a la Corona d&#8217;Arag\u00f3 en el seu context llat\u00ed i rom\u00e0nic: obres vernacles, Arnau de Vilanova i Vicent Ferrer (CIVERLAT)&#8221;<\/li><li><strong>Refer\u00e8ncia:<\/strong> FFI2011-29117-C02<\/li><li><strong>Entitat finan\u00e7adora:<\/strong> Ministerio de Ciencia e Innovaci\u00f3n (MICINN), despr\u00e9s Ministerio de Econom\u00eda y Competitividad (MINECO)<\/li><li><strong>Durada:<\/strong> 2012-2014<\/li><li><strong>Coordinador: <\/strong><a rel=\"noreferrer noopener\" href=\"http:\/\/www.narpan.net\/index.php\/membres\/investigadors\/lluiscifuentes\" target=\"_blank\">Llu\u00eds Cifuentes Comamala<\/a> (Universitat de Barcelona)<\/li><\/ul>\n\n\n\n<h3 class=\"wp-block-heading\">Subprojecte 01: &#8220;Obres vernacles i Vicent Ferrer&#8221;<\/h3>\n\n\n\n<ul class=\"wp-block-list\"><li><strong>Refer\u00e8ncia:<\/strong> FFI2011-29117-C02-01<\/li><li><strong>Investigador principal:<\/strong> <a rel=\"noreferrer noopener\" href=\"http:\/\/www.narpan.net\/index.php\/membres\/investigadors\/lluiscifuentes\" target=\"_blank\">Llu\u00eds Cifuentes Comamala<\/a> (Universitat de Barcelona)<\/li><\/ul>\n\n\n\n<ul class=\"wp-block-list\"><li><strong>Membres:<\/strong> <a rel=\"noreferrer noopener\" href=\"http:\/\/www.narpan.net\/index.php\/membres\/investigadors\/antoniacarre\" target=\"_blank\">Ant\u00f2nia Carr\u00e9 Pons<\/a> (Universitat Oberta de Catalunya)<br><a rel=\"noreferrer noopener\" href=\"http:\/\/sciencia.cat\/projectes\/ferragud.htm\" target=\"_blank\">Carmel Ferragud Domingo<\/a> (Universitat de Val\u00e8ncia)<br><a rel=\"noreferrer noopener\" href=\"https:\/\/portal.uah.es\/portal\/page\/portal\/epd2_profesores\/prof363475\" target=\"_blank\">Fernando Serrano Larr\u00e1yoz<\/a> (Universidad de Alcal\u00e1 de Henares)<br><a rel=\"noreferrer noopener\" href=\"http:\/\/www.stefanorapisarda.net\/\" target=\"_blank\">Stefano Rapisarda<\/a> (Universit\u00e0 di Catania &#8211; It\u00e0lia)<br><a rel=\"noreferrer noopener\" href=\"http:\/\/www.unich.it\/unichieti\/appmanager\/unich\/ateneo?_nfpb=true&amp;_pageLabel=RubricaDeatils_v2&amp;path=\/BEA%20Repository\/304130\" target=\"_blank\">Ilaria Zamuner<\/a> (Universit\u00e0 di Chieti &#8211; It\u00e0lia)<\/li><li><strong>Col\u00b7laboradors:<\/strong> Miquel Hern\u00e0ndez (creaci\u00f3 i manteniment de les bases de dades)<br>Cristina Borau Morell (febrer 2012 -)<br><a rel=\"noreferrer noopener\" href=\"http:\/\/speculumhospitale.blogspot.com\/\" target=\"_blank\">Teresa Huguet Termes<\/a> (gener 2012 -)<br>Nin Sauleda Brossa (febrer 2012 -)<\/li><li><strong>Seu:<\/strong> Departament de Filologia Catalana, Facultat de Filologia, Universitat de Barcelona<\/li><li><strong>Objectius:<\/strong> <ul><li>1. Desenvolupament del corpus digital de Sci\u00e8ncia.cat (<a href=\"http:\/\/sciencia.cat\/db\/scienciacat-db.htm\">base de dades<\/a> i <a href=\"http:\/\/sciencia.cat\/biblioteca\/biblioteca.htm\">biblioteca digital<\/a>). Segona fase: revisi\u00f3 del fitxer d&#8217;obres, bolcat de descripcions de manuscrits i impresos, documents sobre llibre i lectura i vocabulari t\u00e8cnic. Publicaci\u00f3 progressiva de la base de dades.<\/li><li>2. Estudi de la difusi\u00f3 i divulgaci\u00f3 del saber, especialment del saber m\u00e8dic i cient\u00edfic, m\u00e9s enll\u00e0 de l&#8217;\u00e0mbit acad\u00e8mic, i molt particularment en el marc cortes\u00e0 i en llengua vulgar.<\/li><li>3. Divulgaci\u00f3 dels temes de recerca a trav\u00e9s de la secci\u00f3 <a href=\"http:\/\/sciencia.cat\/biblioteca\/temes\/0temes.htm\">Temes de Sci\u00e8ncia.cat<\/a>.<\/li><\/ul><\/li><\/ul>\n\n\n\n<h3 class=\"wp-block-heading\">Subprojecte 02: &#8220;Arnau de Vilanova&#8221;<\/h3>\n\n\n\n<ul class=\"wp-block-list\"><li><strong>Refer\u00e8ncia:<\/strong> FFI2011-29117-C02-02<\/li><li><strong>Investigador principal: <\/strong><a rel=\"noreferrer noopener\" href=\"http:\/\/pagines.uab.cat\/sebastiagiralt\/\" target=\"_blank\">Sebasti\u00e0 Giralt Soler<\/a> (Universitat Aut\u00f2noma de Barcelona)<\/li><\/ul>\n\n\n\n<ul class=\"wp-block-list\"><li><strong>Membres:<\/strong> <a rel=\"noreferrer noopener\" href=\"http:\/\/gent.uab.cat\/jmensa\/\" target=\"_blank\">Jaume Mensa Valls<\/a> (Universitat Aut\u00f2noma de Barcelona)<br><a rel=\"noreferrer noopener\" href=\"http:\/\/history.unc.edu\/people\/emeriti-faculty\/mcvaugh.html\" target=\"_blank\">Michael R. McVaugh<\/a> (University of North Carolina &#8211; Estats Units)<br>Francesco Santi (Universit\u00e0 di Cassino &#8211; It\u00e0lia)<br><a rel=\"noreferrer noopener\" href=\"http:\/\/www.sergigrau.net\" target=\"_blank\">Sergi Grau Torras<\/a> (Fundaci\u00f3 Centre Internacional de M\u00fasica Antiga &#8211; Universitat Aut\u00f2noma de Barcelona)<\/li><li><strong>Col\u00b7laboradors:<\/strong> Miquel Hern\u00e0ndez (creaci\u00f3 i manteniment de les bases de dades)<br>Josep Alany\u00e0 Roig (gener 2012 -)<br>Antoine Calvet (gener 2012 -)<br>Barbara Scavizzi (gener 2012 -)<br>Carlos-Sebasti\u00e0 Delgado (becari de col\u00b7laboraci\u00f3, gener 2013 &#8211; juny 2013)<br>Luis Gonz\u00e1lez M\u00e9rida (becario de colaboraci\u00f3, enero 2014 &#8211; )<\/li><li><strong>Seu:<\/strong> Departament de Ci\u00e8ncies de l&#8217;Antiguitat i l&#8217;Edat Mitjana, Facultat de Lletres, Universitat Aut\u00f2noma de Barcelona<\/li><li><strong>Objectius:<\/strong> <ul><li>1. Creaci\u00f3 i desenvolupament d&#8217;una base de dades sobre Arnau de Vilanova (Arnau DB), que proporcioni informaci\u00f3 b\u00e0sica (manuscrits, documents, edicions modernes i actuals, bibliografia secund\u00e0ria, novetats de la recerca) sobre l&#8217;autor i la seva obra.<\/li><li>2. Creaci\u00f3 d&#8217;un lloc web que proporcioni una visi\u00f3 actualitzada i rigorosa de la personalitat, l&#8217;obra i la posteritat d&#8217;Arnau de Vilanova.<\/li><li>3. Estudi d&#8217;aspectes espec\u00edfics de la vida, obra i posteritat d&#8217;Arnau de Vilanova.<\/li><\/ul><\/li><\/ul>\n","protected":false},"excerpt":{"rendered":"<p>Dades del projecte&nbsp;(2019-2023) T\u00edtol: Arnau de Vilanova Digital (Arnau DB) Refer\u00e8ncia: PID2019-104308GB-I00 Entitat finan\u00e7adora: Ministerio de Ciencia, innovaci\u00f3n y universidades. Durada: 2019-2023 Investigador principal: Jaume Mensa Valls (Universitat Aut\u00f2noma de Barcelona) Altres membres:\u00a0Sebasti\u00e0 Giralt Soler (Universitat Aut\u00f2noma de Barcelona) Equip de treball Sergi Grau Torras (Fundaci\u00f3 Centre Internacional de M\u00fasica Antiga &#8211; Universitat Aut\u00f2noma de [&hellip;]<\/p>\n","protected":false},"author":20,"featured_media":0,"parent":0,"menu_order":0,"comment_status":"closed","ping_status":"closed","template":"","meta":{"footnotes":""},"class_list":["post-29","page","type-page","status-publish","hentry"],"_links":{"self":[{"href":"https:\/\/webs.uab.cat\/arnau\/wp-json\/wp\/v2\/pages\/29","targetHints":{"allow":["GET"]}}],"collection":[{"href":"https:\/\/webs.uab.cat\/arnau\/wp-json\/wp\/v2\/pages"}],"about":[{"href":"https:\/\/webs.uab.cat\/arnau\/wp-json\/wp\/v2\/types\/page"}],"author":[{"embeddable":true,"href":"https:\/\/webs.uab.cat\/arnau\/wp-json\/wp\/v2\/users\/20"}],"replies":[{"embeddable":true,"href":"https:\/\/webs.uab.cat\/arnau\/wp-json\/wp\/v2\/comments?post=29"}],"version-history":[{"count":3,"href":"https:\/\/webs.uab.cat\/arnau\/wp-json\/wp\/v2\/pages\/29\/revisions"}],"predecessor-version":[{"id":1291,"href":"https:\/\/webs.uab.cat\/arnau\/wp-json\/wp\/v2\/pages\/29\/revisions\/1291"}],"wp:attachment":[{"href":"https:\/\/webs.uab.cat\/arnau\/wp-json\/wp\/v2\/media?parent=29"}],"curies":[{"name":"wp","href":"https:\/\/api.w.org\/{rel}","templated":true}]}}