{"id":366,"date":"2010-01-21T13:43:18","date_gmt":"2010-01-21T13:43:18","guid":{"rendered":"https:\/\/webs.uab.cat\/arnau\/22-2\/"},"modified":"2024-01-09T17:57:24","modified_gmt":"2024-01-09T17:57:24","slug":"22-2","status":"publish","type":"page","link":"https:\/\/webs.uab.cat\/arnau\/","title":{"rendered":"Inici"},"content":{"rendered":"\n<p>Benvinguts al web del projecte de recerca <strong>Arnau DB. Corpus digital d&#8217;Arnau de Vilanova<\/strong>. D&#8217;acord amb els objectius del <a href=\"projecte\">projecte<\/a> vigent, aquest web respon a quatre finalitats fonamentals:<\/p>\n\n\n\n<ul class=\"wp-block-list\">\n<li>Volem proporcionar al p\u00fablic en general <a href=\"arnaudevilanova\">una visi\u00f3 rigorosa i actualitzada de la figura del metge i reformador religi\u00f3s<\/a> Arnau de Vilanova, allunyada de la percepci\u00f3 distorsionada encara massa estesa en l&#8217;actualitat.<\/li>\n\n\n\n<li>A mesura que es vagi engegant, permet l&#8217;acc\u00e9s, al p\u00fablic en general i sobretot als investigadors, a la <a href=\"database\">base de dades<\/a> que el nostre equip est\u00e0 elaborant sobre manuscrits, impresos moderns, documents i bibliografia secund\u00e0ria referents a Arnau de Vilanova i al corpus de textos m\u00e8dics, espirituals i alqu\u00edmics que van circular sota el seu nom.<\/li>\n\n\n\n<li>Donem a con\u00e8ixer les <a href=\"novetats\">novetats<\/a> relatives als estudis sobre Arnau de Vilanova.<\/li>\n\n\n\n<li>Oferim informaci\u00f3 p\u00fablica sobre el nostre projecte, incloent-hi la recerca, les activitats o les publicacions relacionades amb ell.<\/li>\n<\/ul>\n\n\n\n<figure class=\"wp-block-image size-full\"><img loading=\"lazy\" decoding=\"async\" width=\"374\" height=\"413\" src=\"https:\/\/webs.uab.cat\/arnau\/wp-content\/uploads\/sites\/132\/2016\/10\/arnaut2.jpg\" alt=\"\" class=\"wp-image-467\" srcset=\"https:\/\/webs.uab.cat\/arnau\/wp-content\/uploads\/sites\/132\/2016\/10\/arnaut2.jpg 374w, https:\/\/webs.uab.cat\/arnau\/wp-content\/uploads\/sites\/132\/2016\/10\/arnaut2-272x300.jpg 272w\" sizes=\"auto, (max-width: 374px) 100vw, 374px\" \/><figcaption class=\"wp-element-caption\">Il\u00b7lustraci\u00f3: el rei Robert de N\u00e0pols dicta el tractat d&#8217;agronomia de Bertran Boisset a Arnau de Vilanova, Carpentras, Biblioteca municipal, ms. 327, f. 23r. Proced\u00e8ncia: Portet, Pierre, <a rel=\"noreferrer noopener\" href=\"http:\/\/lamop.univ-paris1.fr\/sites\/arpenteur\/edition\/Index.htm\" target=\"_blank\">Bertrand Boysset (Arles, 1355-1415): la vie et les oeuvres techniques d&#8217;un arpenteur m\u00e9di\u00e9val<\/a>.<\/figcaption><\/figure>\n\n\n\n<p><span style=\"font-size: 10px\"><\/span><\/p>\n","protected":false},"excerpt":{"rendered":"<p>Benvinguts al web del projecte de recerca Arnau DB. Corpus digital d&#8217;Arnau de Vilanova. D&#8217;acord amb els objectius del projecte vigent, aquest web respon a quatre finalitats fonamentals:<\/p>\n","protected":false},"author":20,"featured_media":0,"parent":0,"menu_order":0,"comment_status":"closed","ping_status":"closed","template":"","meta":{"footnotes":""},"class_list":["post-366","page","type-page","status-publish","hentry"],"_links":{"self":[{"href":"https:\/\/webs.uab.cat\/arnau\/wp-json\/wp\/v2\/pages\/366","targetHints":{"allow":["GET"]}}],"collection":[{"href":"https:\/\/webs.uab.cat\/arnau\/wp-json\/wp\/v2\/pages"}],"about":[{"href":"https:\/\/webs.uab.cat\/arnau\/wp-json\/wp\/v2\/types\/page"}],"author":[{"embeddable":true,"href":"https:\/\/webs.uab.cat\/arnau\/wp-json\/wp\/v2\/users\/20"}],"replies":[{"embeddable":true,"href":"https:\/\/webs.uab.cat\/arnau\/wp-json\/wp\/v2\/comments?post=366"}],"version-history":[{"count":2,"href":"https:\/\/webs.uab.cat\/arnau\/wp-json\/wp\/v2\/pages\/366\/revisions"}],"predecessor-version":[{"id":1638,"href":"https:\/\/webs.uab.cat\/arnau\/wp-json\/wp\/v2\/pages\/366\/revisions\/1638"}],"wp:attachment":[{"href":"https:\/\/webs.uab.cat\/arnau\/wp-json\/wp\/v2\/media?parent=366"}],"curies":[{"name":"wp","href":"https:\/\/api.w.org\/{rel}","templated":true}]}}