{"id":70,"date":"2010-01-22T11:03:03","date_gmt":"2010-01-22T11:03:03","guid":{"rendered":"https:\/\/webs.uab.cat\/arnau\/col-laboracions\/"},"modified":"2024-01-09T20:11:33","modified_gmt":"2024-01-09T20:11:33","slug":"col-laboracions","status":"publish","type":"page","link":"https:\/\/webs.uab.cat\/arnau\/col-laboracions\/","title":{"rendered":"Col\u00b7laboracions"},"content":{"rendered":"\n<p>Arnau DB\u00a0 mant\u00e9 diferents vincles de relaci\u00f3 i col\u00b7laboraci\u00f3 amb projectes, entitats i xarxes nacionals i internacionals amb els quals t\u00e9 afinitats, especialment en relaci\u00f3 a la cultura i ci\u00e8ncia medievals, filologia i humanitats digitals:<\/p>\n\n\n\n<div class=\"wp-block-group is-nowrap is-layout-flex wp-container-core-group-is-layout-ad2f72ca wp-block-group-is-layout-flex\">\n<p>Participa en el Grup de Cultura i Literatura a la Baixa Edat Mitjana (2021SGR00777) finan\u00e7at pel Departament de Recerca i Universitats de la Generalitat de Catalunya i coordinat per M\u00edriam Cabr\u00e9 (UB-UAB-UdG). Web: <a rel=\"noreferrer noopener\" href=\"https:\/\/narpan.net\" target=\"_blank\">Narpan<\/a>.<\/p>\n\n\n\n<figure class=\"wp-block-image size-full\"><img loading=\"lazy\" decoding=\"async\" width=\"407\" height=\"82\" src=\"https:\/\/webs.uab.cat\/arnau\/wp-content\/uploads\/sites\/132\/2016\/10\/narpan.gif\" alt=\"\" class=\"wp-image-735\" \/><\/figure>\n<\/div>\n\n\n\n<div class=\"wp-block-columns is-layout-flex wp-container-core-columns-is-layout-9d6595d7 wp-block-columns-is-layout-flex\">\n<div class=\"wp-block-column is-layout-flow wp-block-column-is-layout-flow\" style=\"flex-basis:66.66%\">\n<p>Ha estat <a href=\"projectes\">coordinat<\/a> amb el de <a rel=\"noopener\" href=\"http:\/\/sciencia.cat\" target=\"_blank\">Sciencia.cat<\/a>, dirigit per Llu\u00eds Cifuentes (UB), centrat en la ci\u00e8ncia catalana medieval i renaixentista (2012-2014).<\/p>\n<\/div>\n\n\n\n<div class=\"wp-block-column is-layout-flow wp-block-column-is-layout-flow\" style=\"flex-basis:33.33%\">\n<figure class=\"wp-block-image size-full is-resized\"><img loading=\"lazy\" decoding=\"async\" src=\"https:\/\/webs.uab.cat\/arnau\/wp-content\/uploads\/sites\/132\/2016\/10\/scienciacat2.gif\" alt=\"\" class=\"wp-image-723\" width=\"221\" height=\"68\" \/><\/figure>\n<\/div>\n<\/div>\n\n\n\n<div class=\"wp-block-columns is-layout-flex wp-container-core-columns-is-layout-9d6595d7 wp-block-columns-is-layout-flex\">\n<div class=\"wp-block-column is-layout-flow wp-block-column-is-layout-flow\" style=\"flex-basis:66.66%\">\n<p>Ha participat en el Grup de Recerca Consolidat de Cultura i Literatura a la Baixa Edat Mitjana 2014-2016 (2014 SGR 119), finan\u00e7at pel Departament d&#8217;Economia i Coneixement de la Generalitat de Catalunya i coordinat per Lola Badia (UB-UAB-UdG). Web: <a rel=\"noreferrer noopener\" href=\"https:\/\/narpan.net\" target=\"_blank\">Narpan<\/a>.<\/p>\n<\/div>\n\n\n\n<div class=\"wp-block-column is-layout-flow wp-block-column-is-layout-flow\" style=\"flex-basis:33.33%\">\n<figure class=\"wp-block-image size-full is-resized\"><img loading=\"lazy\" decoding=\"async\" src=\"https:\/\/webs.uab.cat\/arnau\/wp-content\/uploads\/sites\/132\/2016\/10\/narpan.gif\" alt=\"\" class=\"wp-image-735\" width=\"222\" height=\"44\" \/><\/figure>\n<\/div>\n<\/div>\n\n\n\n<div class=\"wp-block-columns is-layout-flex wp-container-core-columns-is-layout-9d6595d7 wp-block-columns-is-layout-flex\">\n<div class=\"wp-block-column is-layout-flow wp-block-column-is-layout-flow\" style=\"flex-basis:66.66%\">\n<p>Ha participat en <a rel=\"noreferrer noopener\" href=\"https:\/\/www.cost.eu\/domains_actions\/isch\/Actions\/IS1005\" target=\"_blank\">SCH Action IS1005: Medieval Europe &#8211; Medieval Cultures and Technological Resources<\/a>, COST (European Cooperation in Science and Technology), 2011-2014, fna\u00e7at per la Comissi\u00f3 Europea.<\/p>\n<\/div>\n\n\n\n<div class=\"wp-block-column is-layout-flow wp-block-column-is-layout-flow\" style=\"flex-basis:33.33%\">\n<figure class=\"wp-block-image size-full\"><img loading=\"lazy\" decoding=\"async\" width=\"418\" height=\"85\" src=\"https:\/\/webs.uab.cat\/arnau\/wp-content\/uploads\/sites\/132\/2016\/10\/costmedieval.png\" alt=\"\" class=\"wp-image-741\" srcset=\"https:\/\/webs.uab.cat\/arnau\/wp-content\/uploads\/sites\/132\/2016\/10\/costmedieval.png 418w, https:\/\/webs.uab.cat\/arnau\/wp-content\/uploads\/sites\/132\/2016\/10\/costmedieval-300x61.png 300w\" sizes=\"auto, (max-width: 418px) 100vw, 418px\" \/><\/figure>\n<\/div>\n<\/div>\n\n\n\n<figure class=\"wp-block-image is-resized\"><img loading=\"lazy\" decoding=\"async\" src=\"https:\/\/webs.uab.cat\/arnau\/wp-content\/uploads\/sites\/132\/2010\/01\/lectio.jpg\" alt=\"lectio.jpg\" class=\"wp-image-66\" width=\"699\" height=\"564\" srcset=\"https:\/\/webs.uab.cat\/arnau\/wp-content\/uploads\/sites\/132\/2010\/01\/lectio.jpg 595w, https:\/\/webs.uab.cat\/arnau\/wp-content\/uploads\/sites\/132\/2010\/01\/lectio-300x242.jpg 300w\" sizes=\"auto, (max-width: 699px) 100vw, 699px\" \/><figcaption class=\"wp-element-caption\">Il\u00b7lustraci\u00f3: Lli\u00e7\u00f3 universit\u00e0ria d&#8217;Henricus de Alemannia, miniatura de Laurentius a Voltolina dins el <em>Liber ethicorum d&#8217;Henricus de Alemannia<\/em>, segona meitat del s. XIV. Proced\u00e8ncia: <a href=\"http:\/\/en.wikipedia.org\/wiki\/File:Laurentius_de_Voltolina_001.jpg\">Wikimedia<\/a>.<\/figcaption><\/figure>\n","protected":false},"excerpt":{"rendered":"<p>Arnau DB\u00a0 mant\u00e9 diferents vincles de relaci\u00f3 i col\u00b7laboraci\u00f3 amb projectes, entitats i xarxes nacionals i internacionals amb els quals t\u00e9 afinitats, especialment en relaci\u00f3 a la cultura i ci\u00e8ncia medievals, filologia i humanitats digitals: Participa en el Grup de Cultura i Literatura a la Baixa Edat Mitjana (2021SGR00777) finan\u00e7at pel Departament de Recerca i [&hellip;]<\/p>\n","protected":false},"author":20,"featured_media":0,"parent":0,"menu_order":0,"comment_status":"closed","ping_status":"closed","template":"","meta":{"footnotes":""},"class_list":["post-70","page","type-page","status-publish","hentry"],"_links":{"self":[{"href":"https:\/\/webs.uab.cat\/arnau\/wp-json\/wp\/v2\/pages\/70","targetHints":{"allow":["GET"]}}],"collection":[{"href":"https:\/\/webs.uab.cat\/arnau\/wp-json\/wp\/v2\/pages"}],"about":[{"href":"https:\/\/webs.uab.cat\/arnau\/wp-json\/wp\/v2\/types\/page"}],"author":[{"embeddable":true,"href":"https:\/\/webs.uab.cat\/arnau\/wp-json\/wp\/v2\/users\/20"}],"replies":[{"embeddable":true,"href":"https:\/\/webs.uab.cat\/arnau\/wp-json\/wp\/v2\/comments?post=70"}],"version-history":[{"count":4,"href":"https:\/\/webs.uab.cat\/arnau\/wp-json\/wp\/v2\/pages\/70\/revisions"}],"predecessor-version":[{"id":1686,"href":"https:\/\/webs.uab.cat\/arnau\/wp-json\/wp\/v2\/pages\/70\/revisions\/1686"}],"wp:attachment":[{"href":"https:\/\/webs.uab.cat\/arnau\/wp-json\/wp\/v2\/media?parent=70"}],"curies":[{"name":"wp","href":"https:\/\/api.w.org\/{rel}","templated":true}]}}