{"id":73,"date":"2013-11-08T01:22:20","date_gmt":"2013-11-08T01:22:20","guid":{"rendered":"https:\/\/webs.uab.cat\/arnau\/vida\/"},"modified":"2024-01-09T23:36:32","modified_gmt":"2024-01-09T23:36:32","slug":"vida","status":"publish","type":"page","link":"https:\/\/webs.uab.cat\/arnau\/arnaudevilanova\/vida\/","title":{"rendered":"La vida d&#8217;Arnau de Vilanova"},"content":{"rendered":"<p>Els <a href=\"origens\">or\u00edgens i la joventut<\/a> d&#8217;Arnau de Vilanova resten en l&#8217;ombra, per\u00f2 d&#8217;en\u00e7\u00e0 que esdev\u00e9 <a href=\"montpeller\">metge reial<\/a>, ja coneixem molts detalls de la seva vida. L&#8217;atenci\u00f3 professional de metge a reis i papes, la seva inquietud per <a href=\"profeta\">advertir de l&#8217;arribada de l&#8217;Anticrist<\/a> i per <a href=\"reforma\">reformar l&#8217;Esgl\u00e9sia<\/a> aix\u00ed com els seus serveis com a diplom\u00e0tic el van portar per bona part de l&#8217;Europa occidental.<\/p>\n\n\n<figure class=\"wp-block-image size-large\"><img loading=\"lazy\" decoding=\"async\" width=\"1024\" height=\"798\" src=\"https:\/\/webs.uab.cat\/arnau\/wp-content\/uploads\/sites\/132\/2017\/10\/mapaavcat_0-1024x798.jpg\" alt=\"\" class=\"wp-image-75\" srcset=\"https:\/\/webs.uab.cat\/arnau\/wp-content\/uploads\/sites\/132\/2017\/10\/mapaavcat_0-1024x798.jpg 1024w, https:\/\/webs.uab.cat\/arnau\/wp-content\/uploads\/sites\/132\/2017\/10\/mapaavcat_0-300x234.jpg 300w, https:\/\/webs.uab.cat\/arnau\/wp-content\/uploads\/sites\/132\/2017\/10\/mapaavcat_0-768x599.jpg 768w, https:\/\/webs.uab.cat\/arnau\/wp-content\/uploads\/sites\/132\/2017\/10\/mapaavcat_0-1200x935.jpg 1200w, https:\/\/webs.uab.cat\/arnau\/wp-content\/uploads\/sites\/132\/2017\/10\/mapaavcat_0.jpg 1233w\" sizes=\"auto, (max-width: 1024px) 100vw, 1024px\" \/><\/figure>\n","protected":false},"excerpt":{"rendered":"<p>Els or\u00edgens i la joventut d&#8217;Arnau de Vilanova resten en l&#8217;ombra, per\u00f2 d&#8217;en\u00e7\u00e0 que esdev\u00e9 metge reial, ja coneixem molts detalls de la seva vida. L&#8217;atenci\u00f3 professional de metge a reis i papes, la seva inquietud per advertir de l&#8217;arribada de l&#8217;Anticrist i per reformar l&#8217;Esgl\u00e9sia aix\u00ed com els seus serveis com a diplom\u00e0tic el [&hellip;]<\/p>\n","protected":false},"author":1444,"featured_media":0,"parent":119,"menu_order":0,"comment_status":"closed","ping_status":"closed","template":"","meta":{"footnotes":""},"class_list":["post-73","page","type-page","status-publish","hentry"],"_links":{"self":[{"href":"https:\/\/webs.uab.cat\/arnau\/wp-json\/wp\/v2\/pages\/73","targetHints":{"allow":["GET"]}}],"collection":[{"href":"https:\/\/webs.uab.cat\/arnau\/wp-json\/wp\/v2\/pages"}],"about":[{"href":"https:\/\/webs.uab.cat\/arnau\/wp-json\/wp\/v2\/types\/page"}],"author":[{"embeddable":true,"href":"https:\/\/webs.uab.cat\/arnau\/wp-json\/wp\/v2\/users\/1444"}],"replies":[{"embeddable":true,"href":"https:\/\/webs.uab.cat\/arnau\/wp-json\/wp\/v2\/comments?post=73"}],"version-history":[{"count":3,"href":"https:\/\/webs.uab.cat\/arnau\/wp-json\/wp\/v2\/pages\/73\/revisions"}],"predecessor-version":[{"id":1612,"href":"https:\/\/webs.uab.cat\/arnau\/wp-json\/wp\/v2\/pages\/73\/revisions\/1612"}],"up":[{"embeddable":true,"href":"https:\/\/webs.uab.cat\/arnau\/wp-json\/wp\/v2\/pages\/119"}],"wp:attachment":[{"href":"https:\/\/webs.uab.cat\/arnau\/wp-json\/wp\/v2\/media?parent=73"}],"curies":[{"name":"wp","href":"https:\/\/api.w.org\/{rel}","templated":true}]}}