{"id":80,"date":"2013-11-08T01:28:13","date_gmt":"2013-11-08T01:28:13","guid":{"rendered":"https:\/\/webs.uab.cat\/arnau\/espiritual\/"},"modified":"2024-06-10T12:38:42","modified_gmt":"2024-06-10T12:38:42","slug":"espiritual","status":"publish","type":"page","link":"https:\/\/webs.uab.cat\/arnau\/espiritual\/","title":{"rendered":"Obra espiritual"},"content":{"rendered":"\n<p>A m\u00e9s de les m\u00e8diques, Arnau va escriure moltes obres sobre temes molt diversos i de caracter\u00edstiques ben diferents: comentaris a altres obres, interpretacions dels tetragrames divins, escrits de den\u00fancia dels falsos religiosos, obres apocal\u00edptiques, de pol\u00e8mica, sermons, lletres&#8230; Gen\u00e8ricament se solen anomenar &#8220;obres espirituals&#8221;, &#8220;teol\u00f2giques&#8221; o &#8220;religioses&#8221; per b\u00e9 que la seva tem\u00e0tica i estil no sempre s&#8217;adigui amb aquests qualificatius. Aquestes obres foren escrites en <a href=\"llatina\">llat\u00ed<\/a> o en <a href=\"catalana\">catal\u00e0<\/a> i ben aviat algunes foren <a href=\"versions\">tradu\u00efdes a altres lleng\u00fces<\/a>: grec, itali\u00e0 (tosc\u00e0 i napolit\u00e0), castell\u00e0. La Sent\u00e8ncia de Tarragona de 1316 condemn\u00e0 diverses tesis contingudes en aquests escrits; per aquesta ra\u00f3 se n&#8217;han conservat pocs manuscrits. Algunes de les seves obres <a href=\"perdudes\">no han arribat fins a l&#8217;actualitat<\/a>. D&#8217;altra banda hi ha raons per <a href=\"problematiques\">dubtar de l&#8217;autenticitat<\/a> d&#8217;alguns escrits que s&#8217;han transm\u00e8s sota el seu nom.<\/p>\n\n\n<figure class=\"wp-block-image size-full is-resized\"><img loading=\"lazy\" decoding=\"async\" width=\"422\" height=\"317\" class=\"wp-image-605\" style=\"width: 565px;height: 424px\" src=\"https:\/\/webs.uab.cat\/arnau\/wp-content\/uploads\/sites\/132\/2016\/10\/climent.jpg\" alt=\"\" srcset=\"https:\/\/webs.uab.cat\/arnau\/wp-content\/uploads\/sites\/132\/2016\/10\/climent.jpg 422w, https:\/\/webs.uab.cat\/arnau\/wp-content\/uploads\/sites\/132\/2016\/10\/climent-300x225.jpg 300w\" sizes=\"auto, (max-width: 422px) 100vw, 422px\" \/>\n<figcaption class=\"wp-element-caption\">El Papa Climent V<\/figcaption>\n<\/figure>","protected":false},"excerpt":{"rendered":"<p>A m\u00e9s de les m\u00e8diques, Arnau va escriure moltes obres sobre temes molt diversos i de caracter\u00edstiques ben diferents: comentaris a altres obres, interpretacions dels tetragrames divins, escrits de den\u00fancia dels falsos religiosos, obres apocal\u00edptiques, de pol\u00e8mica, sermons, lletres&#8230; Gen\u00e8ricament se solen anomenar &#8220;obres espirituals&#8221;, &#8220;teol\u00f2giques&#8221; o &#8220;religioses&#8221; per b\u00e9 que la seva tem\u00e0tica i [&hellip;]<\/p>\n","protected":false},"author":20,"featured_media":0,"parent":0,"menu_order":0,"comment_status":"closed","ping_status":"closed","template":"","meta":{"footnotes":""},"class_list":["post-80","page","type-page","status-publish","hentry"],"_links":{"self":[{"href":"https:\/\/webs.uab.cat\/arnau\/wp-json\/wp\/v2\/pages\/80","targetHints":{"allow":["GET"]}}],"collection":[{"href":"https:\/\/webs.uab.cat\/arnau\/wp-json\/wp\/v2\/pages"}],"about":[{"href":"https:\/\/webs.uab.cat\/arnau\/wp-json\/wp\/v2\/types\/page"}],"author":[{"embeddable":true,"href":"https:\/\/webs.uab.cat\/arnau\/wp-json\/wp\/v2\/users\/20"}],"replies":[{"embeddable":true,"href":"https:\/\/webs.uab.cat\/arnau\/wp-json\/wp\/v2\/comments?post=80"}],"version-history":[{"count":3,"href":"https:\/\/webs.uab.cat\/arnau\/wp-json\/wp\/v2\/pages\/80\/revisions"}],"predecessor-version":[{"id":1787,"href":"https:\/\/webs.uab.cat\/arnau\/wp-json\/wp\/v2\/pages\/80\/revisions\/1787"}],"wp:attachment":[{"href":"https:\/\/webs.uab.cat\/arnau\/wp-json\/wp\/v2\/media?parent=80"}],"curies":[{"name":"wp","href":"https:\/\/api.w.org\/{rel}","templated":true}]}}