{"id":83,"date":"2013-11-10T07:17:07","date_gmt":"2013-11-10T07:17:07","guid":{"rendered":"https:\/\/webs.uab.cat\/arnau\/montpeller\/"},"modified":"2024-01-08T23:51:23","modified_gmt":"2024-01-08T23:51:23","slug":"montpeller","status":"publish","type":"page","link":"https:\/\/webs.uab.cat\/arnau\/montpeller\/","title":{"rendered":"Metge reial i professor universitari"},"content":{"rendered":"\n<p>Entre els anys 1276 i 1281 Arnau de Vilanova viu a Val\u00e8ncia, ciutat en la qual posseeix propietats i sembla ben arrelat. L&#8217;any 1281 el rei Pere II el nomena metge personal, potser gr\u00e0cies al bisbe de Val\u00e8ncia, Jaspert de Botonac, a qui Arnau dedica una ep\u00edstola contra la nigrom\u00e0ncia. Inicia, doncs, una nova etapa a Barcelona que durar\u00e0 fins a la mort del rei (1285). Durant aquest per\u00edode estudia hebreu amb Ramon Mart\u00ed i tradueix Gal\u00e8 de l&#8217;\u00e0rab al llat\u00ed. \u00c9s possible que la seva traducci\u00f3 d&#8217;Avicenna fos de la mateixa \u00e8poca, mentre que la d&#8217;Abu-l-Salt sembla anterior. Mort el rei, al qual va assistir en la malaltia que el va portar a la tomba, segueix vinculat amb el nou rei Alfons com a metge per\u00f2 torna cap a Val\u00e8ncia (entre 1285 i 1290).<\/p>\n\n\n\n<p>Aproximadament entre 1290 i 1300 mestre Arnau \u00e9s professor de medicina a Montpeller, en aquell temps l&#8217;escola m\u00e8dica m\u00e9s prestigiosa de l&#8217;Europa llatina, tot just fundada el 1289 la universitat, que reunia les escoles precedents. En aquest per\u00edode es poden datar moltes de les seves obres m\u00e8diques, algunes d&#8217;elles vinculades a la doc\u00e8ncia i altres de reflexi\u00f3. Entre elles hi ha comentaris d&#8217;Hip\u00f2crates i Gal\u00e8, una adaptaci\u00f3 de Gal\u00e8, tractats de medicina te\u00f2rica, obres de farmacologia i llibres d&#8217;aforismes. En canvi, la majoria de les seves obres de medicina pr\u00e0ctica, que inclouen algunes s\u00edntesis i alguns escrits espec\u00edfics, s&#8217;escapen a ser datades. La gran contribuci\u00f3 d&#8217;Arnau va consistir a no limitar-se als textos utilitzats tradicionalment emprats en l&#8217;ensenyament m\u00e8dic o en les enciclop\u00e8dies m\u00e8diques \u00e0rabs sin\u00f3 a introduir en la doc\u00e8ncia l&#8217;anomenat \u00abnou Gal\u00e8\u00bb, format per traduccions encara no conegudes a les universitats europees. La concepci\u00f3 arnaldiana de la medicina com una t\u00e8cnica fonamentada en el sistema de les ci\u00e8ncies medievals l&#8217;allunyava d&#8217;una simple pr\u00e0ctica emp\u00edrica i alhora en preservava l&#8217;autonomia enfront de la filosofia natural. Aquest galenisme renovat a Montpeller va ser reconegut i oficialitzat pel nou curr\u00edculum aprovat per Climent V, amb el consell d&#8217;Arnau de Vilanova, l&#8217;any 1309. Sens dubte, el pas d&#8217;Arnau per Montpeller va deixar-hi una llarga empremta, que es pot rastrejar almenys fins al segle XV.<\/p>\n\n\n\n<figure class=\"wp-block-image size-full\"><img loading=\"lazy\" decoding=\"async\" width=\"584\" height=\"388\" src=\"https:\/\/webs.uab.cat\/arnau\/wp-content\/uploads\/sites\/132\/2016\/10\/Bulle_fondat_universite.jpg\" alt=\"\" class=\"wp-image-479\" srcset=\"https:\/\/webs.uab.cat\/arnau\/wp-content\/uploads\/sites\/132\/2016\/10\/Bulle_fondat_universite.jpg 584w, https:\/\/webs.uab.cat\/arnau\/wp-content\/uploads\/sites\/132\/2016\/10\/Bulle_fondat_universite-300x199.jpg 300w\" sizes=\"auto, (max-width: 584px) 100vw, 584px\" \/><figcaption class=\"wp-element-caption\">l\u00b7lustraci\u00f3: Butlla de fundaci\u00f3 de la Universitat de Montpeller per part del Papa Nicolau IV (1289). Proced\u00e8ncia: <a rel=\"noreferrer noopener\" href=\"https:\/\/commons.wikimedia.org\/wiki\/File:Bulle_fondat_universite.jpg\" target=\"_blank\">Wikimedia<\/a>.<\/figcaption><\/figure>\n\n\n\n<p><span style=\"font-size: x-small\"><\/span><\/p>\n\n\n\n<p><\/p>\n","protected":false},"excerpt":{"rendered":"<p>Entre els anys 1276 i 1281 Arnau de Vilanova viu a Val\u00e8ncia, ciutat en la qual posseeix propietats i sembla ben arrelat. L&#8217;any 1281 el rei Pere II el nomena metge personal, potser gr\u00e0cies al bisbe de Val\u00e8ncia, Jaspert de Botonac, a qui Arnau dedica una ep\u00edstola contra la nigrom\u00e0ncia. Inicia, doncs, una nova etapa [&hellip;]<\/p>\n","protected":false},"author":20,"featured_media":0,"parent":0,"menu_order":0,"comment_status":"closed","ping_status":"closed","template":"","meta":{"footnotes":""},"class_list":["post-83","page","type-page","status-publish","hentry"],"_links":{"self":[{"href":"https:\/\/webs.uab.cat\/arnau\/wp-json\/wp\/v2\/pages\/83","targetHints":{"allow":["GET"]}}],"collection":[{"href":"https:\/\/webs.uab.cat\/arnau\/wp-json\/wp\/v2\/pages"}],"about":[{"href":"https:\/\/webs.uab.cat\/arnau\/wp-json\/wp\/v2\/types\/page"}],"author":[{"embeddable":true,"href":"https:\/\/webs.uab.cat\/arnau\/wp-json\/wp\/v2\/users\/20"}],"replies":[{"embeddable":true,"href":"https:\/\/webs.uab.cat\/arnau\/wp-json\/wp\/v2\/comments?post=83"}],"version-history":[{"count":2,"href":"https:\/\/webs.uab.cat\/arnau\/wp-json\/wp\/v2\/pages\/83\/revisions"}],"predecessor-version":[{"id":1623,"href":"https:\/\/webs.uab.cat\/arnau\/wp-json\/wp\/v2\/pages\/83\/revisions\/1623"}],"wp:attachment":[{"href":"https:\/\/webs.uab.cat\/arnau\/wp-json\/wp\/v2\/media?parent=83"}],"curies":[{"name":"wp","href":"https:\/\/api.w.org\/{rel}","templated":true}]}}