{"id":86,"date":"2013-11-10T22:05:36","date_gmt":"2013-11-10T22:05:36","guid":{"rendered":"https:\/\/webs.uab.cat\/arnau\/profeta\/"},"modified":"2024-01-09T00:03:07","modified_gmt":"2024-01-09T00:03:07","slug":"profeta","status":"publish","type":"page","link":"https:\/\/webs.uab.cat\/arnau\/profeta\/","title":{"rendered":"Talaier de l&#8217;Anticrist"},"content":{"rendered":"\n<p>A Montpeller, durant aquests mateixos anys, influ\u00eft per les idees dels corrents reformistes -els franciscans espirituals liderats per P\u00e8ire Joan Oliu-, amb els quals comen\u00e7a d&#8217;entrar en contacte, i esperonat per una profunda experi\u00e8ncia religiosa, Arnau de Vilanova escriu les seves <a href=\"https:\/\/webs.uab.cat\/arnau\/ca\/preespiritual\/\" data-type=\"page\" data-id=\"102\">primeres obres teol\u00f2giques<\/a>.<\/p>\n\n\n\n<p>Des d&#8217;almenys l&#8217;any 1297 Arnau de Vilanova, tot i residir a Montpeller, esdev\u00e9 metge de Jaume II i despr\u00e9s del seu matrimoni amb Blanca d&#8217;Anjou, tamb\u00e9 tindr\u00e0 cura de la salut d&#8217;ella i dels seus fills. Despr\u00e9s el rei el far\u00e0 conseller seu i li encomanar\u00e0 diverses missions. Aix\u00ed, l&#8217;any 1299 l&#8217;envia a Par\u00eds per tal de negociar amb Felip el Bell el retorn de la Vall d&#8217;Aran. Arnau de Vilanova aprofita la seva estada a Par\u00eds per divulgar a la Facultat de Teologia <a href=\"https:\/\/webs.uab.cat\/arnau\/ca\/espiritualescatologic\/\" data-type=\"page\" data-id=\"104\">idees apocal\u00edptiques<\/a>; i \u00e9s denunciat pels te\u00f2legs davant l&#8217;Ordinari. Com a conseq\u00fc\u00e8ncia, se li inco\u00e0 un proc\u00e9s inquisitorial i Arnau de Vilanova hagu\u00e9 de passar uns dies a la pres\u00f3. Nom\u00e9s se&#8217;n pogu\u00e9 alliberar despr\u00e9s de pagar una elevada fian\u00e7a. Els fets de Par\u00eds, marcaran els propers anys de la seva vida. El 1301 Arnau va acudir a la cort papal d&#8217;Anagni i finalment el proc\u00e9s inquisitorial fou aturat pel pont\u00edfex Bonifaci VIII: reprov\u00e0 l&#8217;obra d&#8217;Arnau de Vilanova, el detingu\u00e9 i el f\u00e9u abjurar, per\u00f2 va rebaixar la gravetat de les propostes apocal\u00edptiques arnaldianes afirmant que eren simples especulacions acad\u00e8miques (<em>dicta scholastica)<\/em>. Li va aconsellar que es dediqu\u00e9s a la medicina i no a la teologia. I \u00e9s que Bonifaci VIII, que patia d&#8217;un mal de pedra agut, tenia molt inter\u00e8s en el saber m\u00e8dic d&#8217;Arnau de Vilanova. Es va convertir en el metge principal del Papa i el va alliberar del seu mal amb un tractament que inclo\u00efa un segell astrol\u00f2gic i que li donar per escrit en un opuscle avui perdut.<\/p>\n\n\n\n<p>Els fets de Par\u00eds nom\u00e9s s\u00f3n les primeres escaramusses d&#8217;una pol\u00e8mica que dur\u00e0 fins l&#8217;any 1305. Diversos professors de Par\u00eds reaccionaren a favor (com Joan Quidort) o contra (P\u00e8ire Cros) l&#8217;anunci de la imminent vinguda de l&#8217;Anticrist que Arnau de Vilanova havia anunciat. Despr\u00e9s dels te\u00f2legs de Par\u00eds, prengueren la iniciativa els dominics: Bernat de Puigcerc\u00f3s (Girona, 1302-1303), Joan Vigor\u00f3s (Marsella, 1304) o Mart\u00edn d&#8217;Ateca (Barcelona, 1304-1305). S&#8217;intercanvien amb Arnau de Vilanova obres de tota mena, den\u00fancies o contraden\u00fancies que presenten a les autoritats eclesi\u00e0stiques. Per a Arnau s\u00f3n anys de trasbals, d&#8217;inquietud, de por. Per evitar que el blasmin o que tergiversin les afirmacions que ha fet, confessa p\u00fablicament el seu pensament davant els bisbes i abats de la Tarraconense (Lleida, 1303) o el rei Jaume II (Barcelona, 1305) i presenta la seves obres als Papes (Benet XI, Climent V). La pol\u00e8mica es tanca (almenys provisionalment, despr\u00e9s de la mort d&#8217;Arnau es reobre), quan Arnau de Vilanova presenta totes les seves obres <em>de evangelica veritate<\/em> escrites fins l&#8217;any 1305 al Papa i Climent V reserva a la Santa Seu l&#8217;estudi i l&#8217;examen d&#8217;aquestes obres. Que en aquesta \u00e8poca el rei Jaume&nbsp;II es pos\u00e0 a costat d&#8217;Arnau de Vilanova, ho prova el fet que, quan l&#8217;inquisidor de Val\u00e8ncia Guillem de Cotlliure excomunic\u00e0 Gombau de Piles per posseir llibres d&#8217;Arnau de Vilanova, el rei declar\u00e0 que tamb\u00e9 ell en tenia i que els llegia.<\/p>\n\n\n\n<figure class=\"wp-block-image size-full\"><img loading=\"lazy\" decoding=\"async\" width=\"453\" height=\"500\" src=\"https:\/\/webs.uab.cat\/arnau\/wp-content\/uploads\/sites\/132\/2016\/10\/bonifatius.jpg\" alt=\"\" class=\"wp-image-425\" srcset=\"https:\/\/webs.uab.cat\/arnau\/wp-content\/uploads\/sites\/132\/2016\/10\/bonifatius.jpg 453w, https:\/\/webs.uab.cat\/arnau\/wp-content\/uploads\/sites\/132\/2016\/10\/bonifatius-272x300.jpg 272w\" sizes=\"auto, (max-width: 453px) 100vw, 453px\" \/><figcaption class=\"wp-element-caption\">Il\u00b7lustraci\u00f3: Papa Bonifaci VIII, fresc de Giotto (c. 1300) a la Bas\u00edlica de Sant Joan Later\u00e0, Roma (foto: <a rel=\"noreferrer noopener\" href=\"http:\/\/www.flickr.com\/photos\/sebastiagiralt\/7040384607\" target=\"_blank\">SG<\/a>).<\/figcaption><\/figure>\n\n\n\n<p><br><\/p>\n","protected":false},"excerpt":{"rendered":"<p>A Montpeller, durant aquests mateixos anys, influ\u00eft per les idees dels corrents reformistes -els franciscans espirituals liderats per P\u00e8ire Joan Oliu-, amb els quals comen\u00e7a d&#8217;entrar en contacte, i esperonat per una profunda experi\u00e8ncia religiosa, Arnau de Vilanova escriu les seves primeres obres teol\u00f2giques. Des d&#8217;almenys l&#8217;any 1297 Arnau de Vilanova, tot i residir a [&hellip;]<\/p>\n","protected":false},"author":20,"featured_media":0,"parent":0,"menu_order":0,"comment_status":"closed","ping_status":"closed","template":"","meta":{"footnotes":""},"class_list":["post-86","page","type-page","status-publish","hentry"],"_links":{"self":[{"href":"https:\/\/webs.uab.cat\/arnau\/wp-json\/wp\/v2\/pages\/86","targetHints":{"allow":["GET"]}}],"collection":[{"href":"https:\/\/webs.uab.cat\/arnau\/wp-json\/wp\/v2\/pages"}],"about":[{"href":"https:\/\/webs.uab.cat\/arnau\/wp-json\/wp\/v2\/types\/page"}],"author":[{"embeddable":true,"href":"https:\/\/webs.uab.cat\/arnau\/wp-json\/wp\/v2\/users\/20"}],"replies":[{"embeddable":true,"href":"https:\/\/webs.uab.cat\/arnau\/wp-json\/wp\/v2\/comments?post=86"}],"version-history":[{"count":2,"href":"https:\/\/webs.uab.cat\/arnau\/wp-json\/wp\/v2\/pages\/86\/revisions"}],"predecessor-version":[{"id":1628,"href":"https:\/\/webs.uab.cat\/arnau\/wp-json\/wp\/v2\/pages\/86\/revisions\/1628"}],"wp:attachment":[{"href":"https:\/\/webs.uab.cat\/arnau\/wp-json\/wp\/v2\/media?parent=86"}],"curies":[{"name":"wp","href":"https:\/\/api.w.org\/{rel}","templated":true}]}}