{"id":97,"date":"2013-11-13T00:44:45","date_gmt":"2013-11-13T00:44:45","guid":{"rendered":"https:\/\/webs.uab.cat\/arnau\/medicina\/"},"modified":"2024-06-10T12:48:05","modified_gmt":"2024-06-10T12:48:05","slug":"medicina","status":"publish","type":"page","link":"https:\/\/webs.uab.cat\/arnau\/medicina\/","title":{"rendered":"La medicina d&#8217;Arnau"},"content":{"rendered":"\n<p>Arnau de Vilanova s&#8217;inscriu dins el <a href=\"galenisme\">galenisme<\/a> arabollat\u00ed que arriba massivament amb les traduccions de Gal\u00e8 i dels autors m\u00e8dics \u00e0rabs i que domina la medicina baixmedieval. Davant aquest allau de nous textos Arnau opta per donar prioritat a <a href=\"autoritats\">recuperar directament Gal\u00e8<\/a> i els escrits que, a parer seu, permeten comprendre&#8217;l, enfront d&#8217;altres corrents m\u00e8dics que s&#8217;inclinen per la s\u00edntesi d&#8217;Avicenna (<em>Canon<\/em>), per Arist\u00f2til segons la interpretaci\u00f3 d&#8217;Averrois o per una aproximaci\u00f3 empirista. El seu declarat antiaverroisme lliga amb la seva <a href=\"instrumentalisme\">concepci\u00f3 epistemol\u00f2gica<\/a> de la medicina. D&#8217;altra banda, val la pena preguntar-se quin era el veritable pes de la <a href=\"magia-astrologia\">m\u00e0gia natural i l&#8217;astrologia<\/a>&nbsp; en la seva medicina, una pres\u00e8ncia real per\u00f2 minorit\u00e0ria, sobredimensionada per la llegenda arnaldiana.<\/p>\n\n\n<figure class=\"wp-block-image size-full is-resized\"><img loading=\"lazy\" decoding=\"async\" width=\"512\" height=\"564\" class=\"wp-image-509\" style=\"width: 528px;height: 582px\" src=\"https:\/\/webs.uab.cat\/arnau\/wp-content\/uploads\/sites\/132\/2016\/10\/apotecari-Taccuino_Sanitatis.jpg\" alt=\"\" srcset=\"https:\/\/webs.uab.cat\/arnau\/wp-content\/uploads\/sites\/132\/2016\/10\/apotecari-Taccuino_Sanitatis.jpg 512w, https:\/\/webs.uab.cat\/arnau\/wp-content\/uploads\/sites\/132\/2016\/10\/apotecari-Taccuino_Sanitatis-272x300.jpg 272w\" sizes=\"auto, (max-width: 512px) 100vw, 512px\" \/>\n<figcaption class=\"wp-element-caption\">Il\u00b7lustraci\u00f3: Comprant a ca l&#8217;apotecari, miniatura del <em>Taccuinum sanitatis<\/em>, Biblioteca Casanatense, Roma. Proced\u00e8ncia: <a href=\"https:\/\/webs.uab.cat\/arnau\/wp-admin\/42-aspetti_di_vita_quotidiana,_medicine,Taccuino_Sanitatis,_.jpg\" target=\"_blank\" rel=\"noreferrer noopener\">Wikimedia<\/a>.<\/figcaption>\n<\/figure>\n\n\n<p><\/p>\n","protected":false},"excerpt":{"rendered":"<p>Arnau de Vilanova s&#8217;inscriu dins el galenisme arabollat\u00ed que arriba massivament amb les traduccions de Gal\u00e8 i dels autors m\u00e8dics \u00e0rabs i que domina la medicina baixmedieval. Davant aquest allau de nous textos Arnau opta per donar prioritat a recuperar directament Gal\u00e8 i els escrits que, a parer seu, permeten comprendre&#8217;l, enfront d&#8217;altres corrents m\u00e8dics [&hellip;]<\/p>\n","protected":false},"author":20,"featured_media":0,"parent":0,"menu_order":0,"comment_status":"closed","ping_status":"closed","template":"","meta":{"footnotes":""},"class_list":["post-97","page","type-page","status-publish","hentry"],"_links":{"self":[{"href":"https:\/\/webs.uab.cat\/arnau\/wp-json\/wp\/v2\/pages\/97","targetHints":{"allow":["GET"]}}],"collection":[{"href":"https:\/\/webs.uab.cat\/arnau\/wp-json\/wp\/v2\/pages"}],"about":[{"href":"https:\/\/webs.uab.cat\/arnau\/wp-json\/wp\/v2\/types\/page"}],"author":[{"embeddable":true,"href":"https:\/\/webs.uab.cat\/arnau\/wp-json\/wp\/v2\/users\/20"}],"replies":[{"embeddable":true,"href":"https:\/\/webs.uab.cat\/arnau\/wp-json\/wp\/v2\/comments?post=97"}],"version-history":[{"count":3,"href":"https:\/\/webs.uab.cat\/arnau\/wp-json\/wp\/v2\/pages\/97\/revisions"}],"predecessor-version":[{"id":1795,"href":"https:\/\/webs.uab.cat\/arnau\/wp-json\/wp\/v2\/pages\/97\/revisions\/1795"}],"wp:attachment":[{"href":"https:\/\/webs.uab.cat\/arnau\/wp-json\/wp\/v2\/media?parent=97"}],"curies":[{"name":"wp","href":"https:\/\/api.w.org\/{rel}","templated":true}]}}