{"id":99,"date":"2013-11-17T02:56:17","date_gmt":"2013-11-17T02:56:17","guid":{"rendered":"https:\/\/webs.uab.cat\/arnau\/autoritats\/"},"modified":"2024-06-10T12:49:50","modified_gmt":"2024-06-10T12:49:50","slug":"autoritats","status":"publish","type":"page","link":"https:\/\/webs.uab.cat\/arnau\/autoritats\/","title":{"rendered":"Arnau i les autoritats m\u00e8diques"},"content":{"rendered":"\n<p>Arnau de Vilanova considera sovint la filosofia natural d&#8217;Arist\u00f2til com a base te\u00f2rica, per\u00f2 per l&#8217;orientaci\u00f3 m\u00e8dica sol decantar-se per les autoritats de la medicina: Hip\u00f2crates i <a href=\"galenisme\">Gal\u00e8<\/a>. Tradueix, adapta i comenta algunes de les seves obres als cursos que imparteix. A m\u00e9s, enfront dels corrents empiristes que van guanyar una certa for\u00e7a a Montpeller, Arnau reivindica la necessitat d\u2019estudiar sense intermediaris els textos d\u2019Hip\u00f2crates i Gal\u00e8, \u201cperqu\u00e8 no solament foren els art\u00edfexs de la ra\u00f3 i tingueren la t\u00e8cnica, sin\u00f3 que, a m\u00e9s, transmeteren el m\u00e8tode de trobar la pr\u00e0ctica correcta en l\u2019aplicaci\u00f3 dels remeis\u201d. Les seves lloances a l\u2019\u201cexpert\u00edssim\u201d Hip\u00f2crates s\u00f3n constants, tot i que no sembla manejar un gran nombre de textos hipocr\u00e0tics i els coneix molt sovint a trav\u00e9s dels comentaris de Gal\u00e8. I aquest \u00e9s sens dubte el fonament de tota la doctrina m\u00e8dica del mestre de Montpeller i l\u2019autor que m\u00e9s cita, amb difer\u00e8ncia. Arnau maneja i divulga el \u201c<a href=\"galenisme\">nou Gal\u00e8<\/a>&#8221; en les seves lli\u00e7ons i en les seves obres. A Montpeller el progr\u00e9s en el coneixement de Gal\u00e8 culminar\u00e0 amb l\u2019obra d\u2019Arnau de Vilanova i les reglamentacions papals de 1309. L\u2019ordenaci\u00f3 dels estudis m\u00e8dics de la universitat de Montpeller realitzada el 1309 per Climent V, amb l\u2019assessorament d\u2019ell i d\u2019altres mestres de la mateixa facultat, oficialitza el predomini gal\u00e8nic dins el curr\u00edculum.<\/p>\n\n\n\n<p>Tanmateix, Arnau no menysprea la medicina \u00e0rab, que havia esdevingut el principal vehicle de transmissi\u00f3 de la tradici\u00f3 grega. Tradueix Avicenna i Abu-l-Salt i sovint utilitza i elogia autors com al-Kindi, Raz\u00e9s o Avicenna. De tota manera no sempre reconeix el seu deute amb Avicenna i es manifesta cr\u00edtic amb els avicennistes, que anaven guanyant terreny en les universitats, tot anomenant-los \u201cestudiosos d\u2019un sol llibre\u201d, perqu\u00e8 trobaven resposta f\u00e0cil a tots els problemes m\u00e8dics al <em>Canon<\/em>, oblidant els textos d\u2019Hip\u00f2crates i Gal\u00e8. Per\u00f2 els atacs m\u00e9s ferotges s\u00f3n contra Averrois i els seus seguidors i fins i tot algunes de les seves obres tenen un biaix <a href=\"instrumentalisme\">antiaverroista<\/a>. Aix\u00ed mateix, Arnau va defugir la tradici\u00f3 m\u00e8dica de l\u2019edat mitjana llatina, tant els autors anteriors com els contemporanis.<\/p>\n\n\n<figure class=\"wp-block-image aligncenter size-full is-resized\"><img loading=\"lazy\" decoding=\"async\" width=\"512\" height=\"878\" class=\"wp-image-485\" style=\"width: 455px;height: 779px\" src=\"https:\/\/webs.uab.cat\/arnau\/wp-content\/uploads\/sites\/132\/2016\/10\/AntiqueQuartet.jpg\" alt=\"\" srcset=\"https:\/\/webs.uab.cat\/arnau\/wp-content\/uploads\/sites\/132\/2016\/10\/AntiqueQuartet.jpg 512w, https:\/\/webs.uab.cat\/arnau\/wp-content\/uploads\/sites\/132\/2016\/10\/AntiqueQuartet-175x300.jpg 175w\" sizes=\"auto, (max-width: 512px) 100vw, 512px\" \/>\n<figcaption class=\"wp-element-caption\">Il\u00b7lustraci\u00f3: gravat que representa l&#8217;hamonitzaci\u00f3 de Plat\u00f3, Arist\u00f2til, Hip\u00f2crates i Gal\u00e8 tocant en un quartet de corda, finalitat d&#8217;aquesta <em>Symphonia Plato<\/em> de Symphorien Champier, 1516. Proced\u00e8ncia: <a href=\"http:\/\/grupsderecerca.uab.cat\/arnau\/sites\/grupsderecerca.uab.cat.arnau\/files\/images\/AntiqueQuartet.jpg\">Wikimedia<\/a>.<\/figcaption>\n<\/figure>\n\n\n<p><\/p>\n","protected":false},"excerpt":{"rendered":"<p>Arnau de Vilanova considera sovint la filosofia natural d&#8217;Arist\u00f2til com a base te\u00f2rica, per\u00f2 per l&#8217;orientaci\u00f3 m\u00e8dica sol decantar-se per les autoritats de la medicina: Hip\u00f2crates i Gal\u00e8. Tradueix, adapta i comenta algunes de les seves obres als cursos que imparteix. A m\u00e9s, enfront dels corrents empiristes que van guanyar una certa for\u00e7a a Montpeller, [&hellip;]<\/p>\n","protected":false},"author":20,"featured_media":0,"parent":0,"menu_order":0,"comment_status":"closed","ping_status":"closed","template":"","meta":{"footnotes":""},"class_list":["post-99","page","type-page","status-publish","hentry"],"_links":{"self":[{"href":"https:\/\/webs.uab.cat\/arnau\/wp-json\/wp\/v2\/pages\/99","targetHints":{"allow":["GET"]}}],"collection":[{"href":"https:\/\/webs.uab.cat\/arnau\/wp-json\/wp\/v2\/pages"}],"about":[{"href":"https:\/\/webs.uab.cat\/arnau\/wp-json\/wp\/v2\/types\/page"}],"author":[{"embeddable":true,"href":"https:\/\/webs.uab.cat\/arnau\/wp-json\/wp\/v2\/users\/20"}],"replies":[{"embeddable":true,"href":"https:\/\/webs.uab.cat\/arnau\/wp-json\/wp\/v2\/comments?post=99"}],"version-history":[{"count":3,"href":"https:\/\/webs.uab.cat\/arnau\/wp-json\/wp\/v2\/pages\/99\/revisions"}],"predecessor-version":[{"id":1797,"href":"https:\/\/webs.uab.cat\/arnau\/wp-json\/wp\/v2\/pages\/99\/revisions\/1797"}],"wp:attachment":[{"href":"https:\/\/webs.uab.cat\/arnau\/wp-json\/wp\/v2\/media?parent=99"}],"curies":[{"name":"wp","href":"https:\/\/api.w.org\/{rel}","templated":true}]}}