{"id":500,"date":"2022-12-01T14:16:01","date_gmt":"2022-12-01T14:16:01","guid":{"rendered":"https:\/\/webs.uab.cat\/arpa\/?page_id=500"},"modified":"2022-12-01T14:22:11","modified_gmt":"2022-12-01T14:22:11","slug":"experiencies-llistat","status":"publish","type":"page","link":"https:\/\/webs.uab.cat\/arpa\/experiencies-llistat\/","title":{"rendered":"Experi\u00e8ncies"},"content":{"rendered":"<div class=\"alignwide alignwide wp-block-pods-pods-block-list\">\r\n<div class=\"wp-container wp-block-columns alignwide\">\r\n\r\n\t\r\n<div class=\"wp-container-1 wp-block-column\">\r\n\t<img decoding=\"async\" src=\"https:\/\/webs.uab.cat\/arpa\/wp-content\/uploads\/sites\/218\/2018\/10\/foto2.png\" \/>\r\n\t<p><strong><a href=\"https:\/\/webs.uab.cat\/arpa\/fitxa-d-experi-ncies\/estrategies-davaluacio-entre-iguals-i-feedback-en-contextos-grupals\/\">Estrat\u00e8gies d\u2019avaluaci\u00f3 entre iguals i feedback en contextos grupals<\/a><\/strong><\/p>\r\n<\/div>\r\n\t\r\n\t\r\n<div class=\"wp-container-1 wp-block-column\">\r\n\t<img decoding=\"async\" src=\"https:\/\/webs.uab.cat\/arpa\/wp-content\/uploads\/sites\/218\/2018\/10\/411-telf.jpg\" \/>\r\n\t<p><strong><a href=\"https:\/\/webs.uab.cat\/arpa\/fitxa-d-experi-ncies\/experiencia-3\/\">Experi\u00e8ncia 3<\/a><\/strong><\/p>\r\n<\/div>\r\n\t\r\n\t\r\n<div class=\"wp-container-1 wp-block-column\">\r\n\t<img decoding=\"async\" src=\"https:\/\/webs.uab.cat\/arpa\/wp-content\/uploads\/sites\/218\/2018\/10\/321-resolucion_tsr.jpg\" \/>\r\n\t<p><strong><a href=\"https:\/\/webs.uab.cat\/arpa\/fitxa-d-experi-ncies\/experiencia-4\/\">Experi\u00e8ncia 4<\/a><\/strong><\/p>\r\n<\/div>\r\n\t\r\n\t\r\n<div class=\"wp-container-1 wp-block-column\">\r\n\t<img decoding=\"async\" src=\"https:\/\/webs.uab.cat\/arpa\/wp-content\/uploads\/sites\/218\/2018\/10\/442.jpg\" \/>\r\n\t<p><strong><a href=\"https:\/\/webs.uab.cat\/arpa\/fitxa-d-experi-ncies\/us-de-la-pauta-lavaluacio-de-la-contribucio-individual-al-treball-grupal\/\">\u00das de la pauta per a l&#8217;avaluaci\u00f3 de la contribuci\u00f3 individual al treball grupal<\/a><\/strong><\/p>\r\n<\/div>\r\n\t\r\n<\/div>\r\n<\/div>","protected":false},"excerpt":{"rendered":"","protected":false},"author":20,"featured_media":0,"parent":0,"menu_order":0,"comment_status":"closed","ping_status":"closed","template":"","meta":{"footnotes":""},"class_list":["post-500","page","type-page","status-publish","hentry"],"_links":{"self":[{"href":"https:\/\/webs.uab.cat\/arpa\/wp-json\/wp\/v2\/pages\/500","targetHints":{"allow":["GET"]}}],"collection":[{"href":"https:\/\/webs.uab.cat\/arpa\/wp-json\/wp\/v2\/pages"}],"about":[{"href":"https:\/\/webs.uab.cat\/arpa\/wp-json\/wp\/v2\/types\/page"}],"author":[{"embeddable":true,"href":"https:\/\/webs.uab.cat\/arpa\/wp-json\/wp\/v2\/users\/20"}],"replies":[{"embeddable":true,"href":"https:\/\/webs.uab.cat\/arpa\/wp-json\/wp\/v2\/comments?post=500"}],"version-history":[{"count":4,"href":"https:\/\/webs.uab.cat\/arpa\/wp-json\/wp\/v2\/pages\/500\/revisions"}],"predecessor-version":[{"id":507,"href":"https:\/\/webs.uab.cat\/arpa\/wp-json\/wp\/v2\/pages\/500\/revisions\/507"}],"wp:attachment":[{"href":"https:\/\/webs.uab.cat\/arpa\/wp-json\/wp\/v2\/media?parent=500"}],"curies":[{"name":"wp","href":"https:\/\/api.w.org\/{rel}","templated":true}]}}