{"id":57,"date":"2018-10-24T12:44:45","date_gmt":"2018-10-24T12:44:45","guid":{"rendered":"https:\/\/webs.uab.cat\/arpa\/eines-davaluacio\/"},"modified":"2022-12-16T18:10:09","modified_gmt":"2022-12-16T18:10:09","slug":"eines-davaluacio","status":"publish","type":"page","link":"https:\/\/webs.uab.cat\/arpa\/eines-davaluacio\/","title":{"rendered":"Eines d&#8217;avaluaci\u00f3"},"content":{"rendered":"\n<figure class=\"wp-block-table alignwide is-style-regular\"><table><thead><tr><th>T\u00cdTOL<\/th><th>PROP\u00d2SIT\/OBJECTIU<\/th><th>ASSIGNATURA<\/th><th>AUTORS<\/th><\/tr><\/thead><tbody><tr><td><a href=\"https:\/\/ddd.uab.cat\/record\/221625\" target=\"_blank\" rel=\"noopener\">Adaptaci\u00f3 de l&#8217;avaluaci\u00f3 dels aprenentatges als entorns virtuals. Idees per a la virtualitzaci\u00f3 de l&#8217;avaluaci\u00f3<\/a><\/td><td>\n<ul>\n<li>Algunes idees per adaptar l\u2019avaluaci\u00f3 dels aprenentatges en entorns virtuals<\/li>\n<\/ul>\n<\/td><td>Totes<\/td><td><a href=\"mailto:georgeta.ion@uab.cat?subject=Pauta%20avaluaci%C3%B3%20\"><strong>Ion<\/strong>, Georgeta;<\/a>&nbsp;<a href=\"mailto:cristina.mercader@uab.cat?subject=Avaluaci%C3%B3%20amb%20eines%20digitals\"><strong>Mercader<\/strong>, Cristina<\/a>;&nbsp;<a href=\"mailto:joseluis.moreno@uab.cat?subject=Avaluaci%C3%B3%20amb%20eines%20digitals\"><strong>Mu\u00f1oz <\/strong>Moreno, Jos\u00e9 Lu\u00eds<\/a><\/td><\/tr><tr><td><a href=\"https:\/\/ddd.uab.cat\/record\/214565\" target=\"_blank\" rel=\"noopener\">R\u00fabrica per avaluar l&#8217;argumentaci\u00f3n cient\u00edfica en textos acad\u00e8mics<\/a><\/td><td>\n<ul>\n<li>Avaluaci\u00f3 de la compet\u00e8ncia argumentativa per escrit<\/li>\n<\/ul>\n<\/td><td>Totes<\/td><td><a href=\"mailto:IbisMarlene.Alvarez@uab.cat\"><strong>Alvarez<\/strong> Valdivia, Ibis M.<\/a><\/td><\/tr><tr><td><a href=\"https:\/\/ddd.uab.cat\/record\/196345\" target=\"_blank\" rel=\"noopener\">Pauta per a l\u2019avaluaci\u00f3 de la contribuci\u00f3 individual dels membres al proc\u00e9s grupal en el treball en equip universitari<\/a><\/td><td>\n<ul>\n<li>Avaluar el treball en equip<\/li>\n<li>Individualitzar la nota del treball en grup<\/li>\n<\/ul>\n<\/td><td>\n<p class=\"rtecenter\">Totes<\/p>\n<\/td><td><strong>Agud <\/strong>Morell, Ingrid;&nbsp;<strong>Alcalde<\/strong>, Rosa;&nbsp;<strong>Armengol <\/strong>Aspar\u00f3, Carme;&nbsp;<a href=\"mailto:aleix.barrera@uab.cat?subject=Pauta%20d'avaluaci%C3%B3\"><strong>Barrera<\/strong>&#8211;<strong>Corominas<\/strong>, Aleix<\/a>;&nbsp;<strong>Borras <\/strong>Izquierdo, Alexis; <strong>Bu\u00f1uel <\/strong>Azor, Immaculada;&nbsp;<strong>Castro <\/strong>Ceacero, Diego;&nbsp;<strong>D\u00edaz Vicario<\/strong>, Anna;&nbsp;<strong>Dur\u00e1n Bellonch<\/strong>, Mar\u00eda del Mar; <strong>Gonz\u00e1lez <\/strong>Fern\u00e1ndez, Hernar;&nbsp;<a href=\"mailto:georgeta.ion@uab.cat?subject=Pauta%20avaluaci%C3%B3%20\"><strong>Ion<\/strong>, Georgeta;<\/a>&nbsp;<strong>Marzo <\/strong>Ruiz, Lourdes;&nbsp;<strong>Mercader<\/strong>, Cristina;&nbsp;<strong>Mu\u00f1oz <\/strong>Moreno, Jos\u00e9 Lu\u00eds;&nbsp;<strong>Orta <\/strong>Trepat, Mar\u00eda;&nbsp;<strong>Parera <\/strong>Garcia, M\u00f2nica;&nbsp;<strong>P\u00e9rez-Maldonado<\/strong>, Cristina;&nbsp;<strong>Rodr\u00edguez-G\u00f3mez<\/strong>, David;&nbsp;<strong>Salat <\/strong>Llorente, Esther;&nbsp;<strong>S\u00e1nchez Mart\u00ed<\/strong>, Angelina.<\/td><\/tr><tr><td><a href=\"https:\/\/ddd.uab.cat\/record\/181477?ln=ca\" target=\"_blank\" rel=\"noopener\">Check list per a autoavaluar la qualitat d&#8217;un treball d&#8217;investigaci\u00f3 en Ci\u00e8ncies de l&#8217;Educaci\u00f3<\/a><\/td><td>\n<ul>\n<li>Ajudar als estudiants a autoavaluar la qualitat d&#8217;un treball de recerca<\/li>\n<\/ul>\n<\/td><td>TFG i TFM<\/td><td><a href=\"mailto:laura.arnau@uab.cat?subject=ARPA%20-%20Check%20list%20TFG%20i%20TFM\"><strong>Arnau-Sabat\u00e9s<\/strong>, Laura<\/a><\/td><\/tr><tr><td>\n<p><a href=\"https:\/\/ddd.uab.cat\/record\/169417?ln=ca\" target=\"_blank\" rel=\"noopener\">R\u00fabrica d\u2019autoavaluaci\u00f3 de compet\u00e8ncies i habilitats personals i prosocials<\/a> &#8211; <em>Preferentment, Graus d&#8217;Educaci\u00f3 Infantil i Prim\u00e0ria<\/em><\/p>\n<\/td><td>\n<ul>\n<li>Avaluaci\u00f3 compet\u00e8ncies personals i prosocials (tant per a l&#8217;avaluaci\u00f3 com autoavaluaci\u00f3)<\/li>\n<\/ul>\n<\/td><td>Totes<\/td><td><a href=\"mailto:gemma.paris@uab.cat?subject=R%C3%BAbrica%20autoavaluaci%C3%B3%20compet%C3%A8ncies%20personals%20i%20prosocials\"><strong>Par\u00eds<\/strong>, Gemma<\/a>, <strong>Blanch<\/strong>, S\u00edlvia, <strong>Comes<\/strong>, Pilar, <strong>Edo<\/strong>, Mequ\u00e8, <strong>Estrada<\/strong>, Joan, <strong>Gimeno<\/strong>, Xavier, <strong>Mor\u00f3n<\/strong>, Mar, <strong>Peire<\/strong>, Tom\u00e1s<\/td><\/tr><tr><td><span class=\"titol\"><a href=\"https:\/\/ddd.uab.cat\/search?f=title&amp;p=Q%C3%BCestionari%20d%27avaluaci%C3%B3%20del%20desenvolupament%20de%20les%20compet%C3%A8ncies%20personals%20i%20prosocials&amp;sc=1&amp;ln=ca\" target=\"_blank\" rel=\"noopener\">Q\u00fcestionari d&#8217;avaluaci\u00f3 del desenvolupament de les compet\u00e8ncies personals i prosocials<\/a><\/span><\/td><td>\n<ul>\n<li>Avaluaci\u00f3 compet\u00e8ncies personals i prosocials (tant per a l&#8217;avaluaci\u00f3 com autoavaluaci\u00f3)<\/li>\n<\/ul>\n<\/td><td>Totes<\/td><td><a href=\"mailto:silvia.blanch@uab.cat?subject=Q%C3%BCestionari%20compet%C3%A8ncies%20personals%20i%20prosocials\"><strong>Blanch<\/strong>, Silvia<\/a>, <strong>Comes<\/strong>, Pilar, <strong>Edo<\/strong>, Mequ\u00e8, <strong>Estrada<\/strong>, Joan, <strong>Gimeno<\/strong>, Xavier, <strong>Moron<\/strong>, Mar, <strong>Par\u00eds<\/strong>, Gemma, <strong>Peire<\/strong>, Tom\u00e0s<\/td><\/tr><tr><td><a href=\"https:\/\/drive.google.com\/file\/d\/1g_igfrVGFKCExpOjOx7LqqX90B4NetkT\/view?usp=sharing\" target=\"_blank\" rel=\"noreferrer noopener\">R\u00fabrica d&#8217;avaluaci\u00f3 &#8211; Carpeta d&#8217;aprenentatge<\/a><\/td><td>Avaluaci\u00f3 de la competencia digital docent<\/td><td>Totes<\/td><td><a href=\"cristina.mercader@uab.cat\" target=\"_blank\" rel=\"noreferrer noopener\">Mercader, Cristina<\/a><\/td><\/tr><\/tbody><\/table><\/figure>\n","protected":false},"excerpt":{"rendered":"<p>T\u00cdTOL PROP\u00d2SIT\/OBJECTIU ASSIGNATURA AUTORS Adaptaci\u00f3 de l&#8217;avaluaci\u00f3 dels aprenentatges als entorns virtuals. Idees per a la virtualitzaci\u00f3 de l&#8217;avaluaci\u00f3 Algunes idees per adaptar l\u2019avaluaci\u00f3 dels aprenentatges en entorns virtuals Totes Ion, Georgeta;&nbsp;Mercader, Cristina;&nbsp;Mu\u00f1oz Moreno, Jos\u00e9 Lu\u00eds R\u00fabrica per avaluar l&#8217;argumentaci\u00f3n cient\u00edfica en textos acad\u00e8mics Avaluaci\u00f3 de la compet\u00e8ncia argumentativa per escrit Totes Alvarez Valdivia, Ibis [&hellip;]<\/p>\n","protected":false},"author":20,"featured_media":0,"parent":0,"menu_order":0,"comment_status":"closed","ping_status":"closed","template":"","meta":{"footnotes":""},"class_list":["post-57","page","type-page","status-publish","hentry"],"_links":{"self":[{"href":"https:\/\/webs.uab.cat\/arpa\/wp-json\/wp\/v2\/pages\/57","targetHints":{"allow":["GET"]}}],"collection":[{"href":"https:\/\/webs.uab.cat\/arpa\/wp-json\/wp\/v2\/pages"}],"about":[{"href":"https:\/\/webs.uab.cat\/arpa\/wp-json\/wp\/v2\/types\/page"}],"author":[{"embeddable":true,"href":"https:\/\/webs.uab.cat\/arpa\/wp-json\/wp\/v2\/users\/20"}],"replies":[{"embeddable":true,"href":"https:\/\/webs.uab.cat\/arpa\/wp-json\/wp\/v2\/comments?post=57"}],"version-history":[{"count":7,"href":"https:\/\/webs.uab.cat\/arpa\/wp-json\/wp\/v2\/pages\/57\/revisions"}],"predecessor-version":[{"id":541,"href":"https:\/\/webs.uab.cat\/arpa\/wp-json\/wp\/v2\/pages\/57\/revisions\/541"}],"wp:attachment":[{"href":"https:\/\/webs.uab.cat\/arpa\/wp-json\/wp\/v2\/media?parent=57"}],"curies":[{"name":"wp","href":"https:\/\/api.w.org\/{rel}","templated":true}]}}