{"id":109,"date":"2016-04-26T13:39:37","date_gmt":"2016-04-26T11:39:37","guid":{"rendered":"https:\/\/webs.uab.cat\/arqueobotanica\/personal\/"},"modified":"2023-03-14T13:19:38","modified_gmt":"2023-03-14T11:19:38","slug":"personal","status":"publish","type":"page","link":"https:\/\/webs.uab.cat\/arqueobotanica\/personal\/","title":{"rendered":"Personal"},"content":{"rendered":"<table>\n<thead>\n<tr>\n<td><\/td>\n<td class=\"rtecenter\"><strong>Cognoms, Nom<\/strong><\/td>\n<td class=\"rtecenter\"><strong>Categoria<\/strong><\/td>\n<td class=\"rtecenter\"><strong>Despatx<\/strong><\/td>\n<td class=\"rtecenter\"><strong>Tel\u00e8fon<\/strong><\/td>\n<td class=\"rtecenter\"><strong>Correu<\/strong><\/td>\n<\/tr>\n<tr style=\"height: 2px\">\n<td colspan=\"6\">\n<hr style=\"color: #dddddd;width: 98%\" size=\"1\" \/>\n<\/td>\n<\/tr>\n<\/thead>\n<tbody>\n<tr>\n<td class=\"tg-0lax\" rowspan=\"2\"><\/td>\n<td class=\"tg-0lax\">Marian Berihuete Azor\u00edn<\/td>\n<td class=\"tg-0lax\">Investigadora Ramon y Cajal<\/td>\n<td class=\"tg-0lax\">B9-135<\/td>\n<td class=\"tg-0lax\">935 814 017<\/td>\n<td class=\"tg-0lax\"><a href=\"marian.berihuete@uab.cat\">marian.berihuete@uab.cat<\/a><\/td>\n<\/tr>\n<tr>\n<td colspan=\"5\">Carpologia<\/td>\n<\/tr>\n<tr style=\"height: 2px\">\n<td colspan=\"6\">\n<hr style=\"color: #dddddd;width: 98%\" size=\"1\" \/>\n<\/td>\n<\/tr>\n<tr>\n<td class=\"tg-0lax\" rowspan=\"2\"><img loading=\"lazy\" decoding=\"async\" src=\"http:\/\/www.uab.cat\/servlet\/BlobServer?blobtable=Imatge&amp;blobcol=urlimg&amp;blobheader=image\/jpeg&amp;blobkey=id&amp;blobwhere=1345810837838\" alt=\"Anna Berrocal Barber\u00e0\" width=\"107\" height=\"175\" \/><\/td>\n<td class=\"tg-0lax\"><a class=\"texto_normal\" title=\"Anna  Berrocal Barber\u00e0\">Berrocal Barber\u00e0, Anna<\/a><\/td>\n<td class=\"tg-0lax\">T\u00e8cnica de recerca<\/td>\n<td class=\"tg-0lax\">B9-135<\/td>\n<td class=\"tg-0lax\">935 814 333<\/td>\n<td class=\"tg-0lax\"><a href=\"mailto:Anna.Berrocal@uab.cat\" target=\"_blank\" rel=\"noopener\">Anna.Berrocal@uab.cat<\/a><\/td>\n<\/tr>\n<tr>\n<td colspan=\"5\">Processat de sediments i carpologia<\/td>\n<\/tr>\n<tr style=\"height: 2px\">\n<td colspan=\"6\">\n<hr style=\"color: #dddddd;width: 98%\" size=\"1\" \/>\n<\/td>\n<\/tr>\n<tr>\n<td class=\"tg-0lax\" rowspan=\"2\"><img loading=\"lazy\" decoding=\"async\" src=\"http:\/\/www.uab.cat\/servlet\/BlobServer?blobtable=Imatge&amp;blobcol=urlimg&amp;blobheader=image\/jpeg&amp;blobkey=id&amp;blobwhere=1345810837838\" alt=\"David Rodriguez Anton\" width=\"107\" height=\"175\" \/><\/td>\n<td class=\"tg-0lax\"><a class=\"texto_normal\" title=\"David Rodriguez Anton\">Rodriguez Anton, David<\/a><\/td>\n<td class=\"tg-0lax\"><\/td>\n<td class=\"tg-0lax\"><\/td>\n<td class=\"tg-0lax\"><\/td>\n<td class=\"tg-0lax\"><\/td>\n<\/tr>\n<tr>\n<td colspan=\"5\">Fit\u00f2lits<\/td>\n<\/tr>\n<tr style=\"height: 2px\">\n<td colspan=\"6\">\n<hr style=\"color: #dddddd;width: 98%\" size=\"1\" \/>\n<\/td>\n<\/tr>\n<tr>\n<td class=\"tg-0lax\" rowspan=\"2\"><img loading=\"lazy\" decoding=\"async\" src=\"http:\/\/www.uab.cat\/servlet\/BlobServer?blobtable=Imatge&amp;blobcol=urlimg&amp;blobheader=image\/jpeg&amp;blobkey=id&amp;blobwhere=1345810837838\" alt=\"Maria Herrero Otal\" width=\"107\" height=\"175\" \/><\/td>\n<td class=\"tg-0lax\"><a class=\"texto_normal\" title=\"Maria Herrero Otal\">Herrero Otal, Maria<\/a><\/td>\n<td class=\"tg-0lax\">T\u00e8cnica de recerca<\/td>\n<td class=\"tg-0lax\"><\/td>\n<td class=\"tg-0lax\"><\/td>\n<td class=\"tg-0lax\"><a href=\"mailto:Maria.Herrero@uab.cat\" target=\"_blank\" rel=\"noopener\">Maria.Herrero@uab.cat<\/a><\/td>\n<\/tr>\n<tr>\n<td colspan=\"5\">Identificaci\u00f3 de fibres vegetals<\/td>\n<\/tr>\n<tr style=\"height: 2px\">\n<td colspan=\"6\">\n<hr style=\"color: #dddddd;width: 98%\" size=\"1\" \/>\n<\/td>\n<\/tr>\n<tr>\n<td class=\"tg-0lax\" rowspan=\"2\"><img loading=\"lazy\" decoding=\"async\" src=\"http:\/\/www.uab.cat\/servlet\/BlobServer?blobtable=Imatge&amp;blobcol=urlimg&amp;blobheader=image\/jpeg&amp;blobkey=id&amp;blobwhere=1345825369221\" alt=\"Oriol Lopez Bult\u00f3\" width=\"107\" height=\"175\" \/><\/td>\n<td class=\"tg-0lax\"><a class=\"texto_normal\" title=\"J. Oriol Lopez Bult\u00f3\" href=\"https:\/\/www.uab.cat\/web\/qui-som\/professorat-1345825175417.html\" target=\"_blank\" rel=\"noopener\">Lopez Bult\u00f3, J. Oriol<\/a><\/td>\n<td class=\"tg-0lax\">Associat<\/td>\n<td class=\"tg-0lax\">B9-135<\/td>\n<td class=\"tg-0lax\">935 814 017<\/td>\n<td class=\"tg-0lax\"><a href=\"mailto:JosepOriol.Lopez@uab.cat\" target=\"_blank\" rel=\"noopener\">JosepOriol.Lopez@uab.cat<\/a><\/td>\n<\/tr>\n<tr>\n<td colspan=\"5\">Dendroantracologia i estudi de procesos de producci\u00f3 d&#8217;objectes de fusta<\/td>\n<\/tr>\n<tr style=\"height: 2px\">\n<td colspan=\"6\">\n<hr style=\"color: #dddddd;width: 98%\" size=\"1\" \/>\n<\/td>\n<\/tr>\n<tr>\n<td class=\"tg-0lax\" rowspan=\"2\"><img loading=\"lazy\" decoding=\"async\" src=\"http:\/\/www.uab.cat\/servlet\/BlobServer?blobtable=Imatge&amp;blobcol=urlimg&amp;blobheader=image\/jpeg&amp;blobkey=id&amp;blobwhere=1345810837838\" alt=\"Laura Obea G\u00f3mez\" width=\"107\" height=\"175\" \/><\/td>\n<td class=\"tg-0lax\"><a class=\"texto_normal\" title=\"Laura  Obea G\u00f3mez\">Obea G\u00f3mez, Laura<\/a><\/td>\n<td class=\"tg-0lax\">Associada<\/td>\n<td class=\"tg-0lax\">B9-137<\/td>\n<td class=\"tg-0lax\">935 814 017<\/td>\n<td class=\"tg-0lax\"><a href=\"mailto:Laura.Obea@uab.cat\" target=\"_blank\" rel=\"noopener\">Laura.Obea@uab.cat<\/a><\/td>\n<\/tr>\n<tr>\n<td colspan=\"5\">Dendroantracologia<\/td>\n<\/tr>\n<tr style=\"height: 2px\">\n<td colspan=\"6\">\n<hr style=\"color: #dddddd;width: 98%\" size=\"1\" \/>\n<\/td>\n<\/tr>\n<tr>\n<td class=\"tg-0lax\" rowspan=\"2\"><img loading=\"lazy\" decoding=\"async\" src=\"http:\/\/www.uab.cat\/servlet\/BlobServer?blobtable=Imatge&amp;blobcol=urlimg&amp;blobheader=image\/jpeg&amp;blobkey=id&amp;blobwhere=1345810837838\" alt=\"Jordi Revelles L\u00f3pez\" width=\"107\" height=\"175\" \/><\/td>\n<td class=\"tg-0lax\"><a class=\"texto_normal\" title=\"Jordi Revelles L\u00f3pez\">Revelles L\u00f3pez, Jordi<\/a><\/td>\n<td class=\"tg-0lax\"><\/td>\n<td class=\"tg-0lax\"><\/td>\n<td class=\"tg-0lax\"><\/td>\n<td class=\"tg-0lax\"><\/td>\n<\/tr>\n<tr>\n<td colspan=\"5\">Pol.len i palinomorfs no pol.l\u00ednics<\/td>\n<\/tr>\n<tr style=\"height: 2px\">\n<td colspan=\"6\">\n<hr style=\"color: #dddddd;width: 98%\" size=\"1\" \/>\n<\/td>\n<\/tr>\n<tr>\n<td class=\"tg-0lax\" rowspan=\"2\"><img loading=\"lazy\" decoding=\"async\" src=\"http:\/\/www.uab.cat\/servlet\/BlobServer?blobtable=Imatge&amp;blobcol=urlimg&amp;blobheader=image\/jpeg&amp;blobkey=id&amp;blobwhere=1345810837838\" alt=\"Susagna Romero\" width=\"107\" height=\"175\" \/><\/td>\n<td class=\"tg-0lax\"><a class=\"texto_normal\" title=\"Susagna Romero\">Romero, Susagna<\/a><\/td>\n<td class=\"tg-0lax\"><\/td>\n<td class=\"tg-0lax\"><\/td>\n<td class=\"tg-0lax\"><\/td>\n<td class=\"tg-0lax\"><\/td>\n<\/tr>\n<tr>\n<td colspan=\"5\">Estudi de processos producci\u00f3 d&#8217;objectes de fibres vegetals (cistelleria i cordes)<\/td>\n<\/tr>\n<tr style=\"height: 2px\">\n<td colspan=\"6\">\n<hr style=\"color: #dddddd;width: 98%\" size=\"1\" \/>\n<\/td>\n<\/tr>\n<tr>\n<td class=\"tg-0lax\" rowspan=\"2\"><img loading=\"lazy\" decoding=\"async\" src=\"http:\/\/www.uab.cat\/servlet\/BlobServer?blobtable=Imatge&amp;blobcol=urlimg&amp;blobheader=image\/jpeg&amp;blobkey=id&amp;blobwhere=1345810722572\" alt=\"Raquel Piqu\u00e9 Huerta\" width=\"107\" height=\"175\" \/><\/td>\n<td class=\"tg-0lax\"><a class=\"texto_normal\" title=\"Raquel Piqu\u00e9 Huerta \" href=\"https:\/\/www.uab.cat\/web\/qui-som\/professorat-1345812174409.html\" target=\"_blank\" rel=\"noopener\">Piqu\u00e9\u00a0Huerta , Raquel <\/a><\/td>\n<td class=\"tg-0lax\">Catedr\u00e0tica<\/td>\n<td class=\"tg-0lax\">B9-119<\/td>\n<td class=\"tg-0lax\">935 814 335<\/td>\n<td class=\"tg-0lax\"><a href=\"mailto:Raquel.Pique@uab.cat\" target=\"_blank\" rel=\"noopener\">Raquel.Pique@uab.cat<\/a><\/td>\n<\/tr>\n<tr>\n<td colspan=\"5\">Arqueobot\u00e0nica, Etnoarqueologia<\/td>\n<\/tr>\n<tr style=\"height: 2px\">\n<td colspan=\"6\">\n<hr style=\"color: #dddddd;width: 98%\" size=\"1\" \/>\n<\/td>\n<\/tr>\n<\/tbody>\n<\/table>\n","protected":false},"excerpt":{"rendered":"<p>Cognoms, Nom Categoria Despatx Tel\u00e8fon Correu Marian Berihuete Azor\u00edn Investigadora Ramon y Cajal B9-135 935 814 017 marian.berihuete@uab.cat Carpologia Berrocal Barber\u00e0, Anna T\u00e8cnica de recerca B9-135 935 814 333 Anna.Berrocal@uab.cat Processat de sediments i carpologia Rodriguez Anton, David Fit\u00f2lits Herrero Otal, Maria T\u00e8cnica de recerca Maria.Herrero@uab.cat Identificaci\u00f3 de fibres vegetals Lopez Bult\u00f3, J. Oriol Associat [&hellip;]<\/p>\n","protected":false},"author":20,"featured_media":0,"parent":0,"menu_order":0,"comment_status":"closed","ping_status":"closed","template":"","meta":{"footnotes":""},"class_list":["post-109","page","type-page","status-publish","hentry"],"_links":{"self":[{"href":"https:\/\/webs.uab.cat\/arqueobotanica\/wp-json\/wp\/v2\/pages\/109","targetHints":{"allow":["GET"]}}],"collection":[{"href":"https:\/\/webs.uab.cat\/arqueobotanica\/wp-json\/wp\/v2\/pages"}],"about":[{"href":"https:\/\/webs.uab.cat\/arqueobotanica\/wp-json\/wp\/v2\/types\/page"}],"author":[{"embeddable":true,"href":"https:\/\/webs.uab.cat\/arqueobotanica\/wp-json\/wp\/v2\/users\/20"}],"replies":[{"embeddable":true,"href":"https:\/\/webs.uab.cat\/arqueobotanica\/wp-json\/wp\/v2\/comments?post=109"}],"version-history":[{"count":6,"href":"https:\/\/webs.uab.cat\/arqueobotanica\/wp-json\/wp\/v2\/pages\/109\/revisions"}],"predecessor-version":[{"id":191,"href":"https:\/\/webs.uab.cat\/arqueobotanica\/wp-json\/wp\/v2\/pages\/109\/revisions\/191"}],"wp:attachment":[{"href":"https:\/\/webs.uab.cat\/arqueobotanica\/wp-json\/wp\/v2\/media?parent=109"}],"curies":[{"name":"wp","href":"https:\/\/api.w.org\/{rel}","templated":true}]}}