{"id":208,"date":"2009-05-25T13:30:47","date_gmt":"2009-05-25T11:30:47","guid":{"rendered":"https:\/\/webs.uab.cat\/arquezoologia\/quienes-somos\/"},"modified":"2010-01-21T13:40:57","modified_gmt":"2010-01-21T11:40:57","slug":"quienes-somos","status":"publish","type":"page","link":"https:\/\/webs.uab.cat\/arqueozoologia\/es\/quienes-somos\/","title":{"rendered":"Qui\u00e9nes somos"},"content":{"rendered":"<p class=\"rtejustify\">&nbsp;<\/p>\n<p class=\"rtejustify\"><span style=\"font-size:14px\">El Laboratorio de Arqueozoolog\u00eda re\u00fane una amplia gama de personas, incluyendo directores de investigaci\u00f3n, investigadores postdoctorales, t\u00e9cnicos de laboratorio, estudiantes de postgrado y grado y un buen n\u00famero de colaboradores habituales con m\u00faltiples intereses de investigaci\u00f3n y formaci\u00f3n cient\u00edfica diversa, especializados en diferentes cronolog\u00edas y t\u00e9cnicas de an\u00e1lisis, todas girando alrededor del estudio de restos animales.<\/span><\/p>\n<p class=\"rtejustify\"><span style=\"font-size:14px\">Aqu\u00ed pod\u00e9is echar un vistazo a los intereses cient\u00edficos de nuestros miembros y c\u00f3mo contactarnos. No dud\u00e9is&nbsp;en hacerlo si ten\u00e9is alguna consulta!<\/span><\/p>\n<p>&nbsp;<\/p>\n<p class=\"rtejustify\"><span style=\"font-size:16px\"><strong>Directoras de investigaci\u00f3n<\/strong><\/span><\/p>\n<table border=\"1\" cellpadding=\"1\" cellspacing=\"1\" style=\"width:800px\">\n<tbody>\n<tr>\n<td style=\"width:214px\"><span style=\"font-size:14px\"><a href=\"https:\/\/grupsderecerca.uab.cat\/arquezoologia\/node\/122\"><img loading=\"lazy\" decoding=\"async\" class=\" size-full wp-image-112\" alt=\"\" height=\"100\" src=\"https:\/\/webs.uab.cat\/arquezoologia\/wp-content\/uploads\/sites\/352\/2009\/05\/maria_sana_350.jpg\" style=\"float:left\" width=\"150\" \/><\/a><\/span><\/td>\n<td style=\"width:269px\"><strong><span style=\"font-size:14px\">Prof. Dra. Maria Sa\u00f1a Segu\u00ed<\/span><\/strong><\/td>\n<td style=\"width:300px\"><a href=\"mailto:maria.sana@uab.cat\"><span style=\"font-size:14px\">maria.sana@uab.cat<\/span><\/a><\/td>\n<\/tr>\n<tr>\n<td style=\"width:214px\"><span style=\"font-size:14px\"><a href=\"https:\/\/grupsderecerca.uab.cat\/arquezoologia\/node\/120\"><img loading=\"lazy\" decoding=\"async\" class=\" size-full wp-image-115\" alt=\"\" height=\"100\" src=\"https:\/\/webs.uab.cat\/arquezoologia\/wp-content\/uploads\/sites\/352\/2009\/05\/andre_colonese_350.jpg\" style=\"float:left\" width=\"150\" \/><\/a><\/span><\/td>\n<td style=\"width:269px\"><strong><span style=\"font-size:14px\">Dr. Andre C. Colonese<\/span><\/strong><\/td>\n<td style=\"width:300px\"><a href=\"mailto:andrecarlo.colonese@uab.cat\"><span style=\"font-size:14px\">andrecarlo.colonese@uab.cat<\/span><\/a><\/td>\n<\/tr>\n<tr>\n<td style=\"width:214px\"><span style=\"font-size:14px\"><a href=\"https:\/\/grupsderecerca.uab.cat\/arquezoologia\/node\/84\"><img loading=\"lazy\" decoding=\"async\" class=\" size-full wp-image-118\" alt=\"\" height=\"100\" src=\"https:\/\/webs.uab.cat\/arquezoologia\/wp-content\/uploads\/sites\/352\/2009\/05\/jordi_estevez_350.jpg\" style=\"float:left\" width=\"150\" \/><\/a><\/span><\/td>\n<td style=\"width:269px\"><strong><span style=\"font-size:14px\">Prof. Dr. Jordi Est\u00e9vez Escalera<\/span><\/strong><\/td>\n<td style=\"width:300px\">\n<p><a href=\"mailto:jordiestevez@me.com\"><span style=\"font-size:14px\">jordiestevez@me.com<\/span><\/a><\/p>\n<\/td>\n<\/tr>\n<\/tbody>\n<\/table>\n<hr \/>\n<p><span style=\"font-size:16px\"><strong>Investigadoras posdoctorales<\/strong><\/span><\/p>\n<table border=\"1\" cellpadding=\"1\" cellspacing=\"1\" style=\"width:800px\">\n<thead>\n\t<\/thead>\n<tbody>\n<tr>\n<td style=\"width:213px\"><span style=\"font-size:14px\"><a href=\"https:\/\/grupsderecerca.uab.cat\/arquezoologia\/node\/124\"><img loading=\"lazy\" decoding=\"async\" class=\" size-full wp-image-121\" alt=\"\" height=\"100\" src=\"https:\/\/webs.uab.cat\/arquezoologia\/wp-content\/uploads\/sites\/352\/2009\/05\/vanessa_navarrete_350.jpg\" style=\"float:left\" width=\"150\" \/><\/a><\/span><\/td>\n<td style=\"width:272px\"><strong><span style=\"font-size:14px\">Dra. Vanessa Naverrete Belda<\/span><\/strong><\/td>\n<td style=\"width:297px\">\n<p><a href=\"mailto:vanessa.navarrete@uab.cat\"><span style=\"font-size:14px\">vanessa.navarrete@uab.cat<\/span><\/a><\/p>\n<\/td>\n<\/tr>\n<tr>\n<td style=\"width:213px\"><span style=\"font-size:14px\"><a href=\"https:\/\/grupsderecerca.uab.cat\/arquezoologia\/node\/127\"><img loading=\"lazy\" decoding=\"async\" class=\" size-full wp-image-124\" alt=\"\" height=\"100\" src=\"https:\/\/webs.uab.cat\/arquezoologia\/wp-content\/uploads\/sites\/352\/2009\/05\/alejandro_sierra_350.jpg\" style=\"float:left\" width=\"150\" \/><\/a><\/span><\/td>\n<td style=\"width:272px\"><strong><span style=\"font-size:14px\">Dr. Alejandro Sierra Sainz-Aja<\/span><\/strong><\/td>\n<td style=\"width:297px\"><a href=\"mailto:asierrasainzaja@hotmail.com\"><span style=\"font-size:14px\">asierrasainzaja@hotmail.com<\/span><\/a><\/td>\n<\/tr>\n<tr>\n<td style=\"width:213px\"><span style=\"font-size:14px\"><a href=\"https:\/\/grupsderecerca.uab.cat\/arquezoologia\/node\/94\"><img loading=\"lazy\" decoding=\"async\" class=\" size-full wp-image-127\" alt=\"\" height=\"100\" src=\"https:\/\/webs.uab.cat\/arquezoologia\/wp-content\/uploads\/sites\/352\/2009\/05\/roger_alcantara_350.jpg\" style=\"float:left\" width=\"150\" \/><\/a><\/span><\/td>\n<td style=\"width:272px\"><strong><span style=\"font-size:14px\">Dr. Roger Alc\u00e0ntara Fors<\/span><\/strong><\/td>\n<td style=\"width:297px\"><a href=\"mailto:roger.alcantara@uab.cat\"><span style=\"font-size:14px\">roger.alcantara@uab.cat<\/span><\/a><\/td>\n<\/tr>\n<\/tbody>\n<\/table>\n<hr \/>\n<p><span style=\"font-size:16px\"><strong>Personal t\u00e9cnico del laboratorio<\/strong><\/span><\/p>\n<table border=\"1\" cellpadding=\"1\" cellspacing=\"1\" style=\"width:800px\">\n<tbody>\n<tr>\n<td style=\"width:215px\"><span style=\"font-size:14px\"><a href=\"https:\/\/grupsderecerca.uab.cat\/arquezoologia\/node\/129\"><img loading=\"lazy\" decoding=\"async\" class=\" size-full wp-image-130\" alt=\"\" height=\"100\" src=\"https:\/\/webs.uab.cat\/arquezoologia\/wp-content\/uploads\/sites\/352\/2009\/05\/krista_mcgrath_350.jpg\" style=\"float:left\" width=\"150\" \/><\/a><\/span><\/td>\n<td style=\"width:272px\"><strong><span style=\"font-size:14px\">Krista McGrath<\/span><\/strong><\/td>\n<td style=\"width:295px\"><a href=\"mailto:krista.mcgrath@uab.cat\"><span style=\"font-size:14px\">krista.mcgrath@uab.cat<\/span><\/a><\/td>\n<\/tr>\n<tr>\n<td style=\"width:215px\"><a href=\"https:\/\/grupsderecerca.uab.cat\/arquezoologia\/node\/131\"><img loading=\"lazy\" decoding=\"async\" class=\" size-full wp-image-133\" alt=\"\" height=\"100\" src=\"https:\/\/webs.uab.cat\/arquezoologia\/wp-content\/uploads\/sites\/352\/2009\/05\/joaquim_ripoll_350.jpg\" style=\"float:left\" width=\"150\" \/><\/a><\/td>\n<td style=\"width:272px\"><strong><span style=\"font-size:14px\">Joaquim Ripoll Miralda<\/span><\/strong><\/td>\n<td style=\"width:295px\"><a href=\"mailto:quimripoll@gmail.com\"><span style=\"font-size:14px\">quimripoll@gmail.com<\/span><\/a><\/td>\n<\/tr>\n<\/tbody>\n<\/table>\n<hr \/>\n<p><span style=\"font-size:16px\"><strong>Estudiantes de doctorado<\/strong><\/span><\/p>\n<table border=\"1\" cellpadding=\"1\" cellspacing=\"1\" style=\"width:800px\">\n<tbody>\n<tr>\n<td style=\"width:217px\"><a href=\"https:\/\/grupsderecerca.uab.cat\/arquezoologia\/node\/132\"><img loading=\"lazy\" decoding=\"async\" class=\" size-full wp-image-136\" alt=\"\" height=\"100\" src=\"https:\/\/webs.uab.cat\/arquezoologia\/wp-content\/uploads\/sites\/352\/2009\/05\/amaia_agirre_350.jpg\" style=\"float:left\" width=\"150\" \/><\/a><\/td>\n<td style=\"width:271px\"><strong>Amaia Aguirre Uribesalgo<\/strong><\/td>\n<td style=\"width:295px\"><a href=\"mailto:Amaia.Aguirre@uab.cat\">amaia.aguirre@uab.cat<\/a><\/td>\n<\/tr>\n<tr>\n<td style=\"width:217px\"><a href=\"https:\/\/grupsderecerca.uab.cat\/arquezoologia\/node\/101\"><img loading=\"lazy\" decoding=\"async\" class=\" size-full wp-image-139\" alt=\"\" height=\"100\" src=\"https:\/\/webs.uab.cat\/arquezoologia\/wp-content\/uploads\/sites\/352\/2009\/05\/thiago_fossile_350.jpg\" style=\"float:left\" width=\"150\" \/><\/a><\/td>\n<td style=\"width:271px\"><strong><span style=\"font-size:14px\">Thiago Fossile<\/span><\/strong><\/td>\n<td style=\"width:295px\"><a href=\"mailto:thiago.fossile@uab.cat\">thiago.fossile@uab.cat<\/a><\/td>\n<\/tr>\n<tr>\n<td style=\"width:217px\"><a href=\"https:\/\/grupsderecerca.uab.cat\/arquezoologia\/node\/98\"><img loading=\"lazy\" decoding=\"async\" class=\" size-full wp-image-142\" alt=\"\" height=\"100\" src=\"https:\/\/webs.uab.cat\/arquezoologia\/wp-content\/uploads\/sites\/352\/2009\/05\/alba_ruiz_cros_350.jpg\" style=\"float:left\" width=\"150\" \/><\/a><\/td>\n<td style=\"width:271px\"><strong><span style=\"font-size:14px\">Alba Ruiz Cros<\/span><\/strong><\/td>\n<td style=\"width:295px\"><a href=\"mailto:aruizcros@gmail.com\"><span style=\"font-size:14px\">aruizcros@gmail.com<\/span><\/a><\/td>\n<\/tr>\n<tr>\n<td style=\"width:217px\"><span style=\"font-size:14px\"><img loading=\"lazy\" decoding=\"async\" class=\" size-full wp-image-145\" alt=\"\" height=\"100\" src=\"https:\/\/webs.uab.cat\/arquezoologia\/wp-content\/uploads\/sites\/352\/2009\/05\/no_foto.jpg\" style=\"float:left\" width=\"150\" \/><\/span><\/td>\n<td style=\"width:271px\"><strong><span style=\"font-size:14px\">Daniel Tonda Carratal\u00e0<\/span><\/strong><\/td>\n<td style=\"width:295px\"><a href=\"mailto:danieltreball@hotmail.com\"><span style=\"font-size:14px\">danieltreball@hotmail.com<\/span><\/a><\/td>\n<\/tr>\n<tr>\n<td style=\"width:217px\"><span style=\"font-size:14px\"><a href=\"https:\/\/grupsderecerca.uab.cat\/arquezoologia\/node\/100\"><img loading=\"lazy\" decoding=\"async\" class=\" size-full wp-image-148\" alt=\"\" height=\"100\" src=\"https:\/\/webs.uab.cat\/arquezoologia\/wp-content\/uploads\/sites\/352\/2009\/05\/kaveh_yousef-pooran_350.jpg\" style=\"float:left\" width=\"150\" \/><\/a><\/span><\/td>\n<td style=\"width:271px\"><strong><span style=\"font-size:14px\">Kaveh Yous<\/span><\/strong><strong><span style=\"font-size:14px\">ef-Pouran<\/span><\/strong><\/td>\n<td style=\"width:295px\"><span style=\"font-size:14px\"><a href=\"mailto:apteroti@gmail.com\">apteroti@gmail.com<\/a><\/span><\/td>\n<\/tr>\n<\/tbody>\n<\/table>\n<hr \/>\n<p><span style=\"font-size:16px\"><strong>Estudiantes de M\u00e1ster<\/strong><\/span><\/p>\n<table border=\"1\" cellpadding=\"1\" cellspacing=\"1\" style=\"width:800px\">\n<tbody>\n<tr>\n<td style=\"width:216px\"><a href=\"https:\/\/grupsderecerca.uab.cat\/arquezoologia\/node\/114\"><img loading=\"lazy\" decoding=\"async\" class=\" size-full wp-image-145\" alt=\"\" height=\"100\" src=\"https:\/\/webs.uab.cat\/arquezoologia\/wp-content\/uploads\/sites\/352\/2009\/05\/no_foto.jpg\" style=\"float:left\" width=\"150\" \/><\/a><\/td>\n<td style=\"width:263px\"><strong><span style=\"font-size:14px\">Pol Mir\u00f3 Subir\u00f3s<\/span><\/strong><\/td>\n<td style=\"width:293px\"><a href=\"mailto:pol.miro@e-campus.uab.cat\"><span style=\"font-size:14px\">pol.miro@e-campus.uab.cat<\/span><\/a><\/td>\n<\/tr>\n<\/tbody>\n<\/table>\n<hr \/>\n<p><span style=\"font-size:16px\"><strong>Estudiantes de grado<\/strong><\/span><\/p>\n<table border=\"1\" cellpadding=\"1\" cellspacing=\"1\" style=\"width:800px\">\n<tbody>\n<tr>\n<td style=\"width:220px\"><a href=\"https:\/\/grupsderecerca.uab.cat\/arquezoologia\/node\/102\"><img loading=\"lazy\" decoding=\"async\" class=\" size-full wp-image-151\" alt=\"\" height=\"100\" src=\"https:\/\/webs.uab.cat\/arquezoologia\/wp-content\/uploads\/sites\/352\/2009\/05\/maria_beltran_350.jpg\" style=\"float:left\" width=\"150\" \/><\/a><\/td>\n<td style=\"width:268px\"><strong><span style=\"font-size:14px\">Maria Beltran Querol<\/span><\/strong><\/td>\n<td style=\"width:294px\"><a href=\"https:\/\/mariabeltranquerol@gmail.com\"><span style=\"font-size:14px\">mariabeltranquerol@gmail.com<\/span><\/a><\/td>\n<\/tr>\n<tr>\n<td style=\"width:220px\">&nbsp;<\/td>\n<td style=\"width:268px\">&nbsp;<\/td>\n<td style=\"width:294px\">&nbsp;<\/td>\n<\/tr>\n<tr>\n<td style=\"width:220px\"><a href=\"https:\/\/grupsderecerca.uab.cat\/arquezoologia\/node\/105\"><img loading=\"lazy\" decoding=\"async\" class=\" size-full wp-image-154\" alt=\"\" height=\"100\" src=\"https:\/\/webs.uab.cat\/arquezoologia\/wp-content\/uploads\/sites\/352\/2009\/05\/mercedes_gonzalez_350.jpg\" style=\"float:left\" width=\"150\" \/><\/a><\/td>\n<td style=\"width:268px\">\n<p><strong><span style=\"font-size:14px\">Mercedes Gonz\u00e1lez Fern\u00e1ndez<\/span><\/strong><\/p>\n<\/td>\n<td style=\"width:294px\">\n<p><span style=\"font-size:14px\"><a href=\"mailto:mercedes.gonzalezf@e-campus.uab.cat\">mercedes.gonzalezf@e-campus.uab.cat<\/a>&nbsp;<\/span><\/p>\n<\/td>\n<\/tr>\n<tr>\n<td style=\"width:220px\"><a href=\"https:\/\/grupsderecerca.uab.cat\/arquezoologia\/node\/103\"><img loading=\"lazy\" decoding=\"async\" class=\" size-full wp-image-157\" alt=\"\" height=\"100\" src=\"https:\/\/webs.uab.cat\/arquezoologia\/wp-content\/uploads\/sites\/352\/2009\/05\/marc_larumbe_350.jpg\" style=\"float:left\" width=\"150\" \/><\/a><\/td>\n<td style=\"width:268px\"><strong><span style=\"font-size:14px\">Marc Larumbe Gallardo<\/span><\/strong><\/td>\n<td style=\"width:294px\"><span style=\"font-size:14px\"><a href=\"mailto:marclarumbegallardo@gmail.com\">marclarumbegallardo@gmail.com<\/a><\/span><\/td>\n<\/tr>\n<tr>\n<td style=\"width:220px\"><a href=\"https:\/\/grupsderecerca.uab.cat\/arquezoologia\/node\/106\"><img loading=\"lazy\" decoding=\"async\" class=\" size-full wp-image-160\" alt=\"\" height=\"100\" src=\"https:\/\/webs.uab.cat\/arquezoologia\/wp-content\/uploads\/sites\/352\/2009\/05\/david_mateo_350.jpg\" style=\"float:left\" width=\"150\" \/><\/a><\/td>\n<td style=\"width:268px\"><strong><span style=\"font-size:14px\">David Mateo Repiso<\/span><\/strong><\/td>\n<td style=\"width:294px\"><a href=\"mailto:David.MateoR@e-campus.uab.cat\"><span style=\"font-size:14px\">david.mateor@e-campus.uab.cat<\/span><\/a><\/td>\n<\/tr>\n<tr>\n<td style=\"width:220px\"><a href=\"https:\/\/grupsderecerca.uab.cat\/arquezoologia\/node\/107\"><img loading=\"lazy\" decoding=\"async\" class=\" size-full wp-image-163\" alt=\"\" height=\"100\" src=\"https:\/\/webs.uab.cat\/arquezoologia\/wp-content\/uploads\/sites\/352\/2009\/05\/mar_martinez_350.jpg\" style=\"float:left\" width=\"150\" \/><\/a><\/p>\n<p>&nbsp;<\/p>\n<p>&nbsp;<\/p>\n<\/td>\n<td style=\"width:268px\"><strong><span style=\"font-size:14px\">Mar Mart\u00ednez Miralles<\/span><\/strong><\/td>\n<td style=\"width:294px\">\n<p><a href=\"mailto:mar.martinezm@e-campus.uab.cat\"><span style=\"font-size:14px\">mar.martinezm@e-campus.uab.cat<\/span><\/a><\/p>\n<\/td>\n<\/tr>\n<tr>\n<td style=\"width:220px\"><a href=\"https:\/\/grupsderecerca.uab.cat\/arquezoologia\/node\/108\"><img loading=\"lazy\" decoding=\"async\" class=\" size-full wp-image-166\" alt=\"\" height=\"100\" src=\"https:\/\/webs.uab.cat\/arquezoologia\/wp-content\/uploads\/sites\/352\/2009\/05\/guillem_olle_350.jpg\" style=\"float:left\" width=\"150\" \/><\/a><\/td>\n<td style=\"width:268px\"><strong><span style=\"font-size:14px\">Guillem Oll\u00e9 Foguet<\/span><\/strong><\/td>\n<td style=\"width:294px\"><a href=\"mailto:guillemolle11@gmail.com\"><span style=\"font-size:14px\">guillemolle11@gmail.com<\/span><\/a><\/td>\n<\/tr>\n<\/tbody>\n<\/table>\n<hr \/>\n<p><span style=\"font-size:16px\"><strong>Colaboradoras<\/strong><\/span><\/p>\n<table border=\"1\" cellpadding=\"1\" cellspacing=\"1\" style=\"width:800px\">\n<tbody>\n<tr>\n<td style=\"width:218px\"><span style=\"font-size:14px\">\u200b<\/span><a href=\"https:\/\/grupsderecerca.uab.cat\/arquezoologia\/node\/109\"><img loading=\"lazy\" decoding=\"async\" class=\" size-full wp-image-169\" alt=\"\" height=\"100\" src=\"https:\/\/webs.uab.cat\/arquezoologia\/wp-content\/uploads\/sites\/352\/2009\/05\/angel_blanco_350.jpg\" style=\"float:left\" width=\"150\" \/><\/a><\/td>\n<td style=\"width:269px\"><strong><span style=\"font-size:14px\">\u00c0ngel Blanco Lapaz<\/span><\/strong><\/td>\n<td style=\"width:292px\">\n<p><span style=\"font-size:14px\"><a href=\"mailto:Angel.blanco-lapaz@uni-tuebingen.de\">angel.blanco-lapaz@uni-tuebingen.de<\/a><\/span><\/p>\n<\/td>\n<\/tr>\n<tr>\n<td style=\"width:218px\"><a href=\"https:\/\/grupsderecerca.uab.cat\/arquezoologia\/node\/110\"><img loading=\"lazy\" decoding=\"async\" class=\" size-full wp-image-172\" alt=\"\" height=\"100\" src=\"https:\/\/webs.uab.cat\/arquezoologia\/wp-content\/uploads\/sites\/352\/2009\/05\/lidia_colominas_350.jpg\" style=\"float:left\" width=\"150\" \/><\/a><\/td>\n<td style=\"width:269px\">\n<p><strong><span style=\"font-size:14px\">Dr. L\u00eddia Colominas Barber\u00e0<\/span><\/strong><\/p>\n<\/td>\n<td style=\"width:292px\">\n<p><a href=\"mailto:lcolominas@icac.cat\" target=\"_blank\" rel=\"noopener\">lcolominas@icac.cat<\/a><\/p>\n<\/td>\n<\/tr>\n<tr>\n<td class=\"rtejustify\" style=\"width:218px\"><img loading=\"lazy\" decoding=\"async\" class=\" size-full wp-image-175\" alt=\"\" height=\"100\" src=\"https:\/\/webs.uab.cat\/arquezoologia\/wp-content\/uploads\/sites\/352\/2009\/05\/carme_formigon_150.jpg\" style=\"float:left\" width=\"150\" \/><\/td>\n<td style=\"width:269px\"><strong><span style=\"font-size:14px\">Dra. Carme Formig\u00f3n Roig<\/span><\/strong><\/td>\n<td style=\"width:292px\"><a href=\"mailto:carmeformigon@telefonica.net\"><span style=\"font-size:14px\">carmeformigon@telefonica.net<\/span><\/a><\/td>\n<\/tr>\n<tr>\n<td style=\"width:218px\"><img loading=\"lazy\" decoding=\"async\" class=\" size-full wp-image-178\" alt=\"\" height=\"100\" src=\"https:\/\/webs.uab.cat\/arquezoologia\/wp-content\/uploads\/sites\/352\/2009\/05\/aurora_oliva_150.jpg\" style=\"float:left\" width=\"150\" \/><\/td>\n<td style=\"width:269px\"><strong><span style=\"font-size:14px\">Aurora O<\/span><\/strong><strong><span style=\"font-size:14px\">liva Benito<\/span><\/strong><\/td>\n<td style=\"width:292px\"><a href=\"mailto:aurora_olivaabc@hotmail.com\"><span style=\"font-size:14px\">aurora_olivaabc@hotmail.com<\/span><\/a><\/td>\n<\/tr>\n<tr>\n<td style=\"width:218px\"><a href=\"https:\/\/grupsderecerca.uab.cat\/arquezoologia\/node\/136\"><img loading=\"lazy\" decoding=\"async\" class=\" size-full wp-image-181\" alt=\"\" height=\"100\" src=\"https:\/\/webs.uab.cat\/arquezoologia\/wp-content\/uploads\/sites\/352\/2009\/05\/arnau_brosa_350.jpg\" style=\"float:left\" width=\"150\" \/><\/a><\/td>\n<td style=\"width:269px\"><strong><span style=\"font-size:14px\">Arnau Brosa Planella<\/span><\/strong><\/td>\n<td style=\"width:292px\"><a href=\"mailto:a.brosaiplanella@ub.edu\">a.brosaiplanella@ub.edu<\/a><\/td>\n<\/tr>\n<tr>\n<td style=\"width:218px\"><a href=\"https:\/\/grupsderecerca.uab.cat\/arquezoologia\/node\/111\"><img loading=\"lazy\" decoding=\"async\" class=\" size-full wp-image-184\" alt=\"\" height=\"100\" src=\"https:\/\/webs.uab.cat\/arquezoologia\/wp-content\/uploads\/sites\/352\/2009\/05\/christian_sanchez_bandera_350.jpg\" style=\"float:left\" width=\"150\" \/><\/a><\/td>\n<td style=\"width:269px\"><strong><span style=\"font-size:14px\">Christian S\u00e1nchez Bandera<\/span><\/strong><\/td>\n<td style=\"width:292px\"><a href=\"mailto:lidia.colominas@gmail.com\"><span style=\"font-size:14px\">csanchezbandera@gmail.com<\/span><\/a><\/td>\n<\/tr>\n<tr>\n<td style=\"width:218px\"><a href=\"https:\/\/grupsderecerca.uab.cat\/arquezoologia\/node\/112\"><img loading=\"lazy\" decoding=\"async\" class=\" size-full wp-image-187\" alt=\"\" height=\"100\" src=\"https:\/\/webs.uab.cat\/arquezoologia\/wp-content\/uploads\/sites\/352\/2009\/05\/carlos_tornero_350.jpg\" style=\"float:left\" width=\"150\" \/><\/a><\/td>\n<td style=\"width:269px\"><strong><span style=\"font-size:14px\">Dr. Carlos Tornero Dacasa<\/span><\/strong><\/td>\n<td style=\"width:292px\"><a href=\"mailto:carlos.tornero@uab.cat\"><span style=\"font-size:14px\">carlos.tornero@uab.cat<\/span><\/a><\/td>\n<\/tr>\n<tr>\n<td style=\"width:218px\"><span style=\"font-size:14px\"><a href=\"https:\/\/grupsderecerca.uab.cat\/arquezoologia\/node\/86\"><img loading=\"lazy\" decoding=\"async\" class=\" size-full wp-image-190\" alt=\"\" height=\"100\" src=\"https:\/\/webs.uab.cat\/arquezoologia\/wp-content\/uploads\/sites\/352\/2009\/05\/ester_verdun_castello_350.jpg\" style=\"float:left\" width=\"150\" \/><\/a><\/span><\/td>\n<td style=\"width:269px\"><strong><span style=\"font-size:14px\">Dra. Ester Verd\u00fan Castell\u00f3<\/span><\/strong><\/td>\n<td style=\"width:292px\"><a href=\"mailto:estervc@gmail.com\"><span style=\"font-size:14px\">estervc@gmail.com<\/span><\/a><\/td>\n<\/tr>\n<tr>\n<td style=\"width:218px\"><a href=\"https:\/\/grupsderecerca.uab.cat\/arquezoologia\/node\/113\"><img loading=\"lazy\" decoding=\"async\" class=\" size-full wp-image-193\" alt=\"\" height=\"100\" src=\"https:\/\/webs.uab.cat\/arquezoologia\/wp-content\/uploads\/sites\/352\/2009\/05\/angel_vinerta_350.jpg\" style=\"float:left\" width=\"150\" \/><\/a><\/td>\n<td style=\"width:269px\"><strong><span style=\"font-size:14px\">\u00c1ngel Vi\u00f1erta Crespo<\/span><\/strong><\/td>\n<td style=\"width:292px\"><span style=\"font-size:14px\"><a href=\"mailto:angel.vinerta@gmail.com\">angel.vinerta@gmail.com<\/a><\/span><\/td>\n<\/tr>\n<\/tbody>\n<\/table>\n","protected":false},"excerpt":{"rendered":"<p>&nbsp; El Laboratorio de Arqueozoolog\u00eda re\u00fane una amplia gama de personas, incluyendo directores de investigaci\u00f3n, investigadores postdoctorales, t\u00e9cnicos de laboratorio, estudiantes de postgrado y grado y un buen n\u00famero de colaboradores habituales con m\u00faltiples intereses de investigaci\u00f3n y formaci\u00f3n cient\u00edfica diversa, especializados en diferentes cronolog\u00edas y t\u00e9cnicas de an\u00e1lisis, todas girando alrededor del estudio de [&hellip;]<\/p>\n","protected":false},"author":20,"featured_media":112,"parent":0,"menu_order":0,"comment_status":"closed","ping_status":"closed","template":"","meta":{"footnotes":""},"class_list":["post-208","page","type-page","status-publish","has-post-thumbnail","hentry"],"_links":{"self":[{"href":"https:\/\/webs.uab.cat\/arqueozoologia\/es\/wp-json\/wp\/v2\/pages\/208","targetHints":{"allow":["GET"]}}],"collection":[{"href":"https:\/\/webs.uab.cat\/arqueozoologia\/es\/wp-json\/wp\/v2\/pages"}],"about":[{"href":"https:\/\/webs.uab.cat\/arqueozoologia\/es\/wp-json\/wp\/v2\/types\/page"}],"author":[{"embeddable":true,"href":"https:\/\/webs.uab.cat\/arqueozoologia\/es\/wp-json\/wp\/v2\/users\/20"}],"replies":[{"embeddable":true,"href":"https:\/\/webs.uab.cat\/arqueozoologia\/es\/wp-json\/wp\/v2\/comments?post=208"}],"version-history":[{"count":0,"href":"https:\/\/webs.uab.cat\/arqueozoologia\/es\/wp-json\/wp\/v2\/pages\/208\/revisions"}],"wp:featuredmedia":[{"embeddable":true,"href":"https:\/\/webs.uab.cat\/arqueozoologia\/es\/wp-json\/wp\/v2\/media\/112"}],"wp:attachment":[{"href":"https:\/\/webs.uab.cat\/arqueozoologia\/es\/wp-json\/wp\/v2\/media?parent=208"}],"curies":[{"name":"wp","href":"https:\/\/api.w.org\/{rel}","templated":true}]}}