{"id":214,"date":"2010-01-21T13:43:18","date_gmt":"2010-01-21T11:43:18","guid":{"rendered":"https:\/\/webs.uab.cat\/arquezoologia\/inici\/"},"modified":"2023-03-06T12:58:47","modified_gmt":"2023-03-06T10:58:47","slug":"inici","status":"publish","type":"page","link":"https:\/\/webs.uab.cat\/arqueozoologia\/es\/","title":{"rendered":"Inicio"},"content":{"rendered":"\n<p class=\"has-accent-background-color has-background\">La zooarqueologia (tamb\u00e9 anomenada arqueozoologia) \u00e9s la disciplina que s&#8217;encarrega de l&#8217;estudi de les restes animals que es troben en contextos arqueol\u00f2gics. Aquesta disciplina pot aplicar-se a l&#8217;estudi de tots els per\u00edodes de la hist\u00f2ria, en els quals els \u00e9ssers humans s&#8217;han relacionat amb els animals.<\/p>\n\n\n\n<p><strong>Bienvenidos a la web del Laboratorio de Arqueozoolog\u00eda de la Universidad Aut\u00f3noma de Barcelona<\/strong><\/p>\n\n\n<div class=\"wp-block-image\">\n<figure class=\"aligncenter size-full\"><img loading=\"lazy\" decoding=\"async\" width=\"350\" height=\"233\" src=\"https:\/\/webs.uab.cat\/arquezoologia\/wp-content\/uploads\/sites\/352\/2023\/03\/no_foto.jpg\" alt=\"\" class=\"wp-image-335\" srcset=\"https:\/\/webs.uab.cat\/arqueozoologia\/wp-content\/uploads\/sites\/352\/2023\/03\/no_foto.jpg 350w, https:\/\/webs.uab.cat\/arqueozoologia\/wp-content\/uploads\/sites\/352\/2023\/03\/no_foto-300x200.jpg 300w\" sizes=\"auto, (max-width: 350px) 100vw, 350px\" \/><\/figure>\n<\/div>\n\n\n<p class=\"has-text-align-center\"><\/p>\n\n\n\n<p>El Laboratorio de Arqueozoolog\u00eda est\u00e1 desarrollando varias l\u00edneas de investigaci\u00f3n punteras en arqueozoologia, realiza excavaciones arqueol\u00f3gicas y ofrece sus servicios para analizar todo tipo de restos faun\u00edsticos recuperados en yacimientos arqueol\u00f3gicos.<\/p>\n\n\n\n<p>Echa un vistazo a la p\u00e1gina para conocer nuestro trabajo, investigaci\u00f3n e historia. No dudes en contactar con nosotros para cualquier consulta<\/p>\n","protected":false},"excerpt":{"rendered":"<p>La zooarqueologia (tamb\u00e9 anomenada arqueozoologia) \u00e9s la disciplina que s&#8217;encarrega de l&#8217;estudi de les restes animals que es troben en contextos arqueol\u00f2gics. Aquesta disciplina pot aplicar-se a l&#8217;estudi de tots els per\u00edodes de la hist\u00f2ria, en els quals els \u00e9ssers humans s&#8217;han relacionat amb els animals. Bienvenidos a la web del Laboratorio de Arqueozoolog\u00eda de [&hellip;]<\/p>\n","protected":false},"author":20,"featured_media":145,"parent":0,"menu_order":0,"comment_status":"closed","ping_status":"closed","template":"","meta":{"footnotes":""},"class_list":["post-214","page","type-page","status-publish","has-post-thumbnail","hentry"],"_links":{"self":[{"href":"https:\/\/webs.uab.cat\/arqueozoologia\/es\/wp-json\/wp\/v2\/pages\/214","targetHints":{"allow":["GET"]}}],"collection":[{"href":"https:\/\/webs.uab.cat\/arqueozoologia\/es\/wp-json\/wp\/v2\/pages"}],"about":[{"href":"https:\/\/webs.uab.cat\/arqueozoologia\/es\/wp-json\/wp\/v2\/types\/page"}],"author":[{"embeddable":true,"href":"https:\/\/webs.uab.cat\/arqueozoologia\/es\/wp-json\/wp\/v2\/users\/20"}],"replies":[{"embeddable":true,"href":"https:\/\/webs.uab.cat\/arqueozoologia\/es\/wp-json\/wp\/v2\/comments?post=214"}],"version-history":[{"count":1,"href":"https:\/\/webs.uab.cat\/arqueozoologia\/es\/wp-json\/wp\/v2\/pages\/214\/revisions"}],"predecessor-version":[{"id":529,"href":"https:\/\/webs.uab.cat\/arqueozoologia\/es\/wp-json\/wp\/v2\/pages\/214\/revisions\/529"}],"wp:featuredmedia":[{"embeddable":true,"href":"https:\/\/webs.uab.cat\/arqueozoologia\/es\/wp-json\/wp\/v2\/media\/145"}],"wp:attachment":[{"href":"https:\/\/webs.uab.cat\/arqueozoologia\/es\/wp-json\/wp\/v2\/media?parent=214"}],"curies":[{"name":"wp","href":"https:\/\/api.w.org\/{rel}","templated":true}]}}