{"id":276,"date":"2020-07-10T21:01:28","date_gmt":"2020-07-10T19:01:28","guid":{"rendered":"https:\/\/webs.uab.cat\/arquezoologia\/krista-mcgrath-2\/"},"modified":"2023-03-06T14:42:28","modified_gmt":"2023-03-06T12:42:28","slug":"krista-mcgrath-2","status":"publish","type":"page","link":"https:\/\/webs.uab.cat\/arqueozoologia\/es\/krista-mcgrath-2\/","title":{"rendered":"Krista McGrath"},"content":{"rendered":"<div class=\"wp-block-image\">\n<figure class=\"alignleft size-full\"><img loading=\"lazy\" decoding=\"async\" width=\"350\" height=\"233\" src=\"https:\/\/webs.uab.cat\/arquezoologia\/wp-content\/uploads\/sites\/352\/2023\/03\/krista_mcgrath_350.jpg\" alt=\"\" class=\"wp-image-410\" srcset=\"https:\/\/webs.uab.cat\/arqueozoologia\/wp-content\/uploads\/sites\/352\/2023\/03\/krista_mcgrath_350.jpg 350w, https:\/\/webs.uab.cat\/arqueozoologia\/wp-content\/uploads\/sites\/352\/2023\/03\/krista_mcgrath_350-300x200.jpg 300w\" sizes=\"auto, (max-width: 350px) 100vw, 350px\" \/><\/figure>\n<\/div>\n\n\n<figure class=\"wp-block-table\"><table><tbody><tr><td><span style=\"font-size: 14px;\"><strong>Informaci\u00f3n de contacto<\/strong><\/span><\/td><td><span style=\"font-size: 14px;\"><strong>Palabras clave<\/strong><\/span><\/td><td><span style=\"font-size: 14px;\"><strong>Enlaces<\/strong><\/span><\/td><\/tr><tr><td><span style=\"font-size: 14px;\">krista.mcgrath@uab.cat<\/span><\/td><td>\n<p class=\"rtecenter\"><span style=\"font-size: 14px;\">Arqueologia biomolecular<\/span><\/p>\n<p class=\"rtecenter\"><span style=\"font-size: 14px;\">ZooMS<\/span><\/p>\n<p class=\"rtecenter\"><span style=\"font-size: 14px;\">Paleoprote\u00f3mica<\/span><\/p>\n<p class=\"rtecenter\"><span style=\"font-size: 14px;\">Archaeological science<\/span><\/p>\n<\/td><td><span style=\"font-size: 14px;\"><a href=\"http:\/\/erc-tradition.eu\/\">TRADITION<\/a><\/span><\/td><\/tr><\/tbody><\/table><\/figure>\n\n\n\n<p class=\"has-text-align-center\"><\/p>\n\n\n\n<p><span style=\"font-size: 14px;\"><strong>L\u00edneas de investigaci\u00f3n<\/strong><\/span><\/p>\n\n\n\n<p><span style=\"font-size: 14px;\">Soy una arque\u00f3loga biomolecular que utiliza ADN antiguo y prote\u00ednas antiguas para investigar una variedad de cuestiones, desde la identificaci\u00f3n de especies y la biodiversidad, hasta la dieta y las enfermedades, hasta el desarrollo de m\u00e9todos. Mi licenciatura fue en Biolog\u00eda y Antropolog\u00eda en la Universidad de Western Ontario (Londres, Canad\u00e1), luego de lo cual complet\u00e9 un&nbsp;M\u00e1ster en Arqueolog\u00eda en la Universidad Simon Fraser (Vancouver, Canad\u00e1) enfocada en el ADN antiguo, espec\u00edficamente en la degradaci\u00f3n del ADN mitocondrial y nuclear. en restos de fauna. De 2014 a 2019, trabaj\u00e9 como T\u00e9cnica de Investigaci\u00f3n en Gen\u00f3mica y Prote\u00f3mica en el centro de investigaci\u00f3n BioArCh del Departamento de Arqueolog\u00eda de la Universidad de York (Reino Unido). En este puesto, trabaj\u00e9 en una variedad de proyectos relacionados con el an\u00e1lisis de ADN antiguo (identificaci\u00f3n de especies, gen\u00f3mica de escopeta, captura) y prote\u00ednas antiguas (ZooMS, prote\u00f3mica de escopeta) de una variedad de materiales como hueso, asta, barbas, cuero, cer\u00e1mica,&nbsp;c\u00e1lculo dental, coprolitos, plantas, etc.<\/span><\/p>\n\n\n\n<p><span style=\"font-size: 14px;\">En 2019, asum\u00ed mi puesto actual como T\u00e9cnica&nbsp;Superior de Investigaci\u00f3n en Paleoprote\u00f3mica en el proyecto TRADITION, financiado por ERC, en el Departament de Prehist\u00f3ria e ICTA de la UAB. TRADITION tiene como objetivo mostrar el potencial de la arqueolog\u00eda y la historia para informar las estrategias actuales de manejo y conservaci\u00f3n para la pesca en peque\u00f1a escala en Am\u00e9rica del Sur tropical y subtropical. Como T\u00e9cnica Superior de Investigaci\u00f3n, ayudar\u00e9 a comprender los cambios en la dieta humana a trav\u00e9s del an\u00e1lisis de prote\u00ednas en cer\u00e1mica y c\u00e1lculo dental, y a dilucidar los cambios en la biodiversidad de la fauna marina y terrestre a lo largo de la costa del Bosque Atl\u00e1ntico brasile\u00f1o utilizando ZooMS (Zooarchaeology by Mass Spectrometry).<\/span><\/p>\n\n\n\n<p><span style=\"font-size: 14px;\">Como t\u00e9cnica de investigaci\u00f3n he tenido la oportunidad de trabajar en una variedad de proyectos diferentes, lo que me ha llevado a desarrollar amplios intereses de investigaci\u00f3n en t\u00e9rminos de geograf\u00eda, periodos de tiempo y materiales a analizar. Estoy particularmente interesada en la biodiversidad de mam\u00edferos marinos y en la mejora y desarrollo de m\u00e9todos.<\/span><\/p>\n\n\n\n<p>&nbsp;<\/p>\n\n\n\n<p><span style=\"font-size: 14px;\"><strong>Trabaja en conjuntos de fauna de &#8230;<\/strong><\/span><\/p>\n\n\n\n<p><span style=\"font-size: 14px;\">Cet\u00e1ceos de Am\u00e9rica del Sur (variedad de sitios precolombinos en Brasil) &#8211; en progreso<\/span><\/p>\n\n\n\n<p><span style=\"font-size: 14px;\">Cet\u00e1ceos de Europa Occidental (en su mayor\u00eda artefactos \u00f3seos trabajados de una variedad de sitios, que datan en gran parte del Magdaleniense) &#8211; en progreso<\/span><\/p>\n\n\n\n<p><span style=\"font-size: 14px;\">Trabaj\u00f3 previamente con restos de fauna de diferentes sitios de Europa, \u00c1frica, Am\u00e9rica del Sur y Am\u00e9rica del Norte.<\/span><\/p>\n\n\n\n<p>&nbsp;<\/p>\n\n\n\n<p><span style=\"font-size: 14px;\"><strong>Proyectos de investigaci\u00f3n<\/strong><\/span><\/p>\n\n\n\n<p><span style=\"font-size: 14px;\"><strong>TRADITION &#8211; Long-Term Coastal Adaptation, Food Security and Poverty Alleviation in Latin America: <\/strong>ERC-Consolidator Grant project<strong>, <\/strong>PI: Andr\u00e9 Carlo Colonese (UAB). Cargo: T\u00e9cnica Superior de Investigaci\u00f3n en Paleoprote\u00f3mica.<\/span><\/p>\n\n\n\n<p><span style=\"font-size: 14px;\"><strong>Exploring the origin of food production in the Atlantic Forest:<\/strong> National Geographic Explorer Grant, PI: Andr\u00e9 Carlo Colonese (UAB). Cargo: T\u00e9cnica de Investigaci\u00f3n en Paleoprote\u00f3mica.<\/span><\/p>\n\n\n\n<p><span style=\"font-size: 14px;\"><strong>PaleoCet &#8211; The Exploitation of Cetaceans in the Paleolithic of Atlantic Europe:<\/strong> ANR funded project, PI: Jean-Marc P\u00e9tillon (Universit\u00e9 Toulouse Jean Jaur\u00e8s). Cargo: T\u00e9cnica de Investigaci\u00f3n. (ZooMS, ancient DNA)<\/span><\/p>\n\n\n\n<p>&nbsp;<\/p>\n\n\n\n<p><span style=\"font-size: 14px;\"><strong>Publicaciones destacadas<\/strong><\/span><\/p>\n\n\n\n<p><span style=\"font-size: 14px;\">Korzow Richter, K., McGrath, K., Masson-McLean, E., Hickinbotham, S., Tedder, A., Brittonc, K., Bottomley, Z., Dobney, K., Hulme-Beamang, A., Zona, M., Fischer, R., Collins, M.J., and Speller, C.F. (2020). What&#8217;s the catch? Archaeological application of rapid collagen-based species identification for Pacific Salmon. <em>Journal of Archaeological Science,<\/em> 116: 105116<\/span><\/p>\n\n\n\n<p><span style=\"font-size: 14px;\">McGrath, K., Rowsell, K., Gates St-Pierre, C., Tedder, A., Foody, G., Roberts, C., Speller, C., and Collins, M. (2019). Identifying Archaeological Bone via Non-Destructive ZooMS and the Materiality of Symbolic Expression: Examples from Iroquoian Bone Points. <em>Scientific Reports<\/em> 9, 11027<\/span><\/p>\n\n\n\n<p><span style=\"font-size: 14px;\">Rodrigues, A.S.L., Charpentier, A., Bernal-Casasola, D., Gardeisen, A., Nores, C., Pis, M.J.A., McGrath, K., and Speller, C.F. (2018). Forgotten Mediterranean Calving Grounds of Grey and North Atlantic Right Whales: Evidence from Roman Archaeological Records. <em>Proceedings of the Royal Society B: Biological Sciences<\/em>, 285 (1882): 20180961<\/span><\/p>\n\n\n\n<p><span style=\"font-size: 14px;\">Hendy, J., Warinner, C., Bouwman, A., Collins, M.J., Fiddyment, S., Fischer, R., Hagan, R., Hofman, C.A., Holst, M.,Chaves, E., Klaus, L., Larson, G., Mackie, M., McGrath, K., Mundorff, A.Z., Radini, A., Rao, H.,Trachsel, C., Velsko, I.M., and Speller, C.F. (2018). Proteomic Evidence of Dietary Sources in Ancient Dental Calculus. <em>Proceedings of the Royal Society B: Biological Sciences<\/em>, 285 (1883): 20180977<\/span><\/p>\n","protected":false},"excerpt":{"rendered":"<p>Informaci\u00f3n de contacto Palabras clave Enlaces krista.mcgrath@uab.cat Arqueologia biomolecular ZooMS Paleoprote\u00f3mica Archaeological science TRADITION L\u00edneas de investigaci\u00f3n Soy una arque\u00f3loga biomolecular que utiliza ADN antiguo y prote\u00ednas antiguas para investigar una variedad de cuestiones, desde la identificaci\u00f3n de especies y la biodiversidad, hasta la dieta y las enfermedades, hasta el desarrollo de m\u00e9todos. Mi licenciatura [&hellip;]<\/p>\n","protected":false},"author":20,"featured_media":130,"parent":0,"menu_order":0,"comment_status":"closed","ping_status":"closed","template":"","meta":{"footnotes":""},"class_list":["post-276","page","type-page","status-publish","has-post-thumbnail","hentry"],"_links":{"self":[{"href":"https:\/\/webs.uab.cat\/arqueozoologia\/es\/wp-json\/wp\/v2\/pages\/276","targetHints":{"allow":["GET"]}}],"collection":[{"href":"https:\/\/webs.uab.cat\/arqueozoologia\/es\/wp-json\/wp\/v2\/pages"}],"about":[{"href":"https:\/\/webs.uab.cat\/arqueozoologia\/es\/wp-json\/wp\/v2\/types\/page"}],"author":[{"embeddable":true,"href":"https:\/\/webs.uab.cat\/arqueozoologia\/es\/wp-json\/wp\/v2\/users\/20"}],"replies":[{"embeddable":true,"href":"https:\/\/webs.uab.cat\/arqueozoologia\/es\/wp-json\/wp\/v2\/comments?post=276"}],"version-history":[{"count":1,"href":"https:\/\/webs.uab.cat\/arqueozoologia\/es\/wp-json\/wp\/v2\/pages\/276\/revisions"}],"predecessor-version":[{"id":585,"href":"https:\/\/webs.uab.cat\/arqueozoologia\/es\/wp-json\/wp\/v2\/pages\/276\/revisions\/585"}],"wp:featuredmedia":[{"embeddable":true,"href":"https:\/\/webs.uab.cat\/arqueozoologia\/es\/wp-json\/wp\/v2\/media\/130"}],"wp:attachment":[{"href":"https:\/\/webs.uab.cat\/arqueozoologia\/es\/wp-json\/wp\/v2\/media?parent=276"}],"curies":[{"name":"wp","href":"https:\/\/api.w.org\/{rel}","templated":true}]}}