{"id":109,"date":"2009-05-25T13:24:08","date_gmt":"2009-05-25T11:24:08","guid":{"rendered":"https:\/\/webs.uab.cat\/arquezoologia\/enllacos\/"},"modified":"2023-03-06T13:44:51","modified_gmt":"2023-03-06T11:44:51","slug":"enllacos","status":"publish","type":"page","link":"https:\/\/webs.uab.cat\/arqueozoologia\/enllacos\/","title":{"rendered":"Enlla\u00e7os"},"content":{"rendered":"\n<h2 class=\"wp-block-heading\">Institucions<\/h2>\n\n\n\n<div class=\"wp-block-media-text is-stacked-on-mobile\" style=\"grid-template-columns:25% auto\"><figure class=\"wp-block-media-text__media\"><img loading=\"lazy\" decoding=\"async\" width=\"342\" height=\"180\" src=\"https:\/\/webs.uab.cat\/arquezoologia\/wp-content\/uploads\/sites\/352\/2023\/03\/logo_palarq.png\" alt=\"\" class=\"wp-image-466 size-full\" srcset=\"https:\/\/webs.uab.cat\/arqueozoologia\/wp-content\/uploads\/sites\/352\/2023\/03\/logo_palarq.png 342w, https:\/\/webs.uab.cat\/arqueozoologia\/wp-content\/uploads\/sites\/352\/2023\/03\/logo_palarq-300x158.png 300w\" sizes=\"auto, (max-width: 342px) 100vw, 342px\" \/><\/figure><div class=\"wp-block-media-text__content\">\n<p class=\"has-small-font-size\"><strong><a href=\"https:\/\/fundacionpalarq.com\/\">Fundaci\u00f3n Palarq<\/a><\/strong><\/p>\n\n\n<div class=\"wp-block-image\">\n<figure class=\"alignleft size-full is-resized\"><a href=\"https:\/\/www.facebook.com\/FundacionPalarq\"><img loading=\"lazy\" decoding=\"async\" src=\"https:\/\/webs.uab.cat\/arquezoologia\/wp-content\/uploads\/sites\/352\/2023\/03\/logo_facebook.png\" alt=\"\" class=\"wp-image-476\" width=\"40\" height=\"40\"\/><\/a><\/figure>\n<\/div>\n\n<div class=\"wp-block-image\">\n<figure class=\"alignleft size-full is-resized\"><a href=\"https:\/\/twitter.com\/FundacionPalarq\"><img loading=\"lazy\" decoding=\"async\" src=\"https:\/\/webs.uab.cat\/arquezoologia\/wp-content\/uploads\/sites\/352\/2023\/03\/logo_twitter.png\" alt=\"\" class=\"wp-image-473\" width=\"40\" height=\"40\" srcset=\"https:\/\/webs.uab.cat\/arqueozoologia\/wp-content\/uploads\/sites\/352\/2023\/03\/logo_twitter.png 400w, https:\/\/webs.uab.cat\/arqueozoologia\/wp-content\/uploads\/sites\/352\/2023\/03\/logo_twitter-300x300.png 300w, https:\/\/webs.uab.cat\/arqueozoologia\/wp-content\/uploads\/sites\/352\/2023\/03\/logo_twitter-150x150.png 150w\" sizes=\"auto, (max-width: 40px) 100vw, 40px\" \/><\/a><\/figure>\n<\/div>\n\n<div class=\"wp-block-image\">\n<figure class=\"alignleft size-full is-resized\"><a href=\"https:\/\/www.instagram.com\/fpalarq\/\"><img loading=\"lazy\" decoding=\"async\" src=\"https:\/\/webs.uab.cat\/arquezoologia\/wp-content\/uploads\/sites\/352\/2023\/03\/logo_instagram.png\" alt=\"\" class=\"wp-image-470\" width=\"39\" height=\"39\" srcset=\"https:\/\/webs.uab.cat\/arqueozoologia\/wp-content\/uploads\/sites\/352\/2023\/03\/logo_instagram.png 504w, https:\/\/webs.uab.cat\/arqueozoologia\/wp-content\/uploads\/sites\/352\/2023\/03\/logo_instagram-300x300.png 300w, https:\/\/webs.uab.cat\/arqueozoologia\/wp-content\/uploads\/sites\/352\/2023\/03\/logo_instagram-150x150.png 150w\" sizes=\"auto, (max-width: 39px) 100vw, 39px\" \/><\/a><\/figure>\n<\/div><\/div><\/div>\n\n\n\n<div class=\"wp-block-media-text is-stacked-on-mobile\" style=\"grid-template-columns:26% auto\"><figure class=\"wp-block-media-text__media\"><img loading=\"lazy\" decoding=\"async\" width=\"226\" height=\"132\" src=\"https:\/\/webs.uab.cat\/arquezoologia\/wp-content\/uploads\/sites\/352\/2023\/03\/logo_icac.jpg\" alt=\"\" class=\"wp-image-463 size-full\"\/><\/figure><div class=\"wp-block-media-text__content\">\n<p class=\"has-small-font-size\"><strong><a href=\"https:\/\/www.icac.cat\/qui-som\/personal\/lcolominas\/\">ICAC<\/a><\/strong><\/p>\n<\/div><\/div>\n\n\n\n<div class=\"wp-block-media-text is-stacked-on-mobile\" style=\"grid-template-columns:26% auto\"><figure class=\"wp-block-media-text__media\"><img loading=\"lazy\" decoding=\"async\" width=\"448\" height=\"218\" src=\"https:\/\/webs.uab.cat\/arquezoologia\/wp-content\/uploads\/sites\/352\/2023\/03\/logo_icta.png\" alt=\"\" class=\"wp-image-460 size-full\" srcset=\"https:\/\/webs.uab.cat\/arqueozoologia\/wp-content\/uploads\/sites\/352\/2023\/03\/logo_icta.png 448w, https:\/\/webs.uab.cat\/arqueozoologia\/wp-content\/uploads\/sites\/352\/2023\/03\/logo_icta-300x146.png 300w\" sizes=\"auto, (max-width: 448px) 100vw, 448px\" \/><\/figure><div class=\"wp-block-media-text__content\">\n<p class=\"has-small-font-size\"><strong><a href=\"https:\/\/ictaweb.uab.cat\/\">ICTA<\/a><\/strong><\/p>\n<\/div><\/div>\n\n\n\n<div class=\"wp-block-media-text is-stacked-on-mobile\" style=\"grid-template-columns:27% auto\"><figure class=\"wp-block-media-text__media\"><img loading=\"lazy\" decoding=\"async\" width=\"284\" height=\"121\" src=\"https:\/\/webs.uab.cat\/arquezoologia\/wp-content\/uploads\/sites\/352\/2023\/03\/logo_iphes.png\" alt=\"\" class=\"wp-image-457 size-full\"\/><\/figure><div class=\"wp-block-media-text__content\">\n<p class=\"has-small-font-size\"><strong><a href=\"https:\/\/www.iphes.cat\/\">IPHES<\/a><\/strong><\/p>\n<\/div><\/div>\n\n\n\n<div class=\"wp-block-media-text is-stacked-on-mobile\" style=\"grid-template-columns:25% auto\"><figure class=\"wp-block-media-text__media\"><img loading=\"lazy\" decoding=\"async\" width=\"800\" height=\"197\" src=\"https:\/\/webs.uab.cat\/arquezoologia\/wp-content\/uploads\/sites\/352\/2023\/03\/mac.gif\" alt=\"\" class=\"wp-image-454 size-full\"\/><\/figure><div class=\"wp-block-media-text__content\">\n<p class=\"has-small-font-size\"><strong><a href=\"https:\/\/www.mac.cat\/\">Museu d&#8217;Arqueologia de Catalunya<\/a><\/strong><\/p>\n\n\n<div class=\"wp-block-image\">\n<figure class=\"alignleft size-full is-resized\"><a href=\"https:\/\/www.facebook.com\/macarqueologia\"><img loading=\"lazy\" decoding=\"async\" src=\"https:\/\/webs.uab.cat\/arquezoologia\/wp-content\/uploads\/sites\/352\/2023\/03\/logo_facebook.png\" alt=\"\" class=\"wp-image-476\" width=\"40\" height=\"40\"\/><\/a><\/figure>\n<\/div>\n\n<div class=\"wp-block-image\">\n<figure class=\"alignleft size-full is-resized\"><a href=\"https:\/\/twitter.com\/macarqueologia\"><img loading=\"lazy\" decoding=\"async\" src=\"https:\/\/webs.uab.cat\/arquezoologia\/wp-content\/uploads\/sites\/352\/2023\/03\/logo_twitter.png\" alt=\"\" class=\"wp-image-473\" width=\"40\" height=\"40\" srcset=\"https:\/\/webs.uab.cat\/arqueozoologia\/wp-content\/uploads\/sites\/352\/2023\/03\/logo_twitter.png 400w, https:\/\/webs.uab.cat\/arqueozoologia\/wp-content\/uploads\/sites\/352\/2023\/03\/logo_twitter-300x300.png 300w, https:\/\/webs.uab.cat\/arqueozoologia\/wp-content\/uploads\/sites\/352\/2023\/03\/logo_twitter-150x150.png 150w\" sizes=\"auto, (max-width: 40px) 100vw, 40px\" \/><\/a><\/figure>\n<\/div>\n\n<div class=\"wp-block-image\">\n<figure class=\"alignleft size-full is-resized\"><a href=\"https:\/\/www.instagram.com\/macarqueologia\/\"><img loading=\"lazy\" decoding=\"async\" src=\"https:\/\/webs.uab.cat\/arquezoologia\/wp-content\/uploads\/sites\/352\/2023\/03\/logo_instagram.png\" alt=\"\" class=\"wp-image-470\" width=\"39\" height=\"39\" srcset=\"https:\/\/webs.uab.cat\/arqueozoologia\/wp-content\/uploads\/sites\/352\/2023\/03\/logo_instagram.png 504w, https:\/\/webs.uab.cat\/arqueozoologia\/wp-content\/uploads\/sites\/352\/2023\/03\/logo_instagram-300x300.png 300w, https:\/\/webs.uab.cat\/arqueozoologia\/wp-content\/uploads\/sites\/352\/2023\/03\/logo_instagram-150x150.png 150w\" sizes=\"auto, (max-width: 39px) 100vw, 39px\" \/><\/a><\/figure>\n<\/div><\/div><\/div>\n\n\n\n<div class=\"wp-block-media-text is-stacked-on-mobile\" style=\"grid-template-columns:25% auto\"><figure class=\"wp-block-media-text__media\"><img loading=\"lazy\" decoding=\"async\" width=\"512\" height=\"95\" src=\"https:\/\/webs.uab.cat\/arquezoologia\/wp-content\/uploads\/sites\/352\/2023\/03\/senckenberg.png\" alt=\"\" class=\"wp-image-481 size-full\" srcset=\"https:\/\/webs.uab.cat\/arqueozoologia\/wp-content\/uploads\/sites\/352\/2023\/03\/senckenberg.png 512w, https:\/\/webs.uab.cat\/arqueozoologia\/wp-content\/uploads\/sites\/352\/2023\/03\/senckenberg-300x56.png 300w\" sizes=\"auto, (max-width: 512px) 100vw, 512px\" \/><\/figure><div class=\"wp-block-media-text__content\">\n<p class=\"has-small-font-size\"><strong><a href=\"https:\/\/www.senckenberg.de\/de\/institute\/shep\/das-institut\/\">Senckenberg Institute<\/a><\/strong><\/p>\n<\/div><\/div>\n\n\n\n<div class=\"wp-block-media-text is-stacked-on-mobile\" style=\"grid-template-columns:28% auto\"><figure class=\"wp-block-media-text__media\"><img loading=\"lazy\" decoding=\"async\" width=\"800\" height=\"365\" src=\"https:\/\/webs.uab.cat\/arquezoologia\/wp-content\/uploads\/sites\/352\/2023\/03\/logo_uab.png\" alt=\"\" class=\"wp-image-451 size-full\" srcset=\"https:\/\/webs.uab.cat\/arqueozoologia\/wp-content\/uploads\/sites\/352\/2023\/03\/logo_uab.png 800w, https:\/\/webs.uab.cat\/arqueozoologia\/wp-content\/uploads\/sites\/352\/2023\/03\/logo_uab-300x137.png 300w, https:\/\/webs.uab.cat\/arqueozoologia\/wp-content\/uploads\/sites\/352\/2023\/03\/logo_uab-768x350.png 768w\" sizes=\"auto, (max-width: 800px) 100vw, 800px\" \/><\/figure><div class=\"wp-block-media-text__content\">\n<p class=\"has-small-font-size\"><a href=\"https:\/\/www.uab.cat\/\"><strong>UAB<\/strong><\/a><\/p>\n<\/div><\/div>\n\n\n\n<div class=\"wp-block-media-text is-stacked-on-mobile\" style=\"grid-template-columns:28% auto\"><figure class=\"wp-block-media-text__media\"><img loading=\"lazy\" decoding=\"async\" width=\"800\" height=\"365\" src=\"https:\/\/webs.uab.cat\/arquezoologia\/wp-content\/uploads\/sites\/352\/2023\/03\/logo_uab.png\" alt=\"\" class=\"wp-image-451 size-full\" srcset=\"https:\/\/webs.uab.cat\/arqueozoologia\/wp-content\/uploads\/sites\/352\/2023\/03\/logo_uab.png 800w, https:\/\/webs.uab.cat\/arqueozoologia\/wp-content\/uploads\/sites\/352\/2023\/03\/logo_uab-300x137.png 300w, https:\/\/webs.uab.cat\/arqueozoologia\/wp-content\/uploads\/sites\/352\/2023\/03\/logo_uab-768x350.png 768w\" sizes=\"auto, (max-width: 800px) 100vw, 800px\" \/><\/figure><div class=\"wp-block-media-text__content\">\n<p><strong><a href=\"https:\/\/www.uab.cat\/web\/departament-de-prehistoria-1251787583178.html\">UAB &#8211; Departament de Prehist\u00f2ria<\/a><\/strong><\/p>\n\n\n\n<p><a href=\"https:\/\/blogs.uab.cat\/prehistoria\/\">Blog del Departament de Prehist\u00f2ria<\/a><\/p>\n\n\n<div class=\"wp-block-image\">\n<figure class=\"alignleft size-full is-resized\"><a href=\"https:\/\/www.facebook.com\/departament.prehistoria.718\"><img loading=\"lazy\" decoding=\"async\" src=\"https:\/\/webs.uab.cat\/arquezoologia\/wp-content\/uploads\/sites\/352\/2023\/03\/logo_facebook.png\" alt=\"\" class=\"wp-image-476\" width=\"40\" height=\"40\"\/><\/a><\/figure>\n<\/div>\n\n<div class=\"wp-block-image\">\n<figure class=\"alignleft size-full is-resized\"><a href=\"https:\/\/twitter.com\/Prehistoria_UAB\"><img loading=\"lazy\" decoding=\"async\" src=\"https:\/\/webs.uab.cat\/arquezoologia\/wp-content\/uploads\/sites\/352\/2023\/03\/logo_twitter.png\" alt=\"\" class=\"wp-image-473\" width=\"40\" height=\"40\" srcset=\"https:\/\/webs.uab.cat\/arqueozoologia\/wp-content\/uploads\/sites\/352\/2023\/03\/logo_twitter.png 400w, https:\/\/webs.uab.cat\/arqueozoologia\/wp-content\/uploads\/sites\/352\/2023\/03\/logo_twitter-300x300.png 300w, https:\/\/webs.uab.cat\/arqueozoologia\/wp-content\/uploads\/sites\/352\/2023\/03\/logo_twitter-150x150.png 150w\" sizes=\"auto, (max-width: 40px) 100vw, 40px\" \/><\/a><\/figure>\n<\/div>\n\n<div class=\"wp-block-image\">\n<figure class=\"alignleft size-full is-resized\"><a href=\"https:\/\/www.instagram.com\/prehistoria_uab\/\"><img loading=\"lazy\" decoding=\"async\" src=\"https:\/\/webs.uab.cat\/arquezoologia\/wp-content\/uploads\/sites\/352\/2023\/03\/logo_instagram.png\" alt=\"\" class=\"wp-image-470\" width=\"39\" height=\"39\" srcset=\"https:\/\/webs.uab.cat\/arqueozoologia\/wp-content\/uploads\/sites\/352\/2023\/03\/logo_instagram.png 504w, https:\/\/webs.uab.cat\/arqueozoologia\/wp-content\/uploads\/sites\/352\/2023\/03\/logo_instagram-300x300.png 300w, https:\/\/webs.uab.cat\/arqueozoologia\/wp-content\/uploads\/sites\/352\/2023\/03\/logo_instagram-150x150.png 150w\" sizes=\"auto, (max-width: 39px) 100vw, 39px\" \/><\/a><\/figure>\n<\/div><\/div><\/div>\n\n\n\n<h2 class=\"wp-block-heading\">Projectes i grups de recerca<\/h2>\n\n\n\n<p><strong><a href=\"https:\/\/grupsderecerca.uab.cat\/agrest\/\">AGREST<\/a><\/strong>&nbsp;(Arqueologia de la Gesti\u00f3 dels Recursos Socials i Territori)<\/p>\n\n\n\n<p><strong><a rel=\"noreferrer noopener\" href=\"https:\/\/grupsderecerca.uab.cat\/asome\/ca\" target=\"_blank\">ASOME<\/a><\/strong>&nbsp;(Arqueoecologia Social i Mediterr\u00e0nia)<\/p>\n\n\n\n<div class=\"wp-block-media-text is-stacked-on-mobile\" style=\"grid-template-columns:21% auto\"><figure class=\"wp-block-media-text__media\"><img loading=\"lazy\" decoding=\"async\" width=\"333\" height=\"274\" src=\"https:\/\/webs.uab.cat\/arquezoologia\/wp-content\/uploads\/sites\/352\/2023\/03\/logo_grampo.jpg\" alt=\"\" class=\"wp-image-448 size-full\" srcset=\"https:\/\/webs.uab.cat\/arqueozoologia\/wp-content\/uploads\/sites\/352\/2023\/03\/logo_grampo.jpg 333w, https:\/\/webs.uab.cat\/arqueozoologia\/wp-content\/uploads\/sites\/352\/2023\/03\/logo_grampo-300x247.jpg 300w\" sizes=\"auto, (max-width: 333px) 100vw, 333px\" \/><\/figure><div class=\"wp-block-media-text__content\">\n<p class=\"has-small-font-size\"><strong><a href=\"https:\/\/grupsderecerca.uab.cat\/grampo\/\">GRAMPO<\/a><\/strong>&nbsp;(Grup de Recerca en Arqueologia del Mediterrani i del Pr\u00f2xim Orient)<\/p>\n\n\n<div class=\"wp-block-image\">\n<figure class=\"alignleft size-full is-resized\"><a href=\"https:\/\/twitter.com\/grampouab\"><img loading=\"lazy\" decoding=\"async\" src=\"https:\/\/webs.uab.cat\/arquezoologia\/wp-content\/uploads\/sites\/352\/2023\/03\/logo_twitter.png\" alt=\"\" class=\"wp-image-473\" width=\"40\" height=\"40\" srcset=\"https:\/\/webs.uab.cat\/arqueozoologia\/wp-content\/uploads\/sites\/352\/2023\/03\/logo_twitter.png 400w, https:\/\/webs.uab.cat\/arqueozoologia\/wp-content\/uploads\/sites\/352\/2023\/03\/logo_twitter-300x300.png 300w, https:\/\/webs.uab.cat\/arqueozoologia\/wp-content\/uploads\/sites\/352\/2023\/03\/logo_twitter-150x150.png 150w\" sizes=\"auto, (max-width: 40px) 100vw, 40px\" \/><\/a><\/figure>\n<\/div>\n\n<div class=\"wp-block-image\">\n<figure class=\"alignleft size-full is-resized\"><a href=\"https:\/\/www.instagram.com\/sappo_uab\/\"><img loading=\"lazy\" decoding=\"async\" src=\"https:\/\/webs.uab.cat\/arquezoologia\/wp-content\/uploads\/sites\/352\/2023\/03\/logo_instagram.png\" alt=\"\" class=\"wp-image-470\" width=\"39\" height=\"39\" srcset=\"https:\/\/webs.uab.cat\/arqueozoologia\/wp-content\/uploads\/sites\/352\/2023\/03\/logo_instagram.png 504w, https:\/\/webs.uab.cat\/arqueozoologia\/wp-content\/uploads\/sites\/352\/2023\/03\/logo_instagram-300x300.png 300w, https:\/\/webs.uab.cat\/arqueozoologia\/wp-content\/uploads\/sites\/352\/2023\/03\/logo_instagram-150x150.png 150w\" sizes=\"auto, (max-width: 39px) 100vw, 39px\" \/><\/a><\/figure>\n<\/div><\/div><\/div>\n\n\n\n<div class=\"wp-block-media-text is-stacked-on-mobile\" style=\"grid-template-columns:20% auto\"><figure class=\"wp-block-media-text__media\"><img loading=\"lazy\" decoding=\"async\" width=\"170\" height=\"232\" src=\"https:\/\/webs.uab.cat\/arquezoologia\/wp-content\/uploads\/sites\/352\/2023\/03\/logo_icaz.png\" alt=\"\" class=\"wp-image-445 size-full\"\/><\/figure><div class=\"wp-block-media-text__content\">\n<p class=\"has-small-font-size\"><strong><a href=\"https:\/\/alexandriaarchive.org\/icaz\/\">ICAZ<\/a><\/strong>&nbsp;(International Council of Archaeozoology)<\/p>\n\n\n\n<p class=\"has-small-font-size\"><a href=\"https:\/\/alexandriaarchive.org\/icaz\/workaswa\">ICAZ &#8211; Archaeozoology of South West Asia (ASWA) Working Group<\/a><\/p>\n\n\n\n<p class=\"has-small-font-size\"><a href=\"https:\/\/aswa2019.sciencesconf.org\/\">ASWA XIVth International meeting 2019<\/a><\/p>\n\n\n\n<p class=\"has-small-font-size\"><a href=\"https:\/\/www.alexandriaarchive.org\/icaz\/workmicrovertebrate\">ICAZ &#8211; Microvertebrate Working Group<\/a><\/p>\n\n\n\n<p class=\"has-small-font-size\"><a href=\"https:\/\/mvwgicaz.wixsite.com\/mvwg\">Microvertebrate Working Group site<\/a><\/p>\n<\/div><\/div>\n\n\n\n<p><a href=\"https:\/\/laparquniville.wixsite.com\/arqueologia\"><strong>LAPArq<\/strong><\/a>&nbsp;(Laborat\u00f3rio de Arqueologia e Patrim\u00f4nio Arqueol\u00f3gico da Universidade da Regi\u00e3o de Joinville &#8211; UNIVILLE)<\/p>\n\n\n\n<div class=\"wp-block-media-text is-stacked-on-mobile\"><figure class=\"wp-block-media-text__media\"><\/figure><div class=\"wp-block-media-text__content\">\n<p class=\"has-small-font-size\"><strong><a href=\"https:\/\/erc-tradition.eu\/\">TRADITION<\/a>&nbsp;<\/strong>&#8211;&nbsp;ERC Consolidator grant<br><\/p>\n\n\n<div class=\"wp-block-image\">\n<figure class=\"alignleft size-full is-resized\"><a href=\"https:\/\/www.facebook.com\/erctradition\/\"><img loading=\"lazy\" decoding=\"async\" src=\"https:\/\/webs.uab.cat\/arquezoologia\/wp-content\/uploads\/sites\/352\/2023\/03\/logo_facebook.png\" alt=\"\" class=\"wp-image-476\" width=\"40\" height=\"40\"\/><\/a><\/figure>\n<\/div>\n\n<div class=\"wp-block-image\">\n<figure class=\"alignleft size-full is-resized\"><a href=\"https:\/\/twitter.com\/ErcTradition\"><img loading=\"lazy\" decoding=\"async\" src=\"https:\/\/webs.uab.cat\/arquezoologia\/wp-content\/uploads\/sites\/352\/2023\/03\/logo_twitter.png\" alt=\"\" class=\"wp-image-473\" width=\"40\" height=\"40\" srcset=\"https:\/\/webs.uab.cat\/arqueozoologia\/wp-content\/uploads\/sites\/352\/2023\/03\/logo_twitter.png 400w, https:\/\/webs.uab.cat\/arqueozoologia\/wp-content\/uploads\/sites\/352\/2023\/03\/logo_twitter-300x300.png 300w, https:\/\/webs.uab.cat\/arqueozoologia\/wp-content\/uploads\/sites\/352\/2023\/03\/logo_twitter-150x150.png 150w\" sizes=\"auto, (max-width: 40px) 100vw, 40px\" \/><\/a><\/figure>\n<\/div><\/div><\/div>\n\n\n\n<h2 class=\"wp-block-heading\">Altres enlla\u00e7os d&#8217;inter\u00e8s<\/h2>\n\n\n\n<ul class=\"wp-block-list\"><li><strong><a href=\"https:\/\/www.uab.cat\/web\/estudiar\/llistat-de-graus\/informacio-general-1216708251447.html?param1=1229413436622\">Grau d&#8217;Arqueologia de la UAB<\/a><\/strong><\/li><li><strong><a href=\"https:\/\/www.uab.cat\/web\/estudiar\/l-oferta-de-masters-oficials\/informacio-general-1096480139517.html?param1=1307687895785\">Master Oficial en Prehistoria, Antig\u00fcedad y Edad Media de la UAB<\/a><\/strong><\/li><li><strong><a href=\"https:\/\/www.uab.cat\/web\/campus-d-arqueologia-i-paleontologia-de-la-uab-1345765867396.html\">Campus d&#8217;Arqueolog\u00eda y Paleontolog\u00eda de la UAB<\/a><\/strong><\/li><li><strong><a href=\"https:\/\/sct.uab.cat\/saa\/content\/presentaci%C3%B3\" target=\"_blank\" rel=\"noreferrer noopener\">Servei d&#8217;an\u00e0lisis arqueol\u00f2giques&nbsp;UAB<\/a><\/strong><\/li><\/ul>\n\n\n\n<ul class=\"wp-block-list\"><li><strong><a href=\"https:\/\/pagines.uab.cat\/50anysarqueologiauab\/ca\">50 anys d&#8217;arqueologia UAB<\/a><\/strong><\/li><li><strong><a href=\"https:\/\/digital.csic.es\/simple-search?query=etnoarqueologia+en+Tierra+del+Fuego&amp;location=collection&amp;sort_by=dc.title_sort&amp;order=ASC\">Etnoarqueologia en Tierra del Fuego<\/a><\/strong><\/li><li><strong><a href=\"https:\/\/digital.csic.es\/handle\/10261\/157509\">Arxius multim\u00e8dia sobre els projectes etnoarqueol\u00f2gics a Terra del Foc<\/a><\/strong><\/li><li><strong><a rel=\"noreferrer noopener\" href=\"https:\/\/sct.uab.cat\/saa\/\" target=\"_blank\">Servei d\u2019an\u00e0lisi Arqueol\u00f2giques<\/a><\/strong><\/li><li><strong><a href=\"https:\/\/cataleg.uab.cat\/iii\/encore\/plus\/C__S%28%22Jordi%20Est%C3%A9vez%22%29%20%28tesis%29__Orightresult__U?lang=cat&amp;suite=def\">Tesis supervisades<\/a>&nbsp;pel Dr. Jordi Est\u00e9vez<\/strong><\/li><\/ul>\n","protected":false},"excerpt":{"rendered":"<p>Institucions ICAC ICTA IPHES Senckenberg Institute UAB Projectes i grups de recerca AGREST&nbsp;(Arqueologia de la Gesti\u00f3 dels Recursos Socials i Territori) ASOME&nbsp;(Arqueoecologia Social i Mediterr\u00e0nia) ICAZ&nbsp;(International Council of Archaeozoology) ICAZ &#8211; Archaeozoology of South West Asia (ASWA) Working Group ASWA XIVth International meeting 2019 ICAZ &#8211; Microvertebrate Working Group Microvertebrate Working Group site LAPArq&nbsp;(Laborat\u00f3rio de [&hellip;]<\/p>\n","protected":false},"author":20,"featured_media":73,"parent":0,"menu_order":0,"comment_status":"closed","ping_status":"closed","template":"","meta":{"footnotes":""},"class_list":["post-109","page","type-page","status-publish","has-post-thumbnail","hentry"],"_links":{"self":[{"href":"https:\/\/webs.uab.cat\/arqueozoologia\/wp-json\/wp\/v2\/pages\/109","targetHints":{"allow":["GET"]}}],"collection":[{"href":"https:\/\/webs.uab.cat\/arqueozoologia\/wp-json\/wp\/v2\/pages"}],"about":[{"href":"https:\/\/webs.uab.cat\/arqueozoologia\/wp-json\/wp\/v2\/types\/page"}],"author":[{"embeddable":true,"href":"https:\/\/webs.uab.cat\/arqueozoologia\/wp-json\/wp\/v2\/users\/20"}],"replies":[{"embeddable":true,"href":"https:\/\/webs.uab.cat\/arqueozoologia\/wp-json\/wp\/v2\/comments?post=109"}],"version-history":[{"count":3,"href":"https:\/\/webs.uab.cat\/arqueozoologia\/wp-json\/wp\/v2\/pages\/109\/revisions"}],"predecessor-version":[{"id":548,"href":"https:\/\/webs.uab.cat\/arqueozoologia\/wp-json\/wp\/v2\/pages\/109\/revisions\/548"}],"wp:featuredmedia":[{"embeddable":true,"href":"https:\/\/webs.uab.cat\/arqueozoologia\/wp-json\/wp\/v2\/media\/73"}],"wp:attachment":[{"href":"https:\/\/webs.uab.cat\/arqueozoologia\/wp-json\/wp\/v2\/media?parent=109"}],"curies":[{"name":"wp","href":"https:\/\/api.w.org\/{rel}","templated":true}]}}