{"id":110,"date":"2009-05-25T13:26:58","date_gmt":"2009-05-25T11:26:58","guid":{"rendered":"https:\/\/webs.uab.cat\/arquezoologia\/linies-recerca\/"},"modified":"2023-03-06T10:34:14","modified_gmt":"2023-03-06T08:34:14","slug":"linies-recerca","status":"publish","type":"page","link":"https:\/\/webs.uab.cat\/arqueozoologia\/linies-recerca\/","title":{"rendered":"L\u00ednies de recerca"},"content":{"rendered":"\n<p>Actualment, les l\u00ednes de recerca del Laboratori d\u2019Arqueozoologia s\u00f3n:<\/p>\n\n\n\n<ol class=\"wp-block-list\"><li> Or\u00edgen i desenvolupament de la domesticaci\u00f3 animal. <\/li><li> Bioarqueologia: Arqueologia i An\u00e0lisis Bioqu\u00edmiques. <\/li><li> An\u00e0lisis Tafon\u00f2miques i Taxom\u00f2miques de fauna arqueol\u00f2gica. <\/li><li> An\u00e0lisis dels recursos litorals: moluscs. <\/li><li> Gesti\u00f3 dels recursos animals a trav\u00e9s de les restes arqueozool\u00f2giques. <\/li><li> Ictioarqueologia. <\/li><li>Actualitzaci\u00f3 de les col\u00b7leccions de refer\u00e8ncia <\/li><li> An\u00e0lisis de la microfauna dels jaciments arqueol\u00f2gics. <\/li><li> Adaptaci\u00f3 de les noves tecnologies a l\u2019an\u00e0lisi de la fauna arqueol\u00f2gica. <\/li><\/ol>\n","protected":false},"excerpt":{"rendered":"<p>Actualment, les l\u00ednes de recerca del Laboratori d\u2019Arqueozoologia s\u00f3n: Or\u00edgen i desenvolupament de la domesticaci\u00f3 animal. Bioarqueologia: Arqueologia i An\u00e0lisis Bioqu\u00edmiques. An\u00e0lisis Tafon\u00f2miques i Taxom\u00f2miques de fauna arqueol\u00f2gica. An\u00e0lisis dels recursos litorals: moluscs. Gesti\u00f3 dels recursos animals a trav\u00e9s de les restes arqueozool\u00f2giques. Ictioarqueologia. Actualitzaci\u00f3 de les col\u00b7leccions de refer\u00e8ncia An\u00e0lisis de la microfauna dels [&hellip;]<\/p>\n","protected":false},"author":20,"featured_media":0,"parent":0,"menu_order":0,"comment_status":"closed","ping_status":"closed","template":"","meta":{"footnotes":""},"class_list":["post-110","page","type-page","status-publish","hentry"],"_links":{"self":[{"href":"https:\/\/webs.uab.cat\/arqueozoologia\/wp-json\/wp\/v2\/pages\/110","targetHints":{"allow":["GET"]}}],"collection":[{"href":"https:\/\/webs.uab.cat\/arqueozoologia\/wp-json\/wp\/v2\/pages"}],"about":[{"href":"https:\/\/webs.uab.cat\/arqueozoologia\/wp-json\/wp\/v2\/types\/page"}],"author":[{"embeddable":true,"href":"https:\/\/webs.uab.cat\/arqueozoologia\/wp-json\/wp\/v2\/users\/20"}],"replies":[{"embeddable":true,"href":"https:\/\/webs.uab.cat\/arqueozoologia\/wp-json\/wp\/v2\/comments?post=110"}],"version-history":[{"count":1,"href":"https:\/\/webs.uab.cat\/arqueozoologia\/wp-json\/wp\/v2\/pages\/110\/revisions"}],"predecessor-version":[{"id":438,"href":"https:\/\/webs.uab.cat\/arqueozoologia\/wp-json\/wp\/v2\/pages\/110\/revisions\/438"}],"wp:attachment":[{"href":"https:\/\/webs.uab.cat\/arqueozoologia\/wp-json\/wp\/v2\/media?parent=110"}],"curies":[{"name":"wp","href":"https:\/\/api.w.org\/{rel}","templated":true}]}}