{"id":197,"date":"2009-05-25T13:31:33","date_gmt":"2009-05-25T11:31:33","guid":{"rendered":"https:\/\/webs.uab.cat\/arquezoologia\/que-fem\/"},"modified":"2023-03-06T10:33:02","modified_gmt":"2023-03-06T08:33:02","slug":"que-fem","status":"publish","type":"page","link":"https:\/\/webs.uab.cat\/arqueozoologia\/que-fem\/","title":{"rendered":"Qu\u00e8 fem?"},"content":{"rendered":"\n<p>\u00a0<\/p>\n\n\n\n<p>El laboratori d\u2019Arqueozoologia desenvolupa i entrella\u00e7a les tasques d\u2019educaci\u00f3 i investigaci\u00f3.<\/p>\n\n\n\n<p>En aquest sentit, membres del nostre laboratori s&#8217;encarreguen d\u2019ensenyar el programa d\u2019arqueozoologia de l\u2019assignatura de Bioarqueologia al&nbsp;<a href=\"https:\/\/www.uab.cat\/web\/estudiar\/llistat-de-graus\/informacio-general-1216708251447.html?param1=1229413436622\">Grau en Arqueologia<\/a>&nbsp;de la Universitat Aut\u00f2noma de Barcelona. De la mateixa manera, el Laboratori d\u2019Arqueozoologia t\u00e9 cura del programa d\u2019arqueozoologia de l\u2019assignatura de Bioarqueologia del&nbsp;<a href=\"https:\/\/www.uab.cat\/web\/estudiar\/l-oferta-de-masters-oficials\/informacio-general-1096480139517.html?param1=1307687895785\">M\u00e0ster oficial en Prehist\u00f2ria, Antiguitat i Edat Mitjana<\/a>&nbsp;(especialitat en arqueologia prehist\u00f2rica). Tots dos programes inclouen una introducci\u00f3 a l\u2019arqueozoologia, m\u00e8todes i t\u00e8cniques utilitzades, i formaci\u00f3 pr\u00e0ctica en identificaci\u00f3 taxon\u00f2mica i anat\u00f2mica de restes d\u2019animals, tafononomia, paleopatologia animal i identificaci\u00f3 de marcadors antropog\u00e8nics en restes d\u2019os d\u2019animals (marques de carnisseria, fabricaci\u00f3 d\u2019eines, etc.).<\/p>\n\n\n\n<p>Podeu consultar el programa d\u2019arqueozoologia del grau d\u2019Arqueologia&nbsp;<a href=\"https:\/\/guies.uab.cat\/guies_docents\/public\/portal\/html\/2020\/assignatura\/100714\/ca\">aqu\u00ed<\/a>. Podeu trobar&nbsp;<a href=\"https:\/\/guies.uab.cat\/guies_docents\/public\/portal\/html\/2019\/assignatura\/44065\/ca\">aqu\u00ed<\/a>&nbsp;els detalls sobre el programa d\u2019arqueozoologia del m\u00e0ster oficial en arqueologia prehist\u00f2rica i antiguitat i edat mitjana (especialitzaci\u00f3 en arqueologia prehist\u00f2rica).<\/p>\n\n\n\n<hr class=\"wp-block-separator has-alpha-channel-opacity\"\/>\n\n\n\n<p>El laboratori d\u2019Arqueozoologia tamb\u00e9 desenvolupa el seu programa de recerca i formaci\u00f3 en arqueologia mitjan\u00e7ant l\u2019excavaci\u00f3 de diversos jaciments arqueol\u00f2gics. Entre els diferents llocs on treballa el laboratori, el neol\u00edtic i l&#8217;edat del bronze de \u201cla Dou\u201d, a la&nbsp;<a href=\"https:\/\/www.uab.cat\/web\/seu-de-la-vall-d-en-bas\/la-seu-de-la-vall-d-en-bas-1345766246572.html\">Vall d\u2019en Bas<\/a>, a la regi\u00f3 de la Garrotxa a Catalunya, forma part del programa del&nbsp;<a href=\"https:\/\/www.uab.cat\/web\/campus-d-arqueologia-i-paleontologia-de-la-uab-1345765867396.html\">Campus d\u2019Arqueologia i Paleontologia de la UAB<\/a>. Els estudiants poden triar aquest lloc per completar el programa pr\u00e0ctic de l&#8217;assignatura &#8220;M\u00e8todes i t\u00e8cniques en el camp de l&#8217;arqueologia prehist\u00f2rica&#8221;.<\/p>\n\n\n\n<p>Podeu trobar el programa de l&#8217;assignatura M\u00e8todes i t\u00e8cniques en el camp de l&#8217;arqueologia prehist\u00f2rica&nbsp;<a href=\"https:\/\/guies.uab.cat\/guies_docents\/public\/portal\/html\/2020\/assignatura\/100713\/ca\">aqu\u00ed<\/a>.<\/p>\n\n\n\n<hr class=\"wp-block-separator has-alpha-channel-opacity\"\/>\n\n\n\n<p>El laboratori d\u2019Arqueozoologia compta amb un marc s\u00f2lid que facilita el desenvolupament de l\u00ednies de recerca i contribueix al progr\u00e9s te\u00f2ric, metodol\u00f2gic i t\u00e8cnic en Arqueozoologia.<\/p>\n\n\n\n<p>Actualment desenvolupa diversos projectes de recerca en arqueologia i arqueozoologia finan\u00e7ats pels respectius departaments de cultura i recerca dels governs catal\u00e0 i espanyol, programes de recerca de la Uni\u00f3 Europea i organitzacions privades sense \u00e0nim de lucre.<\/p>\n\n\n\n<p>La nostra recerca gira al voltant del desenvolupament de coneixement sobre diferents problem\u00e0tiques hist\u00f2riques, com l\u2019origen i la consolidaci\u00f3 de les societats pageses a la Mediterr\u00e0nia, amb especial \u00e8mfasi en els processos de domesticaci\u00f3 d\u2019animals, la din\u00e0mica de la gesti\u00f3 dels recursos animals en les societats ca\u00e7adores-recol\u00b7lectores americanes, la explotaci\u00f3 de recursos costaners i estudi de la gesti\u00f3 d\u2019animals en cronologies protohist\u00f2riques i hist\u00f2riques, entre d\u2019altres.<\/p>\n\n\n\n<p>El laboratori tamb\u00e9 s\u2019ha centrat en desenvolupar t\u00e8cniques punteres i noves metodologies per a la investigaci\u00f3 arqueozool\u00f2gica, incloent l\u2019\u00fas d\u2019an\u00e0lisi d\u2019is\u00f2tops estables, ZooMS i altres t\u00e8cniques d\u2019espectrometria, biomec\u00e0nica i microstructura \u00f2ssia, per ajudar a crear s\u00f2lides hip\u00f2tesis hist\u00f2riques.<\/p>\n\n\n\n<p>La combinaci\u00f3 de fonaments b\u00e0sics d\u2019arqueozoologia b\u00e0sica amb l\u2019especialitzaci\u00f3 en t\u00e8cniques punteres \u00e9s el lema principal del laboratori d\u2019Arqueozoologia.<\/p>\n\n\n\n<p>Podeu trobar m\u00e9s informaci\u00f3 sobre el nostre treball de recerca a la secci\u00f3 de\u00a0<a href=\"https:\/\/webs.uab.cat\/arquezoologia\/recerca\">Recerca<\/a>\u00a0d\u2019aquesta p\u00e0gina web i sobre els perfils personals dels membres del laboratori a la secci\u00f3\u00a0<a href=\"https:\/\/webs.uab.cat\/arquezoologia\/qui-som\">Qui s\u00f3m?<\/a>.<\/p>\n","protected":false},"excerpt":{"rendered":"<p>\u00a0 El laboratori d\u2019Arqueozoologia desenvolupa i entrella\u00e7a les tasques d\u2019educaci\u00f3 i investigaci\u00f3. En aquest sentit, membres del nostre laboratori s&#8217;encarreguen d\u2019ensenyar el programa d\u2019arqueozoologia de l\u2019assignatura de Bioarqueologia al&nbsp;Grau en Arqueologia&nbsp;de la Universitat Aut\u00f2noma de Barcelona. De la mateixa manera, el Laboratori d\u2019Arqueozoologia t\u00e9 cura del programa d\u2019arqueozoologia de l\u2019assignatura de Bioarqueologia del&nbsp;M\u00e0ster oficial en [&hellip;]<\/p>\n","protected":false},"author":20,"featured_media":0,"parent":0,"menu_order":0,"comment_status":"closed","ping_status":"closed","template":"","meta":{"footnotes":""},"class_list":["post-197","page","type-page","status-publish","hentry"],"_links":{"self":[{"href":"https:\/\/webs.uab.cat\/arqueozoologia\/wp-json\/wp\/v2\/pages\/197","targetHints":{"allow":["GET"]}}],"collection":[{"href":"https:\/\/webs.uab.cat\/arqueozoologia\/wp-json\/wp\/v2\/pages"}],"about":[{"href":"https:\/\/webs.uab.cat\/arqueozoologia\/wp-json\/wp\/v2\/types\/page"}],"author":[{"embeddable":true,"href":"https:\/\/webs.uab.cat\/arqueozoologia\/wp-json\/wp\/v2\/users\/20"}],"replies":[{"embeddable":true,"href":"https:\/\/webs.uab.cat\/arqueozoologia\/wp-json\/wp\/v2\/comments?post=197"}],"version-history":[{"count":1,"href":"https:\/\/webs.uab.cat\/arqueozoologia\/wp-json\/wp\/v2\/pages\/197\/revisions"}],"predecessor-version":[{"id":436,"href":"https:\/\/webs.uab.cat\/arqueozoologia\/wp-json\/wp\/v2\/pages\/197\/revisions\/436"}],"wp:attachment":[{"href":"https:\/\/webs.uab.cat\/arqueozoologia\/wp-json\/wp\/v2\/media?parent=197"}],"curies":[{"name":"wp","href":"https:\/\/api.w.org\/{rel}","templated":true}]}}