{"id":266,"date":"2010-01-21T13:43:18","date_gmt":"2010-01-21T11:43:18","guid":{"rendered":"https:\/\/webs.uab.cat\/arquezoologia\/inici\/"},"modified":"2023-03-06T10:30:59","modified_gmt":"2023-03-06T08:30:59","slug":"inici","status":"publish","type":"page","link":"https:\/\/webs.uab.cat\/arqueozoologia\/","title":{"rendered":"Inici"},"content":{"rendered":"\n<p class=\"has-accent-background-color has-background\">La zooarqueologia (tamb\u00e9 anomenada arqueozoologia) \u00e9s la disciplina que s&#8217;encarrega de l&#8217;estudi de les restes animals que es troben en contextos arqueol\u00f2gics. Aquesta disciplina pot aplicar-se a l&#8217;estudi de tots els per\u00edodes de la hist\u00f2ria, en els quals els \u00e9ssers humans s&#8217;han relacionat amb els animals.<\/p>\n\n\n\n<p class=\"has-text-align-center\"><strong>Benvinguts a la web del Laboratori d&#8217;Arqueozoologia de la Universitat Aut\u00f2noma de Barcelona<\/strong><\/p>\n\n\n<div class=\"wp-block-image\">\n<figure class=\"aligncenter size-full is-resized\"><img loading=\"lazy\" decoding=\"async\" src=\"https:\/\/webs.uab.cat\/arquezoologia\/wp-content\/uploads\/sites\/352\/2023\/03\/no_foto.jpg\" alt=\"\" class=\"wp-image-333\" width=\"410\" height=\"273\" srcset=\"https:\/\/webs.uab.cat\/arqueozoologia\/wp-content\/uploads\/sites\/352\/2023\/03\/no_foto.jpg 350w, https:\/\/webs.uab.cat\/arqueozoologia\/wp-content\/uploads\/sites\/352\/2023\/03\/no_foto-300x200.jpg 300w\" sizes=\"auto, (max-width: 410px) 100vw, 410px\" \/><\/figure>\n<\/div>\n\n\n<p>El Laboratori d\u2019Arqueozoologia est\u00e0 desenvolupant diverses l\u00ednies de recerca punteres en arqueozoologia, realitza excavacions arqueol\u00f2giques i ofereix els seus serveis per analitzar tot tipus de restes faun\u00edstiques recuperades en jaciments arqueol\u00f2gics.<\/p>\n\n\n\n<p>Feu una ullada a la p\u00e0gina per con\u00e8ixer el nostre treball, investigaci\u00f3 i hist\u00f2ria. No dubteu en contactar amb nosaltres per a qualsevol consulta<\/p>\n","protected":false},"excerpt":{"rendered":"<p>La zooarqueologia (tamb\u00e9 anomenada arqueozoologia) \u00e9s la disciplina que s&#8217;encarrega de l&#8217;estudi de les restes animals que es troben en contextos arqueol\u00f2gics. Aquesta disciplina pot aplicar-se a l&#8217;estudi de tots els per\u00edodes de la hist\u00f2ria, en els quals els \u00e9ssers humans s&#8217;han relacionat amb els animals. Benvinguts a la web del Laboratori d&#8217;Arqueozoologia de la [&hellip;]<\/p>\n","protected":false},"author":20,"featured_media":145,"parent":0,"menu_order":0,"comment_status":"closed","ping_status":"closed","template":"","meta":{"footnotes":""},"class_list":["post-266","page","type-page","status-publish","has-post-thumbnail","hentry"],"_links":{"self":[{"href":"https:\/\/webs.uab.cat\/arqueozoologia\/wp-json\/wp\/v2\/pages\/266","targetHints":{"allow":["GET"]}}],"collection":[{"href":"https:\/\/webs.uab.cat\/arqueozoologia\/wp-json\/wp\/v2\/pages"}],"about":[{"href":"https:\/\/webs.uab.cat\/arqueozoologia\/wp-json\/wp\/v2\/types\/page"}],"author":[{"embeddable":true,"href":"https:\/\/webs.uab.cat\/arqueozoologia\/wp-json\/wp\/v2\/users\/20"}],"replies":[{"embeddable":true,"href":"https:\/\/webs.uab.cat\/arqueozoologia\/wp-json\/wp\/v2\/comments?post=266"}],"version-history":[{"count":3,"href":"https:\/\/webs.uab.cat\/arqueozoologia\/wp-json\/wp\/v2\/pages\/266\/revisions"}],"predecessor-version":[{"id":434,"href":"https:\/\/webs.uab.cat\/arqueozoologia\/wp-json\/wp\/v2\/pages\/266\/revisions\/434"}],"wp:featuredmedia":[{"embeddable":true,"href":"https:\/\/webs.uab.cat\/arqueozoologia\/wp-json\/wp\/v2\/media\/145"}],"wp:attachment":[{"href":"https:\/\/webs.uab.cat\/arqueozoologia\/wp-json\/wp\/v2\/media?parent=266"}],"curies":[{"name":"wp","href":"https:\/\/api.w.org\/{rel}","templated":true}]}}